{"id":1802,"date":"2024-12-05T15:22:31","date_gmt":"2024-12-05T15:22:31","guid":{"rendered":"https:\/\/mtgrassturf.com\/?page_id=1802"},"modified":"2024-12-05T15:33:22","modified_gmt":"2024-12-05T15:33:22","slug":"cookie-policy","status":"publish","type":"page","link":"https:\/\/www.mightygrass.com\/da\/cookie-policy\/","title":{"rendered":"Cookiepolitik"},"content":{"rendered":"<div data-elementor-type=\"wp-page\" data-elementor-id=\"1802\" class=\"elementor elementor-1802\" data-elementor-post-type=\"page\">\n\t\t\t\t<div class=\"elementor-element elementor-element-408607c e-flex e-con-boxed e-con e-parent\" data-id=\"408607c\" data-element_type=\"container\" data-settings=\"{&quot;background_background&quot;:&quot;classic&quot;,&quot;ekit_has_onepagescroll_dot&quot;:&quot;yes&quot;}\">\n\t\t\t\t\t<div class=\"e-con-inner\">\n\t\t<div class=\"elementor-element elementor-element-3cb8bae e-con-full e-flex e-con e-child\" data-id=\"3cb8bae\" data-element_type=\"container\" data-settings=\"{&quot;background_background&quot;:&quot;classic&quot;,&quot;ekit_has_onepagescroll_dot&quot;:&quot;yes&quot;}\">\n\t\t\t\t<div class=\"elementor-element elementor-element-8c2766b elementor-widget elementor-widget-text-editor\" data-id=\"8c2766b\" data-element_type=\"widget\" data-settings=\"{&quot;ekit_we_effect_on&quot;:&quot;none&quot;}\" data-widget_type=\"text-editor.default\">\n\t\t\t\t\t\t\t\t\t\n<p>Ikrafttr\u00e6delsesdato: 27. marts 2024<br>Sidst opdateret: 27. marts 2024<\/p>\n\n\n\n<h5 class=\"wp-block-heading\">Hvad er cookies?<\/h5>\n\n\n\n<p>Denne cookiepolitik forklarer, hvad cookies er, og hvordan vi bruger dem, hvilke typer cookies vi bruger, dvs. de oplysninger, vi indsamler ved hj\u00e6lp af cookies, og hvordan disse oplysninger bruges, og hvordan du administrerer cookie-indstillingerne.<\/p>\n\n\n\n<p>Cookies er sm\u00e5 tekstfiler, der bruges til at gemme sm\u00e5 stykker information. De gemmes p\u00e5 din enhed, n\u00e5r hjemmesiden indl\u00e6ses i din browser. Disse cookies hj\u00e6lper os med at f\u00e5 hjemmesiden til at fungere ordentligt, g\u00f8re den mere sikker, give en bedre brugeroplevelse og forst\u00e5, hvordan hjemmesiden fungerer og analysere, hvad der virker, og hvor den skal forbedres.<\/p>\n\n\n\n<h5 class=\"wp-block-heading\">Hvordan bruger vi cookies?<\/h5>\n\n\n\n<p>Som de fleste af onlinetjenesterne bruger vores hjemmeside f\u00f8rsteparts- og tredjepartscookies til flere form\u00e5l. F\u00f8rstepartscookies er for det meste n\u00f8dvendige for, at hjemmesiden fungerer p\u00e5 den rigtige m\u00e5de, og de indsamler ingen af dine personligt identificerbare data.<\/p>\n\n\n\n<p>De tredjepartscookies, der bruges p\u00e5 vores hjemmeside, er hovedsageligt til at forst\u00e5, hvordan hjemmesiden fungerer, hvordan du interagerer med vores hjemmeside, holde vores tjenester sikre, levere annoncer, der er relevante for dig, og alt i alt give dig en bedre og forbedret brugeroplevelse og hj\u00e6lpe med at fremskynde dine fremtidige interaktioner med vores hjemmeside.<\/p>\n\n\n\n<h5 class=\"wp-block-heading\">Typer af cookies, vi bruger<\/h5>\n\n\n\n<h3 class=\"wp-block-heading\">N\u00f8dvendig<\/h3>\n\n\n\n<p>N\u00f8dvendige cookies er p\u00e5kr\u00e6vet for at aktivere de grundl\u00e6ggende funktioner p\u00e5 dette websted, s\u00e5som at give sikkert login eller justere dine samtykkepr\u00e6ferencer. Disse cookies gemmer ingen personligt identificerbare data.<\/p>\n\n\n\n<figure class=\"wp-block-table\"><table class=\"has-fixed-layout\"><thead><tr><th>Cookie<\/th><th>Varighed<\/th><th>Beskrivelse<\/th><\/tr><\/thead><tbody><tr><td>wpEmojiSettingsSupports<\/td><td>session<\/td><td>WordPress s\u00e6tter denne cookie, n\u00e5r en bruger interagerer med emojis p\u00e5 et WordPress-websted. Det hj\u00e6lper med at afg\u00f8re, om brugerens browser kan vise emojis korrekt.<\/td><\/tr><tr><td>PHPSESSID<\/td><td>session<\/td><td>Denne cookie er hjemmeh\u00f8rende i PHP-applikationer. Cookien gemmer og identificerer en brugers unikke sessions-id for at administrere brugersessioner p\u00e5 hjemmesiden. Cookien er en sessionscookie og vil blive slettet, n\u00e5r alle browservinduer lukkes.<\/td><\/tr><tr><td>cookieyes-samtykke<\/td><td>1 \u00e5r<\/td><td>CookieYes indstiller denne cookie til at huske brugernes samtykkepr\u00e6ferencer, s\u00e5 deres pr\u00e6ferencer respekteres ved efterf\u00f8lgende bes\u00f8g p\u00e5 denne side. Det indsamler eller opbevarer ikke nogen personlige oplysninger om de bes\u00f8gende p\u00e5 webstedet.<\/td><\/tr><tr><td>rc::a<\/td><td>Udl\u00f8ber aldrig<\/td><td>Denne cookie er sat af Google recaptcha-tjenesten til at identificere bots for at beskytte webstedet mod ondsindede spam-angreb.<\/td><\/tr><tr><td>rc::c<\/td><td>session<\/td><td>Denne cookie er sat af Google recaptcha-tjenesten til at identificere bots for at beskytte webstedet mod ondsindede spam-angreb.<\/td><\/tr><\/tbody><\/table><\/figure>\n\n\n\n<h3 class=\"wp-block-heading\">Funktionel<\/h3>\n\n\n\n<p>Funktionelle cookies hj\u00e6lper med at udf\u00f8re visse funktioner s\u00e5som at dele indholdet af webstedet p\u00e5 sociale medieplatforme, indsamle feedback og andre tredjepartsfunktioner.<\/p>\n\n\n\n<figure class=\"wp-block-table\"><table class=\"has-fixed-layout\"><thead><tr><th>Cookie<\/th><th>Varighed<\/th><th>Beskrivelse<\/th><\/tr><\/thead><tbody><tr><td>li_gc<\/td><td>6 m\u00e5neder<\/td><td>Linkedin indstillede denne cookie til at gemme bes\u00f8gendes samtykke vedr\u00f8rende brug af cookies til ikke-v\u00e6sentlige form\u00e5l.<\/td><\/tr><tr><td>lidc<\/td><td>1 dag<\/td><td>LinkedIn s\u00e6tter lidc-cookien for at lette valg af datacenter.<\/td><\/tr><tr><td>vc<\/td><td>Udl\u00f8ber aldrig<\/td><td>Vc-cookien s\u00e6ttes af addthis.com p\u00e5 websteder, der tillader deling p\u00e5 sociale medier.<\/td><\/tr><tr><td>ytidb::LAST_RESULT_ENTRY_KEY<\/td><td>Udl\u00f8ber aldrig<\/td><td>Cookien ytidb::LAST_RESULT_ENTRY_KEY bruges af YouTube til at gemme den sidste s\u00f8geresultatindgang, som brugeren har klikket p\u00e5. Disse oplysninger bruges til at forbedre brugeroplevelsen ved at levere mere relevante s\u00f8geresultater i fremtiden.<\/td><\/tr><tr><td>yt-remote-session-app<\/td><td>session<\/td><td>Yt-remote-session-app-cookien bruges af YouTube til at gemme brugerpr\u00e6ferencer og oplysninger om gr\u00e6nsefladen p\u00e5 den indlejrede YouTube-videoafspiller.<\/td><\/tr><tr><td>yt-remote-cast-installeret<\/td><td>session<\/td><td>Den yt-remote-cast-installerede cookie bruges til at gemme brugerens videoafspillerpr\u00e6ferencer ved hj\u00e6lp af indlejret YouTube-video.<\/td><\/tr><tr><td>yt-fjern-session-navn<\/td><td>session<\/td><td>Yt-remote-session-name-cookien bruges af YouTube til at gemme brugerens videoafspillerpr\u00e6ferencer ved hj\u00e6lp af indlejret YouTube-video.<\/td><\/tr><tr><td>yt-remote-fast-check-periode<\/td><td>session<\/td><td>Yt-remote-fast-check-periode-cookien bruges af YouTube til at gemme brugerens videoafspillerpr\u00e6ferencer for indlejrede YouTube-videoer.<\/td><\/tr><tr><td>wp-wpml_current_language<\/td><td>session<\/td><td>WordPress flersproget plugin indstiller denne cookie til at gemme de aktuelle sprog-\/sprogindstillinger.<\/td><\/tr><\/tbody><\/table><\/figure>\n\n\n\n<h3 class=\"wp-block-heading\">Analytics<\/h3>\n\n\n\n<p>Analytiske cookies bruges til at forst\u00e5, hvordan bes\u00f8gende interagerer med hjemmesiden. Disse cookies hj\u00e6lper med at give oplysninger om metrics s\u00e5som antallet af bes\u00f8gende, afvisningsprocent, trafikkilde osv.<\/p>\n\n\n\n<figure class=\"wp-block-table\"><table class=\"has-fixed-layout\"><thead><tr><th>Cookie<\/th><th>Varighed<\/th><th>Beskrivelse<\/th><\/tr><\/thead><tbody><tr><td>CLID<\/td><td>1 \u00e5r<\/td><td>Microsoft Clarity indstiller denne cookie til at gemme oplysninger om, hvordan bes\u00f8gende interagerer med webstedet. Cookien hj\u00e6lper med at give en analyserapport. Dataindsamlingen omfatter antallet af bes\u00f8gende, hvor de bes\u00f8ger hjemmesiden, og de bes\u00f8gte sider.<\/td><\/tr><tr><td>_ga_*<\/td><td>1 \u00e5r 1 m\u00e5ned 4 dage<\/td><td>Google Analytics indstiller denne cookie til at gemme og t\u00e6lle sidevisninger.<\/td><\/tr><tr><td>_ga<\/td><td>1 \u00e5r 1 m\u00e5ned 4 dage<\/td><td>Google Analytics indstiller denne cookie til at beregne bes\u00f8gs-, sessions- og kampagnedata og spore brugen af webstedet til webstedets analyserapport. Cookien gemmer oplysninger anonymt og tildeler et tilf\u00e6ldigt genereret nummer for at genkende unikke bes\u00f8gende.<\/td><\/tr><tr><td>_fbp<\/td><td>3 m\u00e5neder<\/td><td>Facebook indstiller denne cookie til at vise annoncer, n\u00e5r de enten er p\u00e5 Facebook eller p\u00e5 en digital platform drevet af Facebook-reklamer efter at have bes\u00f8gt hjemmesiden.<\/td><\/tr><tr><td>_clck<\/td><td>1 \u00e5r<\/td><td>Microsoft Clarity indstiller denne cookie til at beholde browserens Clarity-bruger-id og indstillinger, der er eksklusive for det p\u00e5g\u00e6ldende websted. Dette garanterer, at handlinger, der foretages under efterf\u00f8lgende bes\u00f8g p\u00e5 den samme hjemmeside, vil v\u00e6re knyttet til det samme bruger-id.<\/td><\/tr><tr><td>SM<\/td><td>session<\/td><td>Microsoft Clarity-cookie indstiller denne cookie til synkronisering af MUID p\u00e5 tv\u00e6rs af Microsoft-dom\u00e6ner.<\/td><\/tr><tr><td>_clsk<\/td><td>1 dag 1 minut<\/td><td>Microsoft Clarity indstiller denne cookie til at gemme og konsolidere en brugers sidevisninger i en enkelt sessionsoptagelse.<\/td><\/tr><tr><td>MR<\/td><td>7 dage<\/td><td>Denne cookie, sat af Bing, bruges til at indsamle brugeroplysninger til analyseform\u00e5l.<\/td><\/tr><tr><td>pys_session_limit<\/td><td>1 time<\/td><td>PixelYourSite plugin indstiller denne cookie til at administrere de analytiske tjenester.<\/td><\/tr><tr><td>pys_start_session<\/td><td>session<\/td><td>PixelYourSite plugin indstiller denne cookie til at administrere de analytiske tjenester.<\/td><\/tr><tr><td>_gid<\/td><td>1 dag<\/td><td>Google Analytics s\u00e6tter denne cookie til at gemme oplysninger om, hvordan bes\u00f8gende bruger et websted, samtidig med at der oprettes en analyserapport over webstedets ydeevne. Nogle af de indsamlede data inkluderer antallet af bes\u00f8gende, deres kilde og de sider, de bes\u00f8ger anonymt.<\/td><\/tr><tr><td>_gat_gtag_UA_*<\/td><td>1 minut<\/td><td>Google Analytics indstiller denne cookie til at gemme et unikt bruger-id.<\/td><\/tr><\/tbody><\/table><\/figure>\n\n\n\n<h3 class=\"wp-block-heading\">Pr\u00e6station<\/h3>\n\n\n\n<p>Pr\u00e6stationscookies bruges til at forst\u00e5 og analysere de vigtigste pr\u00e6stationsindekser p\u00e5 webstedet, hvilket hj\u00e6lper med at levere en bedre brugeroplevelse for de bes\u00f8gende.<\/p>\n\n\n\n<figure class=\"wp-block-table\"><table class=\"has-fixed-layout\"><thead><tr><th>Cookie<\/th><th>Varighed<\/th><th>Beskrivelse<\/th><\/tr><\/thead><tbody><tr><td>SRM_B<\/td><td>1 \u00e5r 24 dage<\/td><td>Brugt af Microsoft Advertising som et unikt ID for bes\u00f8gende.<\/td><\/tr><tr><td>_gat<\/td><td>1 minut<\/td><td>Google Universal Analytics indstiller denne cookie for at begr\u00e6nse anmodningsfrekvensen og dermed begr\u00e6nse dataindsamling p\u00e5 websteder med h\u00f8j trafik.<\/td><\/tr><\/tbody><\/table><\/figure>\n\n\n\n<h3 class=\"wp-block-heading\">Reklame<\/h3>\n\n\n\n<p>Annoncecookies bruges til at give bes\u00f8gende tilpassede annoncer baseret p\u00e5 de sider, du tidligere har bes\u00f8gt, og til at analysere effektiviteten af annoncekampagnerne.<\/p>\n\n\n\n<figure class=\"wp-block-table\"><table class=\"has-fixed-layout\"><thead><tr><th>Cookie<\/th><th>Varighed<\/th><th>Beskrivelse<\/th><\/tr><\/thead><tbody><tr><td>bcookie<\/td><td>1 \u00e5r<\/td><td>LinkedIn indstiller denne cookie fra LinkedIns deleknapper og annoncetags til at genkende browser-id&#039;er.<\/td><\/tr><tr><td>_pin_unauth<\/td><td>1 \u00e5r<\/td><td>Pinterest indstiller denne cookie til gruppehandlinger for brugere, der ikke kan identificeres.<\/td><\/tr><tr><td>MUID<\/td><td>1 \u00e5r 24 dage<\/td><td>Bing indstiller denne cookie til at genkende unikke webbrowsere, der bes\u00f8ger Microsofts websteder. Denne cookie bruges til annoncering, webstedsanalyse og andre operationer.<\/td><\/tr><tr><td>ANONCHK<\/td><td>10 minutter<\/td><td>ANONCHK-cookien, som er sat af Bing, bruges til at gemme en brugers sessions-id og bekr\u00e6fte annonceklik p\u00e5 Bing-s\u00f8gemaskinen. Cookien hj\u00e6lper ogs\u00e5 med rapportering og personalisering.<\/td><\/tr><tr><td>jeg<\/td><td>Udl\u00f8ber aldrig<\/td><td>Denne cookie er sat af OpenX til at registrere anonymiserede brugerdata, s\u00e5som IP-adresse, geografisk placering, bes\u00f8gte websteder, annoncer klikket af brugeren osv., til relevant annoncering.<\/td><\/tr><tr><td>YSC<\/td><td>session<\/td><td>Youtube indstiller denne cookie til at spore visningerne af indlejrede videoer p\u00e5 Youtube-sider.<\/td><\/tr><tr><td>VISITOR_INFO1_LIVE<\/td><td>6 m\u00e5neder<\/td><td>YouTube indstiller denne cookie til at m\u00e5le b\u00e5ndbredde og bestemmer, om brugeren f\u00e5r den nye eller gamle afspillergr\u00e6nseflade.<\/td><\/tr><tr><td>VISITOR_PRIVACY_METADATA<\/td><td>6 m\u00e5neder<\/td><td>YouTube indstiller denne cookie til at gemme brugerens cookie-samtykketilstand for det aktuelle dom\u00e6ne.<\/td><\/tr><tr><td>yt-remote-device-id<\/td><td>Udl\u00f8ber aldrig<\/td><td>YouTube indstiller denne cookie til at gemme brugerens videopr\u00e6ferencer ved hj\u00e6lp af indlejrede YouTube-videoer.<\/td><\/tr><tr><td>yt.innertube::requests<\/td><td>Udl\u00f8ber aldrig<\/td><td>YouTube indstiller denne cookie til at registrere et unikt ID for at gemme data om, hvilke videoer fra YouTube brugeren har set.<\/td><\/tr><tr><td>yt-remote-connected-enheder<\/td><td>Udl\u00f8ber aldrig<\/td><td>YouTube indstiller denne cookie til at gemme brugerens videopr\u00e6ferencer ved hj\u00e6lp af indlejrede YouTube-videoer.<\/td><\/tr><tr><td>yt.innertube::nextId<\/td><td>Udl\u00f8ber aldrig<\/td><td>YouTube indstiller denne cookie til at registrere et unikt ID for at gemme data om, hvilke videoer fra YouTube brugeren har set.<\/td><\/tr><tr><td>NID<\/td><td>6 m\u00e5neder<\/td><td>Google indstiller cookien til reklameform\u00e5l; for at begr\u00e6nse antallet af gange, brugeren ser en annonce, til u\u00f8nskede annoncer, og for at m\u00e5le effektiviteten af annoncer.<\/td><\/tr><\/tbody><\/table><\/figure>\n\n\n\n<h3 class=\"wp-block-heading\">Ikke kategoriseret<\/h3>\n\n\n\n<p>Andre ikke-kategoriserede cookies er dem, der analyseres og endnu ikke er klassificeret i en kategori.<\/p>\n\n\n\n<figure class=\"wp-block-table\"><table class=\"has-fixed-layout\"><thead><tr><th>Cookie<\/th><th>Varighed<\/th><th>Beskrivelse<\/th><\/tr><\/thead><tbody><tr><td>ar_debug<\/td><td>1 \u00e5r<\/td><td>Beskrivelse er ikke tilg\u00e6ngelig i \u00f8jeblikket.<\/td><\/tr><tr><td>_PCCSID_601887<\/td><td>21 minutter<\/td><td>Beskrivelse er ikke tilg\u00e6ngelig i \u00f8jeblikket.<\/td><\/tr><tr><td>_PCCID<\/td><td>1 \u00e5r 1 m\u00e5ned 4 dage 1 minut<\/td><td>Beskrivelse er ikke tilg\u00e6ngelig i \u00f8jeblikket.<\/td><\/tr><tr><td>ThirdPartyCookiesEnabled<\/td><td>1 dag<\/td><td>Ingen beskrivelse tilg\u00e6ngelig.<\/td><\/tr><tr><td>er_eu<\/td><td>session<\/td><td>Ingen beskrivelse tilg\u00e6ngelig.<\/td><\/tr><tr><td>cs_enabled_cookie_term_23<\/td><td>6 m\u00e5neder<\/td><td>Beskrivelse er ikke tilg\u00e6ngelig i \u00f8jeblikket.<\/td><\/tr><tr><td>cs_enabled_cookie_term_27<\/td><td>6 m\u00e5neder<\/td><td>Beskrivelse er ikke tilg\u00e6ngelig i \u00f8jeblikket.<\/td><\/tr><tr><td>cs_enabled_cookie_term_24<\/td><td>6 m\u00e5neder<\/td><td>Beskrivelse er ikke tilg\u00e6ngelig i \u00f8jeblikket.<\/td><\/tr><tr><td>cs_user_preference<\/td><td>6 m\u00e5neder<\/td><td>Beskrivelse er ikke tilg\u00e6ngelig i \u00f8jeblikket.<\/td><\/tr><tr><td>CS-Magic<\/td><td>6 m\u00e5neder<\/td><td>Beskrivelse er ikke tilg\u00e6ngelig i \u00f8jeblikket.<\/td><\/tr><tr><td>gemt Telefon<\/td><td>1 \u00e5r 1 m\u00e5ned 4 dage<\/td><td>Beskrivelse er ikke tilg\u00e6ngelig i \u00f8jeblikket.<\/td><\/tr><tr><td>gemt TelefonLabel<\/td><td>1 \u00e5r 1 m\u00e5ned 4 dage<\/td><td>Beskrivelse er ikke tilg\u00e6ngelig i \u00f8jeblikket.<\/td><\/tr><tr><td>eursavedTelefon<\/td><td>1 \u00e5r 1 m\u00e5ned 4 dage<\/td><td>Beskrivelse er ikke tilg\u00e6ngelig i \u00f8jeblikket.<\/td><\/tr><tr><td>eursavedPhoneLabel<\/td><td>1 \u00e5r 1 m\u00e5ned 4 dage<\/td><td>Beskrivelse er ikke tilg\u00e6ngelig i \u00f8jeblikket.<\/td><\/tr><tr><td>__Secure-ROLLOUT_TOKEN<\/td><td>6 m\u00e5neder<\/td><td>Beskrivelse er ikke tilg\u00e6ngelig i \u00f8jeblikket.<\/td><\/tr><\/tbody><\/table><\/figure>\n\n\n\n<h5 class=\"wp-block-heading\">Administrer cookie-pr\u00e6ferencer<\/h5>\n\n\n\n<p><a>Cookie-indstillinger<\/a><\/p>\n\n\n\n<p>Du kan til enhver tid \u00e6ndre dine cookie-pr\u00e6ferencer ved at klikke p\u00e5 knappen ovenfor. Dette giver dig mulighed for at gense cookie-samtykkebanneret og \u00e6ndre dine pr\u00e6ferencer eller tr\u00e6kke dit samtykke tilbage med det samme.<\/p>\n\n\n\n<p>Ud over dette tilbyder forskellige browsere forskellige metoder til at blokere og slette cookies, der bruges af websteder. Du kan \u00e6ndre indstillingerne i din browser for at blokere\/slette cookies. Nedenst\u00e5ende er linkene til supportdokumenterne om, hvordan man administrerer og sletter cookies fra de store webbrowsere.<\/p>\n\n\n\n<p>Chrome:&nbsp;<a href=\"https:\/\/support.google.com\/accounts\/answer\/32050\" target=\"_blank\" rel=\"noreferrer noopener\">https:\/\/support.google.com\/accounts\/answer\/32050<\/a><\/p>\n\n\n\n<p>Safari:&nbsp;<a href=\"https:\/\/support.apple.com\/en-in\/guide\/safari\/sfri11471\/mac\" target=\"_blank\" rel=\"noreferrer noopener\">https:\/\/support.apple.com\/en-in\/guide\/safari\/sfri11471\/mac<\/a><\/p>\n\n\n\n<p>Firefox:&nbsp;<a href=\"https:\/\/support.mozilla.org\/en-US\/kb\/clear-cookies-and-site-data-firefox?redirectslug=delete-cookies-remove-info-websites-stored&amp;redirectlocale=en-US\" target=\"_blank\" rel=\"noreferrer noopener\">https:\/\/support.mozilla.org\/en-US\/kb\/clear-cookies-and-site-data-firefox?redirectslug=delete-cookies-remove-info-websites-stored&amp;redirectlocale=en-US<\/a><\/p>\n\n\n\n<p>Internet Explorer:&nbsp;<a href=\"https:\/\/support.microsoft.com\/en-us\/topic\/how-to-delete-cookie-files-in-internet-explorer-bca9446f-d873-78de-77ba-d42645fa52fc\" target=\"_blank\" rel=\"noreferrer noopener\">https:\/\/support.microsoft.com\/en-us\/topic\/how-to-delete-cookie-files-in-internet-explorer-bca9446f-d873-78de-77ba-d42645fa52fc<\/a><\/p>\n\n\n\n<p>Hvis du bruger en anden webbrowser, skal du bes\u00f8ge din browsers officielle supportdokumenter.<\/p>\n\n\n\n<p>Cookiepolitik genereret af&nbsp;<a href=\"https:\/\/www.cookieyes.com\/?utm_source=CP&amp;utm_medium=footer&amp;utm_campaign=UW\" target=\"_blank\" rel=\"noreferrer noopener\">CookieYes \u2013 Cookie Policy Generator<\/a>.<\/p>\n\t\t\t\t\t\t\t\t<\/div>\n\t\t\t\t<\/div>\n\t\t\t\t\t<\/div>\n\t\t\t\t<\/div>\n\t\t\t\t<\/div>","protected":false},"excerpt":{"rendered":"<p>Ikrafttr\u00e6delsesdato: 27. marts 2024 Sidst opdateret: 27. marts 2024 Hvad er cookies? Denne cookiepolitik forklarer, hvad cookies er, og hvordan vi bruger dem, hvilke typer cookies vi bruger, dvs. de oplysninger, vi indsamler ved hj\u00e6lp af cookies, og hvordan disse oplysninger bruges, og hvordan du administrerer cookie-indstillingerne. Cookies er sm\u00e5 tekstfiler, der bruges til at [\u2026]<\/p>","protected":false},"author":6,"featured_media":0,"parent":0,"menu_order":0,"comment_status":"closed","ping_status":"closed","template":"","meta":{"_acf_changed":false,"_seopress_robots_primary_cat":"","_seopress_titles_title":"","_seopress_titles_desc":"","_seopress_robots_index":"","ub_ctt_via":"","footnotes":""},"class_list":["post-1802","page","type-page","status-publish","hentry"],"acf":[],"featured_image_src":null,"_links":{"self":[{"href":"https:\/\/www.mightygrass.com\/da\/wp-json\/wp\/v2\/pages\/1802","targetHints":{"allow":["GET"]}}],"collection":[{"href":"https:\/\/www.mightygrass.com\/da\/wp-json\/wp\/v2\/pages"}],"about":[{"href":"https:\/\/www.mightygrass.com\/da\/wp-json\/wp\/v2\/types\/page"}],"author":[{"embeddable":true,"href":"https:\/\/www.mightygrass.com\/da\/wp-json\/wp\/v2\/users\/6"}],"replies":[{"embeddable":true,"href":"https:\/\/www.mightygrass.com\/da\/wp-json\/wp\/v2\/comments?post=1802"}],"version-history":[{"count":0,"href":"https:\/\/www.mightygrass.com\/da\/wp-json\/wp\/v2\/pages\/1802\/revisions"}],"wp:attachment":[{"href":"https:\/\/www.mightygrass.com\/da\/wp-json\/wp\/v2\/media?parent=1802"}],"curies":[{"name":"wp","href":"https:\/\/api.w.org\/{rel}","templated":true}]}}