{"id":3485,"date":"2025-01-01T14:54:47","date_gmt":"2025-01-01T06:54:47","guid":{"rendered":"https:\/\/mtgrassturf.com\/?post_type=product&#038;p=3485"},"modified":"2026-01-08T15:23:43","modified_gmt":"2026-01-08T07:23:43","slug":"mt-diamond","status":"publish","type":"product","link":"https:\/\/www.mightygrass.com\/da\/product\/mt-diamond\/","title":{"rendered":"MT-Diamond"},"content":{"rendered":"<p><strong>FIFA 60:<\/strong><strong> FIFA-diamant<\/strong> <strong>gr\u00e6s<\/strong>s fiberdesign tilbyder enest\u00e5ende elasticitet med moderat gr\u00e6sfibert\u00e6thed, velegnet til begivenheder med stor trafik. Det kan modst\u00e5 hyppige st\u00f8d uden deformation.&nbsp;<\/p>\n\n\n\n<p><strong>FIFA<\/strong><strong>-HTUbedste&nbsp; <\/strong>Gr\u00e6sfiber forbedrer gr\u00e6st\u00f8rvens trykstyrke og stabilitet gennem dens forst\u00e6rkede ribbede struktur, hvilket sikrer, at banen forbliver i fremragende stand selv efter intense kampe.&nbsp;<\/p>\n\n\n\n<p><strong>De <\/strong><strong>MT-StemXL <\/strong><strong>og <\/strong><strong>MT-HTMaxi <\/strong><strong>gr\u00e6s<\/strong> fibre er fokuseret p\u00e5 at give st\u00f8tte og rebound ydeevne, hvilket giver spillerne en mere behagelig og j\u00e6vn bev\u00e6gelse p\u00e5 banen. Uanset om det er til lokale begivenheder eller internationale turneringer, giver disse gr\u00e6st\u00e6pper atleter en ideel konkurrenceoplevelse, hvilket forbedrer spillets kvalitet.<\/p>","protected":false},"excerpt":{"rendered":"<p>FIFA 60 \uff1a FIFA-Diamond gr\u00e6sfiberdesign tilbyder enest\u00e5ende elasticitet med moderat gr\u00e6sfibert\u00e6thed, velegnet til begivenheder med stor trafik. Det kan modst\u00e5 hyppige st\u00f8d uden deformation. FIFA-HTUbest-gr\u00e6sfiberen forbedrer pl\u00e6nens trykstyrke og stabilitet gennem dens forst\u00e6rkede ribbede struktur, hvilket sikrer, at banen forbliver i fremragende stand selv efter intense kampe. Den [\u2026]<\/p>","protected":false},"author":6,"featured_media":3487,"menu_order":0,"comment_status":"closed","ping_status":"closed","template":"","format":"standard","meta":{"_acf_changed":false,"_seopress_robots_primary_cat":"none","_seopress_titles_title":"MT-Diamond Artificial Grass %%sep%% %%sitetitle%%","_seopress_titles_desc":"","_seopress_robots_index":"","ub_ctt_via":"","footnotes":""},"products-category":[17],"product-tags":[],"class_list":["post-3485","product","type-product","status-publish","format-standard","has-post-thumbnail","hentry","products-category-football"],"acf":[],"_links":{"self":[{"href":"https:\/\/www.mightygrass.com\/da\/wp-json\/wp\/v2\/product\/3485","targetHints":{"allow":["GET"]}}],"collection":[{"href":"https:\/\/www.mightygrass.com\/da\/wp-json\/wp\/v2\/product"}],"about":[{"href":"https:\/\/www.mightygrass.com\/da\/wp-json\/wp\/v2\/types\/product"}],"author":[{"embeddable":true,"href":"https:\/\/www.mightygrass.com\/da\/wp-json\/wp\/v2\/users\/6"}],"replies":[{"embeddable":true,"href":"https:\/\/www.mightygrass.com\/da\/wp-json\/wp\/v2\/comments?post=3485"}],"version-history":[{"count":2,"href":"https:\/\/www.mightygrass.com\/da\/wp-json\/wp\/v2\/product\/3485\/revisions"}],"predecessor-version":[{"id":15180,"href":"https:\/\/www.mightygrass.com\/da\/wp-json\/wp\/v2\/product\/3485\/revisions\/15180"}],"wp:featuredmedia":[{"embeddable":true,"href":"https:\/\/www.mightygrass.com\/da\/wp-json\/wp\/v2\/media\/3487"}],"wp:attachment":[{"href":"https:\/\/www.mightygrass.com\/da\/wp-json\/wp\/v2\/media?parent=3485"}],"wp:term":[{"taxonomy":"products-category","embeddable":true,"href":"https:\/\/www.mightygrass.com\/da\/wp-json\/wp\/v2\/products-category?post=3485"},{"taxonomy":"product-tags","embeddable":true,"href":"https:\/\/www.mightygrass.com\/da\/wp-json\/wp\/v2\/product-tags?post=3485"}],"curies":[{"name":"wp","href":"https:\/\/api.w.org\/{rel}","templated":true}]}}