{"id":3528,"date":"2025-01-01T11:16:33","date_gmt":"2025-01-01T11:16:33","guid":{"rendered":"https:\/\/mtgrassturf.com\/?post_type=product&#038;p=3528"},"modified":"2026-01-08T15:10:48","modified_gmt":"2026-01-08T07:10:48","slug":"mt-golf","status":"publish","type":"product","link":"https:\/\/www.mightygrass.com\/da\/product\/mt-golf\/","title":{"rendered":"MT-Golf"},"content":{"rendered":"<p><strong>MT-Golf gr\u00e6st\u00f8rv er en ideel choi<\/strong>ce til golfbaner, ved at bruge h\u00f8jkvalitets gr\u00e6sfibre og blandingsteknikker for at sikre fremragende holdbarhed og f\u00f8lelse. Den h\u00f8je parameterversion giver en t\u00e6ttere gr\u00e6sfiberstruktur og h\u00f8jere gr\u00e6sh\u00f8jde, velegnet til high-end golfbaner, og leverer ideel feedback til slag og pr\u00e6cis boldhastighedskontrol. Den lave parameterversion er en omkostningseffektiv l\u00f8sning til golfbaner, mens den stadig bevarer holdbarhed og komfort, hvilket g\u00f8r den til en fantastisk mulighed for golf\u00f8velser og konkurrencespil.<\/p>","protected":false},"excerpt":{"rendered":"<p>MT-Golf-gr\u00e6sbanen er et ideelt valg til golfbaner, der bruger h\u00f8jkvalitets gr\u00e6sfibre og blandingsteknikker for at sikre fremragende holdbarhed og f\u00f8lelse. Den h\u00f8je parameterversion giver en t\u00e6ttere gr\u00e6sfiberstruktur og h\u00f8jere gr\u00e6sh\u00f8jde, velegnet til high-end golfbaner, og leverer ideel feedback til slag og pr\u00e6cis boldhastighedskontrol. Den lave parameterversion er [\u2026]<\/p>","protected":false},"author":6,"featured_media":3530,"menu_order":0,"comment_status":"closed","ping_status":"closed","template":"","format":"standard","meta":{"_acf_changed":false,"_seopress_robots_primary_cat":"none","_seopress_titles_title":"MT-Golf Artificial Grass %%sep%% %%sitetitle%%","_seopress_titles_desc":"","_seopress_robots_index":"","ub_ctt_via":"","footnotes":""},"products-category":[49],"product-tags":[],"class_list":["post-3528","product","type-product","status-publish","format-standard","has-post-thumbnail","hentry","products-category-golf"],"acf":[],"_links":{"self":[{"href":"https:\/\/www.mightygrass.com\/da\/wp-json\/wp\/v2\/product\/3528","targetHints":{"allow":["GET"]}}],"collection":[{"href":"https:\/\/www.mightygrass.com\/da\/wp-json\/wp\/v2\/product"}],"about":[{"href":"https:\/\/www.mightygrass.com\/da\/wp-json\/wp\/v2\/types\/product"}],"author":[{"embeddable":true,"href":"https:\/\/www.mightygrass.com\/da\/wp-json\/wp\/v2\/users\/6"}],"replies":[{"embeddable":true,"href":"https:\/\/www.mightygrass.com\/da\/wp-json\/wp\/v2\/comments?post=3528"}],"version-history":[{"count":2,"href":"https:\/\/www.mightygrass.com\/da\/wp-json\/wp\/v2\/product\/3528\/revisions"}],"predecessor-version":[{"id":15168,"href":"https:\/\/www.mightygrass.com\/da\/wp-json\/wp\/v2\/product\/3528\/revisions\/15168"}],"wp:featuredmedia":[{"embeddable":true,"href":"https:\/\/www.mightygrass.com\/da\/wp-json\/wp\/v2\/media\/3530"}],"wp:attachment":[{"href":"https:\/\/www.mightygrass.com\/da\/wp-json\/wp\/v2\/media?parent=3528"}],"wp:term":[{"taxonomy":"products-category","embeddable":true,"href":"https:\/\/www.mightygrass.com\/da\/wp-json\/wp\/v2\/products-category?post=3528"},{"taxonomy":"product-tags","embeddable":true,"href":"https:\/\/www.mightygrass.com\/da\/wp-json\/wp\/v2\/product-tags?post=3528"}],"curies":[{"name":"wp","href":"https:\/\/api.w.org\/{rel}","templated":true}]}}