{"id":3553,"date":"2025-01-01T11:35:23","date_gmt":"2025-01-01T11:35:23","guid":{"rendered":"https:\/\/mtgrassturf.com\/?post_type=product&#038;p=3553"},"modified":"2026-01-08T15:22:23","modified_gmt":"2026-01-08T07:22:23","slug":"mt-htarc","status":"publish","type":"product","link":"https:\/\/www.mightygrass.com\/da\/product\/mt-htarc\/","title":{"rendered":"MT-HTArc"},"content":{"rendered":"<p>&nbsp;Rugbygr\u00e6s har brug for st\u00e6rk slagfasthed og en struktur med h\u00f8j t\u00e6thed for at klare spillernes intense bev\u00e6gelser og kollisioner.&nbsp;<\/p>\n\n\n\n<p><strong>FIFA 40 <\/strong>&nbsp;<strong>&nbsp;FIFA-HTUbest<\/strong> Gr\u00e6sfibrene har ribbet design, som ikke kun forbedrer gr\u00e6st\u00f8rvens slidstyrke, men ogs\u00e5 forbedrer stabiliteten af gr\u00e6sfibrene, hvilket g\u00f8r det i stand til at modst\u00e5 de voldsomme kollisioner, der er typiske for rugbykampe.&nbsp;<\/p>\n\n\n\n<p><strong>FIFA 50 <\/strong><strong>&nbsp;FIFA-diamant <\/strong>gr\u00e6sfibre tilbyder overlegen elasticitet og kompressionsmodstand, hvilket sikrer komfort og sikkerhed under spillerbev\u00e6gelser.&nbsp;<\/p>\n\n\n\n<p><strong>De <\/strong><strong>MT-Surf <\/strong><strong>og <\/strong><strong>&nbsp;&nbsp;MT-HTArc <\/strong><strong>gr\u00e6s <\/strong>Designs optimerer rebound og stabilitet, giver mere st\u00f8tte til feltet og tilpasser sig rugbys unikke high-impact bev\u00e6gelser.&nbsp;<\/p>\n\n\n\n<p><strong>De <\/strong><strong>&nbsp;MT-memo <\/strong><strong>gr\u00e6st\u00f8rv <\/strong>tilbyder enest\u00e5ende trykstyrke og fremragende feedback til f\u00f8dderne, hvilket giver rugbyspillere en enest\u00e5ende oplevelse p\u00e5 banen.<\/p>","protected":false},"excerpt":{"rendered":"<p>&nbsp;Rugbygr\u00e6s har brug for st\u00e6rk slagfasthed og en struktur med h\u00f8j t\u00e6thed for at klare spillernes intense bev\u00e6gelser og kollisioner. FIFA 40 FIFA-HTUbest-gr\u00e6sfibrene har ribbet design, som ikke kun forbedrer pl\u00e6nens slidstyrke, men ogs\u00e5 forbedrer stabiliteten af gr\u00e6sfibrene, hvilket g\u00f8r det i stand til at modst\u00e5 de voldsomme kollisioner [\u2026]<\/p>","protected":false},"author":6,"featured_media":3556,"menu_order":0,"comment_status":"closed","ping_status":"closed","template":"","format":"standard","meta":{"_acf_changed":false,"_seopress_robots_primary_cat":"none","_seopress_titles_title":"MT-HTArc Artificial Grass %%sep%% %%sitetitle%%","_seopress_titles_desc":"","_seopress_robots_index":"","ub_ctt_via":"","footnotes":""},"products-category":[48],"product-tags":[],"class_list":["post-3553","product","type-product","status-publish","format-standard","has-post-thumbnail","hentry","products-category-rugby"],"acf":[],"_links":{"self":[{"href":"https:\/\/www.mightygrass.com\/da\/wp-json\/wp\/v2\/product\/3553","targetHints":{"allow":["GET"]}}],"collection":[{"href":"https:\/\/www.mightygrass.com\/da\/wp-json\/wp\/v2\/product"}],"about":[{"href":"https:\/\/www.mightygrass.com\/da\/wp-json\/wp\/v2\/types\/product"}],"author":[{"embeddable":true,"href":"https:\/\/www.mightygrass.com\/da\/wp-json\/wp\/v2\/users\/6"}],"replies":[{"embeddable":true,"href":"https:\/\/www.mightygrass.com\/da\/wp-json\/wp\/v2\/comments?post=3553"}],"version-history":[{"count":2,"href":"https:\/\/www.mightygrass.com\/da\/wp-json\/wp\/v2\/product\/3553\/revisions"}],"predecessor-version":[{"id":15172,"href":"https:\/\/www.mightygrass.com\/da\/wp-json\/wp\/v2\/product\/3553\/revisions\/15172"}],"wp:featuredmedia":[{"embeddable":true,"href":"https:\/\/www.mightygrass.com\/da\/wp-json\/wp\/v2\/media\/3556"}],"wp:attachment":[{"href":"https:\/\/www.mightygrass.com\/da\/wp-json\/wp\/v2\/media?parent=3553"}],"wp:term":[{"taxonomy":"products-category","embeddable":true,"href":"https:\/\/www.mightygrass.com\/da\/wp-json\/wp\/v2\/products-category?post=3553"},{"taxonomy":"product-tags","embeddable":true,"href":"https:\/\/www.mightygrass.com\/da\/wp-json\/wp\/v2\/product-tags?post=3553"}],"curies":[{"name":"wp","href":"https:\/\/api.w.org\/{rel}","templated":true}]}}