{"id":3581,"date":"2025-01-01T11:44:41","date_gmt":"2025-01-01T11:44:41","guid":{"rendered":"https:\/\/mtgrassturf.com\/?post_type=product&#038;p=3581"},"modified":"2026-01-08T15:23:18","modified_gmt":"2026-01-08T07:23:18","slug":"commercial-lawn","status":"publish","type":"product","link":"https:\/\/www.mightygrass.com\/da\/product\/commercial-lawn\/","title":{"rendered":"MT-CHARMING"},"content":{"rendered":"<p>Dette kunstgr\u00e6s er designet til at gr\u00f8nnere kommercielle omr\u00e5der og offentlige rum, hvilket g\u00f8r det ideelt til kontorbygninger, indk\u00f8bscentre, pladser og hoteller. Det U-formede lige design sikrer ensartet fordeling og stabilitet, samtidig med at det giver en naturlig og realistisk visuel effekt. Lavet med meget holdbare PP-fibre og et gittermateriale, forbedrer gr\u00e6st\u00f8rven sin modstandsdygtighed over for tryk, hvilket sikrer, at den bevarer sin \u00e6stetik og funktionalitet i omr\u00e5der med stor f\u00e6rdsel. Derudover giver farvetonen en varm og naturlig f\u00f8lelse, hvilket g\u00f8r det kommercielle milj\u00f8 mere behageligt og levende.<\/p>\n\n\n\n<p><\/p>","protected":false},"excerpt":{"rendered":"<p>Dette kunstgr\u00e6s er designet til at gr\u00f8nnere kommercielle omr\u00e5der og offentlige rum, hvilket g\u00f8r det ideelt til kontorbygninger, indk\u00f8bscentre, pladser og hoteller. Det U-formede lige design sikrer ensartet fordeling og stabilitet, samtidig med at det giver en naturlig og realistisk visuel effekt. Lavet med meget holdbare PP-fibre og et gitterunderlagsmateriale, forbedrer gr\u00e6st\u00f8rven sin [\u2026]<\/p>","protected":false},"author":6,"featured_media":3600,"menu_order":0,"comment_status":"closed","ping_status":"closed","template":"","format":"standard","meta":{"_acf_changed":false,"_seopress_robots_primary_cat":"none","_seopress_titles_title":"MT-CHARMING Artificial Grass %%sep%% %%sitetitle%%","_seopress_titles_desc":"","_seopress_robots_index":"","ub_ctt_via":"","footnotes":""},"products-category":[39],"product-tags":[],"class_list":["post-3581","product","type-product","status-publish","format-standard","has-post-thumbnail","hentry","products-category-commercial"],"acf":[],"_links":{"self":[{"href":"https:\/\/www.mightygrass.com\/da\/wp-json\/wp\/v2\/product\/3581","targetHints":{"allow":["GET"]}}],"collection":[{"href":"https:\/\/www.mightygrass.com\/da\/wp-json\/wp\/v2\/product"}],"about":[{"href":"https:\/\/www.mightygrass.com\/da\/wp-json\/wp\/v2\/types\/product"}],"author":[{"embeddable":true,"href":"https:\/\/www.mightygrass.com\/da\/wp-json\/wp\/v2\/users\/6"}],"replies":[{"embeddable":true,"href":"https:\/\/www.mightygrass.com\/da\/wp-json\/wp\/v2\/comments?post=3581"}],"version-history":[{"count":1,"href":"https:\/\/www.mightygrass.com\/da\/wp-json\/wp\/v2\/product\/3581\/revisions"}],"predecessor-version":[{"id":15177,"href":"https:\/\/www.mightygrass.com\/da\/wp-json\/wp\/v2\/product\/3581\/revisions\/15177"}],"wp:featuredmedia":[{"embeddable":true,"href":"https:\/\/www.mightygrass.com\/da\/wp-json\/wp\/v2\/media\/3600"}],"wp:attachment":[{"href":"https:\/\/www.mightygrass.com\/da\/wp-json\/wp\/v2\/media?parent=3581"}],"wp:term":[{"taxonomy":"products-category","embeddable":true,"href":"https:\/\/www.mightygrass.com\/da\/wp-json\/wp\/v2\/products-category?post=3581"},{"taxonomy":"product-tags","embeddable":true,"href":"https:\/\/www.mightygrass.com\/da\/wp-json\/wp\/v2\/product-tags?post=3581"}],"curies":[{"name":"wp","href":"https:\/\/api.w.org\/{rel}","templated":true}]}}