{"id":3605,"date":"2025-01-01T11:49:57","date_gmt":"2025-01-01T11:49:57","guid":{"rendered":"https:\/\/mtgrassturf.com\/?post_type=product&#038;p=3605"},"modified":"2026-01-08T15:23:34","modified_gmt":"2026-01-08T07:23:34","slug":"kindergarten-turf","status":"publish","type":"product","link":"https:\/\/www.mightygrass.com\/da\/product\/kindergarten-turf\/","title":{"rendered":"MT-RAINBOW"},"content":{"rendered":"<p>Denne gr\u00e6st\u00f8rv, der er designet specielt til b\u00f8rnehaver, har lyse og levende farver som r\u00f8d, gul, bl\u00e5 og lilla, hvilket stimulerer b\u00f8rns interesse og skaber en livlig og munter atmosf\u00e6re i legeomr\u00e5det. Det U-formede gr\u00e6sbladsdesign giver en bl\u00f8d ber\u00f8ring, samtidig med at den sikrer fremragende slidstyrke, hvilket sikrer, at pl\u00e6nen bevarer sin form selv ved hyppig brug. De UV-bestandige og skridsikre funktioner \u00f8ger sikkerheden udend\u00f8rs, hvilket g\u00f8r den ideel for b\u00f8rn at l\u00f8be og lege i aktivitetsomr\u00e5derne. Materialedesignet PP +PP+ SBR sikrer holdbarhed og milj\u00f8tilpasning, hvilket g\u00f8r det til det perfekte valg til b\u00f8rnehaver og legepladser.<\/p>","protected":false},"excerpt":{"rendered":"<p>Denne gr\u00e6st\u00f8rv, der er designet specielt til b\u00f8rnehaver, har lyse og levende farver som r\u00f8d, gul, bl\u00e5 og lilla, hvilket stimulerer b\u00f8rns interesse og skaber en livlig og munter atmosf\u00e6re i legeomr\u00e5det. Det U-formede gr\u00e6sbladsdesign giver en bl\u00f8d ber\u00f8ring, samtidig med at det sikrer fremragende slidstyrke, hvilket sikrer, at gr\u00e6st\u00f8rven bevarer sin form selv med [\u2026]<\/p>","protected":false},"author":6,"featured_media":3607,"menu_order":0,"comment_status":"closed","ping_status":"closed","template":"","format":"standard","meta":{"_acf_changed":false,"_seopress_robots_primary_cat":"none","_seopress_titles_title":"MT-RAINBOW Artificial Grass %%sep%% %%sitetitle%%","_seopress_titles_desc":"","_seopress_robots_index":"","ub_ctt_via":"","footnotes":""},"products-category":[44],"product-tags":[],"class_list":["post-3605","product","type-product","status-publish","format-standard","has-post-thumbnail","hentry","products-category-playground"],"acf":[],"_links":{"self":[{"href":"https:\/\/www.mightygrass.com\/da\/wp-json\/wp\/v2\/product\/3605","targetHints":{"allow":["GET"]}}],"collection":[{"href":"https:\/\/www.mightygrass.com\/da\/wp-json\/wp\/v2\/product"}],"about":[{"href":"https:\/\/www.mightygrass.com\/da\/wp-json\/wp\/v2\/types\/product"}],"author":[{"embeddable":true,"href":"https:\/\/www.mightygrass.com\/da\/wp-json\/wp\/v2\/users\/6"}],"replies":[{"embeddable":true,"href":"https:\/\/www.mightygrass.com\/da\/wp-json\/wp\/v2\/comments?post=3605"}],"version-history":[{"count":1,"href":"https:\/\/www.mightygrass.com\/da\/wp-json\/wp\/v2\/product\/3605\/revisions"}],"predecessor-version":[{"id":15179,"href":"https:\/\/www.mightygrass.com\/da\/wp-json\/wp\/v2\/product\/3605\/revisions\/15179"}],"wp:featuredmedia":[{"embeddable":true,"href":"https:\/\/www.mightygrass.com\/da\/wp-json\/wp\/v2\/media\/3607"}],"wp:attachment":[{"href":"https:\/\/www.mightygrass.com\/da\/wp-json\/wp\/v2\/media?parent=3605"}],"wp:term":[{"taxonomy":"products-category","embeddable":true,"href":"https:\/\/www.mightygrass.com\/da\/wp-json\/wp\/v2\/products-category?post=3605"},{"taxonomy":"product-tags","embeddable":true,"href":"https:\/\/www.mightygrass.com\/da\/wp-json\/wp\/v2\/product-tags?post=3605"}],"curies":[{"name":"wp","href":"https:\/\/api.w.org\/{rel}","templated":true}]}}