{"id":3611,"date":"2026-03-03T10:20:19","date_gmt":"2026-03-03T02:20:19","guid":{"rendered":"https:\/\/mtgrassturf.com\/?post_type=product&#038;p=3611"},"modified":"2026-03-11T09:46:19","modified_gmt":"2026-03-11T01:46:19","slug":"residential-artificial-grass","status":"publish","type":"product","link":"https:\/\/www.mightygrass.com\/da\/product\/residential-artificial-grass\/","title":{"rendered":"MT-ERET YORK"},"content":{"rendered":"<p>Denne havegr\u00e6s er designet specielt til eksklusive private boliger og haver, der blander \u00e6stetik, komfort og holdbarhed. ERET Y-type gr\u00e6sst\u00e6ngers design sikrer en j\u00e6vn, t\u00e6t overflade, der genskaber det uds\u00f8gte udseende af naturligt gr\u00e6s. Gr\u00e6sstr\u00e5ene er indlejret med antibakteriel teknologi, der effektivt reducerer bakteriev\u00e6kst og bibeholder gr\u00e6st\u00f8rvens renhed og hygiejne over tid. Farvetonen tilf\u00f8jer en dyb og elegant stemning til haven, hvilket g\u00f8r den perfekt til at integrere med naturlige landskaber og dekorative elementer, hvilket forbedrer havens overordnede design. Denne gr\u00e6st\u00f8rv tilbyder ikke kun fremragende vejrbestandighed, men bevarer ogs\u00e5 sin livlige farve og strukturelle stabilitet under forskellige klimatiske forhold.<\/p>","protected":false},"excerpt":{"rendered":"<p>Denne havegr\u00e6s er designet specielt til eksklusive private boliger og haver, der blander \u00e6stetik, komfort og holdbarhed. ERET Y-type gr\u00e6sst\u00e6ngers design sikrer en j\u00e6vn, t\u00e6t overflade, der genskaber det uds\u00f8gte udseende af naturligt gr\u00e6s. Gr\u00e6sstr\u00e5ene er indlejret med antibakteriel teknologi, der effektivt reducerer bakteriev\u00e6kst og opretholder gr\u00e6st\u00f8rvens renhed og hygiejne [\u2026]<\/p>","protected":false},"author":6,"featured_media":3615,"menu_order":0,"comment_status":"closed","ping_status":"closed","template":"","format":"standard","meta":{"_acf_changed":false,"_seopress_robots_primary_cat":"none","_seopress_titles_title":"MT-ERET YORK Artificial Grass %%sep%% %%sitetitle%%","_seopress_titles_desc":"","_seopress_robots_index":"","ub_ctt_via":"","footnotes":""},"products-category":[80,79,38,54],"product-tags":[],"class_list":["post-3611","product","type-product","status-publish","format-standard","has-post-thumbnail","hentry","products-category-landscape-turf","products-category-recycle-artificial-grass","products-category-residential","products-category-star-product"],"acf":[],"_links":{"self":[{"href":"https:\/\/www.mightygrass.com\/da\/wp-json\/wp\/v2\/product\/3611","targetHints":{"allow":["GET"]}}],"collection":[{"href":"https:\/\/www.mightygrass.com\/da\/wp-json\/wp\/v2\/product"}],"about":[{"href":"https:\/\/www.mightygrass.com\/da\/wp-json\/wp\/v2\/types\/product"}],"author":[{"embeddable":true,"href":"https:\/\/www.mightygrass.com\/da\/wp-json\/wp\/v2\/users\/6"}],"replies":[{"embeddable":true,"href":"https:\/\/www.mightygrass.com\/da\/wp-json\/wp\/v2\/comments?post=3611"}],"version-history":[{"count":2,"href":"https:\/\/www.mightygrass.com\/da\/wp-json\/wp\/v2\/product\/3611\/revisions"}],"predecessor-version":[{"id":15193,"href":"https:\/\/www.mightygrass.com\/da\/wp-json\/wp\/v2\/product\/3611\/revisions\/15193"}],"wp:featuredmedia":[{"embeddable":true,"href":"https:\/\/www.mightygrass.com\/da\/wp-json\/wp\/v2\/media\/3615"}],"wp:attachment":[{"href":"https:\/\/www.mightygrass.com\/da\/wp-json\/wp\/v2\/media?parent=3611"}],"wp:term":[{"taxonomy":"products-category","embeddable":true,"href":"https:\/\/www.mightygrass.com\/da\/wp-json\/wp\/v2\/products-category?post=3611"},{"taxonomy":"product-tags","embeddable":true,"href":"https:\/\/www.mightygrass.com\/da\/wp-json\/wp\/v2\/product-tags?post=3611"}],"curies":[{"name":"wp","href":"https:\/\/api.w.org\/{rel}","templated":true}]}}