{"id":3617,"date":"2026-03-03T10:30:29","date_gmt":"2026-03-03T02:30:29","guid":{"rendered":"https:\/\/mtgrassturf.com\/?post_type=product&#038;p=3617"},"modified":"2026-03-11T09:46:08","modified_gmt":"2026-03-11T01:46:08","slug":"roof-garden","status":"publish","type":"product","link":"https:\/\/www.mightygrass.com\/da\/product\/roof-garden\/","title":{"rendered":"MT-WAVE"},"content":{"rendered":"<p>Denne gr\u00e6st\u00f8rv, der er specielt designet til taghaver og landskabspleje, har fremragende antibakterielle og vejrbestandige egenskaber, hvilket g\u00f8r den ideel til barske milj\u00f8forhold. Den dobbelte W gr\u00e6sstr\u00e5struktur sikrer en tredimensionel og elastisk overflade, der forhindrer deformation fra hyppig gang og brug. PP + SBR bagsidedesignet forbedrer pl\u00e6nens stabilitet, s\u00e5 det kan modst\u00e5 langvarig eksponering for UV-str\u00e5ler uden at falme eller nedbrydes. Den naturlige farve blander sig problemfrit med det omgivende milj\u00f8 og forst\u00e6rker bygningens gr\u00f8nne \u00e6stetik. Uanset om det bruges til fritidsomr\u00e5der, landskabspleje eller milj\u00f8venlig begr\u00f8nning, tilbyder denne gr\u00e6st\u00f8rv den perfekte l\u00f8sning.<\/p>","protected":false},"excerpt":{"rendered":"<p>Denne gr\u00e6st\u00f8rv, der er specielt designet til taghaver og landskabspleje, har fremragende antibakterielle og vejrbestandige egenskaber, hvilket g\u00f8r den ideel til barske milj\u00f8forhold. Den dobbelte W gr\u00e6sstr\u00e5struktur sikrer en tredimensionel og elastisk overflade, der forhindrer deformation fra hyppig gang og brug. PP + SBR bagsidedesignet forbedrer gr\u00e6st\u00f8rvens stabilitet, s\u00e5 den kan modst\u00e5 [\u2026]<\/p>","protected":false},"author":6,"featured_media":3619,"menu_order":0,"comment_status":"closed","ping_status":"closed","template":"","format":"standard","meta":{"_acf_changed":false,"_seopress_robots_primary_cat":"none","_seopress_titles_title":"MT-WAVE Artificial Grass %%sep%% %%sitetitle%%","_seopress_titles_desc":"","_seopress_robots_index":"","ub_ctt_via":"","footnotes":""},"products-category":[38,54],"product-tags":[],"class_list":["post-3617","product","type-product","status-publish","format-standard","has-post-thumbnail","hentry","products-category-residential","products-category-star-product"],"acf":[],"_links":{"self":[{"href":"https:\/\/www.mightygrass.com\/da\/wp-json\/wp\/v2\/product\/3617","targetHints":{"allow":["GET"]}}],"collection":[{"href":"https:\/\/www.mightygrass.com\/da\/wp-json\/wp\/v2\/product"}],"about":[{"href":"https:\/\/www.mightygrass.com\/da\/wp-json\/wp\/v2\/types\/product"}],"author":[{"embeddable":true,"href":"https:\/\/www.mightygrass.com\/da\/wp-json\/wp\/v2\/users\/6"}],"replies":[{"embeddable":true,"href":"https:\/\/www.mightygrass.com\/da\/wp-json\/wp\/v2\/comments?post=3617"}],"version-history":[{"count":2,"href":"https:\/\/www.mightygrass.com\/da\/wp-json\/wp\/v2\/product\/3617\/revisions"}],"predecessor-version":[{"id":15192,"href":"https:\/\/www.mightygrass.com\/da\/wp-json\/wp\/v2\/product\/3617\/revisions\/15192"}],"wp:featuredmedia":[{"embeddable":true,"href":"https:\/\/www.mightygrass.com\/da\/wp-json\/wp\/v2\/media\/3619"}],"wp:attachment":[{"href":"https:\/\/www.mightygrass.com\/da\/wp-json\/wp\/v2\/media?parent=3617"}],"wp:term":[{"taxonomy":"products-category","embeddable":true,"href":"https:\/\/www.mightygrass.com\/da\/wp-json\/wp\/v2\/products-category?post=3617"},{"taxonomy":"product-tags","embeddable":true,"href":"https:\/\/www.mightygrass.com\/da\/wp-json\/wp\/v2\/product-tags?post=3617"}],"curies":[{"name":"wp","href":"https:\/\/api.w.org\/{rel}","templated":true}]}}