{"id":1802,"date":"2024-12-05T15:22:31","date_gmt":"2024-12-05T15:22:31","guid":{"rendered":"https:\/\/mtgrassturf.com\/?page_id=1802"},"modified":"2024-12-05T15:33:22","modified_gmt":"2024-12-05T15:33:22","slug":"cookie-policy","status":"publish","type":"page","link":"https:\/\/www.mightygrass.com\/de\/cookie-policy\/","title":{"rendered":"Cookie-Richtlinie"},"content":{"rendered":"<div data-elementor-type=\"wp-page\" data-elementor-id=\"1802\" class=\"elementor elementor-1802\" data-elementor-post-type=\"page\">\n\t\t\t\t<div class=\"elementor-element elementor-element-408607c e-flex e-con-boxed e-con e-parent\" data-id=\"408607c\" data-element_type=\"container\" data-settings=\"{&quot;background_background&quot;:&quot;classic&quot;,&quot;ekit_has_onepagescroll_dot&quot;:&quot;yes&quot;}\">\n\t\t\t\t\t<div class=\"e-con-inner\">\n\t\t<div class=\"elementor-element elementor-element-3cb8bae e-con-full e-flex e-con e-child\" data-id=\"3cb8bae\" data-element_type=\"container\" data-settings=\"{&quot;background_background&quot;:&quot;classic&quot;,&quot;ekit_has_onepagescroll_dot&quot;:&quot;yes&quot;}\">\n\t\t\t\t<div class=\"elementor-element elementor-element-8c2766b elementor-widget elementor-widget-text-editor\" data-id=\"8c2766b\" data-element_type=\"widget\" data-settings=\"{&quot;ekit_we_effect_on&quot;:&quot;none&quot;}\" data-widget_type=\"text-editor.default\">\n\t\t\t\t\t\t\t\t\t\n<p>G\u00fcltig ab: 27. M\u00e4rz 2024<br>Zuletzt aktualisiert: 27. M\u00e4rz 2024<\/p>\n\n\n\n<h5 class=\"wp-block-heading\">Was sind Cookies?<\/h5>\n\n\n\n<p>In dieser Cookie-Richtlinie wird erl\u00e4utert, was Cookies sind und wie wir sie verwenden, welche Arten von Cookies wir verwenden, welche Informationen wir mithilfe von Cookies sammeln und wie diese Informationen verwendet werden und wie die Cookie-Einstellungen verwaltet werden.<\/p>\n\n\n\n<p>Cookies sind kleine Textdateien, in denen kleine Informationen gespeichert werden. Sie werden auf Ihrem Ger\u00e4t gespeichert, wenn die Website in Ihren Browser geladen wird. Diese Cookies helfen uns dabei, die Website ordnungsgem\u00e4\u00df funktionieren zu lassen, sie sicherer zu machen, ein besseres Benutzererlebnis zu bieten und die Leistung der Website zu verstehen sowie zu analysieren, was funktioniert und wo Verbesserungen erforderlich sind.<\/p>\n\n\n\n<h5 class=\"wp-block-heading\">Wie verwenden wir Cookies?<\/h5>\n\n\n\n<p>Wie die meisten Onlinedienste verwendet unsere Website Erstanbieter- und Drittanbieter-Cookies f\u00fcr verschiedene Zwecke. Erstanbieter-Cookies sind meist erforderlich, damit die Website ordnungsgem\u00e4\u00df funktioniert, und erfassen keine personenbezogenen Daten von Ihnen.<\/p>\n\n\n\n<p>Die auf unserer Website verwendeten Cookies von Drittanbietern dienen in erster Linie dazu, die Leistung der Website zu verstehen, wie Sie mit unserer Website interagieren, die Sicherheit unserer Dienste zu gew\u00e4hrleisten, f\u00fcr Sie relevante Werbung bereitzustellen und Ihnen insgesamt eine bessere und verbesserte Benutzererfahrung zu bieten und Ihre zuk\u00fcnftigen Interaktionen mit unserer Website zu beschleunigen.<\/p>\n\n\n\n<h5 class=\"wp-block-heading\">Arten von Cookies, die wir verwenden<\/h5>\n\n\n\n<h3 class=\"wp-block-heading\">Notwendig<\/h3>\n\n\n\n<p>Notwendige Cookies sind erforderlich, um die grundlegenden Funktionen dieser Website zu erm\u00f6glichen, wie zum Beispiel die Bereitstellung einer sicheren Anmeldung oder die Anpassung Ihrer Zustimmungseinstellungen. Diese Cookies speichern keine personenbezogenen Daten.<\/p>\n\n\n\n<figure class=\"wp-block-table\"><table class=\"has-fixed-layout\"><thead><tr><th>Pl\u00e4tzchen<\/th><th>Dauer<\/th><th>Beschreibung<\/th><\/tr><\/thead><tbody><tr><td>wpEmojiSettingsUnterst\u00fctzt<\/td><td>Sitzung<\/td><td>WordPress setzt dieses Cookie, wenn ein Benutzer auf einer WordPress-Site mit Emojis interagiert. Es hilft festzustellen, ob der Browser des Benutzers Emojis richtig anzeigen kann.<\/td><\/tr><tr><td>PHPSESSID<\/td><td>Sitzung<\/td><td>Dieses Cookie ist in PHP-Anwendungen eingebettet. Das Cookie speichert und identifiziert die eindeutige Sitzungs-ID eines Benutzers, um Benutzersitzungen auf der Website zu verwalten. Das Cookie ist ein Sitzungscookie und wird gel\u00f6scht, wenn alle Browserfenster geschlossen werden.<\/td><\/tr><tr><td>CookieJa-Zustimmung<\/td><td>1 Jahr<\/td><td>CookieYes setzt dieses Cookie, um die Einwilligungseinstellungen der Benutzer zu speichern, sodass ihre Einstellungen bei sp\u00e4teren Besuchen dieser Website ber\u00fccksichtigt werden. Es werden keine pers\u00f6nlichen Daten der Website-Besucher gesammelt oder gespeichert.<\/td><\/tr><tr><td>rc::ein<\/td><td>L\u00e4uft nie ab<\/td><td>Dieses Cookie wird vom Google-Recaptcha-Dienst gesetzt, um Bots zu identifizieren und die Website vor b\u00f6sartigen Spam-Angriffen zu sch\u00fctzen.<\/td><\/tr><tr><td>rc::c<\/td><td>Sitzung<\/td><td>Dieses Cookie wird vom Google-Recaptcha-Dienst gesetzt, um Bots zu identifizieren und die Website vor b\u00f6sartigen Spam-Angriffen zu sch\u00fctzen.<\/td><\/tr><\/tbody><\/table><\/figure>\n\n\n\n<h3 class=\"wp-block-heading\">Funktionalit\u00e4t<\/h3>\n\n\n\n<p>Funktionale Cookies helfen dabei, bestimmte Funktionen auszuf\u00fchren, wie z. B. das Teilen des Inhalts der Website auf Social-Media-Plattformen, das Sammeln von Feedback und andere Funktionen von Drittanbietern.<\/p>\n\n\n\n<figure class=\"wp-block-table\"><table class=\"has-fixed-layout\"><thead><tr><th>Pl\u00e4tzchen<\/th><th>Dauer<\/th><th>Beschreibung<\/th><\/tr><\/thead><tbody><tr><td>li_gc<\/td><td>6 Monate<\/td><td>Linkedin hat dieses Cookie gesetzt, um die Zustimmung des Besuchers zur Verwendung von Cookies f\u00fcr nicht notwendige Zwecke zu speichern.<\/td><\/tr><tr><td>lidc<\/td><td>1 Tag<\/td><td>LinkedIn setzt das lidc-Cookie, um die Auswahl des Datencenters zu erleichtern.<\/td><\/tr><tr><td>vc<\/td><td>L\u00e4uft nie ab<\/td><td>Das VC-Cookie wird von addthis.com auf Websites gesetzt, die das Teilen in sozialen Medien erm\u00f6glichen.<\/td><\/tr><tr><td>ytidb::LAST_RESULT_ENTRY_KEY<\/td><td>L\u00e4uft nie ab<\/td><td>Das Cookie ytidb::LAST_RESULT_ENTRY_KEY wird von YouTube verwendet, um den letzten Suchergebniseintrag zu speichern, der vom Benutzer angeklickt wurde. Diese Informationen werden verwendet, um das Benutzererlebnis zu verbessern, indem in Zukunft relevantere Suchergebnisse bereitgestellt werden.<\/td><\/tr><tr><td>yt-remote-session-app<\/td><td>Sitzung<\/td><td>Das Cookie yt-remote-session-app wird von YouTube verwendet, um Benutzereinstellungen und Informationen \u00fcber die Benutzeroberfl\u00e4che des eingebetteten YouTube-Videoplayers zu speichern.<\/td><\/tr><tr><td>yt-remote-cast-installiert<\/td><td>Sitzung<\/td><td>Das von yt-remote-cast installierte Cookie wird verwendet, um die Videoplayer-Einstellungen des Benutzers bei Verwendung eingebetteter YouTube-Videos zu speichern.<\/td><\/tr><tr><td>yt-Remote-Sitzungsname<\/td><td>Sitzung<\/td><td>Das Cookie yt-remote-session-name wird von YouTube verwendet, um die Videoplayer-Einstellungen des Benutzers bei eingebetteten YouTube-Videos zu speichern.<\/td><\/tr><tr><td>yt-remote-schneller-check-zeitraum<\/td><td>Sitzung<\/td><td>Das Cookie yt-remote-fast-check-period wird von YouTube verwendet, um die Videoplayer-Einstellungen des Benutzers f\u00fcr eingebettete YouTube-Videos zu speichern.<\/td><\/tr><tr><td>wp-wpml_aktuelle_sprache<\/td><td>Sitzung<\/td><td>Das mehrsprachige WordPress-Plugin setzt dieses Cookie, um die aktuelle Sprache\/Spracheinstellungen zu speichern.<\/td><\/tr><\/tbody><\/table><\/figure>\n\n\n\n<h3 class=\"wp-block-heading\">Analyse<\/h3>\n\n\n\n<p>Analytische Cookies werden verwendet, um zu verstehen, wie Besucher mit der Website interagieren. Diese Cookies helfen dabei, Informationen zu Metriken wie Besucherzahl, Absprungrate, Verkehrsquelle usw. bereitzustellen.<\/p>\n\n\n\n<figure class=\"wp-block-table\"><table class=\"has-fixed-layout\"><thead><tr><th>Pl\u00e4tzchen<\/th><th>Dauer<\/th><th>Beschreibung<\/th><\/tr><\/thead><tbody><tr><td>CLID<\/td><td>1 Jahr<\/td><td>Microsoft Clarity hat dieses Cookie gesetzt, um Informationen dar\u00fcber zu speichern, wie Besucher mit der Website interagieren. Das Cookie hilft dabei, einen Analysebericht bereitzustellen. Die Datenerfassung umfasst die Anzahl der Besucher, wo sie die Website besuchen und die besuchten Seiten.<\/td><\/tr><tr><td>_ga_*<\/td><td>1 Jahr 1 Monat 4 Tage<\/td><td>Google Analytics setzt dieses Cookie zum Speichern und Z\u00e4hlen von Seitenaufrufen.<\/td><\/tr><tr><td>_ga<\/td><td>1 Jahr 1 Monat 4 Tage<\/td><td>Google Analytics setzt dieses Cookie, um Besucher-, Sitzungs- und Kampagnendaten zu berechnen und die Site-Nutzung f\u00fcr den Analysebericht der Site zu verfolgen. Das Cookie speichert Informationen anonym und weist eine zuf\u00e4llig generierte Nummer zu, um eindeutige Besucher zu erkennen.<\/td><\/tr><tr><td>_fbp<\/td><td>3 Monate<\/td><td>Facebook setzt dieses Cookie, um nach dem Besuch der Website Werbung anzuzeigen, wenn es sich entweder auf Facebook oder auf einer von Facebook-Werbung unterst\u00fctzten digitalen Plattform befindet.<\/td><\/tr><tr><td>_klick<\/td><td>1 Jahr<\/td><td>Microsoft Clarity setzt dieses Cookie, um die Clarity-Benutzer-ID und die Einstellungen des Browsers exklusiv f\u00fcr diese Website beizubehalten. Dadurch wird sichergestellt, dass bei nachfolgenden Besuchen derselben Website ausgef\u00fchrte Aktionen mit derselben Benutzer-ID verkn\u00fcpft werden.<\/td><\/tr><tr><td>SM<\/td><td>Sitzung<\/td><td>Dieses Cookie wurde vom Microsoft Clarity-Cookie zum Synchronisieren der MUID \u00fcber Microsoft-Dom\u00e4nen hinweg gesetzt.<\/td><\/tr><tr><td>_clsk<\/td><td>1 Tag 1 Minute<\/td><td>Microsoft Clarity setzt dieses Cookie, um die Seitenaufrufe eines Benutzers zu speichern und in einer einzigen Sitzungsaufzeichnung zusammenzufassen.<\/td><\/tr><tr><td>HERR<\/td><td>7 Tage<\/td><td>Dieses von Bing gesetzte Cookie wird zum Sammeln von Benutzerinformationen f\u00fcr Analysezwecke verwendet.<\/td><\/tr><tr><td>pys_session_limit<\/td><td>1 Stunde<\/td><td>Das Plugin PixelYourSite setzt dieses Cookie, um die Analysedienste zu verwalten.<\/td><\/tr><tr><td>pys_start_session<\/td><td>Sitzung<\/td><td>Das Plugin PixelYourSite setzt dieses Cookie, um die Analysedienste zu verwalten.<\/td><\/tr><tr><td>_gid<\/td><td>1 Tag<\/td><td>Google Analytics setzt dieses Cookie, um Informationen dar\u00fcber zu speichern, wie Besucher eine Website nutzen, und erstellt gleichzeitig einen Analysebericht \u00fcber die Leistung der Website. Zu den gesammelten Daten geh\u00f6ren die Anzahl der Besucher, ihre Quelle und die Seiten, die sie anonym besuchen.<\/td><\/tr><tr><td>_gat_gtag_UA_*<\/td><td>1 Minute<\/td><td>Google Analytics setzt dieses Cookie, um eine eindeutige Benutzer-ID zu speichern.<\/td><\/tr><\/tbody><\/table><\/figure>\n\n\n\n<h3 class=\"wp-block-heading\">Leistung<\/h3>\n\n\n\n<p>Leistungscookies werden verwendet, um die wichtigsten Leistungsindizes der Website zu verstehen und zu analysieren, um den Besuchern ein besseres Benutzererlebnis zu bieten.<\/p>\n\n\n\n<figure class=\"wp-block-table\"><table class=\"has-fixed-layout\"><thead><tr><th>Pl\u00e4tzchen<\/th><th>Dauer<\/th><th>Beschreibung<\/th><\/tr><\/thead><tbody><tr><td>SRM_B<\/td><td>1 Jahr 24 Tage<\/td><td>Wird von Microsoft Advertising als eindeutige ID f\u00fcr Besucher verwendet.<\/td><\/tr><tr><td>_gat<\/td><td>1 Minute<\/td><td>Google Universal Analytics setzt dieses Cookie, um die Anforderungsrate zu drosseln und so die Datenerfassung auf Websites mit hohem Datenverkehr zu begrenzen.<\/td><\/tr><\/tbody><\/table><\/figure>\n\n\n\n<h3 class=\"wp-block-heading\">Werbung<\/h3>\n\n\n\n<p>Werbe-Cookies werden verwendet, um Besuchern auf Grundlage der zuvor besuchten Seiten ma\u00dfgeschneiderte Werbung bereitzustellen und die Wirksamkeit der Werbekampagnen zu analysieren.<\/p>\n\n\n\n<figure class=\"wp-block-table\"><table class=\"has-fixed-layout\"><thead><tr><th>Pl\u00e4tzchen<\/th><th>Dauer<\/th><th>Beschreibung<\/th><\/tr><\/thead><tbody><tr><td>Abonnieren<\/td><td>1 Jahr<\/td><td>Dieses Cookie wird von LinkedIn zur Erkennung von Browser-IDs aus LinkedIn Share-Buttons und Ad-Tags gesetzt.<\/td><\/tr><tr><td>_pin_unauth<\/td><td>1 Jahr<\/td><td>Pinterest hat dieses Cookie gesetzt, um Aktionen f\u00fcr nicht identifizierbare Benutzer zu gruppieren.<\/td><\/tr><tr><td>MUID<\/td><td>1 Jahr 24 Tage<\/td><td>Bing setzt dieses Cookie, um eindeutige Webbrowser zu erkennen, die Microsoft-Sites besuchen. Dieses Cookie wird f\u00fcr Werbung, Site-Analysen und andere Operationen verwendet.<\/td><\/tr><tr><td>ANONCHK<\/td><td>10 Minuten<\/td><td>Das von Bing gesetzte ANONCHK-Cookie wird verwendet, um die Sitzungs-ID eines Benutzers zu speichern und Anzeigenklicks in der Bing-Suchmaschine zu verifizieren. Das Cookie hilft auch bei der Berichterstellung und Personalisierung.<\/td><\/tr><tr><td>ich<\/td><td>L\u00e4uft nie ab<\/td><td>Dieses Cookie wird von OpenX gesetzt, um anonymisierte Benutzerdaten wie IP-Adresse, geografischer Standort, besuchte Websites, vom Benutzer angeklickte Anzeigen usw. f\u00fcr relevante Werbung aufzuzeichnen.<\/td><\/tr><tr><td>YSC<\/td><td>Sitzung<\/td><td>Youtube setzt dieses Cookie, um die Aufrufe eingebetteter Videos auf Youtube-Seiten zu verfolgen.<\/td><\/tr><tr><td>BESUCHER_INFO1_LIVE<\/td><td>6 Monate<\/td><td>YouTube setzt dieses Cookie, um die Bandbreite zu messen und festzustellen, ob der Benutzer die neue oder die alte Playeroberfl\u00e4che erh\u00e4lt.<\/td><\/tr><tr><td>BESUCHER_DATENSCHUTZ_METADATEN<\/td><td>6 Monate<\/td><td>YouTube setzt dieses Cookie, um den Cookie-Zustimmungsstatus des Benutzers f\u00fcr die aktuelle Dom\u00e4ne zu speichern.<\/td><\/tr><tr><td>yt-remote-ger\u00e4te-id<\/td><td>L\u00e4uft nie ab<\/td><td>YouTube setzt dieses Cookie, um die Videoeinstellungen des Benutzers unter Verwendung eingebetteter YouTube-Videos zu speichern.<\/td><\/tr><tr><td>yt.innertube::Anfragen<\/td><td>L\u00e4uft nie ab<\/td><td>YouTube setzt dieses Cookie, um eine eindeutige ID zu registrieren, um Daten dar\u00fcber zu speichern, welche Videos von YouTube der Benutzer gesehen hat.<\/td><\/tr><tr><td>yt-remote-verbundene-ger\u00e4te<\/td><td>L\u00e4uft nie ab<\/td><td>YouTube setzt dieses Cookie, um die Videoeinstellungen des Benutzers unter Verwendung eingebetteter YouTube-Videos zu speichern.<\/td><\/tr><tr><td>yt.innertube::nextId<\/td><td>L\u00e4uft nie ab<\/td><td>YouTube setzt dieses Cookie, um eine eindeutige ID zu registrieren, um Daten dar\u00fcber zu speichern, welche Videos von YouTube der Benutzer gesehen hat.<\/td><\/tr><tr><td>NID<\/td><td>6 Monate<\/td><td>Google setzt das Cookie zu Werbezwecken, um die H\u00e4ufigkeit zu begrenzen, mit der der Nutzer eine Anzeige sieht, unerw\u00fcnschte Werbung stummzuschalten und die Effektivit\u00e4t von Anzeigen zu messen.<\/td><\/tr><\/tbody><\/table><\/figure>\n\n\n\n<h3 class=\"wp-block-heading\">Unkategorisiert<\/h3>\n\n\n\n<p>Andere nicht kategorisierte Cookies sind solche, die analysiert werden und noch nicht in eine Kategorie eingestuft wurden.<\/p>\n\n\n\n<figure class=\"wp-block-table\"><table class=\"has-fixed-layout\"><thead><tr><th>Pl\u00e4tzchen<\/th><th>Dauer<\/th><th>Beschreibung<\/th><\/tr><\/thead><tbody><tr><td>ar_debug<\/td><td>1 Jahr<\/td><td>Eine Beschreibung ist derzeit nicht verf\u00fcgbar.<\/td><\/tr><tr><td>_PCCSID_601887<\/td><td>21 Minuten<\/td><td>Eine Beschreibung ist derzeit nicht verf\u00fcgbar.<\/td><\/tr><tr><td>_PCCID<\/td><td>1 Jahr 1 Monat 4 Tage 1 Minute<\/td><td>Eine Beschreibung ist derzeit nicht verf\u00fcgbar.<\/td><\/tr><tr><td>thirdPartyCookiesAktiviert<\/td><td>1 Tag<\/td><td>Keine Beschreibung verf\u00fcgbar.<\/td><\/tr><tr><td>is_eu<\/td><td>Sitzung<\/td><td>Keine Beschreibung verf\u00fcgbar.<\/td><\/tr><tr><td>cs_enabled_cookie_term_23<\/td><td>6 Monate<\/td><td>Eine Beschreibung ist derzeit nicht verf\u00fcgbar.<\/td><\/tr><tr><td>cs_enabled_cookie_term_27<\/td><td>6 Monate<\/td><td>Eine Beschreibung ist derzeit nicht verf\u00fcgbar.<\/td><\/tr><tr><td>cs_enabled_cookie_term_24<\/td><td>6 Monate<\/td><td>Eine Beschreibung ist derzeit nicht verf\u00fcgbar.<\/td><\/tr><tr><td>cs_Benutzerpr\u00e4ferenz<\/td><td>6 Monate<\/td><td>Eine Beschreibung ist derzeit nicht verf\u00fcgbar.<\/td><\/tr><tr><td>CS-Magie<\/td><td>6 Monate<\/td><td>Eine Beschreibung ist derzeit nicht verf\u00fcgbar.<\/td><\/tr><tr><td>gespeichertTelefon<\/td><td>1 Jahr 1 Monat 4 Tage<\/td><td>Eine Beschreibung ist derzeit nicht verf\u00fcgbar.<\/td><\/tr><tr><td>gespeichertesTelefonLabel<\/td><td>1 Jahr 1 Monat 4 Tage<\/td><td>Eine Beschreibung ist derzeit nicht verf\u00fcgbar.<\/td><\/tr><tr><td>eursavedTelefon<\/td><td>1 Jahr 1 Monat 4 Tage<\/td><td>Eine Beschreibung ist derzeit nicht verf\u00fcgbar.<\/td><\/tr><tr><td>eursavedPhoneLabel<\/td><td>1 Jahr 1 Monat 4 Tage<\/td><td>Eine Beschreibung ist derzeit nicht verf\u00fcgbar.<\/td><\/tr><tr><td>__Sicheres-ROLLOUT_TOKEN<\/td><td>6 Monate<\/td><td>Eine Beschreibung ist derzeit nicht verf\u00fcgbar.<\/td><\/tr><\/tbody><\/table><\/figure>\n\n\n\n<h5 class=\"wp-block-heading\">Cookie-Einstellungen verwalten<\/h5>\n\n\n\n<p><a>Cookie-Einstellungen<\/a><\/p>\n\n\n\n<p>Sie k\u00f6nnen Ihre Cookie-Einstellungen jederzeit \u00e4ndern, indem Sie auf die Schaltfl\u00e4che oben klicken. Dadurch k\u00f6nnen Sie das Cookie-Einwilligungsbanner erneut aufrufen und Ihre Einstellungen \u00e4ndern oder Ihre Einwilligung sofort widerrufen.<\/p>\n\n\n\n<p>Dar\u00fcber hinaus bieten verschiedene Browser unterschiedliche Methoden zum Blockieren und L\u00f6schen von Cookies, die von Websites verwendet werden. Sie k\u00f6nnen die Einstellungen Ihres Browsers \u00e4ndern, um Cookies zu blockieren\/l\u00f6schen. Nachfolgend finden Sie Links zu den Supportdokumenten zum Verwalten und L\u00f6schen von Cookies in den wichtigsten Webbrowsern.<\/p>\n\n\n\n<p>Chrom:&nbsp;<a href=\"https:\/\/support.google.com\/accounts\/answer\/32050\" target=\"_blank\" rel=\"noreferrer noopener\">https:\/\/support.google.com\/accounts\/answer\/32050<\/a><\/p>\n\n\n\n<p>Safari:&nbsp;<a href=\"https:\/\/support.apple.com\/en-in\/guide\/safari\/sfri11471\/mac\" target=\"_blank\" rel=\"noreferrer noopener\">https:\/\/support.apple.com\/en-in\/guide\/safari\/sfri11471\/mac<\/a><\/p>\n\n\n\n<p>Feuerfuchs:&nbsp;<a href=\"https:\/\/support.mozilla.org\/en-US\/kb\/clear-cookies-and-site-data-firefox?redirectslug=delete-cookies-remove-info-websites-stored&amp;redirectlocale=en-US\" target=\"_blank\" rel=\"noreferrer noopener\">https:\/\/support.mozilla.org\/en-US\/kb\/clear-cookies-and-site-data-firefox?redirectslug=delete-cookies-remove-info-websites-stored&amp;redirectlocale=en-US<\/a><\/p>\n\n\n\n<p>Internet Explorer:&nbsp;<a href=\"https:\/\/support.microsoft.com\/en-us\/topic\/how-to-delete-cookie-files-in-internet-explorer-bca9446f-d873-78de-77ba-d42645fa52fc\" target=\"_blank\" rel=\"noreferrer noopener\">https:\/\/support.microsoft.com\/en-us\/topic\/how-to-delete-cookie-files-in-internet-explorer-bca9446f-d873-78de-77ba-d42645fa52fc<\/a><\/p>\n\n\n\n<p>Wenn Sie einen anderen Webbrowser verwenden, besuchen Sie bitte die offiziellen Supportdokumente Ihres Browsers.<\/p>\n\n\n\n<p>Cookie-Richtlinie Erstellt von&nbsp;<a href=\"https:\/\/www.cookieyes.com\/?utm_source=CP&amp;utm_medium=footer&amp;utm_campaign=UW\" target=\"_blank\" rel=\"noreferrer noopener\">CookieYes \u2013 Generator f\u00fcr Cookie-Richtlinien<\/a>.<\/p>\n\t\t\t\t\t\t\t\t<\/div>\n\t\t\t\t<\/div>\n\t\t\t\t\t<\/div>\n\t\t\t\t<\/div>\n\t\t\t\t<\/div>","protected":false},"excerpt":{"rendered":"<p>G\u00fcltig ab: 27. M\u00e4rz 2024Letzte Aktualisierung: 27. M\u00e4rz 2024 Was sind Cookies? Diese Cookie-Richtlinie erkl\u00e4rt, was Cookies sind und wie wir sie verwenden, welche Arten von Cookies wir verwenden, d. h. welche Informationen wir mithilfe von Cookies sammeln und wie diese Informationen verwendet werden und wie die Cookie-Einstellungen verwaltet werden. Cookies sind kleine Textdateien, die verwendet werden, um [\u2026]<\/p>","protected":false},"author":6,"featured_media":0,"parent":0,"menu_order":0,"comment_status":"closed","ping_status":"closed","template":"","meta":{"_acf_changed":false,"_seopress_robots_primary_cat":"","_seopress_titles_title":"","_seopress_titles_desc":"","_seopress_robots_index":"","ub_ctt_via":"","footnotes":""},"class_list":["post-1802","page","type-page","status-publish","hentry"],"acf":[],"featured_image_src":null,"_links":{"self":[{"href":"https:\/\/www.mightygrass.com\/de\/wp-json\/wp\/v2\/pages\/1802","targetHints":{"allow":["GET"]}}],"collection":[{"href":"https:\/\/www.mightygrass.com\/de\/wp-json\/wp\/v2\/pages"}],"about":[{"href":"https:\/\/www.mightygrass.com\/de\/wp-json\/wp\/v2\/types\/page"}],"author":[{"embeddable":true,"href":"https:\/\/www.mightygrass.com\/de\/wp-json\/wp\/v2\/users\/6"}],"replies":[{"embeddable":true,"href":"https:\/\/www.mightygrass.com\/de\/wp-json\/wp\/v2\/comments?post=1802"}],"version-history":[{"count":0,"href":"https:\/\/www.mightygrass.com\/de\/wp-json\/wp\/v2\/pages\/1802\/revisions"}],"wp:attachment":[{"href":"https:\/\/www.mightygrass.com\/de\/wp-json\/wp\/v2\/media?parent=1802"}],"curies":[{"name":"wp","href":"https:\/\/api.w.org\/{rel}","templated":true}]}}