{"id":3479,"date":"2025-01-02T10:52:15","date_gmt":"2025-01-02T02:52:15","guid":{"rendered":"https:\/\/mtgrassturf.com\/?post_type=product&#038;p=3479"},"modified":"2026-01-08T15:24:12","modified_gmt":"2026-01-08T07:24:12","slug":"fifa-mt-ubest-50","status":"publish","type":"product","link":"https:\/\/www.mightygrass.com\/de\/produkt\/fifa-mt-ubest-50\/","title":{"rendered":"FIFA MT-UBEST 50"},"content":{"rendered":"<p><strong>FIFA-Diamant<\/strong> <strong>Gras<\/strong>Das Faserdesign bietet au\u00dfergew\u00f6hnliche Elastizit\u00e4t mit m\u00e4\u00dfiger Grasfaserdichte und ist f\u00fcr stark frequentierte Veranstaltungen geeignet. Es h\u00e4lt h\u00e4ufigen St\u00f6\u00dfen stand, ohne sich zu verformen.\u00a0<\/p>\n\n\n\n<p><strong>Die FIFA<\/strong><strong>-HTUbest&nbsp; <\/strong>Grasfasern verbessern durch ihre verst\u00e4rkte Rippenstruktur die Druckfestigkeit und Stabilit\u00e4t des Rasens und sorgen daf\u00fcr, dass das Spielfeld auch nach intensiven Spielen in hervorragendem Zustand bleibt.&nbsp;<\/p>\n\n\n\n<p><\/p>","protected":false},"excerpt":{"rendered":"<p>Das FIFA-Diamond-Rasenfaserdesign bietet au\u00dfergew\u00f6hnliche Elastizit\u00e4t mit m\u00e4\u00dfiger Grasfaserdichte und eignet sich f\u00fcr stark frequentierte Veranstaltungen. Es h\u00e4lt h\u00e4ufigen St\u00f6\u00dfen stand, ohne sich zu verformen. Die FIFA-HTUbest-Rasenfaser verbessert die Druckfestigkeit und Stabilit\u00e4t des Rasens durch ihre verst\u00e4rkte Rippenstruktur und sorgt daf\u00fcr, dass das Feld auch nach intensiven Spielen in ausgezeichnetem Zustand bleibt.&nbsp;<\/p>","protected":false},"author":6,"featured_media":5746,"menu_order":0,"comment_status":"closed","ping_status":"closed","template":"","format":"standard","meta":{"_acf_changed":false,"_seopress_robots_primary_cat":"none","_seopress_titles_title":"MT-UBEST 50mm FIFA Artificial Grass %%sep%% %%sitetitle%%","_seopress_titles_desc":"","_seopress_robots_index":"","ub_ctt_via":"","footnotes":""},"products-category":[17],"product-tags":[],"class_list":["post-3479","product","type-product","status-publish","format-standard","has-post-thumbnail","hentry","products-category-football"],"acf":[],"_links":{"self":[{"href":"https:\/\/www.mightygrass.com\/de\/wp-json\/wp\/v2\/product\/3479","targetHints":{"allow":["GET"]}}],"collection":[{"href":"https:\/\/www.mightygrass.com\/de\/wp-json\/wp\/v2\/product"}],"about":[{"href":"https:\/\/www.mightygrass.com\/de\/wp-json\/wp\/v2\/types\/product"}],"author":[{"embeddable":true,"href":"https:\/\/www.mightygrass.com\/de\/wp-json\/wp\/v2\/users\/6"}],"replies":[{"embeddable":true,"href":"https:\/\/www.mightygrass.com\/de\/wp-json\/wp\/v2\/comments?post=3479"}],"version-history":[{"count":3,"href":"https:\/\/www.mightygrass.com\/de\/wp-json\/wp\/v2\/product\/3479\/revisions"}],"predecessor-version":[{"id":15183,"href":"https:\/\/www.mightygrass.com\/de\/wp-json\/wp\/v2\/product\/3479\/revisions\/15183"}],"wp:featuredmedia":[{"embeddable":true,"href":"https:\/\/www.mightygrass.com\/de\/wp-json\/wp\/v2\/media\/5746"}],"wp:attachment":[{"href":"https:\/\/www.mightygrass.com\/de\/wp-json\/wp\/v2\/media?parent=3479"}],"wp:term":[{"taxonomy":"products-category","embeddable":true,"href":"https:\/\/www.mightygrass.com\/de\/wp-json\/wp\/v2\/products-category?post=3479"},{"taxonomy":"product-tags","embeddable":true,"href":"https:\/\/www.mightygrass.com\/de\/wp-json\/wp\/v2\/product-tags?post=3479"}],"curies":[{"name":"wp","href":"https:\/\/api.w.org\/{rel}","templated":true}]}}