{"id":3492,"date":"2025-01-01T11:07:20","date_gmt":"2025-01-01T11:07:20","guid":{"rendered":"https:\/\/mtgrassturf.com\/?post_type=product&#038;p=3492"},"modified":"2026-01-08T15:10:01","modified_gmt":"2026-01-08T07:10:01","slug":"mt-htmaxi","status":"publish","type":"product","link":"https:\/\/www.mightygrass.com\/de\/produkt\/mt-htmaxi\/","title":{"rendered":"MT-HTMaxi"},"content":{"rendered":"<p><strong>Die FIFA 60:<\/strong><strong> FIFA-Diamant<\/strong> <strong>Gras<\/strong>Das Faserdesign bietet au\u00dfergew\u00f6hnliche Elastizit\u00e4t mit m\u00e4\u00dfiger Grasfaserdichte und ist f\u00fcr stark frequentierte Veranstaltungen geeignet. Es h\u00e4lt h\u00e4ufigen St\u00f6\u00dfen stand, ohne sich zu verformen.&nbsp;<\/p>\n\n\n\n<p><strong>Die FIFA<\/strong><strong>-HTUbest&nbsp; <\/strong>Grasfasern verbessern durch ihre verst\u00e4rkte Rippenstruktur die Druckfestigkeit und Stabilit\u00e4t des Rasens und sorgen daf\u00fcr, dass das Spielfeld auch nach intensiven Spielen in hervorragendem Zustand bleibt.&nbsp;<\/p>\n\n\n\n<p><strong>Der <\/strong><strong>MT-VorbauXL <\/strong><strong>Und <\/strong><strong>MT-HTMaxi <\/strong><strong>Gras<\/strong> Fasern sind darauf ausgerichtet, Unterst\u00fctzung und R\u00fcckprallleistung zu bieten und den Spielern eine bequemere und fl\u00fcssigere Bewegung auf dem Feld zu erm\u00f6glichen. Ob bei lokalen Veranstaltungen oder internationalen Turnieren, diese Rasenfl\u00e4chen bieten Sportlern ein ideales Wettkampferlebnis und verbessern die Qualit\u00e4t des Spiels.<\/p>\n\n\n\n<p><\/p>","protected":false},"excerpt":{"rendered":"<p>Das FIFA 60: FIFA-Diamond-Grasfaserdesign bietet au\u00dfergew\u00f6hnliche Elastizit\u00e4t mit m\u00e4\u00dfiger Grasfaserdichte und eignet sich f\u00fcr stark frequentierte Veranstaltungen. Es h\u00e4lt h\u00e4ufigen St\u00f6\u00dfen stand, ohne sich zu verformen. Die FIFA-HTUbest-Grasfaser verbessert die Druckfestigkeit und Stabilit\u00e4t des Rasens durch ihre verst\u00e4rkte Rippenstruktur und sorgt daf\u00fcr, dass das Feld auch nach intensiven Spielen in ausgezeichnetem Zustand bleibt. Das [\u2026]<\/p>","protected":false},"author":6,"featured_media":4438,"menu_order":0,"comment_status":"closed","ping_status":"closed","template":"","format":"standard","meta":{"_acf_changed":false,"_seopress_robots_primary_cat":"none","_seopress_titles_title":"MT-HTMaxi Artificial Grass %%sep%% %%sitetitle%%","_seopress_titles_desc":"","_seopress_robots_index":"","ub_ctt_via":"","footnotes":""},"products-category":[17],"product-tags":[],"class_list":["post-3492","product","type-product","status-publish","format-standard","has-post-thumbnail","hentry","products-category-football"],"acf":[],"_links":{"self":[{"href":"https:\/\/www.mightygrass.com\/de\/wp-json\/wp\/v2\/product\/3492","targetHints":{"allow":["GET"]}}],"collection":[{"href":"https:\/\/www.mightygrass.com\/de\/wp-json\/wp\/v2\/product"}],"about":[{"href":"https:\/\/www.mightygrass.com\/de\/wp-json\/wp\/v2\/types\/product"}],"author":[{"embeddable":true,"href":"https:\/\/www.mightygrass.com\/de\/wp-json\/wp\/v2\/users\/6"}],"replies":[{"embeddable":true,"href":"https:\/\/www.mightygrass.com\/de\/wp-json\/wp\/v2\/comments?post=3492"}],"version-history":[{"count":1,"href":"https:\/\/www.mightygrass.com\/de\/wp-json\/wp\/v2\/product\/3492\/revisions"}],"predecessor-version":[{"id":15166,"href":"https:\/\/www.mightygrass.com\/de\/wp-json\/wp\/v2\/product\/3492\/revisions\/15166"}],"wp:featuredmedia":[{"embeddable":true,"href":"https:\/\/www.mightygrass.com\/de\/wp-json\/wp\/v2\/media\/4438"}],"wp:attachment":[{"href":"https:\/\/www.mightygrass.com\/de\/wp-json\/wp\/v2\/media?parent=3492"}],"wp:term":[{"taxonomy":"products-category","embeddable":true,"href":"https:\/\/www.mightygrass.com\/de\/wp-json\/wp\/v2\/products-category?post=3492"},{"taxonomy":"product-tags","embeddable":true,"href":"https:\/\/www.mightygrass.com\/de\/wp-json\/wp\/v2\/product-tags?post=3492"}],"curies":[{"name":"wp","href":"https:\/\/api.w.org\/{rel}","templated":true}]}}