{"id":3558,"date":"2025-01-01T11:36:41","date_gmt":"2025-01-01T11:36:41","guid":{"rendered":"https:\/\/mtgrassturf.com\/?post_type=product&#038;p=3558"},"modified":"2026-01-08T15:22:47","modified_gmt":"2026-01-08T07:22:47","slug":"mt-memo","status":"publish","type":"product","link":"https:\/\/www.mightygrass.com\/de\/produkt\/mt-memo\/","title":{"rendered":"MT-Memo"},"content":{"rendered":"<p>&nbsp;Rugbyrasen muss eine hohe Sto\u00dffestigkeit und eine hochdichte Struktur aufweisen, um den intensiven Bewegungen und Zusammenst\u00f6\u00dfen der Spieler standzuhalten.&nbsp;<\/p>\n\n\n\n<p><strong>Die FIFA 40 <\/strong>&nbsp;<strong>&nbsp;FIFA-HTUbest<\/strong> Die Grasfasern weisen ein geripptes Design auf, das nicht nur die Abriebfestigkeit des Rasens verbessert, sondern auch die Stabilit\u00e4t der Grasfasern erh\u00f6ht, sodass sie den f\u00fcr Rugbyspiele typischen heftigen Zusammenst\u00f6\u00dfen standhalten k\u00f6nnen.&nbsp;<\/p>\n\n\n\n<p><strong>Die FIFA 50 <\/strong><strong>&nbsp;FIFA-Diamant <\/strong>Grasfasern bieten \u00fcberragende Elastizit\u00e4t und Druckfestigkeit und gew\u00e4hrleisten Komfort und Sicherheit w\u00e4hrend der Bewegungen des Spielers.&nbsp;<\/p>\n\n\n\n<p><strong>Der <\/strong><strong>MT-Surf <\/strong><strong>Und <\/strong><strong>&nbsp;&nbsp;MT-HTArc <\/strong><strong>Gras <\/strong>Die Designs optimieren R\u00fcckprall und Stabilit\u00e4t, bieten mehr Unterst\u00fctzung auf dem Spielfeld und passen sich den einzigartigen, sto\u00dfintensiven Bewegungen des Rugby an.&nbsp;<\/p>\n\n\n\n<p><strong>Der <\/strong><strong>&nbsp;MT-Memo <\/strong><strong>Rasen <\/strong>bietet au\u00dfergew\u00f6hnliche Druckfestigkeit und hervorragendes Feedback f\u00fcr die F\u00fc\u00dfe und sorgt so f\u00fcr ein unvergleichliches Erlebnis auf dem Spielfeld f\u00fcr Rugbyspieler.<\/p>","protected":false},"excerpt":{"rendered":"<p>&nbsp;Rugbyrasen muss eine hohe Sto\u00dffestigkeit und eine hochdichte Struktur aufweisen, um den intensiven Bewegungen und Zusammenst\u00f6\u00dfen der Spieler standzuhalten. Die FIFA 40 FIFA-HTUbest-Rasenfasern verf\u00fcgen \u00fcber ein geripptes Design, das nicht nur die Abriebfestigkeit des Rasens verbessert, sondern auch die Stabilit\u00e4t der Grasfasern erh\u00f6ht, sodass er den heftigen Zusammenst\u00f6\u00dfen standh\u00e4lt [\u2026]<\/p>","protected":false},"author":6,"featured_media":3560,"menu_order":0,"comment_status":"closed","ping_status":"closed","template":"","format":"standard","meta":{"_acf_changed":false,"_seopress_robots_primary_cat":"none","_seopress_titles_title":"MT-Memo Artificial Grass %%sep%% %%sitetitle%%","_seopress_titles_desc":"","_seopress_robots_index":"","ub_ctt_via":"","footnotes":""},"products-category":[48],"product-tags":[],"class_list":["post-3558","product","type-product","status-publish","format-standard","has-post-thumbnail","hentry","products-category-rugby"],"acf":[],"_links":{"self":[{"href":"https:\/\/www.mightygrass.com\/de\/wp-json\/wp\/v2\/product\/3558","targetHints":{"allow":["GET"]}}],"collection":[{"href":"https:\/\/www.mightygrass.com\/de\/wp-json\/wp\/v2\/product"}],"about":[{"href":"https:\/\/www.mightygrass.com\/de\/wp-json\/wp\/v2\/types\/product"}],"author":[{"embeddable":true,"href":"https:\/\/www.mightygrass.com\/de\/wp-json\/wp\/v2\/users\/6"}],"replies":[{"embeddable":true,"href":"https:\/\/www.mightygrass.com\/de\/wp-json\/wp\/v2\/comments?post=3558"}],"version-history":[{"count":1,"href":"https:\/\/www.mightygrass.com\/de\/wp-json\/wp\/v2\/product\/3558\/revisions"}],"predecessor-version":[{"id":15173,"href":"https:\/\/www.mightygrass.com\/de\/wp-json\/wp\/v2\/product\/3558\/revisions\/15173"}],"wp:featuredmedia":[{"embeddable":true,"href":"https:\/\/www.mightygrass.com\/de\/wp-json\/wp\/v2\/media\/3560"}],"wp:attachment":[{"href":"https:\/\/www.mightygrass.com\/de\/wp-json\/wp\/v2\/media?parent=3558"}],"wp:term":[{"taxonomy":"products-category","embeddable":true,"href":"https:\/\/www.mightygrass.com\/de\/wp-json\/wp\/v2\/products-category?post=3558"},{"taxonomy":"product-tags","embeddable":true,"href":"https:\/\/www.mightygrass.com\/de\/wp-json\/wp\/v2\/product-tags?post=3558"}],"curies":[{"name":"wp","href":"https:\/\/api.w.org\/{rel}","templated":true}]}}