{"id":3569,"date":"2026-03-02T11:40:02","date_gmt":"2026-03-02T03:40:02","guid":{"rendered":"https:\/\/mtgrassturf.com\/?post_type=product&#038;p=3569"},"modified":"2026-03-11T09:47:09","modified_gmt":"2026-03-11T01:47:09","slug":"mt-padel","status":"publish","type":"product","link":"https:\/\/www.mightygrass.com\/de\/produkt\/mt-padel\/","title":{"rendered":"MT-Padel"},"content":{"rendered":"<p><strong>Der <\/strong><strong>MT-Padel <\/strong><strong>Merkmale<\/strong> speziell entwickelte Bluegrass-Fasern, die eine stabile Ballgeschwindigkeit und einen gleichm\u00e4\u00dfigen R\u00fcckprall bieten, besonders geeignet f\u00fcr Spiele in feuchten Umgebungen.&nbsp;<\/p>","protected":false},"excerpt":{"rendered":"<p>Das MT-Padel verf\u00fcgt \u00fcber speziell entwickelte Bluegrass-Fasern, die eine stabile Ballgeschwindigkeit und einen gleichm\u00e4\u00dfigen R\u00fcckprall bieten und sich besonders f\u00fcr Spiele in feuchten Umgebungen eignen.&nbsp;<\/p>","protected":false},"author":6,"featured_media":3570,"menu_order":0,"comment_status":"closed","ping_status":"closed","template":"","format":"standard","meta":{"_acf_changed":false,"_seopress_robots_primary_cat":"none","_seopress_titles_title":"MT-Padel Artificial Grass %%sep%% %%sitetitle%%","_seopress_titles_desc":"","_seopress_robots_index":"","ub_ctt_via":"","footnotes":""},"products-category":[76],"product-tags":[],"class_list":["post-3569","product","type-product","status-publish","format-standard","has-post-thumbnail","hentry","products-category-padel"],"acf":[],"_links":{"self":[{"href":"https:\/\/www.mightygrass.com\/de\/wp-json\/wp\/v2\/product\/3569","targetHints":{"allow":["GET"]}}],"collection":[{"href":"https:\/\/www.mightygrass.com\/de\/wp-json\/wp\/v2\/product"}],"about":[{"href":"https:\/\/www.mightygrass.com\/de\/wp-json\/wp\/v2\/types\/product"}],"author":[{"embeddable":true,"href":"https:\/\/www.mightygrass.com\/de\/wp-json\/wp\/v2\/users\/6"}],"replies":[{"embeddable":true,"href":"https:\/\/www.mightygrass.com\/de\/wp-json\/wp\/v2\/comments?post=3569"}],"version-history":[{"count":3,"href":"https:\/\/www.mightygrass.com\/de\/wp-json\/wp\/v2\/product\/3569\/revisions"}],"predecessor-version":[{"id":15197,"href":"https:\/\/www.mightygrass.com\/de\/wp-json\/wp\/v2\/product\/3569\/revisions\/15197"}],"wp:featuredmedia":[{"embeddable":true,"href":"https:\/\/www.mightygrass.com\/de\/wp-json\/wp\/v2\/media\/3570"}],"wp:attachment":[{"href":"https:\/\/www.mightygrass.com\/de\/wp-json\/wp\/v2\/media?parent=3569"}],"wp:term":[{"taxonomy":"products-category","embeddable":true,"href":"https:\/\/www.mightygrass.com\/de\/wp-json\/wp\/v2\/products-category?post=3569"},{"taxonomy":"product-tags","embeddable":true,"href":"https:\/\/www.mightygrass.com\/de\/wp-json\/wp\/v2\/product-tags?post=3569"}],"curies":[{"name":"wp","href":"https:\/\/api.w.org\/{rel}","templated":true}]}}