{"id":3575,"date":"2025-01-01T11:42:03","date_gmt":"2025-01-01T11:42:03","guid":{"rendered":"https:\/\/mtgrassturf.com\/?post_type=product&#038;p=3575"},"modified":"2026-01-08T15:23:10","modified_gmt":"2026-01-08T07:23:10","slug":"mt-peace","status":"publish","type":"product","link":"https:\/\/www.mightygrass.com\/de\/produkt\/mt-peace\/","title":{"rendered":"MT-Frieden"},"content":{"rendered":"<p><strong>Das MT-Peace Gras, ein lo<\/strong>Der kommerziell gef\u00f6rderte Typ mit einer Grash\u00f6he von 12 mm und einem einfachen flachen Faserdesign erzeugt eine feste und langlebige Oberfl\u00e4che, die sich perfekt f\u00fcr den Langzeitgebrauch eignet. Beide Rasensorten bieten hervorragende Leistung f\u00fcr Tennisspiele und kommen mit verschiedenen Klimabedingungen zurecht.<\/p>","protected":false},"excerpt":{"rendered":"<p>Der MT-Peace-Rasen, ein lokal gef\u00f6rderter Rasentyp, mit einer Grash\u00f6he von 12 mm und einem einfachen flachen Faserdesign, schafft eine feste und langlebige Oberfl\u00e4che, die sich perfekt f\u00fcr den Langzeitgebrauch eignet. Beide Rasensorten bieten hervorragende Leistung f\u00fcr Tennisspiele und kommen mit verschiedenen Klimabedingungen zurecht.<\/p>","protected":false},"author":6,"featured_media":3576,"menu_order":0,"comment_status":"closed","ping_status":"closed","template":"","format":"standard","meta":{"_acf_changed":false,"_seopress_robots_primary_cat":"none","_seopress_titles_title":"MT-Peace Artificial Grass %%sep%% %%sitetitle%%","_seopress_titles_desc":"","_seopress_robots_index":"","ub_ctt_via":"","footnotes":""},"products-category":[17,21],"product-tags":[],"class_list":["post-3575","product","type-product","status-publish","format-standard","has-post-thumbnail","hentry","products-category-football","products-category-tennis"],"acf":[],"_links":{"self":[{"href":"https:\/\/www.mightygrass.com\/de\/wp-json\/wp\/v2\/product\/3575","targetHints":{"allow":["GET"]}}],"collection":[{"href":"https:\/\/www.mightygrass.com\/de\/wp-json\/wp\/v2\/product"}],"about":[{"href":"https:\/\/www.mightygrass.com\/de\/wp-json\/wp\/v2\/types\/product"}],"author":[{"embeddable":true,"href":"https:\/\/www.mightygrass.com\/de\/wp-json\/wp\/v2\/users\/6"}],"replies":[{"embeddable":true,"href":"https:\/\/www.mightygrass.com\/de\/wp-json\/wp\/v2\/comments?post=3575"}],"version-history":[{"count":2,"href":"https:\/\/www.mightygrass.com\/de\/wp-json\/wp\/v2\/product\/3575\/revisions"}],"predecessor-version":[{"id":15176,"href":"https:\/\/www.mightygrass.com\/de\/wp-json\/wp\/v2\/product\/3575\/revisions\/15176"}],"wp:featuredmedia":[{"embeddable":true,"href":"https:\/\/www.mightygrass.com\/de\/wp-json\/wp\/v2\/media\/3576"}],"wp:attachment":[{"href":"https:\/\/www.mightygrass.com\/de\/wp-json\/wp\/v2\/media?parent=3575"}],"wp:term":[{"taxonomy":"products-category","embeddable":true,"href":"https:\/\/www.mightygrass.com\/de\/wp-json\/wp\/v2\/products-category?post=3575"},{"taxonomy":"product-tags","embeddable":true,"href":"https:\/\/www.mightygrass.com\/de\/wp-json\/wp\/v2\/product-tags?post=3575"}],"curies":[{"name":"wp","href":"https:\/\/api.w.org\/{rel}","templated":true}]}}