{"id":3581,"date":"2025-01-01T11:44:41","date_gmt":"2025-01-01T11:44:41","guid":{"rendered":"https:\/\/mtgrassturf.com\/?post_type=product&#038;p=3581"},"modified":"2026-01-08T15:23:18","modified_gmt":"2026-01-08T07:23:18","slug":"commercial-lawn","status":"publish","type":"product","link":"https:\/\/www.mightygrass.com\/de\/produkt\/commercial-lawn\/","title":{"rendered":"MT-CHARMING"},"content":{"rendered":"<p>Dieser Kunstrasen ist f\u00fcr die Begr\u00fcnung von Gewerbefl\u00e4chen und \u00f6ffentlichen Pl\u00e4tzen konzipiert und eignet sich daher ideal f\u00fcr B\u00fcrogeb\u00e4ude, Einkaufszentren, Pl\u00e4tze und Hotels. Das U-f\u00f6rmige, gerade Design sorgt f\u00fcr gleichm\u00e4\u00dfige Verteilung und Stabilit\u00e4t und bietet gleichzeitig einen nat\u00fcrlichen und realistischen visuellen Effekt. Der Rasen besteht aus \u00e4u\u00dferst langlebigen PP-Fasern und einem Gittertr\u00e4germaterial und ist dadurch druckbest\u00e4ndiger, sodass er auch in stark frequentierten Bereichen seine \u00c4sthetik und Funktionalit\u00e4t beh\u00e4lt. Dar\u00fcber hinaus vermittelt der Farbton ein warmes und nat\u00fcrliches Gef\u00fchl und macht die gewerbliche Umgebung angenehmer und lebendiger.<\/p>\n\n\n\n<p><\/p>","protected":false},"excerpt":{"rendered":"<p>Dieser Kunstrasen ist f\u00fcr die Begr\u00fcnung von Gewerbefl\u00e4chen und \u00f6ffentlichen Pl\u00e4tzen konzipiert und eignet sich daher ideal f\u00fcr B\u00fcrogeb\u00e4ude, Einkaufszentren, Pl\u00e4tze und Hotels. Das U-f\u00f6rmige, gerade Design sorgt f\u00fcr gleichm\u00e4\u00dfige Verteilung und Stabilit\u00e4t und bietet gleichzeitig einen nat\u00fcrlichen und realistischen visuellen Effekt. Der Rasen besteht aus \u00e4u\u00dferst haltbaren PP-Fasern und einem Gittertr\u00e4germaterial und verbessert seine [\u2026]<\/p>","protected":false},"author":6,"featured_media":3600,"menu_order":0,"comment_status":"closed","ping_status":"closed","template":"","format":"standard","meta":{"_acf_changed":false,"_seopress_robots_primary_cat":"none","_seopress_titles_title":"MT-CHARMING Artificial Grass %%sep%% %%sitetitle%%","_seopress_titles_desc":"","_seopress_robots_index":"","ub_ctt_via":"","footnotes":""},"products-category":[39],"product-tags":[],"class_list":["post-3581","product","type-product","status-publish","format-standard","has-post-thumbnail","hentry","products-category-commercial"],"acf":[],"_links":{"self":[{"href":"https:\/\/www.mightygrass.com\/de\/wp-json\/wp\/v2\/product\/3581","targetHints":{"allow":["GET"]}}],"collection":[{"href":"https:\/\/www.mightygrass.com\/de\/wp-json\/wp\/v2\/product"}],"about":[{"href":"https:\/\/www.mightygrass.com\/de\/wp-json\/wp\/v2\/types\/product"}],"author":[{"embeddable":true,"href":"https:\/\/www.mightygrass.com\/de\/wp-json\/wp\/v2\/users\/6"}],"replies":[{"embeddable":true,"href":"https:\/\/www.mightygrass.com\/de\/wp-json\/wp\/v2\/comments?post=3581"}],"version-history":[{"count":1,"href":"https:\/\/www.mightygrass.com\/de\/wp-json\/wp\/v2\/product\/3581\/revisions"}],"predecessor-version":[{"id":15177,"href":"https:\/\/www.mightygrass.com\/de\/wp-json\/wp\/v2\/product\/3581\/revisions\/15177"}],"wp:featuredmedia":[{"embeddable":true,"href":"https:\/\/www.mightygrass.com\/de\/wp-json\/wp\/v2\/media\/3600"}],"wp:attachment":[{"href":"https:\/\/www.mightygrass.com\/de\/wp-json\/wp\/v2\/media?parent=3581"}],"wp:term":[{"taxonomy":"products-category","embeddable":true,"href":"https:\/\/www.mightygrass.com\/de\/wp-json\/wp\/v2\/products-category?post=3581"},{"taxonomy":"product-tags","embeddable":true,"href":"https:\/\/www.mightygrass.com\/de\/wp-json\/wp\/v2\/product-tags?post=3581"}],"curies":[{"name":"wp","href":"https:\/\/api.w.org\/{rel}","templated":true}]}}