{"id":3587,"date":"2025-01-01T11:46:13","date_gmt":"2025-01-01T11:46:13","guid":{"rendered":"https:\/\/mtgrassturf.com\/?post_type=product&#038;p=3587"},"modified":"2026-01-08T15:23:25","modified_gmt":"2026-01-08T07:23:25","slug":"interior-decoration","status":"publish","type":"product","link":"https:\/\/www.mightygrass.com\/de\/produkt\/interior-decoration\/","title":{"rendered":"MT-WAVE MAX"},"content":{"rendered":"<p>Dieser Innendekorationsrasen eignet sich zur Begr\u00fcnung von B\u00fcror\u00e4umen, Ausstellungshallen, Gesch\u00e4ften und Indoor-Aktivit\u00e4tsbereichen. Seine innovativen doppelten W- und wellenf\u00f6rmigen Garne sorgen f\u00fcr eine reichhaltigere Schicht und einen dreidimensionalen Effekt und verleihen dem Rasen ein nat\u00fcrlicheres Aussehen. Mit einer H\u00f6he von 28 mm und einer Dichte von 18900 sorgt der Rasen f\u00fcr Weichheit und Komfort und ist somit ideal f\u00fcr Indoor-Aktivit\u00e4tsbereiche. Die Kombination aus PP- und PU-Materialien verbessert die Verschlei\u00dffestigkeit des Rasens und stellt sicher, dass er auch nach l\u00e4ngerem Gebrauch nicht verblasst und seine dauerhafte Sch\u00f6nheit beh\u00e4lt. Das Farbschema unterstreicht die harmonische Sch\u00f6nheit zwischen Natur und modernem Design und macht ihn zu einer idealen Wahl f\u00fcr die Innenraumdekoration.<\/p>","protected":false},"excerpt":{"rendered":"<p>Dieser Innendekorationsrasen eignet sich zur Begr\u00fcnung von B\u00fcror\u00e4umen, Ausstellungshallen, Gesch\u00e4ften und Indoor-Aktivit\u00e4tsbereichen. Seine innovativen doppelten W- und gewellten Garne sorgen f\u00fcr eine reichhaltigere Schicht und einen dreidimensionalen Effekt und verleihen dem Rasen ein nat\u00fcrlicheres Aussehen. Mit einer H\u00f6he von 28 mm und einer Dichte von 18900 sorgt der Rasen f\u00fcr Weichheit und Komfort und macht [\u2026]<\/p>","protected":false},"author":6,"featured_media":3589,"menu_order":0,"comment_status":"closed","ping_status":"closed","template":"","format":"standard","meta":{"_acf_changed":false,"_seopress_robots_primary_cat":"none","_seopress_titles_title":"MT-WAVE MAX Artificial Grass %%sep%% %%sitetitle%%","_seopress_titles_desc":"","_seopress_robots_index":"","ub_ctt_via":"","footnotes":""},"products-category":[39],"product-tags":[],"class_list":["post-3587","product","type-product","status-publish","format-standard","has-post-thumbnail","hentry","products-category-commercial"],"acf":[],"_links":{"self":[{"href":"https:\/\/www.mightygrass.com\/de\/wp-json\/wp\/v2\/product\/3587","targetHints":{"allow":["GET"]}}],"collection":[{"href":"https:\/\/www.mightygrass.com\/de\/wp-json\/wp\/v2\/product"}],"about":[{"href":"https:\/\/www.mightygrass.com\/de\/wp-json\/wp\/v2\/types\/product"}],"author":[{"embeddable":true,"href":"https:\/\/www.mightygrass.com\/de\/wp-json\/wp\/v2\/users\/6"}],"replies":[{"embeddable":true,"href":"https:\/\/www.mightygrass.com\/de\/wp-json\/wp\/v2\/comments?post=3587"}],"version-history":[{"count":1,"href":"https:\/\/www.mightygrass.com\/de\/wp-json\/wp\/v2\/product\/3587\/revisions"}],"predecessor-version":[{"id":15178,"href":"https:\/\/www.mightygrass.com\/de\/wp-json\/wp\/v2\/product\/3587\/revisions\/15178"}],"wp:featuredmedia":[{"embeddable":true,"href":"https:\/\/www.mightygrass.com\/de\/wp-json\/wp\/v2\/media\/3589"}],"wp:attachment":[{"href":"https:\/\/www.mightygrass.com\/de\/wp-json\/wp\/v2\/media?parent=3587"}],"wp:term":[{"taxonomy":"products-category","embeddable":true,"href":"https:\/\/www.mightygrass.com\/de\/wp-json\/wp\/v2\/products-category?post=3587"},{"taxonomy":"product-tags","embeddable":true,"href":"https:\/\/www.mightygrass.com\/de\/wp-json\/wp\/v2\/product-tags?post=3587"}],"curies":[{"name":"wp","href":"https:\/\/api.w.org\/{rel}","templated":true}]}}