{"id":3599,"date":"2026-03-03T10:08:33","date_gmt":"2026-03-03T02:08:33","guid":{"rendered":"https:\/\/mtgrassturf.com\/?post_type=product&#038;p=3599"},"modified":"2026-03-11T09:46:30","modified_gmt":"2026-03-11T01:46:30","slug":"mt-hp-charming","status":"publish","type":"product","link":"https:\/\/www.mightygrass.com\/de\/produkt\/mt-hp-charming\/","title":{"rendered":"MT-HP CHARMING"},"content":{"rendered":"<p>Dieser speziell f\u00fcr Haustiere entwickelte Kunstrasen verf\u00fcgt \u00fcber starke antibakterielle Eigenschaften und eine schnelle Entw\u00e4sserung, sodass die Oberfl\u00e4che nach dem Gebrauch trocken und hygienisch bleibt. Mit einer Grash\u00f6he von 32 mm und einer Dichte von 19950 ist der Rasen sowohl weich als auch langlebig und ideal f\u00fcr l\u00e4ngere Haustieraktivit\u00e4ten. Die hochdurchl\u00e4ssige Tr\u00e4gertechnologie leitet Tierkot schnell ab und verhindert Wasseransammlungen und Ger\u00fcche. Der Farbton imitiert Naturrasen, bietet ein sch\u00f6nes und nat\u00fcrliches Aussehen und bietet Haustieren einen sicheren, bequemen Spielbereich \u2013 die perfekte Wahl f\u00fcr tierliebende Familien.<\/p>","protected":false},"excerpt":{"rendered":"<p>Dieser speziell f\u00fcr Haustiere entwickelte Kunstrasen verf\u00fcgt \u00fcber starke antibakterielle Eigenschaften und eine schnelle Entw\u00e4sserung, sodass die Oberfl\u00e4che nach dem Gebrauch trocken und hygienisch bleibt. Mit einer Grash\u00f6he von 32 mm und einer Dichte von 19950 ist der Rasen sowohl weich als auch langlebig und ideal f\u00fcr l\u00e4ngere Aktivit\u00e4ten von Haustieren. Die hochdurchl\u00e4ssige Tr\u00e4gertechnologie leitet Tierkot schnell ab, [\u2026]<\/p>","protected":false},"author":6,"featured_media":3980,"menu_order":0,"comment_status":"closed","ping_status":"closed","template":"","format":"standard","meta":{"_acf_changed":false,"_seopress_robots_primary_cat":"none","_seopress_titles_title":"MT-HP CHARMING Artificial Grass - MTGRSS","_seopress_titles_desc":"","_seopress_robots_index":"","ub_ctt_via":"","footnotes":""},"products-category":[45,80,41,54],"product-tags":[],"class_list":["post-3599","product","type-product","status-publish","format-standard","has-post-thumbnail","hentry","products-category-diy","products-category-landscape-turf","products-category-pets","products-category-star-product"],"acf":[],"_links":{"self":[{"href":"https:\/\/www.mightygrass.com\/de\/wp-json\/wp\/v2\/product\/3599","targetHints":{"allow":["GET"]}}],"collection":[{"href":"https:\/\/www.mightygrass.com\/de\/wp-json\/wp\/v2\/product"}],"about":[{"href":"https:\/\/www.mightygrass.com\/de\/wp-json\/wp\/v2\/types\/product"}],"author":[{"embeddable":true,"href":"https:\/\/www.mightygrass.com\/de\/wp-json\/wp\/v2\/users\/6"}],"replies":[{"embeddable":true,"href":"https:\/\/www.mightygrass.com\/de\/wp-json\/wp\/v2\/comments?post=3599"}],"version-history":[{"count":1,"href":"https:\/\/www.mightygrass.com\/de\/wp-json\/wp\/v2\/product\/3599\/revisions"}],"predecessor-version":[{"id":7131,"href":"https:\/\/www.mightygrass.com\/de\/wp-json\/wp\/v2\/product\/3599\/revisions\/7131"}],"wp:featuredmedia":[{"embeddable":true,"href":"https:\/\/www.mightygrass.com\/de\/wp-json\/wp\/v2\/media\/3980"}],"wp:attachment":[{"href":"https:\/\/www.mightygrass.com\/de\/wp-json\/wp\/v2\/media?parent=3599"}],"wp:term":[{"taxonomy":"products-category","embeddable":true,"href":"https:\/\/www.mightygrass.com\/de\/wp-json\/wp\/v2\/products-category?post=3599"},{"taxonomy":"product-tags","embeddable":true,"href":"https:\/\/www.mightygrass.com\/de\/wp-json\/wp\/v2\/product-tags?post=3599"}],"curies":[{"name":"wp","href":"https:\/\/api.w.org\/{rel}","templated":true}]}}