{"id":3605,"date":"2025-01-01T11:49:57","date_gmt":"2025-01-01T11:49:57","guid":{"rendered":"https:\/\/mtgrassturf.com\/?post_type=product&#038;p=3605"},"modified":"2026-01-08T15:23:34","modified_gmt":"2026-01-08T07:23:34","slug":"kindergarten-turf","status":"publish","type":"product","link":"https:\/\/www.mightygrass.com\/de\/produkt\/kindergarten-turf\/","title":{"rendered":"MT-REGENBOGEN"},"content":{"rendered":"<p>Dieser speziell f\u00fcr Kinderg\u00e4rten entwickelte Rasen ist in hellen und lebendigen Farben wie Rot, Gelb, Blau und Lila erh\u00e4ltlich, die das Interesse der Kinder wecken und eine lebendige und fr\u00f6hliche Atmosph\u00e4re im Spielbereich schaffen. Das U-f\u00f6rmige Grashalmdesign f\u00fchlt sich weich an und gew\u00e4hrleistet gleichzeitig eine hervorragende Verschlei\u00dffestigkeit, sodass der Rasen auch bei h\u00e4ufiger Nutzung seine Form beh\u00e4lt. Die UV-best\u00e4ndigen und rutschfesten Eigenschaften erh\u00f6hen die Sicherheit im Freien und machen ihn ideal f\u00fcr Kinder zum Laufen und Spielen in den Aktivit\u00e4tsbereichen. Das PP +PP+ SBR-Materialdesign gew\u00e4hrleistet Haltbarkeit und Umweltvertr\u00e4glichkeit und macht ihn zur perfekten Wahl f\u00fcr Kinderg\u00e4rten und Kinderspielpl\u00e4tze.<\/p>","protected":false},"excerpt":{"rendered":"<p>Dieser speziell f\u00fcr Kinderg\u00e4rten entwickelte Rasen zeichnet sich durch helle und lebendige Farben wie Rot, Gelb, Blau und Lila aus, die das Interesse der Kinder wecken und eine lebendige und fr\u00f6hliche Atmosph\u00e4re auf dem Spielbereich schaffen. Das U-f\u00f6rmige Grashalmdesign f\u00fchlt sich weich an und gew\u00e4hrleistet gleichzeitig eine hervorragende Verschlei\u00dffestigkeit, sodass der Rasen auch bei [\u2026] seine Form beh\u00e4lt.<\/p>","protected":false},"author":6,"featured_media":3607,"menu_order":0,"comment_status":"closed","ping_status":"closed","template":"","format":"standard","meta":{"_acf_changed":false,"_seopress_robots_primary_cat":"none","_seopress_titles_title":"MT-RAINBOW Artificial Grass %%sep%% %%sitetitle%%","_seopress_titles_desc":"","_seopress_robots_index":"","ub_ctt_via":"","footnotes":""},"products-category":[44],"product-tags":[],"class_list":["post-3605","product","type-product","status-publish","format-standard","has-post-thumbnail","hentry","products-category-playground"],"acf":[],"_links":{"self":[{"href":"https:\/\/www.mightygrass.com\/de\/wp-json\/wp\/v2\/product\/3605","targetHints":{"allow":["GET"]}}],"collection":[{"href":"https:\/\/www.mightygrass.com\/de\/wp-json\/wp\/v2\/product"}],"about":[{"href":"https:\/\/www.mightygrass.com\/de\/wp-json\/wp\/v2\/types\/product"}],"author":[{"embeddable":true,"href":"https:\/\/www.mightygrass.com\/de\/wp-json\/wp\/v2\/users\/6"}],"replies":[{"embeddable":true,"href":"https:\/\/www.mightygrass.com\/de\/wp-json\/wp\/v2\/comments?post=3605"}],"version-history":[{"count":1,"href":"https:\/\/www.mightygrass.com\/de\/wp-json\/wp\/v2\/product\/3605\/revisions"}],"predecessor-version":[{"id":15179,"href":"https:\/\/www.mightygrass.com\/de\/wp-json\/wp\/v2\/product\/3605\/revisions\/15179"}],"wp:featuredmedia":[{"embeddable":true,"href":"https:\/\/www.mightygrass.com\/de\/wp-json\/wp\/v2\/media\/3607"}],"wp:attachment":[{"href":"https:\/\/www.mightygrass.com\/de\/wp-json\/wp\/v2\/media?parent=3605"}],"wp:term":[{"taxonomy":"products-category","embeddable":true,"href":"https:\/\/www.mightygrass.com\/de\/wp-json\/wp\/v2\/products-category?post=3605"},{"taxonomy":"product-tags","embeddable":true,"href":"https:\/\/www.mightygrass.com\/de\/wp-json\/wp\/v2\/product-tags?post=3605"}],"curies":[{"name":"wp","href":"https:\/\/api.w.org\/{rel}","templated":true}]}}