{"id":3617,"date":"2026-03-03T10:30:29","date_gmt":"2026-03-03T02:30:29","guid":{"rendered":"https:\/\/mtgrassturf.com\/?post_type=product&#038;p=3617"},"modified":"2026-03-11T09:46:08","modified_gmt":"2026-03-11T01:46:08","slug":"dachgarten","status":"publish","type":"product","link":"https:\/\/www.mightygrass.com\/de\/produkt\/dachgarten\/","title":{"rendered":"MT-WELLE"},"content":{"rendered":"<p>Dieser speziell f\u00fcr Dachg\u00e4rten und Landschaftsbau entwickelte Rasen zeichnet sich durch hervorragende antibakterielle und wetterbest\u00e4ndige Eigenschaften aus und ist daher ideal f\u00fcr raue Umweltbedingungen. Die doppelte W-Grashalmstruktur sorgt f\u00fcr eine dreidimensionale und elastische Oberfl\u00e4che und verhindert Verformungen durch h\u00e4ufiges Betreten und Verwenden. Das PP + SBR-Tr\u00e4gerdesign verbessert die Stabilit\u00e4t des Rasens und erm\u00f6glicht es ihm, l\u00e4ngerer UV-Strahlung standzuhalten, ohne zu verblassen oder sich zu zersetzen. Die nat\u00fcrliche Farbe f\u00fcgt sich nahtlos in die Umgebung ein und verst\u00e4rkt die gr\u00fcne \u00c4sthetik des Geb\u00e4udes. Ob f\u00fcr Freizeitbereiche, Landschaftsbau oder umweltfreundliche Begr\u00fcnung, dieser Rasen bietet die perfekte L\u00f6sung.<\/p>","protected":false},"excerpt":{"rendered":"<p>Dieser Rasen, der speziell f\u00fcr Dachg\u00e4rten und Landschaftsbau entwickelt wurde, verf\u00fcgt \u00fcber hervorragende antibakterielle und wetterbest\u00e4ndige Eigenschaften und ist daher ideal f\u00fcr raue Umweltbedingungen. Die doppelte W-Struktur der Grashalme sorgt f\u00fcr eine dreidimensionale und elastische Oberfl\u00e4che und verhindert Verformungen durch h\u00e4ufiges Betreten und Benutzen. Das PP + SBR-Tr\u00e4gerdesign verbessert die Stabilit\u00e4t des Rasens und erm\u00f6glicht ihm, [\u2026]<\/p>","protected":false},"author":6,"featured_media":3619,"menu_order":0,"comment_status":"closed","ping_status":"closed","template":"","format":"standard","meta":{"_acf_changed":false,"_seopress_robots_primary_cat":"none","_seopress_titles_title":"MT-WAVE Artificial Grass %%sep%% %%sitetitle%%","_seopress_titles_desc":"","_seopress_robots_index":"","ub_ctt_via":"","footnotes":""},"products-category":[38,54],"product-tags":[],"class_list":["post-3617","product","type-product","status-publish","format-standard","has-post-thumbnail","hentry","products-category-residential","products-category-star-product"],"acf":[],"_links":{"self":[{"href":"https:\/\/www.mightygrass.com\/de\/wp-json\/wp\/v2\/product\/3617","targetHints":{"allow":["GET"]}}],"collection":[{"href":"https:\/\/www.mightygrass.com\/de\/wp-json\/wp\/v2\/product"}],"about":[{"href":"https:\/\/www.mightygrass.com\/de\/wp-json\/wp\/v2\/types\/product"}],"author":[{"embeddable":true,"href":"https:\/\/www.mightygrass.com\/de\/wp-json\/wp\/v2\/users\/6"}],"replies":[{"embeddable":true,"href":"https:\/\/www.mightygrass.com\/de\/wp-json\/wp\/v2\/comments?post=3617"}],"version-history":[{"count":2,"href":"https:\/\/www.mightygrass.com\/de\/wp-json\/wp\/v2\/product\/3617\/revisions"}],"predecessor-version":[{"id":15192,"href":"https:\/\/www.mightygrass.com\/de\/wp-json\/wp\/v2\/product\/3617\/revisions\/15192"}],"wp:featuredmedia":[{"embeddable":true,"href":"https:\/\/www.mightygrass.com\/de\/wp-json\/wp\/v2\/media\/3619"}],"wp:attachment":[{"href":"https:\/\/www.mightygrass.com\/de\/wp-json\/wp\/v2\/media?parent=3617"}],"wp:term":[{"taxonomy":"products-category","embeddable":true,"href":"https:\/\/www.mightygrass.com\/de\/wp-json\/wp\/v2\/products-category?post=3617"},{"taxonomy":"product-tags","embeddable":true,"href":"https:\/\/www.mightygrass.com\/de\/wp-json\/wp\/v2\/product-tags?post=3617"}],"curies":[{"name":"wp","href":"https:\/\/api.w.org\/{rel}","templated":true}]}}