{"id":1802,"date":"2024-12-05T15:22:31","date_gmt":"2024-12-05T15:22:31","guid":{"rendered":"https:\/\/mtgrassturf.com\/?page_id=1802"},"modified":"2024-12-05T15:33:22","modified_gmt":"2024-12-05T15:33:22","slug":"cookie-policy","status":"publish","type":"page","link":"https:\/\/www.mightygrass.com\/es\/cookie-policy\/","title":{"rendered":"Pol\u00edtica de cookies"},"content":{"rendered":"<div data-elementor-type=\"wp-page\" data-elementor-id=\"1802\" class=\"elementor elementor-1802\" data-elementor-post-type=\"page\">\n\t\t\t\t<div class=\"elementor-element elementor-element-408607c e-flex e-con-boxed e-con e-parent\" data-id=\"408607c\" data-element_type=\"container\" data-settings=\"{&quot;background_background&quot;:&quot;classic&quot;,&quot;ekit_has_onepagescroll_dot&quot;:&quot;yes&quot;}\">\n\t\t\t\t\t<div class=\"e-con-inner\">\n\t\t<div class=\"elementor-element elementor-element-3cb8bae e-con-full e-flex e-con e-child\" data-id=\"3cb8bae\" data-element_type=\"container\" data-settings=\"{&quot;background_background&quot;:&quot;classic&quot;,&quot;ekit_has_onepagescroll_dot&quot;:&quot;yes&quot;}\">\n\t\t\t\t<div class=\"elementor-element elementor-element-8c2766b elementor-widget elementor-widget-text-editor\" data-id=\"8c2766b\" data-element_type=\"widget\" data-settings=\"{&quot;ekit_we_effect_on&quot;:&quot;none&quot;}\" data-widget_type=\"text-editor.default\">\n\t\t\t\t\t\t\t\t\t\n<p>Fecha de entrada en vigor: 27 de marzo de 2024<br>\u00daltima actualizaci\u00f3n: 27 de marzo de 2024<\/p>\n\n\n\n<h5 class=\"wp-block-heading\">\u00bfQu\u00e9 son las cookies?<\/h5>\n\n\n\n<p>Esta Pol\u00edtica de Cookies explica qu\u00e9 son las cookies y c\u00f3mo las usamos, los tipos de cookies que usamos, es decir, la informaci\u00f3n que recopilamos usando cookies y c\u00f3mo se usa esa informaci\u00f3n, y c\u00f3mo administrar la configuraci\u00f3n de las cookies.<\/p>\n\n\n\n<p>Las cookies son peque\u00f1os archivos de texto que se utilizan para almacenar peque\u00f1os fragmentos de informaci\u00f3n. Se almacenan en su dispositivo cuando se carga el sitio web en su navegador. Estas cookies nos ayudan a hacer que el sitio web funcione correctamente, hacerlo m\u00e1s seguro, brindar una mejor experiencia de usuario y comprender c\u00f3mo funciona el sitio web y analizar qu\u00e9 funciona y d\u00f3nde necesita mejorar.<\/p>\n\n\n\n<h5 class=\"wp-block-heading\">\u00bfC\u00f3mo utilizamos las cookies?<\/h5>\n\n\n\n<p>Como la mayor\u00eda de los servicios en l\u00ednea, nuestro sitio web utiliza cookies propias y de terceros para diversos fines. Las cookies propias son principalmente necesarias para que el sitio web funcione correctamente y no recopilan ning\u00fan dato personal identificable.<\/p>\n\n\n\n<p>Las cookies de terceros que se utilizan en nuestro sitio web sirven principalmente para comprender c\u00f3mo funciona el sitio web, c\u00f3mo interact\u00faa con nuestro sitio web, mantener nuestros servicios seguros, proporcionar anuncios que sean relevantes para usted y, en general, brindarle una mejor y mejorada experiencia de usuario y ayudar a acelerar sus futuras interacciones con nuestro sitio web.<\/p>\n\n\n\n<h5 class=\"wp-block-heading\">Tipos de cookies que utilizamos<\/h5>\n\n\n\n<h3 class=\"wp-block-heading\">Necesario<\/h3>\n\n\n\n<p>Las cookies necesarias son necesarias para habilitar las funciones b\u00e1sicas de este sitio, como proporcionar un inicio de sesi\u00f3n seguro o ajustar sus preferencias de consentimiento. Estas cookies no almacenan ning\u00fan dato de identificaci\u00f3n personal.<\/p>\n\n\n\n<figure class=\"wp-block-table\"><table class=\"has-fixed-layout\"><thead><tr><th>Galleta<\/th><th>Duraci\u00f3n<\/th><th>Descripci\u00f3n<\/th><\/tr><\/thead><tbody><tr><td>wpEmojiSettingsCompatible<\/td><td>sesi\u00f3n<\/td><td>WordPress establece esta cookie cuando un usuario interact\u00faa con emojis en un sitio de WordPress. Ayuda a determinar si el navegador del usuario puede mostrar emojis correctamente.<\/td><\/tr><tr><td>Identificador PHPSESSID<\/td><td>sesi\u00f3n<\/td><td>Esta cookie es nativa de las aplicaciones PHP. La cookie almacena e identifica el ID de sesi\u00f3n \u00fanico de un usuario para administrar las sesiones de usuario en el sitio web. La cookie es una cookie de sesi\u00f3n y se eliminar\u00e1 cuando se cierren todas las ventanas del navegador.<\/td><\/tr><tr><td>consentimiento de cookieyes<\/td><td>1 a\u00f1o<\/td><td>CookieYes establece esta cookie para recordar las preferencias de consentimiento de los usuarios, de modo que sus preferencias se respeten en las visitas posteriores a este sitio. No recopila ni almacena ninguna informaci\u00f3n personal sobre los visitantes del sitio.<\/td><\/tr><tr><td>rc::a<\/td><td>Nunca caduca<\/td><td>El servicio recaptcha de Google establece esta cookie para identificar bots y proteger el sitio web contra ataques de spam maliciosos.<\/td><\/tr><tr><td>rc::c<\/td><td>sesi\u00f3n<\/td><td>El servicio recaptcha de Google establece esta cookie para identificar bots y proteger el sitio web contra ataques de spam maliciosos.<\/td><\/tr><\/tbody><\/table><\/figure>\n\n\n\n<h3 class=\"wp-block-heading\">Funcional<\/h3>\n\n\n\n<p>Las cookies funcionales ayudan a realizar ciertas funcionalidades, como compartir el contenido del sitio web en plataformas de redes sociales, recopilar comentarios y otras caracter\u00edsticas de terceros.<\/p>\n\n\n\n<figure class=\"wp-block-table\"><table class=\"has-fixed-layout\"><thead><tr><th>Galleta<\/th><th>Duraci\u00f3n<\/th><th>Descripci\u00f3n<\/th><\/tr><\/thead><tbody><tr><td>li_gc<\/td><td>6 meses<\/td><td>Linkedin estableci\u00f3 esta cookie para almacenar el consentimiento del visitante con respecto al uso de cookies para fines no esenciales.<\/td><\/tr><tr><td>Lidc<\/td><td>1 d\u00eda<\/td><td>LinkedIn establece la cookie lidc para facilitar la selecci\u00f3n del centro de datos.<\/td><\/tr><tr><td>contra-virus<\/td><td>Nunca caduca<\/td><td>La cookie vc es establecida por addthis.com en sitios que permiten compartir en redes sociales.<\/td><\/tr><tr><td>ytidb::CLAVE DE ENTRADA DEL \u00daLTIMO RESULTADO<\/td><td>Nunca caduca<\/td><td>YouTube utiliza la cookie ytidb::LAST_RESULT_ENTRY_KEY para almacenar la \u00faltima entrada de resultados de b\u00fasqueda en la que hizo clic el usuario. Esta informaci\u00f3n se utiliza para mejorar la experiencia del usuario al ofrecer resultados de b\u00fasqueda m\u00e1s relevantes en el futuro.<\/td><\/tr><tr><td>aplicaci\u00f3n de sesi\u00f3n remota yt<\/td><td>sesi\u00f3n<\/td><td>YouTube utiliza la cookie yt-remote-session-app para almacenar las preferencias del usuario e informaci\u00f3n sobre la interfaz del reproductor de v\u00eddeo de YouTube integrado.<\/td><\/tr><tr><td>yt-remote-cast-instalado<\/td><td>sesi\u00f3n<\/td><td>La cookie yt-remote-cast-installed se utiliza para almacenar las preferencias del reproductor de video del usuario mediante videos de YouTube incrustados.<\/td><\/tr><tr><td>nombre-de-sesi\u00f3n-remota-de-yt<\/td><td>sesi\u00f3n<\/td><td>YouTube utiliza la cookie yt-remote-session-name para almacenar las preferencias del reproductor de v\u00eddeo del usuario mediante v\u00eddeos incrustados de YouTube.<\/td><\/tr><tr><td>yt-remote-control-rapido-periodo-de-verificacion<\/td><td>sesi\u00f3n<\/td><td>YouTube utiliza la cookie yt-remote-fast-check-period para almacenar las preferencias del reproductor de v\u00eddeo del usuario para los v\u00eddeos incrustados de YouTube.<\/td><\/tr><tr><td>wp-wpml_idioma_actual<\/td><td>sesi\u00f3n<\/td><td>El complemento multiling\u00fce de WordPress establece esta cookie para almacenar el idioma\/configuraci\u00f3n de idioma actual.<\/td><\/tr><\/tbody><\/table><\/figure>\n\n\n\n<h3 class=\"wp-block-heading\">Anal\u00edtica<\/h3>\n\n\n\n<p>Las cookies anal\u00edticas se utilizan para comprender c\u00f3mo interact\u00faan los visitantes con el sitio web. Estas cookies ayudan a proporcionar informaci\u00f3n sobre m\u00e9tricas como el n\u00famero de visitantes, la tasa de rebote, la fuente de tr\u00e1fico, etc.<\/p>\n\n\n\n<figure class=\"wp-block-table\"><table class=\"has-fixed-layout\"><thead><tr><th>Galleta<\/th><th>Duraci\u00f3n<\/th><th>Descripci\u00f3n<\/th><\/tr><\/thead><tbody><tr><td>CLIC<\/td><td>1 a\u00f1o<\/td><td>Microsoft Clarity ha configurado esta cookie para almacenar informaci\u00f3n sobre c\u00f3mo interact\u00faan los visitantes con el sitio web. La cookie ayuda a proporcionar un informe de an\u00e1lisis. La recopilaci\u00f3n de datos incluye el n\u00famero de visitantes, el sitio web que visitan y las p\u00e1ginas visitadas.<\/td><\/tr><tr><td>_Georgia_*<\/td><td>1 a\u00f1o 1 mes 4 d\u00edas<\/td><td>Google Analytics establece esta cookie para almacenar y contar las visitas a la p\u00e1gina.<\/td><\/tr><tr><td>_Georgia<\/td><td>1 a\u00f1o 1 mes 4 d\u00edas<\/td><td>Google Analytics establece esta cookie para calcular datos de visitantes, sesiones y campa\u00f1as, y para realizar un seguimiento del uso del sitio para el informe anal\u00edtico del sitio. La cookie almacena informaci\u00f3n de forma an\u00f3nima y asigna un n\u00famero generado aleatoriamente para reconocer a visitantes \u00fanicos.<\/td><\/tr><tr><td>_fbp<\/td><td>3 meses<\/td><td>Facebook establece esta cookie para mostrar anuncios cuando se est\u00e1 en Facebook o en una plataforma digital impulsada por publicidad de Facebook despu\u00e9s de visitar el sitio web.<\/td><\/tr><tr><td>_clic<\/td><td>1 a\u00f1o<\/td><td>Microsoft Clarity establece esta cookie para conservar el ID de usuario de Clarity del navegador y la configuraci\u00f3n exclusiva de ese sitio web. Esto garantiza que las acciones realizadas durante visitas posteriores al mismo sitio web se vincular\u00e1n al mismo ID de usuario.<\/td><\/tr><tr><td>Sm<\/td><td>sesi\u00f3n<\/td><td>Conjunto de cookies de Microsoft Clarity: esta cookie se utiliza para sincronizar el MUID en todos los dominios de Microsoft.<\/td><\/tr><tr><td>_cerrar<\/td><td>1 d\u00eda 1 minuto<\/td><td>Microsoft Clarity establece esta cookie para almacenar y consolidar las p\u00e1ginas vistas de un usuario en una sola grabaci\u00f3n de sesi\u00f3n.<\/td><\/tr><tr><td>SE\u00d1OR<\/td><td>7 d\u00edas<\/td><td>Esta cookie, establecida por Bing, se utiliza para recopilar informaci\u00f3n del usuario con fines anal\u00edticos.<\/td><\/tr><tr><td>l\u00edmite de sesi\u00f3n de pys<\/td><td>1 hora<\/td><td>El complemento PixelYourSite establece esta cookie para administrar los servicios anal\u00edticos.<\/td><\/tr><tr><td>sesi\u00f3n de inicio de pys<\/td><td>sesi\u00f3n<\/td><td>El complemento PixelYourSite establece esta cookie para administrar los servicios anal\u00edticos.<\/td><\/tr><tr><td>_gid<\/td><td>1 d\u00eda<\/td><td>Google Analytics instala esta cookie para almacenar informaci\u00f3n sobre c\u00f3mo los visitantes utilizan un sitio web y, al mismo tiempo, crear un informe anal\u00edtico del rendimiento del sitio web. Algunos de los datos recopilados incluyen el n\u00famero de visitantes, su origen y las p\u00e1ginas que visitan de forma an\u00f3nima.<\/td><\/tr><tr><td>_gat_gtag_UA_*<\/td><td>1 minuto<\/td><td>Google Analytics establece esta cookie para almacenar una identificaci\u00f3n de usuario \u00fanica.<\/td><\/tr><\/tbody><\/table><\/figure>\n\n\n\n<h3 class=\"wp-block-heading\">Actuaci\u00f3n<\/h3>\n\n\n\n<p>Las cookies de rendimiento se utilizan para comprender y analizar los \u00edndices de rendimiento clave del sitio web, lo que ayuda a brindar una mejor experiencia de usuario a los visitantes.<\/p>\n\n\n\n<figure class=\"wp-block-table\"><table class=\"has-fixed-layout\"><thead><tr><th>Galleta<\/th><th>Duraci\u00f3n<\/th><th>Descripci\u00f3n<\/th><\/tr><\/thead><tbody><tr><td>SRM_B<\/td><td>1 a\u00f1o 24 d\u00edas<\/td><td>Utilizado por Microsoft Advertising como identificador \u00fanico para visitantes.<\/td><\/tr><tr><td>_rev\u00f3lver<\/td><td>1 minuto<\/td><td>Google Universal Analytics establece esta cookie para restringir la tasa de solicitudes y, por lo tanto, limitar la recopilaci\u00f3n de datos en sitios de alto tr\u00e1fico.<\/td><\/tr><\/tbody><\/table><\/figure>\n\n\n\n<h3 class=\"wp-block-heading\">Anuncio<\/h3>\n\n\n\n<p>Las cookies publicitarias se utilizan para proporcionar a los visitantes anuncios personalizados basados en las p\u00e1ginas que visit\u00f3 anteriormente y para analizar la efectividad de las campa\u00f1as publicitarias.<\/p>\n\n\n\n<figure class=\"wp-block-table\"><table class=\"has-fixed-layout\"><thead><tr><th>Galleta<\/th><th>Duraci\u00f3n<\/th><th>Descripci\u00f3n<\/th><\/tr><\/thead><tbody><tr><td>galleta<\/td><td>1 a\u00f1o<\/td><td>LinkedIn establece esta cookie desde los botones para compartir y las etiquetas publicitarias de LinkedIn para reconocer los ID del navegador.<\/td><\/tr><tr><td>_pin_unauth<\/td><td>1 a\u00f1o<\/td><td>Pinterest establece esta cookie para agrupar acciones para usuarios que no pueden ser identificados.<\/td><\/tr><tr><td>MUIDO<\/td><td>1 a\u00f1o 24 d\u00edas<\/td><td>Bing establece esta cookie para reconocer los navegadores web \u00fanicos que visitan los sitios de Microsoft. Esta cookie se utiliza para publicidad, an\u00e1lisis de sitios y otras operaciones.<\/td><\/tr><tr><td>AN\u00d3NIMO<\/td><td>10 minutos<\/td><td>La cookie ANONCHK, establecida por Bing, se utiliza para almacenar el ID de sesi\u00f3n de un usuario y verificar los clics en anuncios en el motor de b\u00fasqueda de Bing. La cookie tambi\u00e9n ayuda en la elaboraci\u00f3n de informes y la personalizaci\u00f3n.<\/td><\/tr><tr><td>i<\/td><td>Nunca caduca<\/td><td>OpenX establece esta cookie para registrar datos an\u00f3nimos del usuario, como direcci\u00f3n IP, ubicaci\u00f3n geogr\u00e1fica, sitios web visitados, anuncios en los que el usuario hizo clic, etc., para publicidad relevante.<\/td><\/tr><tr><td>YSC<\/td><td>sesi\u00f3n<\/td><td>Youtube establece esta cookie para rastrear las vistas de videos incrustados en las p\u00e1ginas de Youtube.<\/td><\/tr><tr><td>INFORMACI\u00d3N_DE_VISITANTE1_EN_VIVO<\/td><td>6 meses<\/td><td>YouTube establece esta cookie para medir el ancho de banda y determinar si el usuario obtiene la interfaz del reproductor nueva o antigua.<\/td><\/tr><tr><td>METADATOS DE PRIVACIDAD DEL VISITANTE<\/td><td>6 meses<\/td><td>YouTube establece esta cookie para almacenar el estado de consentimiento de cookies del usuario para el dominio actual.<\/td><\/tr><tr><td>ID de dispositivo remoto de YT<\/td><td>Nunca caduca<\/td><td>YouTube establece esta cookie para almacenar las preferencias de video del usuario utilizando videos de YouTube incrustados.<\/td><\/tr><tr><td>yt.innertube::solicitudes<\/td><td>Nunca caduca<\/td><td>YouTube establece esta cookie para registrar una identificaci\u00f3n \u00fanica para almacenar datos sobre qu\u00e9 videos de YouTube ha visto el usuario.<\/td><\/tr><tr><td>dispositivos conectados a yt-remote<\/td><td>Nunca caduca<\/td><td>YouTube establece esta cookie para almacenar las preferencias de video del usuario utilizando videos de YouTube incrustados.<\/td><\/tr><tr><td>yt.innertube::nextId<\/td><td>Nunca caduca<\/td><td>YouTube establece esta cookie para registrar una identificaci\u00f3n \u00fanica para almacenar datos sobre qu\u00e9 videos de YouTube ha visto el usuario.<\/td><\/tr><tr><td>NID<\/td><td>6 meses<\/td><td>Google establece la cookie con fines publicitarios; para limitar el n\u00famero de veces que el usuario ve un anuncio, silenciar anuncios no deseados y para medir la eficacia de los anuncios.<\/td><\/tr><\/tbody><\/table><\/figure>\n\n\n\n<h3 class=\"wp-block-heading\">Sin categorizar<\/h3>\n\n\n\n<p>Otras cookies no categorizadas son aquellas que se est\u00e1n analizando y a\u00fan no se han clasificado en una categor\u00eda.<\/p>\n\n\n\n<figure class=\"wp-block-table\"><table class=\"has-fixed-layout\"><thead><tr><th>Galleta<\/th><th>Duraci\u00f3n<\/th><th>Descripci\u00f3n<\/th><\/tr><\/thead><tbody><tr><td>ar_debug<\/td><td>1 a\u00f1o<\/td><td>La descripci\u00f3n no est\u00e1 disponible actualmente.<\/td><\/tr><tr><td>_PCCSID_601887<\/td><td>21 minutos<\/td><td>La descripci\u00f3n no est\u00e1 disponible actualmente.<\/td><\/tr><tr><td>_ID de PCC<\/td><td>1 a\u00f1o 1 mes 4 d\u00edas 1 minuto<\/td><td>La descripci\u00f3n no est\u00e1 disponible actualmente.<\/td><\/tr><tr><td>cookies de terceros habilitadas<\/td><td>1 d\u00eda<\/td><td>No hay descripci\u00f3n disponible<\/td><\/tr><tr><td>es_eu<\/td><td>sesi\u00f3n<\/td><td>No hay descripci\u00f3n disponible<\/td><\/tr><tr><td>t\u00e9rmino de cookies habilitado por cs_23<\/td><td>6 meses<\/td><td>La descripci\u00f3n no est\u00e1 disponible actualmente.<\/td><\/tr><tr><td>t\u00e9rmino de cookies habilitado por cs_27<\/td><td>6 meses<\/td><td>La descripci\u00f3n no est\u00e1 disponible actualmente.<\/td><\/tr><tr><td>t\u00e9rmino de cookies habilitado por cs_24<\/td><td>6 meses<\/td><td>La descripci\u00f3n no est\u00e1 disponible actualmente.<\/td><\/tr><tr><td>preferencia_usuario_cs<\/td><td>6 meses<\/td><td>La descripci\u00f3n no est\u00e1 disponible actualmente.<\/td><\/tr><tr><td>Magia CS<\/td><td>6 meses<\/td><td>La descripci\u00f3n no est\u00e1 disponible actualmente.<\/td><\/tr><tr><td>Tel\u00e9fono guardado<\/td><td>1 a\u00f1o 1 mes 4 d\u00edas<\/td><td>La descripci\u00f3n no est\u00e1 disponible actualmente.<\/td><\/tr><tr><td>Etiqueta de tel\u00e9fono guardada<\/td><td>1 a\u00f1o 1 mes 4 d\u00edas<\/td><td>La descripci\u00f3n no est\u00e1 disponible actualmente.<\/td><\/tr><tr><td>Tel\u00e9fono ahorrado en euros<\/td><td>1 a\u00f1o 1 mes 4 d\u00edas<\/td><td>La descripci\u00f3n no est\u00e1 disponible actualmente.<\/td><\/tr><tr><td>Etiqueta de tel\u00e9fono guardada en euros<\/td><td>1 a\u00f1o 1 mes 4 d\u00edas<\/td><td>La descripci\u00f3n no est\u00e1 disponible actualmente.<\/td><\/tr><tr><td>__TOKEN DE DESPLIEGUE SEGURO<\/td><td>6 meses<\/td><td>La descripci\u00f3n no est\u00e1 disponible actualmente.<\/td><\/tr><\/tbody><\/table><\/figure>\n\n\n\n<h5 class=\"wp-block-heading\">Gestionar preferencias de cookies<\/h5>\n\n\n\n<p><a>Configuraci\u00f3n de cookies<\/a><\/p>\n\n\n\n<p>Puede cambiar sus preferencias de cookies en cualquier momento haciendo clic en el bot\u00f3n de arriba. Esto le permitir\u00e1 volver a visitar el banner de consentimiento de cookies y cambiar sus preferencias o retirar su consentimiento de inmediato.<\/p>\n\n\n\n<p>Adem\u00e1s de esto, los distintos navegadores ofrecen distintos m\u00e9todos para bloquear y eliminar las cookies utilizadas por los sitios web. Puede cambiar la configuraci\u00f3n de su navegador para bloquear o eliminar las cookies. A continuaci\u00f3n, se incluyen los enlaces a los documentos de soporte sobre c\u00f3mo administrar y eliminar las cookies de los principales navegadores web.<\/p>\n\n\n\n<p>Cromo:&nbsp;<a href=\"https:\/\/support.google.com\/accounts\/answer\/32050\" target=\"_blank\" rel=\"noreferrer noopener\">https:\/\/support.google.com\/accounts\/answer\/32050<\/a><\/p>\n\n\n\n<p>Safari:&nbsp;<a href=\"https:\/\/support.apple.com\/en-in\/guide\/safari\/sfri11471\/mac\" target=\"_blank\" rel=\"noreferrer noopener\">https:\/\/support.apple.com\/en-in\/guide\/safari\/sfri11471\/mac<\/a><\/p>\n\n\n\n<p>Firefox:&nbsp;<a href=\"https:\/\/support.mozilla.org\/en-US\/kb\/clear-cookies-and-site-data-firefox?redirectslug=delete-cookies-remove-info-websites-stored&amp;redirectlocale=en-US\" target=\"_blank\" rel=\"noreferrer noopener\">https:\/\/support.mozilla.org\/en-US\/kb\/clear-cookies-and-site-data-firefox?redirectslug=delete-cookies-remove-info-websites-stored&amp;redirectlocale=en-US<\/a><\/p>\n\n\n\n<p>Explorador de Internet:&nbsp;<a href=\"https:\/\/support.microsoft.com\/en-us\/topic\/how-to-delete-cookie-files-in-internet-explorer-bca9446f-d873-78de-77ba-d42645fa52fc\" target=\"_blank\" rel=\"noreferrer noopener\">https:\/\/support.microsoft.com\/en-us\/topic\/how-to-delete-cookie-files-in-internet-explorer-bca9446f-d873-78de-77ba-d42645fa52fc<\/a><\/p>\n\n\n\n<p>Si est\u00e1 utilizando otro navegador web, visite los documentos de soporte oficiales de su navegador.<\/p>\n\n\n\n<p>Pol\u00edtica de cookies generada por&nbsp;<a href=\"https:\/\/www.cookieyes.com\/?utm_source=CP&amp;utm_medium=footer&amp;utm_campaign=UW\" target=\"_blank\" rel=\"noreferrer noopener\">CookieYes \u2013 Generador de pol\u00edticas de cookies<\/a>.<\/p>\n\t\t\t\t\t\t\t\t<\/div>\n\t\t\t\t<\/div>\n\t\t\t\t\t<\/div>\n\t\t\t\t<\/div>\n\t\t\t\t<\/div>","protected":false},"excerpt":{"rendered":"<p>Fecha de entrada en vigor: 27 de marzo de 2024 \u00daltima actualizaci\u00f3n: 27 de marzo de 2024 \u00bfQu\u00e9 son las cookies? Esta Pol\u00edtica de cookies explica qu\u00e9 son las cookies y c\u00f3mo las usamos, los tipos de cookies que usamos, es decir, la informaci\u00f3n que recopilamos mediante cookies y c\u00f3mo se usa esa informaci\u00f3n, y c\u00f3mo administrar la configuraci\u00f3n de las cookies. Las cookies son peque\u00f1os archivos de texto que se utilizan para [\u2026]<\/p>","protected":false},"author":6,"featured_media":0,"parent":0,"menu_order":0,"comment_status":"closed","ping_status":"closed","template":"","meta":{"_acf_changed":false,"_seopress_robots_primary_cat":"","_seopress_titles_title":"","_seopress_titles_desc":"","_seopress_robots_index":"","ub_ctt_via":"","footnotes":""},"class_list":["post-1802","page","type-page","status-publish","hentry"],"acf":[],"featured_image_src":null,"_links":{"self":[{"href":"https:\/\/www.mightygrass.com\/es\/wp-json\/wp\/v2\/pages\/1802","targetHints":{"allow":["GET"]}}],"collection":[{"href":"https:\/\/www.mightygrass.com\/es\/wp-json\/wp\/v2\/pages"}],"about":[{"href":"https:\/\/www.mightygrass.com\/es\/wp-json\/wp\/v2\/types\/page"}],"author":[{"embeddable":true,"href":"https:\/\/www.mightygrass.com\/es\/wp-json\/wp\/v2\/users\/6"}],"replies":[{"embeddable":true,"href":"https:\/\/www.mightygrass.com\/es\/wp-json\/wp\/v2\/comments?post=1802"}],"version-history":[{"count":0,"href":"https:\/\/www.mightygrass.com\/es\/wp-json\/wp\/v2\/pages\/1802\/revisions"}],"wp:attachment":[{"href":"https:\/\/www.mightygrass.com\/es\/wp-json\/wp\/v2\/media?parent=1802"}],"curies":[{"name":"wp","href":"https:\/\/api.w.org\/{rel}","templated":true}]}}