{"id":3522,"date":"2025-01-01T11:13:41","date_gmt":"2025-01-01T11:13:41","guid":{"rendered":"https:\/\/mtgrassturf.com\/?post_type=product&#038;p=3522"},"modified":"2026-01-08T15:10:28","modified_gmt":"2026-01-08T07:10:28","slug":"mt-stemxl","status":"publish","type":"product","link":"https:\/\/www.mightygrass.com\/es\/product\/mt-stemxl\/","title":{"rendered":"V\u00e1stago MT XL"},"content":{"rendered":"<p><strong>El FIFA 60:<\/strong><strong> Diamante de la FIFA<\/strong> <strong>hierba<\/strong>El dise\u00f1o de la fibra ofrece una elasticidad excepcional, con una densidad moderada de fibras de c\u00e9sped, adecuada para eventos de alto tr\u00e1fico. Puede soportar impactos frecuentes sin deformarse.&nbsp;<\/p>\n\n\n\n<p><strong>La FIFA<\/strong><strong>-HTUmejor&nbsp; <\/strong>La fibra de c\u00e9sped mejora la resistencia a la compresi\u00f3n y la estabilidad del c\u00e9sped a trav\u00e9s de su estructura acanalada reforzada, lo que garantiza que el campo se mantenga en excelentes condiciones incluso despu\u00e9s de partidos intensos.&nbsp;<\/p>\n\n\n\n<p><strong>El <\/strong><strong>V\u00e1stago MT XL <\/strong><strong>y <\/strong><strong>MT-HTMaxi <\/strong><strong>c\u00e9sped<\/strong> Las fibras est\u00e1n enfocadas a brindar soporte y rendimiento de rebote, ofreciendo a los jugadores un movimiento m\u00e1s c\u00f3modo y suave en el campo. Ya sea para eventos locales o torneos internacionales, estos c\u00e9spedes brindan a los atletas una experiencia competitiva ideal, mejorando la calidad del juego.<\/p>","protected":false},"excerpt":{"rendered":"<p>El dise\u00f1o de la fibra de c\u00e9sped FIFA 60: FIFA-Diamond ofrece una elasticidad excepcional, con una densidad de fibra de c\u00e9sped moderada, adecuada para eventos de alto tr\u00e1fico. Puede soportar impactos frecuentes sin deformarse. La fibra de c\u00e9sped FIFA-HTUbest mejora la resistencia a la compresi\u00f3n y la estabilidad del c\u00e9sped a trav\u00e9s de su estructura acanalada reforzada, lo que garantiza que el campo se mantenga en excelentes condiciones incluso despu\u00e9s de partidos intensos. El [\u2026]<\/p>","protected":false},"author":6,"featured_media":3523,"menu_order":0,"comment_status":"closed","ping_status":"closed","template":"","format":"standard","meta":{"_acf_changed":false,"_seopress_robots_primary_cat":"none","_seopress_titles_title":"MT-StemXL Artificial Grass %%sep%% %%sitetitle%%","_seopress_titles_desc":"","_seopress_robots_index":"","ub_ctt_via":"","footnotes":""},"products-category":[17],"product-tags":[],"class_list":["post-3522","product","type-product","status-publish","format-standard","has-post-thumbnail","hentry","products-category-football"],"acf":[],"_links":{"self":[{"href":"https:\/\/www.mightygrass.com\/es\/wp-json\/wp\/v2\/product\/3522","targetHints":{"allow":["GET"]}}],"collection":[{"href":"https:\/\/www.mightygrass.com\/es\/wp-json\/wp\/v2\/product"}],"about":[{"href":"https:\/\/www.mightygrass.com\/es\/wp-json\/wp\/v2\/types\/product"}],"author":[{"embeddable":true,"href":"https:\/\/www.mightygrass.com\/es\/wp-json\/wp\/v2\/users\/6"}],"replies":[{"embeddable":true,"href":"https:\/\/www.mightygrass.com\/es\/wp-json\/wp\/v2\/comments?post=3522"}],"version-history":[{"count":1,"href":"https:\/\/www.mightygrass.com\/es\/wp-json\/wp\/v2\/product\/3522\/revisions"}],"predecessor-version":[{"id":15167,"href":"https:\/\/www.mightygrass.com\/es\/wp-json\/wp\/v2\/product\/3522\/revisions\/15167"}],"wp:featuredmedia":[{"embeddable":true,"href":"https:\/\/www.mightygrass.com\/es\/wp-json\/wp\/v2\/media\/3523"}],"wp:attachment":[{"href":"https:\/\/www.mightygrass.com\/es\/wp-json\/wp\/v2\/media?parent=3522"}],"wp:term":[{"taxonomy":"products-category","embeddable":true,"href":"https:\/\/www.mightygrass.com\/es\/wp-json\/wp\/v2\/products-category?post=3522"},{"taxonomy":"product-tags","embeddable":true,"href":"https:\/\/www.mightygrass.com\/es\/wp-json\/wp\/v2\/product-tags?post=3522"}],"curies":[{"name":"wp","href":"https:\/\/api.w.org\/{rel}","templated":true}]}}