{"id":3558,"date":"2025-01-01T11:36:41","date_gmt":"2025-01-01T11:36:41","guid":{"rendered":"https:\/\/mtgrassturf.com\/?post_type=product&#038;p=3558"},"modified":"2026-01-08T15:22:47","modified_gmt":"2026-01-08T07:22:47","slug":"mt-memo","status":"publish","type":"product","link":"https:\/\/www.mightygrass.com\/es\/product\/mt-memo\/","title":{"rendered":"Nota MT"},"content":{"rendered":"<p>&nbsp;El c\u00e9sped de rugby necesita una fuerte resistencia al impacto y una estructura de alta densidad para hacer frente a los intensos movimientos y colisiones de los jugadores.&nbsp;<\/p>\n\n\n\n<p><strong>El FIFA 40 <\/strong>&nbsp;<strong>&nbsp;FIFA-HTUbest<\/strong> Las fibras de c\u00e9sped presentan un dise\u00f1o acanalado, que no solo mejora la resistencia a la abrasi\u00f3n del c\u00e9sped sino que tambi\u00e9n mejora la estabilidad de las fibras de c\u00e9sped, haci\u00e9ndolo capaz de soportar las feroces colisiones t\u00edpicas de los partidos de rugby.&nbsp;<\/p>\n\n\n\n<p><strong>El FIFA 50 <\/strong><strong>&nbsp;Diamante de la FIFA <\/strong>Las fibras de c\u00e9sped ofrecen una elasticidad superior y resistencia a la compresi\u00f3n, lo que garantiza comodidad y seguridad durante los movimientos del jugador.&nbsp;<\/p>\n\n\n\n<p><strong>El <\/strong><strong>MT-Surf <\/strong><strong>y <\/strong><strong>&nbsp;&nbsp;Arco MT-HTA <\/strong><strong>c\u00e9sped <\/strong>Los dise\u00f1os optimizan el rebote y la estabilidad, proporcionando m\u00e1s soporte al campo y adapt\u00e1ndose a los movimientos \u00fanicos de alto impacto del rugby.&nbsp;<\/p>\n\n\n\n<p><strong>El <\/strong><strong>&nbsp;Nota MT <\/strong><strong>c\u00e9sped <\/strong>Ofrece una resistencia a la compresi\u00f3n excepcional y una excelente respuesta para los pies, proporcionando a los jugadores de rugby una experiencia incomparable en el campo.<\/p>","protected":false},"excerpt":{"rendered":"<p>&nbsp;El c\u00e9sped de rugby necesita una fuerte resistencia al impacto y una estructura de alta densidad para hacer frente a los intensos movimientos y colisiones de los jugadores. Las fibras de c\u00e9sped FIFA 40 FIFA-HTUbest cuentan con un dise\u00f1o acanalado, que no solo mejora la resistencia a la abrasi\u00f3n del c\u00e9sped, sino que tambi\u00e9n mejora la estabilidad de las fibras de c\u00e9sped, lo que lo hace capaz de soportar las fuertes colisiones [\u2026]<\/p>","protected":false},"author":6,"featured_media":3560,"menu_order":0,"comment_status":"closed","ping_status":"closed","template":"","format":"standard","meta":{"_acf_changed":false,"_seopress_robots_primary_cat":"none","_seopress_titles_title":"MT-Memo Artificial Grass %%sep%% %%sitetitle%%","_seopress_titles_desc":"","_seopress_robots_index":"","ub_ctt_via":"","footnotes":""},"products-category":[48],"product-tags":[],"class_list":["post-3558","product","type-product","status-publish","format-standard","has-post-thumbnail","hentry","products-category-rugby"],"acf":[],"_links":{"self":[{"href":"https:\/\/www.mightygrass.com\/es\/wp-json\/wp\/v2\/product\/3558","targetHints":{"allow":["GET"]}}],"collection":[{"href":"https:\/\/www.mightygrass.com\/es\/wp-json\/wp\/v2\/product"}],"about":[{"href":"https:\/\/www.mightygrass.com\/es\/wp-json\/wp\/v2\/types\/product"}],"author":[{"embeddable":true,"href":"https:\/\/www.mightygrass.com\/es\/wp-json\/wp\/v2\/users\/6"}],"replies":[{"embeddable":true,"href":"https:\/\/www.mightygrass.com\/es\/wp-json\/wp\/v2\/comments?post=3558"}],"version-history":[{"count":1,"href":"https:\/\/www.mightygrass.com\/es\/wp-json\/wp\/v2\/product\/3558\/revisions"}],"predecessor-version":[{"id":15173,"href":"https:\/\/www.mightygrass.com\/es\/wp-json\/wp\/v2\/product\/3558\/revisions\/15173"}],"wp:featuredmedia":[{"embeddable":true,"href":"https:\/\/www.mightygrass.com\/es\/wp-json\/wp\/v2\/media\/3560"}],"wp:attachment":[{"href":"https:\/\/www.mightygrass.com\/es\/wp-json\/wp\/v2\/media?parent=3558"}],"wp:term":[{"taxonomy":"products-category","embeddable":true,"href":"https:\/\/www.mightygrass.com\/es\/wp-json\/wp\/v2\/products-category?post=3558"},{"taxonomy":"product-tags","embeddable":true,"href":"https:\/\/www.mightygrass.com\/es\/wp-json\/wp\/v2\/product-tags?post=3558"}],"curies":[{"name":"wp","href":"https:\/\/api.w.org\/{rel}","templated":true}]}}