{"id":3575,"date":"2025-01-01T11:42:03","date_gmt":"2025-01-01T11:42:03","guid":{"rendered":"https:\/\/mtgrassturf.com\/?post_type=product&#038;p=3575"},"modified":"2026-01-08T15:23:10","modified_gmt":"2026-01-08T07:23:10","slug":"mt-peace","status":"publish","type":"product","link":"https:\/\/www.mightygrass.com\/es\/product\/mt-peace\/","title":{"rendered":"MT-Paz"},"content":{"rendered":"<p><strong>La hierba MT-Peace, una lo<\/strong>Este tipo de c\u00e9sped, que se promociona con frecuencia, tiene una altura de c\u00e9sped de 12 mm y un dise\u00f1o de fibra plana simple, lo que crea una superficie firme y duradera, perfecta para un uso a largo plazo. Ambos tipos de c\u00e9sped ofrecen un rendimiento excelente para partidos de tenis y son capaces de soportar diversas condiciones clim\u00e1ticas.<\/p>","protected":false},"excerpt":{"rendered":"<p>El c\u00e9sped MT-Peace, un tipo promocionado localmente, con una altura de c\u00e9sped de 12 mm y un dise\u00f1o de fibra plana simple, crea una superficie firme y duradera, perfecta para un uso a largo plazo. Ambos tipos de c\u00e9sped ofrecen un rendimiento excelente para partidos de tenis y son capaces de soportar diversas condiciones clim\u00e1ticas.<\/p>","protected":false},"author":6,"featured_media":3576,"menu_order":0,"comment_status":"closed","ping_status":"closed","template":"","format":"standard","meta":{"_acf_changed":false,"_seopress_robots_primary_cat":"none","_seopress_titles_title":"MT-Peace Artificial Grass %%sep%% %%sitetitle%%","_seopress_titles_desc":"","_seopress_robots_index":"","ub_ctt_via":"","footnotes":""},"products-category":[17,21],"product-tags":[],"class_list":["post-3575","product","type-product","status-publish","format-standard","has-post-thumbnail","hentry","products-category-football","products-category-tennis"],"acf":[],"_links":{"self":[{"href":"https:\/\/www.mightygrass.com\/es\/wp-json\/wp\/v2\/product\/3575","targetHints":{"allow":["GET"]}}],"collection":[{"href":"https:\/\/www.mightygrass.com\/es\/wp-json\/wp\/v2\/product"}],"about":[{"href":"https:\/\/www.mightygrass.com\/es\/wp-json\/wp\/v2\/types\/product"}],"author":[{"embeddable":true,"href":"https:\/\/www.mightygrass.com\/es\/wp-json\/wp\/v2\/users\/6"}],"replies":[{"embeddable":true,"href":"https:\/\/www.mightygrass.com\/es\/wp-json\/wp\/v2\/comments?post=3575"}],"version-history":[{"count":2,"href":"https:\/\/www.mightygrass.com\/es\/wp-json\/wp\/v2\/product\/3575\/revisions"}],"predecessor-version":[{"id":15176,"href":"https:\/\/www.mightygrass.com\/es\/wp-json\/wp\/v2\/product\/3575\/revisions\/15176"}],"wp:featuredmedia":[{"embeddable":true,"href":"https:\/\/www.mightygrass.com\/es\/wp-json\/wp\/v2\/media\/3576"}],"wp:attachment":[{"href":"https:\/\/www.mightygrass.com\/es\/wp-json\/wp\/v2\/media?parent=3575"}],"wp:term":[{"taxonomy":"products-category","embeddable":true,"href":"https:\/\/www.mightygrass.com\/es\/wp-json\/wp\/v2\/products-category?post=3575"},{"taxonomy":"product-tags","embeddable":true,"href":"https:\/\/www.mightygrass.com\/es\/wp-json\/wp\/v2\/product-tags?post=3575"}],"curies":[{"name":"wp","href":"https:\/\/api.w.org\/{rel}","templated":true}]}}