{"id":1802,"date":"2024-12-05T15:22:31","date_gmt":"2024-12-05T15:22:31","guid":{"rendered":"https:\/\/mtgrassturf.com\/?page_id=1802"},"modified":"2024-12-05T15:33:22","modified_gmt":"2024-12-05T15:33:22","slug":"cookie-policy","status":"publish","type":"page","link":"https:\/\/www.mightygrass.com\/fi\/cookie-policy\/","title":{"rendered":"Ev\u00e4stek\u00e4yt\u00e4nt\u00f6"},"content":{"rendered":"<div data-elementor-type=\"wp-page\" data-elementor-id=\"1802\" class=\"elementor elementor-1802\" data-elementor-post-type=\"page\">\n\t\t\t\t<div class=\"elementor-element elementor-element-408607c e-flex e-con-boxed e-con e-parent\" data-id=\"408607c\" data-element_type=\"container\" data-settings=\"{&quot;background_background&quot;:&quot;classic&quot;,&quot;ekit_has_onepagescroll_dot&quot;:&quot;yes&quot;}\">\n\t\t\t\t\t<div class=\"e-con-inner\">\n\t\t<div class=\"elementor-element elementor-element-3cb8bae e-con-full e-flex e-con e-child\" data-id=\"3cb8bae\" data-element_type=\"container\" data-settings=\"{&quot;background_background&quot;:&quot;classic&quot;,&quot;ekit_has_onepagescroll_dot&quot;:&quot;yes&quot;}\">\n\t\t\t\t<div class=\"elementor-element elementor-element-8c2766b elementor-widget elementor-widget-text-editor\" data-id=\"8c2766b\" data-element_type=\"widget\" data-settings=\"{&quot;ekit_we_effect_on&quot;:&quot;none&quot;}\" data-widget_type=\"text-editor.default\">\n\t\t\t\t\t\t\t\t\t\n<p>Voimaantulop\u00e4iv\u00e4: 27. maaliskuuta 2024<br>Viimeksi p\u00e4ivitetty: 27. maaliskuuta 2024<\/p>\n\n\n\n<h5 class=\"wp-block-heading\">Mit\u00e4 ev\u00e4steet ovat?<\/h5>\n\n\n\n<p>T\u00e4m\u00e4 ev\u00e4stek\u00e4yt\u00e4nt\u00f6 selitt\u00e4\u00e4, mit\u00e4 ev\u00e4steet ovat ja kuinka k\u00e4yt\u00e4mme niit\u00e4, mink\u00e4 tyyppisi\u00e4 ev\u00e4steit\u00e4 k\u00e4yt\u00e4mme eli mit\u00e4 tietoja ker\u00e4\u00e4mme ev\u00e4steiden avulla ja kuinka n\u00e4it\u00e4 tietoja k\u00e4ytet\u00e4\u00e4n sek\u00e4 kuinka ev\u00e4steasetuksia hallinnoidaan.<\/p>\n\n\n\n<p>Ev\u00e4steet ovat pieni\u00e4 tekstitiedostoja, joita k\u00e4ytet\u00e4\u00e4n pienten tietojen tallentamiseen. Ne tallennetaan laitteellesi, kun verkkosivusto ladataan selaimeesi. N\u00e4m\u00e4 ev\u00e4steet auttavat meit\u00e4 saamaan verkkosivuston toimimaan oikein, tekem\u00e4\u00e4n siit\u00e4 turvallisemman, tarjoamaan paremman k\u00e4ytt\u00f6kokemuksen ja ymm\u00e4rt\u00e4m\u00e4\u00e4n, miten verkkosivusto toimii, sek\u00e4 analysoimaan, mik\u00e4 toimii ja miss\u00e4 sit\u00e4 on parannettava.<\/p>\n\n\n\n<h5 class=\"wp-block-heading\">Kuinka k\u00e4yt\u00e4mme ev\u00e4steit\u00e4?<\/h5>\n\n\n\n<p>Kuten suurin osa verkkopalveluista, verkkosivustomme k\u00e4ytt\u00e4\u00e4 ensimm\u00e4isen ja kolmannen osapuolen ev\u00e4steit\u00e4 useisiin tarkoituksiin. Ensimm\u00e4isen osapuolen ev\u00e4steet ovat enimm\u00e4kseen v\u00e4ltt\u00e4m\u00e4tt\u00f6mi\u00e4 verkkosivuston toimimiseksi oikein, eiv\u00e4tk\u00e4 ne ker\u00e4\u00e4 henkil\u00f6kohtaisia tunnistetietojasi.<\/p>\n\n\n\n<p>Sivustollamme k\u00e4ytetyt kolmannen osapuolen ev\u00e4steet ovat tarkoitettu p\u00e4\u00e4asiassa ymm\u00e4rt\u00e4m\u00e4\u00e4n, kuinka verkkosivusto toimii, kuinka olet vuorovaikutuksessa verkkosivustomme kanssa, pit\u00e4m\u00e4\u00e4n palvelumme turvassa, tarjoamaan sinulle osuvia mainoksia ja kaiken kaikkiaan tarjoamaan sinulle paremman ja paremman k\u00e4ytt\u00f6kokemuksen sek\u00e4 nopeuttamaan tulevaa vuorovaikutustasi verkkosivustollamme.<\/p>\n\n\n\n<h5 class=\"wp-block-heading\">K\u00e4ytt\u00e4m\u00e4mme ev\u00e4stetyypit<\/h5>\n\n\n\n<h3 class=\"wp-block-heading\">V\u00e4ltt\u00e4m\u00e4t\u00f6n<\/h3>\n\n\n\n<p>V\u00e4ltt\u00e4m\u00e4tt\u00f6mi\u00e4 ev\u00e4steit\u00e4 tarvitaan t\u00e4m\u00e4n sivuston perusominaisuuksien mahdollistamiseksi, kuten turvallisen kirjautumisen tarjoaminen tai suostumusasetusten s\u00e4\u00e4t\u00e4minen. N\u00e4m\u00e4 ev\u00e4steet eiv\u00e4t tallenna mit\u00e4\u00e4n henkil\u00f6kohtaisia tunnistetietoja.<\/p>\n\n\n\n<figure class=\"wp-block-table\"><table class=\"has-fixed-layout\"><thead><tr><th>Ev\u00e4ste<\/th><th>Kesto<\/th><th>Kuvaus<\/th><\/tr><\/thead><tbody><tr><td>wpEmojiSettingsTuet<\/td><td>istunto<\/td><td>WordPress asettaa t\u00e4m\u00e4n ev\u00e4steen, kun k\u00e4ytt\u00e4j\u00e4 on vuorovaikutuksessa emojien kanssa WordPress-sivustolla. Se auttaa m\u00e4\u00e4ritt\u00e4m\u00e4\u00e4n, voiko k\u00e4ytt\u00e4j\u00e4n selain n\u00e4ytt\u00e4\u00e4 emojit oikein.<\/td><\/tr><tr><td>PHPSESSID<\/td><td>istunto<\/td><td>T\u00e4m\u00e4 ev\u00e4ste on natiivi PHP-sovelluksille. Ev\u00e4ste tallentaa ja tunnistaa k\u00e4ytt\u00e4j\u00e4n yksil\u00f6llisen istuntotunnuksen hallitakseen k\u00e4ytt\u00e4j\u00e4n istuntoja verkkosivustolla. Ev\u00e4ste on istuntoev\u00e4ste ja se poistetaan, kun kaikki selainikkunat suljetaan.<\/td><\/tr><tr><td>ev\u00e4steet-suostumus<\/td><td>1 vuosi<\/td><td>CookieYes asettaa t\u00e4m\u00e4n ev\u00e4steen muistamaan k\u00e4ytt\u00e4jien suostumusasetukset, jotta heid\u00e4n asetuksiaan kunnioitetaan my\u00f6hemmill\u00e4 vierailuilla t\u00e4ll\u00e4 sivustolla. Se ei ker\u00e4\u00e4 tai tallenna mit\u00e4\u00e4n henkil\u00f6kohtaisia tietoja sivuston vierailijoista.<\/td><\/tr><tr><td>rc::a<\/td><td>Ei vanhene koskaan<\/td><td>Googlen recaptcha-palvelu asettaa t\u00e4m\u00e4n ev\u00e4steen tunnistamaan robotit suojaamaan verkkosivustoa haitallisilta roskapostihy\u00f6kk\u00e4yksilt\u00e4.<\/td><\/tr><tr><td>rc::c<\/td><td>istunto<\/td><td>Googlen recaptcha-palvelu asettaa t\u00e4m\u00e4n ev\u00e4steen tunnistamaan robotit suojaamaan verkkosivustoa haitallisilta roskapostihy\u00f6kk\u00e4yksilt\u00e4.<\/td><\/tr><\/tbody><\/table><\/figure>\n\n\n\n<h3 class=\"wp-block-heading\">Toimiva<\/h3>\n\n\n\n<p>Toiminnalliset ev\u00e4steet auttavat suorittamaan tiettyj\u00e4 toimintoja, kuten verkkosivuston sis\u00e4ll\u00f6n jakamista sosiaalisen median alustoilla, palautteen ker\u00e4\u00e4mist\u00e4 ja muita kolmannen osapuolen ominaisuuksia.<\/p>\n\n\n\n<figure class=\"wp-block-table\"><table class=\"has-fixed-layout\"><thead><tr><th>Ev\u00e4ste<\/th><th>Kesto<\/th><th>Kuvaus<\/th><\/tr><\/thead><tbody><tr><td>li_gc<\/td><td>6 kuukautta<\/td><td>Linkedin asetti t\u00e4m\u00e4n ev\u00e4steen tallentamaan vierailijan suostumuksen ev\u00e4steiden k\u00e4ytt\u00f6\u00f6n ei-v\u00e4ltt\u00e4m\u00e4tt\u00f6miin tarkoituksiin.<\/td><\/tr><tr><td>lidc<\/td><td>1 p\u00e4iv\u00e4<\/td><td>LinkedIn asettaa lidc-ev\u00e4steen helpottamaan datakeskuksen valintaa.<\/td><\/tr><tr><td>vc<\/td><td>Ei vanhene koskaan<\/td><td>Addthis.com asettaa vc-ev\u00e4steen sivustoille, jotka sallivat jakamisen sosiaalisessa mediassa.<\/td><\/tr><tr><td>ytidb::LAST_RESULT_ENTRY_KEY<\/td><td>Ei vanhene koskaan<\/td><td>YouTube k\u00e4ytt\u00e4\u00e4 ev\u00e4stett\u00e4 ytidb::LAST_RESULT_ENTRY_KEY tallentaakseen viimeisimm\u00e4n k\u00e4ytt\u00e4j\u00e4n napsauttaman hakutulosmerkinn\u00e4n. N\u00e4it\u00e4 tietoja k\u00e4ytet\u00e4\u00e4n k\u00e4ytt\u00f6kokemuksen parantamiseen tarjoamalla osuvampia hakutuloksia tulevaisuudessa.<\/td><\/tr><tr><td>yt-remote-session-app<\/td><td>istunto<\/td><td>YouTube k\u00e4ytt\u00e4\u00e4 yt-remote-session-app-ev\u00e4stett\u00e4 k\u00e4ytt\u00e4jien asetusten ja upotetun YouTube-videosoittimen k\u00e4ytt\u00f6liittym\u00e4n tietojen tallentamiseen.<\/td><\/tr><tr><td>yt-remote-cast-installed<\/td><td>istunto<\/td><td>yt-remote-cast-asennettua ev\u00e4stett\u00e4 k\u00e4ytet\u00e4\u00e4n k\u00e4ytt\u00e4j\u00e4n videosoittimen asetusten tallentamiseen upotetun YouTube-videon avulla.<\/td><\/tr><tr><td>yt-et\u00e4istunnon-nimi<\/td><td>istunto<\/td><td>YouTube k\u00e4ytt\u00e4\u00e4 yt-remote-session-name -ev\u00e4stett\u00e4 k\u00e4ytt\u00e4j\u00e4n videosoitinasetusten tallentamiseen upotetun YouTube-videon avulla.<\/td><\/tr><tr><td>yt-remote-fast-check-period<\/td><td>istunto<\/td><td>YouTube k\u00e4ytt\u00e4\u00e4 yt-remote-fast-check-period -ev\u00e4stett\u00e4 k\u00e4ytt\u00e4j\u00e4n videosoittimen asetukset upotetuille YouTube-videoille tallentamiseen.<\/td><\/tr><tr><td>wp-wpml_current_language<\/td><td>istunto<\/td><td>WordPressin monikielinen laajennus asettaa t\u00e4m\u00e4n ev\u00e4steen tallentamaan nykyiset kieli-\/kieliasetukset.<\/td><\/tr><\/tbody><\/table><\/figure>\n\n\n\n<h3 class=\"wp-block-heading\">Analytics<\/h3>\n\n\n\n<p>Analyyttisi\u00e4 ev\u00e4steit\u00e4 k\u00e4ytet\u00e4\u00e4n ymm\u00e4rt\u00e4m\u00e4\u00e4n, kuinka k\u00e4vij\u00e4t ovat vuorovaikutuksessa verkkosivuston kanssa. N\u00e4m\u00e4 ev\u00e4steet auttavat tarjoamaan tietoja mittareista, kuten k\u00e4vij\u00e4m\u00e4\u00e4r\u00e4st\u00e4, poistumisprosentista, liikenteen l\u00e4hteest\u00e4 jne.<\/p>\n\n\n\n<figure class=\"wp-block-table\"><table class=\"has-fixed-layout\"><thead><tr><th>Ev\u00e4ste<\/th><th>Kesto<\/th><th>Kuvaus<\/th><\/tr><\/thead><tbody><tr><td>CLID<\/td><td>1 vuosi<\/td><td>Microsoft Clarity asetti t\u00e4m\u00e4n ev\u00e4steen tallentamaan tietoja siit\u00e4, kuinka k\u00e4vij\u00e4t ovat vuorovaikutuksessa verkkosivuston kanssa. Ev\u00e4ste auttaa laatimaan analyysiraportin. Tiedonkeruu sis\u00e4lt\u00e4\u00e4 k\u00e4vij\u00f6iden m\u00e4\u00e4r\u00e4n, miss\u00e4 he vierailevat verkkosivustolla ja vierailluilla sivuilla.<\/td><\/tr><tr><td>_ga_*<\/td><td>1 vuosi 1 kuukausi 4 p\u00e4iv\u00e4\u00e4<\/td><td>Google Analytics asettaa t\u00e4m\u00e4n ev\u00e4steen tallentamaan ja laskemaan sivun n\u00e4ytt\u00f6kertoja.<\/td><\/tr><tr><td>_ga<\/td><td>1 vuosi 1 kuukausi 4 p\u00e4iv\u00e4\u00e4<\/td><td>Google Analytics asettaa t\u00e4m\u00e4n ev\u00e4steen laskemaan vierailija-, istunto- ja kampanjatiedot ja seuraamaan sivuston k\u00e4ytt\u00f6\u00e4 sivuston analytiikkaraporttia varten. Ev\u00e4ste tallentaa tiedot anonyymisti ja m\u00e4\u00e4ritt\u00e4\u00e4 satunnaisesti luodut numerot yksil\u00f6llisten vierailijoiden tunnistamiseksi.<\/td><\/tr><tr><td>_fbp<\/td><td>3 kuukautta<\/td><td>Facebook asettaa t\u00e4m\u00e4n ev\u00e4steen n\u00e4ytt\u00e4m\u00e4\u00e4n mainoksia joko Facebookissa tai Facebook-mainonnan tuottamassa digitaalisessa alustassa verkkosivustolla k\u00e4ynnin j\u00e4lkeen.<\/td><\/tr><tr><td>_clck<\/td><td>1 vuosi<\/td><td>Microsoft Clarity asettaa t\u00e4m\u00e4n ev\u00e4steen s\u00e4ilytt\u00e4m\u00e4\u00e4n selaimen Clarity-k\u00e4ytt\u00e4j\u00e4tunnuksen ja asetukset vain kyseiselle verkkosivustolle. T\u00e4m\u00e4 takaa, ett\u00e4 my\u00f6hempien samalla verkkosivustok\u00e4yntien aikana tehdyt toimet linkitet\u00e4\u00e4n samaan k\u00e4ytt\u00e4j\u00e4tunnukseen.<\/td><\/tr><tr><td>SM<\/td><td>istunto<\/td><td>Microsoft Clarity -ev\u00e4ste asettaa t\u00e4m\u00e4n ev\u00e4steen MUID:n synkronointiin Microsoft-verkkotunnusten v\u00e4lill\u00e4.<\/td><\/tr><tr><td>_clsk<\/td><td>1 p\u00e4iv\u00e4 1 minuutti<\/td><td>Microsoft Clarity asettaa t\u00e4m\u00e4n ev\u00e4steen tallentamaan ja yhdist\u00e4m\u00e4\u00e4n k\u00e4ytt\u00e4j\u00e4n sivun katselut yhdeksi istunnon tallenteeksi.<\/td><\/tr><tr><td>MR<\/td><td>7 p\u00e4iv\u00e4\u00e4<\/td><td>T\u00e4t\u00e4 Bingin asettamaa ev\u00e4stett\u00e4 k\u00e4ytet\u00e4\u00e4n ker\u00e4\u00e4m\u00e4\u00e4n k\u00e4ytt\u00e4j\u00e4tietoja analytiikkatarkoituksiin.<\/td><\/tr><tr><td>pys_session_limit<\/td><td>1 tunti<\/td><td>PixelYourSite-laajennus asettaa t\u00e4m\u00e4n ev\u00e4steen hallitsemaan analyyttisi\u00e4 palveluita.<\/td><\/tr><tr><td>pys_start_session<\/td><td>istunto<\/td><td>PixelYourSite-laajennus asettaa t\u00e4m\u00e4n ev\u00e4steen hallitsemaan analyyttisi\u00e4 palveluita.<\/td><\/tr><tr><td>_gid<\/td><td>1 p\u00e4iv\u00e4<\/td><td>Google Analytics asettaa t\u00e4m\u00e4n ev\u00e4steen tallentamaan tietoja siit\u00e4, kuinka vierailijat k\u00e4ytt\u00e4v\u00e4t verkkosivustoa, ja luomaan samalla analytiikkaraportin verkkosivuston tehokkuudesta. Osa ker\u00e4tyist\u00e4 tiedoista sis\u00e4lt\u00e4\u00e4 k\u00e4vij\u00f6iden m\u00e4\u00e4r\u00e4n, niiden l\u00e4hteen ja sivut, joilla he vierailevat anonyymisti.<\/td><\/tr><tr><td>_gat_gtag_UA_*<\/td><td>1 minuutti<\/td><td>Google Analytics asettaa t\u00e4m\u00e4n ev\u00e4steen tallentamaan yksil\u00f6llisen k\u00e4ytt\u00e4j\u00e4tunnuksen.<\/td><\/tr><\/tbody><\/table><\/figure>\n\n\n\n<h3 class=\"wp-block-heading\">Suorituskyky<\/h3>\n\n\n\n<p>Suorituskykyev\u00e4steit\u00e4 k\u00e4ytet\u00e4\u00e4n ymm\u00e4rt\u00e4m\u00e4\u00e4n ja analysoimaan verkkosivuston keskeisi\u00e4 suorituskykyindeksej\u00e4, mik\u00e4 auttaa tarjoamaan k\u00e4vij\u00f6ille paremman k\u00e4ytt\u00f6kokemuksen.<\/p>\n\n\n\n<figure class=\"wp-block-table\"><table class=\"has-fixed-layout\"><thead><tr><th>Ev\u00e4ste<\/th><th>Kesto<\/th><th>Kuvaus<\/th><\/tr><\/thead><tbody><tr><td>SRM_B<\/td><td>1 vuosi 24 p\u00e4iv\u00e4\u00e4<\/td><td>Microsoft Advertising k\u00e4ytt\u00e4\u00e4 sit\u00e4 vierailijoiden yksil\u00f6llisen\u00e4 tunnuksena.<\/td><\/tr><tr><td>_gat<\/td><td>1 minuutti<\/td><td>Google Universal Analytics asettaa t\u00e4m\u00e4n ev\u00e4steen rajoittamaan pyynt\u00f6jen m\u00e4\u00e4r\u00e4\u00e4 ja siten rajoittamaan tiedonkeruuta paljon liikennett\u00e4 sis\u00e4lt\u00e4vill\u00e4 sivustoilla.<\/td><\/tr><\/tbody><\/table><\/figure>\n\n\n\n<h3 class=\"wp-block-heading\">Mainos<\/h3>\n\n\n\n<p>Mainosev\u00e4steit\u00e4 k\u00e4ytet\u00e4\u00e4n tarjoamaan vierailijoille r\u00e4\u00e4t\u00e4l\u00f6ityj\u00e4 mainoksia aiemmin vierailemiesi sivujen perusteella ja analysoimaan mainoskampanjoiden tehokkuutta.<\/p>\n\n\n\n<figure class=\"wp-block-table\"><table class=\"has-fixed-layout\"><thead><tr><th>Ev\u00e4ste<\/th><th>Kesto<\/th><th>Kuvaus<\/th><\/tr><\/thead><tbody><tr><td>bcookie<\/td><td>1 vuosi<\/td><td>LinkedIn asettaa t\u00e4m\u00e4n ev\u00e4steen LinkedInin jakopainikkeista ja mainostageista tunnistamaan selaintunnukset.<\/td><\/tr><tr><td>_pin_unauth<\/td><td>1 vuosi<\/td><td>Pinterest asetti t\u00e4m\u00e4n ev\u00e4steen ryhm\u00e4toimintoja k\u00e4ytt\u00e4jille, joita ei voida tunnistaa.<\/td><\/tr><tr><td>MUID<\/td><td>1 vuosi 24 p\u00e4iv\u00e4\u00e4<\/td><td>Bing asettaa t\u00e4m\u00e4n ev\u00e4steen tunnistamaan Microsoftin sivustoilla vierailevat ainutlaatuiset verkkoselaimet. T\u00e4t\u00e4 ev\u00e4stett\u00e4 k\u00e4ytet\u00e4\u00e4n mainontaan, sivuston analytiikkaan ja muihin toimintoihin.<\/td><\/tr><tr><td>ANONCHK<\/td><td>10 minuuttia<\/td><td>Bingin asettamaa ANONCHK-ev\u00e4stett\u00e4 k\u00e4ytet\u00e4\u00e4n k\u00e4ytt\u00e4j\u00e4n istuntotunnuksen tallentamiseen ja mainosten napsautusten vahvistamiseen Bing-hakukoneessa. Ev\u00e4ste auttaa my\u00f6s raportoinnissa ja personoinnissa.<\/td><\/tr><tr><td>i<\/td><td>Ei vanhene koskaan<\/td><td>OpenX asettaa t\u00e4m\u00e4n ev\u00e4steen tallentamaan anonymisoituja k\u00e4ytt\u00e4j\u00e4tietoja, kuten IP-osoite, maantieteellinen sijainti, vieraillut verkkosivustot, k\u00e4ytt\u00e4j\u00e4n napsautetut mainokset jne. asiaankuuluvaa mainontaa varten.<\/td><\/tr><tr><td>YSC<\/td><td>istunto<\/td><td>Youtube asettaa t\u00e4m\u00e4n ev\u00e4steen seuraamaan YouTube-sivuilla olevien upotettujen videoiden katselukertoja.<\/td><\/tr><tr><td>VISITOR_INFO1_LIVE<\/td><td>6 kuukautta<\/td><td>YouTube asettaa t\u00e4m\u00e4n ev\u00e4steen mittaamaan kaistanleveytt\u00e4 ja m\u00e4\u00e4ritt\u00e4\u00e4, saako k\u00e4ytt\u00e4j\u00e4 uuden vai vanhan soittimen k\u00e4ytt\u00f6liittym\u00e4n.<\/td><\/tr><tr><td>VISITOR_PRIVACY_METADATA<\/td><td>6 kuukautta<\/td><td>YouTube asettaa t\u00e4m\u00e4n ev\u00e4steen tallentamaan k\u00e4ytt\u00e4j\u00e4n ev\u00e4steen suostumustilan nykyiselle verkkotunnukselle.<\/td><\/tr><tr><td>yt-remote-device-id<\/td><td>Ei vanhene koskaan<\/td><td>YouTube asettaa t\u00e4m\u00e4n ev\u00e4steen tallentamaan k\u00e4ytt\u00e4j\u00e4n videoasetukset k\u00e4ytt\u00e4m\u00e4ll\u00e4 upotettuja YouTube-videoita.<\/td><\/tr><tr><td>yt.innertube::requests<\/td><td>Ei vanhene koskaan<\/td><td>YouTube asettaa t\u00e4m\u00e4n ev\u00e4steen rekister\u00f6im\u00e4\u00e4n yksil\u00f6llisen tunnuksen tietojen tallentamiseksi siit\u00e4, mit\u00e4 YouTube-videoita k\u00e4ytt\u00e4j\u00e4 on n\u00e4hnyt.<\/td><\/tr><tr><td>yt-remote-connected-devices<\/td><td>Ei vanhene koskaan<\/td><td>YouTube asettaa t\u00e4m\u00e4n ev\u00e4steen tallentamaan k\u00e4ytt\u00e4j\u00e4n videoasetukset k\u00e4ytt\u00e4m\u00e4ll\u00e4 upotettuja YouTube-videoita.<\/td><\/tr><tr><td>yt.innertube::nextId<\/td><td>Ei vanhene koskaan<\/td><td>YouTube asettaa t\u00e4m\u00e4n ev\u00e4steen rekister\u00f6im\u00e4\u00e4n yksil\u00f6llisen tunnuksen tietojen tallentamiseksi siit\u00e4, mit\u00e4 YouTube-videoita k\u00e4ytt\u00e4j\u00e4 on n\u00e4hnyt.<\/td><\/tr><tr><td>NID<\/td><td>6 kuukautta<\/td><td>Google asettaa ev\u00e4steen mainontatarkoituksiin; rajoittaa sit\u00e4, kuinka monta kertaa k\u00e4ytt\u00e4j\u00e4 n\u00e4kee mainoksen, mykist\u00e4\u00e4 ei-toivotut mainokset ja mitata mainosten tehokkuutta.<\/td><\/tr><\/tbody><\/table><\/figure>\n\n\n\n<h3 class=\"wp-block-heading\">Luokittelematon<\/h3>\n\n\n\n<p>Muita luokittelemattomia ev\u00e4steit\u00e4 ovat sellaiset, joita analysoidaan ja joita ei ole viel\u00e4 luokiteltu luokkaan.<\/p>\n\n\n\n<figure class=\"wp-block-table\"><table class=\"has-fixed-layout\"><thead><tr><th>Ev\u00e4ste<\/th><th>Kesto<\/th><th>Kuvaus<\/th><\/tr><\/thead><tbody><tr><td>ar_debug<\/td><td>1 vuosi<\/td><td>Kuvaus ei ole t\u00e4ll\u00e4 hetkell\u00e4 saatavilla.<\/td><\/tr><tr><td>_PCCSID_601887<\/td><td>21 minuuttia<\/td><td>Kuvaus ei ole t\u00e4ll\u00e4 hetkell\u00e4 saatavilla.<\/td><\/tr><tr><td>_PCCID<\/td><td>1 vuosi 1 kuukausi 4 p\u00e4iv\u00e4\u00e4 1 minuutti<\/td><td>Kuvaus ei ole t\u00e4ll\u00e4 hetkell\u00e4 saatavilla.<\/td><\/tr><tr><td>thirdPartyCookiesEnabled<\/td><td>1 p\u00e4iv\u00e4<\/td><td>Kuvausta ei ole saatavilla.<\/td><\/tr><tr><td>is_eu<\/td><td>istunto<\/td><td>Kuvausta ei ole saatavilla.<\/td><\/tr><tr><td>cs_enabled_cookie_term_23<\/td><td>6 kuukautta<\/td><td>Kuvaus ei ole t\u00e4ll\u00e4 hetkell\u00e4 saatavilla.<\/td><\/tr><tr><td>cs_enabled_cookie_term_27<\/td><td>6 kuukautta<\/td><td>Kuvaus ei ole t\u00e4ll\u00e4 hetkell\u00e4 saatavilla.<\/td><\/tr><tr><td>cs_enabled_cookie_term_24<\/td><td>6 kuukautta<\/td><td>Kuvaus ei ole t\u00e4ll\u00e4 hetkell\u00e4 saatavilla.<\/td><\/tr><tr><td>cs_user_preference<\/td><td>6 kuukautta<\/td><td>Kuvaus ei ole t\u00e4ll\u00e4 hetkell\u00e4 saatavilla.<\/td><\/tr><tr><td>CS-Magic<\/td><td>6 kuukautta<\/td><td>Kuvaus ei ole t\u00e4ll\u00e4 hetkell\u00e4 saatavilla.<\/td><\/tr><tr><td>tallennettuPuhelin<\/td><td>1 vuosi 1 kuukausi 4 p\u00e4iv\u00e4\u00e4<\/td><td>Kuvaus ei ole t\u00e4ll\u00e4 hetkell\u00e4 saatavilla.<\/td><\/tr><tr><td>tallennettuPhoneLabel<\/td><td>1 vuosi 1 kuukausi 4 p\u00e4iv\u00e4\u00e4<\/td><td>Kuvaus ei ole t\u00e4ll\u00e4 hetkell\u00e4 saatavilla.<\/td><\/tr><tr><td>eursavedPuhelin<\/td><td>1 vuosi 1 kuukausi 4 p\u00e4iv\u00e4\u00e4<\/td><td>Kuvaus ei ole t\u00e4ll\u00e4 hetkell\u00e4 saatavilla.<\/td><\/tr><tr><td>eursavedPhoneLabel<\/td><td>1 vuosi 1 kuukausi 4 p\u00e4iv\u00e4\u00e4<\/td><td>Kuvaus ei ole t\u00e4ll\u00e4 hetkell\u00e4 saatavilla.<\/td><\/tr><tr><td>__Secure-ROLLOUT_TOKEN<\/td><td>6 kuukautta<\/td><td>Kuvaus ei ole t\u00e4ll\u00e4 hetkell\u00e4 saatavilla.<\/td><\/tr><\/tbody><\/table><\/figure>\n\n\n\n<h5 class=\"wp-block-heading\">Hallinnoi ev\u00e4steasetuksia<\/h5>\n\n\n\n<p><a>Ev\u00e4steasetukset<\/a><\/p>\n\n\n\n<p>Voit muuttaa ev\u00e4steasetuksiasi milloin tahansa napsauttamalla yll\u00e4 olevaa painiketta. N\u00e4in voit palata ev\u00e4steiden suostumusbanneriin ja muuttaa asetuksiasi tai peruuttaa suostumuksesi v\u00e4litt\u00f6m\u00e4sti.<\/p>\n\n\n\n<p>T\u00e4m\u00e4n lis\u00e4ksi eri selaimet tarjoavat erilaisia tapoja est\u00e4\u00e4 ja poistaa verkkosivustojen k\u00e4ytt\u00e4mi\u00e4 ev\u00e4steit\u00e4. Voit muuttaa selaimesi asetuksia est\u00e4\u00e4ksesi\/poistaaksesi ev\u00e4steet. Alla on lueteltu linkit tukiasiakirjoihin, jotka koskevat ev\u00e4steiden hallintaa ja poistamista yleisimmist\u00e4 verkkoselaimista.<\/p>\n\n\n\n<p>Kromi:&nbsp;<a href=\"https:\/\/support.google.com\/accounts\/answer\/32050\" target=\"_blank\" rel=\"noreferrer noopener\">https:\/\/support.google.com\/accounts\/answer\/32050<\/a><\/p>\n\n\n\n<p>Safari:&nbsp;<a href=\"https:\/\/support.apple.com\/en-in\/guide\/safari\/sfri11471\/mac\" target=\"_blank\" rel=\"noreferrer noopener\">https:\/\/support.apple.com\/en-in\/guide\/safari\/sfri11471\/mac<\/a><\/p>\n\n\n\n<p>Firefox:&nbsp;<a href=\"https:\/\/support.mozilla.org\/en-US\/kb\/clear-cookies-and-site-data-firefox?redirectslug=delete-cookies-remove-info-websites-stored&amp;redirectlocale=en-US\" target=\"_blank\" rel=\"noreferrer noopener\">https:\/\/support.mozilla.org\/en-US\/kb\/clear-cookies-and-site-data-firefox?redirectslug=delete-cookies-remove-info-websites-stored&amp;redirectlocale=en-US<\/a><\/p>\n\n\n\n<p>Internet Explorer:&nbsp;<a href=\"https:\/\/support.microsoft.com\/en-us\/topic\/how-to-delete-cookie-files-in-internet-explorer-bca9446f-d873-78de-77ba-d42645fa52fc\" target=\"_blank\" rel=\"noreferrer noopener\">https:\/\/support.microsoft.com\/en-us\/topic\/how-to-delete-cookie-files-in-internet-explorer-bca9446f-d873-78de-77ba-d42645fa52fc<\/a><\/p>\n\n\n\n<p>Jos k\u00e4yt\u00e4t jotakin muuta verkkoselainta, k\u00e4y selaimesi virallisissa tukiasiakirjoissa.<\/p>\n\n\n\n<p>Ev\u00e4stek\u00e4yt\u00e4nt\u00f6, jonka on luonut&nbsp;<a href=\"https:\/\/www.cookieyes.com\/?utm_source=CP&amp;utm_medium=footer&amp;utm_campaign=UW\" target=\"_blank\" rel=\"noreferrer noopener\">CookieYes \u2013 ev\u00e4stek\u00e4yt\u00e4nt\u00f6jen luontitoiminto<\/a>.<\/p>\n\t\t\t\t\t\t\t\t<\/div>\n\t\t\t\t<\/div>\n\t\t\t\t\t<\/div>\n\t\t\t\t<\/div>\n\t\t\t\t<\/div>","protected":false},"excerpt":{"rendered":"<p>Voimaantulop\u00e4iv\u00e4: 27. maaliskuuta 2024 P\u00e4ivitetty viimeksi: 27. maaliskuuta 2024 Mit\u00e4 ev\u00e4steet ovat? T\u00e4m\u00e4 ev\u00e4stek\u00e4yt\u00e4nt\u00f6 selitt\u00e4\u00e4, mit\u00e4 ev\u00e4steet ovat ja kuinka k\u00e4yt\u00e4mme niit\u00e4, mink\u00e4 tyyppisi\u00e4 ev\u00e4steit\u00e4 k\u00e4yt\u00e4mme eli mit\u00e4 tietoja ker\u00e4\u00e4mme ev\u00e4steiden avulla ja kuinka n\u00e4it\u00e4 tietoja k\u00e4ytet\u00e4\u00e4n sek\u00e4 kuinka ev\u00e4steasetuksia hallinnoidaan. Ev\u00e4steet ovat pieni\u00e4 tekstitiedostoja, joita k\u00e4ytet\u00e4\u00e4n [\u2026]<\/p>","protected":false},"author":6,"featured_media":0,"parent":0,"menu_order":0,"comment_status":"closed","ping_status":"closed","template":"","meta":{"_acf_changed":false,"_seopress_robots_primary_cat":"","_seopress_titles_title":"","_seopress_titles_desc":"","_seopress_robots_index":"","ub_ctt_via":"","footnotes":""},"class_list":["post-1802","page","type-page","status-publish","hentry"],"acf":[],"featured_image_src":null,"_links":{"self":[{"href":"https:\/\/www.mightygrass.com\/fi\/wp-json\/wp\/v2\/pages\/1802","targetHints":{"allow":["GET"]}}],"collection":[{"href":"https:\/\/www.mightygrass.com\/fi\/wp-json\/wp\/v2\/pages"}],"about":[{"href":"https:\/\/www.mightygrass.com\/fi\/wp-json\/wp\/v2\/types\/page"}],"author":[{"embeddable":true,"href":"https:\/\/www.mightygrass.com\/fi\/wp-json\/wp\/v2\/users\/6"}],"replies":[{"embeddable":true,"href":"https:\/\/www.mightygrass.com\/fi\/wp-json\/wp\/v2\/comments?post=1802"}],"version-history":[{"count":0,"href":"https:\/\/www.mightygrass.com\/fi\/wp-json\/wp\/v2\/pages\/1802\/revisions"}],"wp:attachment":[{"href":"https:\/\/www.mightygrass.com\/fi\/wp-json\/wp\/v2\/media?parent=1802"}],"curies":[{"name":"wp","href":"https:\/\/api.w.org\/{rel}","templated":true}]}}