{"id":3528,"date":"2025-01-01T11:16:33","date_gmt":"2025-01-01T11:16:33","guid":{"rendered":"https:\/\/mtgrassturf.com\/?post_type=product&#038;p=3528"},"modified":"2026-01-08T15:10:48","modified_gmt":"2026-01-08T07:10:48","slug":"mt-golf","status":"publish","type":"product","link":"https:\/\/www.mightygrass.com\/fi\/product\/mt-golf\/","title":{"rendered":"MT-Golf"},"content":{"rendered":"<p><strong>MT-Golf nurmikko on ihanteellinen valinta<\/strong>ce golfkentille, k\u00e4ytt\u00e4m\u00e4ll\u00e4 korkealaatuisia ruohokuituja ja sekoitustekniikoita erinomaisen kest\u00e4vyyden ja tuntuman varmistamiseksi. Korkeaparametrinen versio tarjoaa tihe\u00e4mm\u00e4n ruohokuiturakenteen ja korkeamman ruohonkorkeuden, mik\u00e4 sopii huippuluokan golfkentille ja tarjoaa ihanteellisen palautteen ly\u00f6nnist\u00e4 ja tarkan pallon nopeuden hallinnan. Matalaparametrinen versio on kustannustehokas ratkaisu golfkentille s\u00e4ilytt\u00e4en silti kest\u00e4vyyden ja mukavuuden, joten se on loistava vaihtoehto golfharjoitteluun ja kilpailemiseen.<\/p>","protected":false},"excerpt":{"rendered":"<p>MT-Golf nurmikko on ihanteellinen valinta golfkent\u00e4lle, sill\u00e4 siin\u00e4 k\u00e4ytet\u00e4\u00e4n korkealaatuisia ruohokuituja ja sekoitustekniikoita erinomaisen kest\u00e4vyyden ja tuntuman varmistamiseksi. Korkeaparametrinen versio tarjoaa tihe\u00e4mm\u00e4n ruohokuiturakenteen ja korkeamman ruohonkorkeuden, mik\u00e4 sopii huippuluokan golfkentille ja tarjoaa ihanteellisen palautteen ly\u00f6nnist\u00e4 ja tarkan pallon nopeuden hallinnan. Matalaparametrinen versio on [\u2026]<\/p>","protected":false},"author":6,"featured_media":3530,"menu_order":0,"comment_status":"closed","ping_status":"closed","template":"","format":"standard","meta":{"_acf_changed":false,"_seopress_robots_primary_cat":"none","_seopress_titles_title":"MT-Golf Artificial Grass %%sep%% %%sitetitle%%","_seopress_titles_desc":"","_seopress_robots_index":"","ub_ctt_via":"","footnotes":""},"products-category":[49],"product-tags":[],"class_list":["post-3528","product","type-product","status-publish","format-standard","has-post-thumbnail","hentry","products-category-golf"],"acf":[],"_links":{"self":[{"href":"https:\/\/www.mightygrass.com\/fi\/wp-json\/wp\/v2\/product\/3528","targetHints":{"allow":["GET"]}}],"collection":[{"href":"https:\/\/www.mightygrass.com\/fi\/wp-json\/wp\/v2\/product"}],"about":[{"href":"https:\/\/www.mightygrass.com\/fi\/wp-json\/wp\/v2\/types\/product"}],"author":[{"embeddable":true,"href":"https:\/\/www.mightygrass.com\/fi\/wp-json\/wp\/v2\/users\/6"}],"replies":[{"embeddable":true,"href":"https:\/\/www.mightygrass.com\/fi\/wp-json\/wp\/v2\/comments?post=3528"}],"version-history":[{"count":2,"href":"https:\/\/www.mightygrass.com\/fi\/wp-json\/wp\/v2\/product\/3528\/revisions"}],"predecessor-version":[{"id":15168,"href":"https:\/\/www.mightygrass.com\/fi\/wp-json\/wp\/v2\/product\/3528\/revisions\/15168"}],"wp:featuredmedia":[{"embeddable":true,"href":"https:\/\/www.mightygrass.com\/fi\/wp-json\/wp\/v2\/media\/3530"}],"wp:attachment":[{"href":"https:\/\/www.mightygrass.com\/fi\/wp-json\/wp\/v2\/media?parent=3528"}],"wp:term":[{"taxonomy":"products-category","embeddable":true,"href":"https:\/\/www.mightygrass.com\/fi\/wp-json\/wp\/v2\/products-category?post=3528"},{"taxonomy":"product-tags","embeddable":true,"href":"https:\/\/www.mightygrass.com\/fi\/wp-json\/wp\/v2\/product-tags?post=3528"}],"curies":[{"name":"wp","href":"https:\/\/api.w.org\/{rel}","templated":true}]}}