{"id":3563,"date":"2025-01-01T11:38:16","date_gmt":"2025-01-01T11:38:16","guid":{"rendered":"https:\/\/mtgrassturf.com\/?post_type=product&#038;p=3563"},"modified":"2026-01-08T15:22:57","modified_gmt":"2026-01-08T07:22:57","slug":"mt-surf","status":"publish","type":"product","link":"https:\/\/www.mightygrass.com\/fi\/product\/mt-surf\/","title":{"rendered":"MT-Surf"},"content":{"rendered":"<p>&nbsp;Rugby-nurmi tarvitsee vahvan iskunkest\u00e4vyyden ja tihe\u00e4n rakenteen selviyty\u00e4kseen pelaajien intensiivisist\u00e4 liikkeist\u00e4 ja t\u00f6rm\u00e4yksist\u00e4.&nbsp;<\/p>\n\n\n\n<p><strong>FIFA 40 <\/strong>&nbsp;<strong>&nbsp;FIFA-HTUbest<\/strong> ruohokuiduissa on uurrettu muotoilu, mik\u00e4 ei ainoastaan paranna nurmen kulutuskest\u00e4vyytt\u00e4, vaan my\u00f6s lis\u00e4\u00e4 ruohokuitujen vakautta, mik\u00e4 tekee siit\u00e4 kest\u00e4en rugby-otteluille tyypillisi\u00e4 kovia t\u00f6rm\u00e4yksi\u00e4.&nbsp;<\/p>\n\n\n\n<p><strong>FIFA 50 <\/strong><strong>&nbsp;FIFA-Timantti <\/strong>ruohokuidut tarjoavat erinomaisen joustavuuden ja puristuskest\u00e4vyyden varmistaen mukavuuden ja turvallisuuden pelaajan liikkeiden aikana.&nbsp;<\/p>\n\n\n\n<p><strong>The <\/strong><strong>MT-Surf <\/strong><strong>ja <\/strong><strong>&nbsp;&nbsp;MT-HTArc <\/strong><strong>ruoho <\/strong>mallit optimoivat palautumisen ja vakauden, tarjoavat enemm\u00e4n tukea kent\u00e4lle ja mukautuvat rugbyn ainutlaatuisiin voimakkaisiin liikkeisiin.&nbsp;<\/p>\n\n\n\n<p><strong>The <\/strong><strong>&nbsp;MT-muistio <\/strong><strong>nurmikkoa <\/strong>tarjoaa poikkeuksellisen puristusvoiman ja erinomaisen palautteen jaloille, tarjoten rugbypelaajille vertaansa vailla olevan kokemuksen kent\u00e4ll\u00e4.<\/p>","protected":false},"excerpt":{"rendered":"<p>&nbsp;Rugby-nurmi tarvitsee vahvan iskunkest\u00e4vyyden ja tihe\u00e4n rakenteen selviyty\u00e4kseen pelaajien intensiivisist\u00e4 liikkeist\u00e4 ja t\u00f6rm\u00e4yksist\u00e4. FIFA 40 FIFA-HTUbest -ruohokuiduissa on uurrettu muotoilu, joka ei ainoastaan paranna nurmen kulutuskest\u00e4vyytt\u00e4, vaan my\u00f6s parantaa ruohokuitujen vakautta, mik\u00e4 tekee siit\u00e4 kest\u00e4v\u00e4n rajuja t\u00f6rm\u00e4yksi\u00e4 [\u2026]<\/p>","protected":false},"author":6,"featured_media":3565,"menu_order":0,"comment_status":"closed","ping_status":"closed","template":"","format":"standard","meta":{"_acf_changed":false,"_seopress_robots_primary_cat":"none","_seopress_titles_title":"MT-Surf Artificial Grass %%sep%% %%sitetitle%%","_seopress_titles_desc":"","_seopress_robots_index":"","ub_ctt_via":"","footnotes":""},"products-category":[48],"product-tags":[],"class_list":["post-3563","product","type-product","status-publish","format-standard","has-post-thumbnail","hentry","products-category-rugby"],"acf":[],"_links":{"self":[{"href":"https:\/\/www.mightygrass.com\/fi\/wp-json\/wp\/v2\/product\/3563","targetHints":{"allow":["GET"]}}],"collection":[{"href":"https:\/\/www.mightygrass.com\/fi\/wp-json\/wp\/v2\/product"}],"about":[{"href":"https:\/\/www.mightygrass.com\/fi\/wp-json\/wp\/v2\/types\/product"}],"author":[{"embeddable":true,"href":"https:\/\/www.mightygrass.com\/fi\/wp-json\/wp\/v2\/users\/6"}],"replies":[{"embeddable":true,"href":"https:\/\/www.mightygrass.com\/fi\/wp-json\/wp\/v2\/comments?post=3563"}],"version-history":[{"count":1,"href":"https:\/\/www.mightygrass.com\/fi\/wp-json\/wp\/v2\/product\/3563\/revisions"}],"predecessor-version":[{"id":15175,"href":"https:\/\/www.mightygrass.com\/fi\/wp-json\/wp\/v2\/product\/3563\/revisions\/15175"}],"wp:featuredmedia":[{"embeddable":true,"href":"https:\/\/www.mightygrass.com\/fi\/wp-json\/wp\/v2\/media\/3565"}],"wp:attachment":[{"href":"https:\/\/www.mightygrass.com\/fi\/wp-json\/wp\/v2\/media?parent=3563"}],"wp:term":[{"taxonomy":"products-category","embeddable":true,"href":"https:\/\/www.mightygrass.com\/fi\/wp-json\/wp\/v2\/products-category?post=3563"},{"taxonomy":"product-tags","embeddable":true,"href":"https:\/\/www.mightygrass.com\/fi\/wp-json\/wp\/v2\/product-tags?post=3563"}],"curies":[{"name":"wp","href":"https:\/\/api.w.org\/{rel}","templated":true}]}}