{"id":3587,"date":"2025-01-01T11:46:13","date_gmt":"2025-01-01T11:46:13","guid":{"rendered":"https:\/\/mtgrassturf.com\/?post_type=product&#038;p=3587"},"modified":"2026-01-08T15:23:25","modified_gmt":"2026-01-08T07:23:25","slug":"interior-decoration","status":"publish","type":"product","link":"https:\/\/www.mightygrass.com\/fi\/product\/interior-decoration\/","title":{"rendered":"MT-WAVE MAX"},"content":{"rendered":"<p>T\u00e4m\u00e4 sisustusnurmi soveltuu toimistotilojen, messuhallien, myym\u00e4l\u00f6iden ja sis\u00e4tilojen viherrytt\u00e4miseen. Sen innovatiiviset kaksois-W + aaltoilumalliset langat tarjoavat rikkaamman kerroksen ja kolmiulotteisen vaikutelman, mik\u00e4 antaa nurmen luonnollisemman ulkon\u00e4\u00f6n. 28 mm:n korkeudella ja 18900 tiheydell\u00e4 turve takaa pehmeyden ja mukavuuden, joten se sopii erinomaisesti sis\u00e4aktiviteettialueille. PP- ja PU-materiaalien yhdistelm\u00e4 parantaa nurmen kulutuskest\u00e4vyytt\u00e4 varmistaen, ett\u00e4 se ei haalistu pitk\u00e4aikaisen k\u00e4yt\u00f6n j\u00e4lkeen ja s\u00e4ilytt\u00e4\u00e4 sen kest\u00e4v\u00e4n kauneuden. V\u00e4rimaailma korostaa harmonista kauneutta luonnon ja modernin muotoilun v\u00e4lill\u00e4, joten se on ihanteellinen valinta sis\u00e4tilojen sisustamiseen.<\/p>","protected":false},"excerpt":{"rendered":"<p>T\u00e4m\u00e4 sisustusnurmi soveltuu toimistotilojen, messuhallien, myym\u00e4l\u00f6iden ja sis\u00e4tilojen viherrytt\u00e4miseen. Sen innovatiiviset kaksois-W + aaltoilumalliset langat tarjoavat rikkaamman kerroksen ja kolmiulotteisen vaikutelman, mik\u00e4 antaa nurmen luonnollisemman ulkon\u00e4\u00f6n. 28 mm:n korkeudella ja 18\u00a0900 tiheydell\u00e4 turve takaa pehmeyden ja mukavuuden, mik\u00e4 tekee [\u2026]<\/p>","protected":false},"author":6,"featured_media":3589,"menu_order":0,"comment_status":"closed","ping_status":"closed","template":"","format":"standard","meta":{"_acf_changed":false,"_seopress_robots_primary_cat":"none","_seopress_titles_title":"MT-WAVE MAX Artificial Grass %%sep%% %%sitetitle%%","_seopress_titles_desc":"","_seopress_robots_index":"","ub_ctt_via":"","footnotes":""},"products-category":[39],"product-tags":[],"class_list":["post-3587","product","type-product","status-publish","format-standard","has-post-thumbnail","hentry","products-category-commercial"],"acf":[],"_links":{"self":[{"href":"https:\/\/www.mightygrass.com\/fi\/wp-json\/wp\/v2\/product\/3587","targetHints":{"allow":["GET"]}}],"collection":[{"href":"https:\/\/www.mightygrass.com\/fi\/wp-json\/wp\/v2\/product"}],"about":[{"href":"https:\/\/www.mightygrass.com\/fi\/wp-json\/wp\/v2\/types\/product"}],"author":[{"embeddable":true,"href":"https:\/\/www.mightygrass.com\/fi\/wp-json\/wp\/v2\/users\/6"}],"replies":[{"embeddable":true,"href":"https:\/\/www.mightygrass.com\/fi\/wp-json\/wp\/v2\/comments?post=3587"}],"version-history":[{"count":1,"href":"https:\/\/www.mightygrass.com\/fi\/wp-json\/wp\/v2\/product\/3587\/revisions"}],"predecessor-version":[{"id":15178,"href":"https:\/\/www.mightygrass.com\/fi\/wp-json\/wp\/v2\/product\/3587\/revisions\/15178"}],"wp:featuredmedia":[{"embeddable":true,"href":"https:\/\/www.mightygrass.com\/fi\/wp-json\/wp\/v2\/media\/3589"}],"wp:attachment":[{"href":"https:\/\/www.mightygrass.com\/fi\/wp-json\/wp\/v2\/media?parent=3587"}],"wp:term":[{"taxonomy":"products-category","embeddable":true,"href":"https:\/\/www.mightygrass.com\/fi\/wp-json\/wp\/v2\/products-category?post=3587"},{"taxonomy":"product-tags","embeddable":true,"href":"https:\/\/www.mightygrass.com\/fi\/wp-json\/wp\/v2\/product-tags?post=3587"}],"curies":[{"name":"wp","href":"https:\/\/api.w.org\/{rel}","templated":true}]}}