{"id":3599,"date":"2026-03-03T10:08:33","date_gmt":"2026-03-03T02:08:33","guid":{"rendered":"https:\/\/mtgrassturf.com\/?post_type=product&#038;p=3599"},"modified":"2026-03-11T09:46:30","modified_gmt":"2026-03-11T01:46:30","slug":"mt-hp-charming","status":"publish","type":"product","link":"https:\/\/www.mightygrass.com\/fi\/product\/mt-hp-charming\/","title":{"rendered":"MT-HP Hurmaava"},"content":{"rendered":"<p>T\u00e4m\u00e4 erityisesti lemmikkiel\u00e4imille suunniteltu tekonurmi sis\u00e4lt\u00e4\u00e4 vahvoja antibakteerisia ominaisuuksia ja nopeaa vedenpoistoa, mik\u00e4 varmistaa, ett\u00e4 pinta pysyy kuivana ja hygieenisen\u00e4 k\u00e4yt\u00f6n j\u00e4lkeen. Nurmikorkeus on 32 mm ja tiheys 19950, joten se on sek\u00e4 pehme\u00e4 ett\u00e4 kest\u00e4v\u00e4, ja se on ihanteellinen pitk\u00e4kestoiseen lemmikkitoimintaan. Korkean l\u00e4p\u00e4isevyyden taustatekniikka tyhjent\u00e4\u00e4 nopeasti lemmikkij\u00e4tteet, mik\u00e4 est\u00e4\u00e4 veden kertymisen ja hajujen muodostumisen. V\u00e4ris\u00e4vy simuloi luonnollista ruohoa ja tarjoaa kauniin ja luonnollisen ilmeen ja tarjoaa lemmikeille turvallisen ja mukavan leikkipaikan \u2013 mik\u00e4 tekee siit\u00e4 t\u00e4ydellisen valinnan lemmikki\u00e4 rakastaville perheille.<\/p>","protected":false},"excerpt":{"rendered":"<p>T\u00e4m\u00e4 erityisesti lemmikkiel\u00e4imille suunniteltu tekonurmi sis\u00e4lt\u00e4\u00e4 vahvat antibakteeriset ominaisuudet ja nopean vedenpoiston, mik\u00e4 varmistaa, ett\u00e4 pinta pysyy kuivana ja hygieenisen\u00e4 k\u00e4yt\u00f6n j\u00e4lkeen. Nurmikorkeus on 32 mm ja tiheys 19950, joten se on sek\u00e4 pehme\u00e4 ett\u00e4 kest\u00e4v\u00e4, ja se on ihanteellinen pitk\u00e4kestoiseen lemmikkitoimintaan. Eritt\u00e4in l\u00e4p\u00e4isev\u00e4 taustatekniikka tyhjent\u00e4\u00e4 nopeasti lemmikkij\u00e4tteen, [\u2026]<\/p>","protected":false},"author":6,"featured_media":3980,"menu_order":0,"comment_status":"closed","ping_status":"closed","template":"","format":"standard","meta":{"_acf_changed":false,"_seopress_robots_primary_cat":"none","_seopress_titles_title":"MT-HP CHARMING Artificial Grass - MTGRSS","_seopress_titles_desc":"","_seopress_robots_index":"","ub_ctt_via":"","footnotes":""},"products-category":[45,80,41,54],"product-tags":[],"class_list":["post-3599","product","type-product","status-publish","format-standard","has-post-thumbnail","hentry","products-category-diy","products-category-landscape-turf","products-category-pets","products-category-star-product"],"acf":[],"_links":{"self":[{"href":"https:\/\/www.mightygrass.com\/fi\/wp-json\/wp\/v2\/product\/3599","targetHints":{"allow":["GET"]}}],"collection":[{"href":"https:\/\/www.mightygrass.com\/fi\/wp-json\/wp\/v2\/product"}],"about":[{"href":"https:\/\/www.mightygrass.com\/fi\/wp-json\/wp\/v2\/types\/product"}],"author":[{"embeddable":true,"href":"https:\/\/www.mightygrass.com\/fi\/wp-json\/wp\/v2\/users\/6"}],"replies":[{"embeddable":true,"href":"https:\/\/www.mightygrass.com\/fi\/wp-json\/wp\/v2\/comments?post=3599"}],"version-history":[{"count":1,"href":"https:\/\/www.mightygrass.com\/fi\/wp-json\/wp\/v2\/product\/3599\/revisions"}],"predecessor-version":[{"id":7131,"href":"https:\/\/www.mightygrass.com\/fi\/wp-json\/wp\/v2\/product\/3599\/revisions\/7131"}],"wp:featuredmedia":[{"embeddable":true,"href":"https:\/\/www.mightygrass.com\/fi\/wp-json\/wp\/v2\/media\/3980"}],"wp:attachment":[{"href":"https:\/\/www.mightygrass.com\/fi\/wp-json\/wp\/v2\/media?parent=3599"}],"wp:term":[{"taxonomy":"products-category","embeddable":true,"href":"https:\/\/www.mightygrass.com\/fi\/wp-json\/wp\/v2\/products-category?post=3599"},{"taxonomy":"product-tags","embeddable":true,"href":"https:\/\/www.mightygrass.com\/fi\/wp-json\/wp\/v2\/product-tags?post=3599"}],"curies":[{"name":"wp","href":"https:\/\/api.w.org\/{rel}","templated":true}]}}