{"id":3605,"date":"2025-01-01T11:49:57","date_gmt":"2025-01-01T11:49:57","guid":{"rendered":"https:\/\/mtgrassturf.com\/?post_type=product&#038;p=3605"},"modified":"2026-01-08T15:23:34","modified_gmt":"2026-01-08T07:23:34","slug":"kindergarten-turf","status":"publish","type":"product","link":"https:\/\/www.mightygrass.com\/fi\/product\/kindergarten-turf\/","title":{"rendered":"MT-RAINBOW"},"content":{"rendered":"<p>T\u00e4m\u00e4 erityisesti p\u00e4iv\u00e4koteja varten suunniteltu nurmikko sis\u00e4lt\u00e4\u00e4 kirkkaita ja eloisia v\u00e4rej\u00e4, kuten punainen, keltainen, sininen ja violetti, mik\u00e4 her\u00e4tt\u00e4\u00e4 lasten kiinnostusta ja luo el\u00e4v\u00e4n ja iloisen ilmapiirin leikkialueelle. U-muotoinen ruohonter\u00e4rakenne tarjoaa pehme\u00e4n kosketuksen ja samalla erinomaisen kulutuskest\u00e4vyyden, mik\u00e4 varmistaa, ett\u00e4 nurmikko s\u00e4ilytt\u00e4\u00e4 muotonsa my\u00f6s toistuvassa k\u00e4yt\u00f6ss\u00e4. UV-suojatut ja liukastumista est\u00e4v\u00e4t ominaisuudet lis\u00e4\u00e4v\u00e4t turvallisuutta ulkona, mik\u00e4 tekee siit\u00e4 ihanteellisen lasten juoksemiseen ja leikkimiseen toimintaalueilla. PP +PP+ SBR -materiaalirakenne takaa kest\u00e4vyyden ja ymp\u00e4rist\u00f6n mukautuvuuden, joten se on t\u00e4ydellinen valinta p\u00e4iv\u00e4kotiin ja lasten leikkikentille.<\/p>","protected":false},"excerpt":{"rendered":"<p>T\u00e4m\u00e4 erityisesti p\u00e4iv\u00e4koteja varten suunniteltu nurmikko sis\u00e4lt\u00e4\u00e4 kirkkaita ja eloisia v\u00e4rej\u00e4, kuten punainen, keltainen, sininen ja violetti, mik\u00e4 her\u00e4tt\u00e4\u00e4 lasten kiinnostusta ja luo el\u00e4v\u00e4n ja iloisen ilmapiirin leikkialueelle. U-muotoinen ruohonter\u00e4rakenne tarjoaa pehme\u00e4n kosketuksen ja samalla erinomaisen kulutuskest\u00e4vyyden, mik\u00e4 varmistaa, ett\u00e4 nurmikko s\u00e4ilytt\u00e4\u00e4 muotonsa my\u00f6s [\u2026]<\/p>","protected":false},"author":6,"featured_media":3607,"menu_order":0,"comment_status":"closed","ping_status":"closed","template":"","format":"standard","meta":{"_acf_changed":false,"_seopress_robots_primary_cat":"none","_seopress_titles_title":"MT-RAINBOW Artificial Grass %%sep%% %%sitetitle%%","_seopress_titles_desc":"","_seopress_robots_index":"","ub_ctt_via":"","footnotes":""},"products-category":[44],"product-tags":[],"class_list":["post-3605","product","type-product","status-publish","format-standard","has-post-thumbnail","hentry","products-category-playground"],"acf":[],"_links":{"self":[{"href":"https:\/\/www.mightygrass.com\/fi\/wp-json\/wp\/v2\/product\/3605","targetHints":{"allow":["GET"]}}],"collection":[{"href":"https:\/\/www.mightygrass.com\/fi\/wp-json\/wp\/v2\/product"}],"about":[{"href":"https:\/\/www.mightygrass.com\/fi\/wp-json\/wp\/v2\/types\/product"}],"author":[{"embeddable":true,"href":"https:\/\/www.mightygrass.com\/fi\/wp-json\/wp\/v2\/users\/6"}],"replies":[{"embeddable":true,"href":"https:\/\/www.mightygrass.com\/fi\/wp-json\/wp\/v2\/comments?post=3605"}],"version-history":[{"count":1,"href":"https:\/\/www.mightygrass.com\/fi\/wp-json\/wp\/v2\/product\/3605\/revisions"}],"predecessor-version":[{"id":15179,"href":"https:\/\/www.mightygrass.com\/fi\/wp-json\/wp\/v2\/product\/3605\/revisions\/15179"}],"wp:featuredmedia":[{"embeddable":true,"href":"https:\/\/www.mightygrass.com\/fi\/wp-json\/wp\/v2\/media\/3607"}],"wp:attachment":[{"href":"https:\/\/www.mightygrass.com\/fi\/wp-json\/wp\/v2\/media?parent=3605"}],"wp:term":[{"taxonomy":"products-category","embeddable":true,"href":"https:\/\/www.mightygrass.com\/fi\/wp-json\/wp\/v2\/products-category?post=3605"},{"taxonomy":"product-tags","embeddable":true,"href":"https:\/\/www.mightygrass.com\/fi\/wp-json\/wp\/v2\/product-tags?post=3605"}],"curies":[{"name":"wp","href":"https:\/\/api.w.org\/{rel}","templated":true}]}}