{"id":3617,"date":"2026-03-03T10:30:29","date_gmt":"2026-03-03T02:30:29","guid":{"rendered":"https:\/\/mtgrassturf.com\/?post_type=product&#038;p=3617"},"modified":"2026-03-11T09:46:08","modified_gmt":"2026-03-11T01:46:08","slug":"roof-garden","status":"publish","type":"product","link":"https:\/\/www.mightygrass.com\/fi\/product\/roof-garden\/","title":{"rendered":"MT-WAVE"},"content":{"rendered":"<p>T\u00e4m\u00e4 erityisesti kattopuutarhoja ja maisemointia varten suunniteltu nurmikko sis\u00e4lt\u00e4\u00e4 erinomaiset antibakteeriset ja s\u00e4\u00e4nkest\u00e4v\u00e4t ominaisuudet, mik\u00e4 tekee siit\u00e4 ihanteellisen ankariin ymp\u00e4rist\u00f6olosuhteisiin. Kaksinkertainen W ruohonter\u00e4rakenne varmistaa kolmiulotteisen ja joustavan pinnan, joka est\u00e4\u00e4 muodonmuutoksia toistuvasta k\u00e4velyst\u00e4 ja k\u00e4yt\u00f6st\u00e4. PP + SBR -taustarakenne parantaa nurmen vakautta, jolloin se kest\u00e4\u00e4 pitk\u00e4aikaista altistumista UV-s\u00e4teille haalistumatta tai heikent\u00e4m\u00e4tt\u00e4. Luonnollinen v\u00e4ri sulautuu saumattomasti ymp\u00e4r\u00f6iv\u00e4\u00e4n ymp\u00e4rist\u00f6\u00f6n ja lis\u00e4\u00e4 rakennuksen vihre\u00e4\u00e4 estetiikkaa. K\u00e4ytet\u00e4\u00e4np\u00e4 sitten vapaa-ajan alueilla, maisemoinnissa tai ymp\u00e4rist\u00f6yst\u00e4v\u00e4llisess\u00e4 vihertymisess\u00e4, t\u00e4m\u00e4 nurmi tarjoaa t\u00e4ydellisen ratkaisun.<\/p>","protected":false},"excerpt":{"rendered":"<p>T\u00e4m\u00e4 erityisesti kattopuutarhoja ja maisemointia varten suunniteltu nurmikko sis\u00e4lt\u00e4\u00e4 erinomaiset antibakteeriset ja s\u00e4\u00e4nkest\u00e4v\u00e4t ominaisuudet, mik\u00e4 tekee siit\u00e4 ihanteellisen ankariin ymp\u00e4rist\u00f6olosuhteisiin. Kaksinkertainen W ruohonter\u00e4rakenne varmistaa kolmiulotteisen ja joustavan pinnan, joka est\u00e4\u00e4 muodonmuutoksia toistuvasta k\u00e4velyst\u00e4 ja k\u00e4yt\u00f6st\u00e4. PP + SBR-taustarakenne parantaa nurmen vakautta, jolloin se kest\u00e4\u00e4 [\u2026]<\/p>","protected":false},"author":6,"featured_media":3619,"menu_order":0,"comment_status":"closed","ping_status":"closed","template":"","format":"standard","meta":{"_acf_changed":false,"_seopress_robots_primary_cat":"none","_seopress_titles_title":"MT-WAVE Artificial Grass %%sep%% %%sitetitle%%","_seopress_titles_desc":"","_seopress_robots_index":"","ub_ctt_via":"","footnotes":""},"products-category":[38,54],"product-tags":[],"class_list":["post-3617","product","type-product","status-publish","format-standard","has-post-thumbnail","hentry","products-category-residential","products-category-star-product"],"acf":[],"_links":{"self":[{"href":"https:\/\/www.mightygrass.com\/fi\/wp-json\/wp\/v2\/product\/3617","targetHints":{"allow":["GET"]}}],"collection":[{"href":"https:\/\/www.mightygrass.com\/fi\/wp-json\/wp\/v2\/product"}],"about":[{"href":"https:\/\/www.mightygrass.com\/fi\/wp-json\/wp\/v2\/types\/product"}],"author":[{"embeddable":true,"href":"https:\/\/www.mightygrass.com\/fi\/wp-json\/wp\/v2\/users\/6"}],"replies":[{"embeddable":true,"href":"https:\/\/www.mightygrass.com\/fi\/wp-json\/wp\/v2\/comments?post=3617"}],"version-history":[{"count":2,"href":"https:\/\/www.mightygrass.com\/fi\/wp-json\/wp\/v2\/product\/3617\/revisions"}],"predecessor-version":[{"id":15192,"href":"https:\/\/www.mightygrass.com\/fi\/wp-json\/wp\/v2\/product\/3617\/revisions\/15192"}],"wp:featuredmedia":[{"embeddable":true,"href":"https:\/\/www.mightygrass.com\/fi\/wp-json\/wp\/v2\/media\/3619"}],"wp:attachment":[{"href":"https:\/\/www.mightygrass.com\/fi\/wp-json\/wp\/v2\/media?parent=3617"}],"wp:term":[{"taxonomy":"products-category","embeddable":true,"href":"https:\/\/www.mightygrass.com\/fi\/wp-json\/wp\/v2\/products-category?post=3617"},{"taxonomy":"product-tags","embeddable":true,"href":"https:\/\/www.mightygrass.com\/fi\/wp-json\/wp\/v2\/product-tags?post=3617"}],"curies":[{"name":"wp","href":"https:\/\/api.w.org\/{rel}","templated":true}]}}