{"id":1802,"date":"2024-12-05T15:22:31","date_gmt":"2024-12-05T15:22:31","guid":{"rendered":"https:\/\/mtgrassturf.com\/?page_id=1802"},"modified":"2024-12-05T15:33:22","modified_gmt":"2024-12-05T15:33:22","slug":"cookie-policy","status":"publish","type":"page","link":"https:\/\/www.mightygrass.com\/fr\/cookie-policy\/","title":{"rendered":"Politique de cookies"},"content":{"rendered":"<div data-elementor-type=\"wp-page\" data-elementor-id=\"1802\" class=\"elementor elementor-1802\" data-elementor-post-type=\"page\">\n\t\t\t\t<div class=\"elementor-element elementor-element-408607c e-flex e-con-boxed e-con e-parent\" data-id=\"408607c\" data-element_type=\"container\" data-settings=\"{&quot;background_background&quot;:&quot;classic&quot;,&quot;ekit_has_onepagescroll_dot&quot;:&quot;yes&quot;}\">\n\t\t\t\t\t<div class=\"e-con-inner\">\n\t\t<div class=\"elementor-element elementor-element-3cb8bae e-con-full e-flex e-con e-child\" data-id=\"3cb8bae\" data-element_type=\"container\" data-settings=\"{&quot;background_background&quot;:&quot;classic&quot;,&quot;ekit_has_onepagescroll_dot&quot;:&quot;yes&quot;}\">\n\t\t\t\t<div class=\"elementor-element elementor-element-8c2766b elementor-widget elementor-widget-text-editor\" data-id=\"8c2766b\" data-element_type=\"widget\" data-settings=\"{&quot;ekit_we_effect_on&quot;:&quot;none&quot;}\" data-widget_type=\"text-editor.default\">\n\t\t\t\t\t\t\t\t\t\n<p>Date d&#039;entr\u00e9e en vigueur : 27 mars 2024<br>Derni\u00e8re mise \u00e0 jour : 27 mars 2024<\/p>\n\n\n\n<h5 class=\"wp-block-heading\">Que sont les cookies ?<\/h5>\n\n\n\n<p>Cette politique relative aux cookies explique ce que sont les cookies et comment nous les utilisons, les types de cookies que nous utilisons, c&#039;est-\u00e0-dire les informations que nous collectons \u00e0 l&#039;aide de cookies et comment ces informations sont utilis\u00e9es, et comment g\u00e9rer les param\u00e8tres des cookies.<\/p>\n\n\n\n<p>Les cookies sont de petits fichiers texte utilis\u00e9s pour stocker de petites informations. Ils sont stock\u00e9s sur votre appareil lorsque le site Web est charg\u00e9 sur votre navigateur. Ces cookies nous aident \u00e0 faire fonctionner correctement le site Web, \u00e0 le rendre plus s\u00fbr, \u00e0 offrir une meilleure exp\u00e9rience utilisateur, \u00e0 comprendre comment le site Web fonctionne et \u00e0 analyser ce qui fonctionne et o\u00f9 il doit \u00eatre am\u00e9lior\u00e9.<\/p>\n\n\n\n<h5 class=\"wp-block-heading\">Comment utilisons-nous les cookies ?<\/h5>\n\n\n\n<p>Comme la plupart des services en ligne, notre site Web utilise des cookies propri\u00e9taires et tiers \u00e0 plusieurs fins. Les cookies propri\u00e9taires sont principalement n\u00e9cessaires au bon fonctionnement du site Web et ne collectent aucune de vos donn\u00e9es personnelles identifiables.<\/p>\n\n\n\n<p>Les cookies tiers utilis\u00e9s sur notre site Web servent principalement \u00e0 comprendre comment le site Web fonctionne, comment vous interagissez avec notre site Web, \u00e0 assurer la s\u00e9curit\u00e9 de nos services, \u00e0 fournir des publicit\u00e9s pertinentes pour vous et, dans l&#039;ensemble, \u00e0 vous offrir une exp\u00e9rience utilisateur meilleure et am\u00e9lior\u00e9e et \u00e0 acc\u00e9l\u00e9rer vos futures interactions avec notre site Web.<\/p>\n\n\n\n<h5 class=\"wp-block-heading\">Types de cookies que nous utilisons<\/h5>\n\n\n\n<h3 class=\"wp-block-heading\">N\u00e9cessaire<\/h3>\n\n\n\n<p>Les cookies n\u00e9cessaires sont requis pour activer les fonctionnalit\u00e9s de base de ce site, telles que la connexion s\u00e9curis\u00e9e ou le r\u00e9glage de vos pr\u00e9f\u00e9rences de consentement. Ces cookies ne stockent aucune donn\u00e9e personnellement identifiable.<\/p>\n\n\n\n<figure class=\"wp-block-table\"><table class=\"has-fixed-layout\"><thead><tr><th>Biscuit<\/th><th>Dur\u00e9e<\/th><th>Description<\/th><\/tr><\/thead><tbody><tr><td>wpEmojiSettingsPrend en charge<\/td><td>session<\/td><td>WordPress d\u00e9finit ce cookie lorsqu&#039;un utilisateur interagit avec des \u00e9mojis sur un site WordPress. Il permet de d\u00e9terminer si le navigateur de l&#039;utilisateur peut afficher correctement les \u00e9mojis.<\/td><\/tr><tr><td>PHPSESSID<\/td><td>session<\/td><td>Ce cookie est natif des applications PHP. Le cookie stocke et identifie l&#039;ID de session unique d&#039;un utilisateur pour g\u00e9rer les sessions utilisateur sur le site Web. Le cookie est un cookie de session et sera supprim\u00e9 lorsque toutes les fen\u00eatres du navigateur seront ferm\u00e9es.<\/td><\/tr><tr><td>cookieoui-consentement<\/td><td>1 an<\/td><td>CookieYes d\u00e9finit ce cookie pour m\u00e9moriser les pr\u00e9f\u00e9rences de consentement des utilisateurs afin que leurs pr\u00e9f\u00e9rences soient respect\u00e9es lors de leurs visites ult\u00e9rieures sur ce site. Il ne collecte ni ne stocke aucune information personnelle sur les visiteurs du site.<\/td><\/tr><tr><td>rc::un<\/td><td>N&#039;expire jamais<\/td><td>Ce cookie est d\u00e9fini par le service Google recaptcha pour identifier les robots afin de prot\u00e9ger le site Web contre les attaques de spam malveillantes.<\/td><\/tr><tr><td>rc::c<\/td><td>session<\/td><td>Ce cookie est d\u00e9fini par le service Google recaptcha pour identifier les robots afin de prot\u00e9ger le site Web contre les attaques de spam malveillantes.<\/td><\/tr><\/tbody><\/table><\/figure>\n\n\n\n<h3 class=\"wp-block-heading\">Fonctionnel<\/h3>\n\n\n\n<p>Les cookies fonctionnels aident \u00e0 ex\u00e9cuter certaines fonctionnalit\u00e9s telles que le partage du contenu du site Web sur les plateformes de m\u00e9dias sociaux, la collecte de commentaires et d&#039;autres fonctionnalit\u00e9s tierces.<\/p>\n\n\n\n<figure class=\"wp-block-table\"><table class=\"has-fixed-layout\"><thead><tr><th>Biscuit<\/th><th>Dur\u00e9e<\/th><th>Description<\/th><\/tr><\/thead><tbody><tr><td>li_gc<\/td><td>6 mois<\/td><td>Linkedin a d\u00e9fini ce cookie pour stocker le consentement du visiteur concernant l&#039;utilisation de cookies \u00e0 des fins non essentielles.<\/td><\/tr><tr><td>lidc<\/td><td>1 jour<\/td><td>LinkedIn d\u00e9finit le cookie lidc pour faciliter la s\u00e9lection du centre de donn\u00e9es.<\/td><\/tr><tr><td>vc<\/td><td>N&#039;expire jamais<\/td><td>Le cookie vc est d\u00e9fini par addthis.com sur les sites qui permettent le partage sur les r\u00e9seaux sociaux.<\/td><\/tr><tr><td>ytidb::CL\u00c9 D&#039;ENTR\u00c9E DU DERNIER R\u00c9SULTAT<\/td><td>N&#039;expire jamais<\/td><td>Le cookie ytidb::LAST_RESULT_ENTRY_KEY est utilis\u00e9 par YouTube pour stocker la derni\u00e8re entr\u00e9e de r\u00e9sultat de recherche sur laquelle l&#039;utilisateur a cliqu\u00e9. Ces informations sont utilis\u00e9es pour am\u00e9liorer l&#039;exp\u00e9rience utilisateur en fournissant des r\u00e9sultats de recherche plus pertinents \u00e0 l&#039;avenir.<\/td><\/tr><tr><td>application de session \u00e0 distance yt<\/td><td>session<\/td><td>Le cookie yt-remote-session-app est utilis\u00e9 par YouTube pour stocker les pr\u00e9f\u00e9rences de l&#039;utilisateur et des informations sur l&#039;interface du lecteur vid\u00e9o YouTube int\u00e9gr\u00e9.<\/td><\/tr><tr><td>yt-remote-cast-install\u00e9<\/td><td>session<\/td><td>Le cookie yt-remote-cast-installed est utilis\u00e9 pour stocker les pr\u00e9f\u00e9rences du lecteur vid\u00e9o de l&#039;utilisateur utilisant la vid\u00e9o YouTube int\u00e9gr\u00e9e.<\/td><\/tr><tr><td>nom-de-session-\u00e0-distance-yt<\/td><td>session<\/td><td>Le cookie yt-remote-session-name est utilis\u00e9 par YouTube pour stocker les pr\u00e9f\u00e9rences du lecteur vid\u00e9o de l&#039;utilisateur \u00e0 l&#039;aide d&#039;une vid\u00e9o YouTube int\u00e9gr\u00e9e.<\/td><\/tr><tr><td>yt-remote-fast-check-period<\/td><td>session<\/td><td>Le cookie yt-remote-fast-check-period est utilis\u00e9 par YouTube pour stocker les pr\u00e9f\u00e9rences du lecteur vid\u00e9o de l&#039;utilisateur pour les vid\u00e9os YouTube int\u00e9gr\u00e9es.<\/td><\/tr><tr><td>wp-wpml_langue_actuelle<\/td><td>session<\/td><td>Le plugin multilingue WordPress d\u00e9finit ce cookie pour stocker la langue\/les param\u00e8tres de langue actuels.<\/td><\/tr><\/tbody><\/table><\/figure>\n\n\n\n<h3 class=\"wp-block-heading\">Analytique<\/h3>\n\n\n\n<p>Les cookies analytiques sont utilis\u00e9s pour comprendre comment les visiteurs interagissent avec le site Web. Ces cookies aident \u00e0 fournir des informations sur des mesures telles que le nombre de visiteurs, le taux de rebond, la source de trafic, etc.<\/p>\n\n\n\n<figure class=\"wp-block-table\"><table class=\"has-fixed-layout\"><thead><tr><th>Biscuit<\/th><th>Dur\u00e9e<\/th><th>Description<\/th><\/tr><\/thead><tbody><tr><td>CLID<\/td><td>1 an<\/td><td>Microsoft Clarity a d\u00e9fini ce cookie pour stocker des informations sur la fa\u00e7on dont les visiteurs interagissent avec le site Web. Le cookie permet de fournir un rapport d&#039;analyse. La collecte de donn\u00e9es comprend le nombre de visiteurs, l&#039;endroit o\u00f9 ils visitent le site Web et les pages visit\u00e9es.<\/td><\/tr><tr><td>_G\u00e9orgie_*<\/td><td>1 an 1 mois 4 jours<\/td><td>Google Analytics d\u00e9finit ce cookie pour stocker et compter les pages vues.<\/td><\/tr><tr><td>_G\u00e9orgie<\/td><td>1 an 1 mois 4 jours<\/td><td>Google Analytics d\u00e9finit ce cookie pour calculer les donn\u00e9es des visiteurs, des sessions et des campagnes et pour suivre l&#039;utilisation du site pour le rapport d&#039;analyse du site. Le cookie stocke des informations de mani\u00e8re anonyme et attribue un num\u00e9ro g\u00e9n\u00e9r\u00e9 de mani\u00e8re al\u00e9atoire pour reconna\u00eetre les visiteurs uniques.<\/td><\/tr><tr><td>_fbp<\/td><td>3 mois<\/td><td>Facebook d\u00e9finit ce cookie pour afficher des publicit\u00e9s lorsque vous \u00eates sur Facebook ou sur une plateforme num\u00e9rique aliment\u00e9e par la publicit\u00e9 Facebook apr\u00e8s avoir visit\u00e9 le site Web.<\/td><\/tr><tr><td>_clic<\/td><td>1 an<\/td><td>Microsoft Clarity d\u00e9finit ce cookie pour conserver l&#039;identifiant utilisateur Clarity du navigateur et les param\u00e8tres exclusifs \u00e0 ce site Web. Cela garantit que les actions effectu\u00e9es lors de visites ult\u00e9rieures sur le m\u00eame site Web seront li\u00e9es au m\u00eame identifiant utilisateur.<\/td><\/tr><tr><td>SM<\/td><td>session<\/td><td>Le cookie Microsoft Clarity d\u00e9finit ce cookie pour synchroniser le MUID sur les domaines Microsoft.<\/td><\/tr><tr><td>_clsk<\/td><td>1 jour 1 minute<\/td><td>Microsoft Clarity d\u00e9finit ce cookie pour stocker et consolider les pages vues d&#039;un utilisateur dans un seul enregistrement de session.<\/td><\/tr><tr><td>M<\/td><td>7 jours<\/td><td>Ce cookie, d\u00e9fini par Bing, est utilis\u00e9 pour collecter des informations sur l&#039;utilisateur \u00e0 des fins d&#039;analyse.<\/td><\/tr><tr><td>limite_session_pys<\/td><td>1 heure<\/td><td>Le plugin PixelYourSite d\u00e9finit ce cookie pour g\u00e9rer les services d&#039;analyse.<\/td><\/tr><tr><td>session_d\u00e9marrage_pys<\/td><td>session<\/td><td>Le plugin PixelYourSite d\u00e9finit ce cookie pour g\u00e9rer les services d&#039;analyse.<\/td><\/tr><tr><td>_gid<\/td><td>1 jour<\/td><td>Google Analytics d\u00e9finit ce cookie pour stocker des informations sur la fa\u00e7on dont les visiteurs utilisent un site Web tout en cr\u00e9ant un rapport d&#039;analyse des performances du site Web. Certaines des donn\u00e9es collect\u00e9es incluent le nombre de visiteurs, leur source et les pages qu&#039;ils visitent de mani\u00e8re anonyme.<\/td><\/tr><tr><td>_gat_gtag_UA_*<\/td><td>1 minute<\/td><td>Google Analytics d\u00e9finit ce cookie pour stocker un identifiant d&#039;utilisateur unique.<\/td><\/tr><\/tbody><\/table><\/figure>\n\n\n\n<h3 class=\"wp-block-heading\">Performance<\/h3>\n\n\n\n<p>Les cookies de performance sont utilis\u00e9s pour comprendre et analyser les indices de performance cl\u00e9s du site Web, ce qui contribue \u00e0 offrir une meilleure exp\u00e9rience utilisateur aux visiteurs.<\/p>\n\n\n\n<figure class=\"wp-block-table\"><table class=\"has-fixed-layout\"><thead><tr><th>Biscuit<\/th><th>Dur\u00e9e<\/th><th>Description<\/th><\/tr><\/thead><tbody><tr><td>SRM_B<\/td><td>1 an 24 jours<\/td><td>Utilis\u00e9 par Microsoft Advertising comme identifiant unique pour les visiteurs.<\/td><\/tr><tr><td>_flingue<\/td><td>1 minute<\/td><td>Google Universal Analytics d\u00e9finit ce cookie pour limiter le taux de demande et ainsi limiter la collecte de donn\u00e9es sur les sites \u00e0 fort trafic.<\/td><\/tr><\/tbody><\/table><\/figure>\n\n\n\n<h3 class=\"wp-block-heading\">Publicit\u00e9<\/h3>\n\n\n\n<p>Les cookies publicitaires sont utilis\u00e9s pour fournir aux visiteurs des publicit\u00e9s personnalis\u00e9es en fonction des pages que vous avez visit\u00e9es pr\u00e9c\u00e9demment et pour analyser l&#039;efficacit\u00e9 des campagnes publicitaires.<\/p>\n\n\n\n<figure class=\"wp-block-table\"><table class=\"has-fixed-layout\"><thead><tr><th>Biscuit<\/th><th>Dur\u00e9e<\/th><th>Description<\/th><\/tr><\/thead><tbody><tr><td>bcookie<\/td><td>1 an<\/td><td>LinkedIn d\u00e9finit ce cookie \u00e0 partir des boutons de partage et des balises publicitaires LinkedIn pour reconna\u00eetre les identifiants du navigateur.<\/td><\/tr><tr><td>_pin_unauth<\/td><td>1 an<\/td><td>Pinterest a d\u00e9fini ce cookie pour regrouper les actions des utilisateurs qui ne peuvent pas \u00eatre identifi\u00e9s.<\/td><\/tr><tr><td>MUID<\/td><td>1 an 24 jours<\/td><td>Bing d\u00e9finit ce cookie pour reconna\u00eetre les navigateurs Web uniques visitant les sites Microsoft. Ce cookie est utilis\u00e9 pour la publicit\u00e9, l&#039;analyse du site et d&#039;autres op\u00e9rations.<\/td><\/tr><tr><td>ANONCHK<\/td><td>10 minutes<\/td><td>Le cookie ANONCHK, d\u00e9fini par Bing, est utilis\u00e9 pour stocker l&#039;ID de session d&#039;un utilisateur et v\u00e9rifier les clics sur les annonces sur le moteur de recherche Bing. Le cookie permet \u00e9galement de cr\u00e9er des rapports et de personnaliser les annonces.<\/td><\/tr><tr><td>je<\/td><td>N&#039;expire jamais<\/td><td>Ce cookie est d\u00e9fini par OpenX pour enregistrer des donn\u00e9es utilisateur anonymis\u00e9es, telles que l&#039;adresse IP, la situation g\u00e9ographique, les sites Web visit\u00e9s, les publicit\u00e9s sur lesquelles l&#039;utilisateur a cliqu\u00e9, etc., pour une publicit\u00e9 pertinente.<\/td><\/tr><tr><td>YSC<\/td><td>session<\/td><td>Youtube d\u00e9finit ce cookie pour suivre les vues des vid\u00e9os int\u00e9gr\u00e9es sur les pages Youtube.<\/td><\/tr><tr><td>INFO_VISITEUR1_LIVE<\/td><td>6 mois<\/td><td>YouTube d\u00e9finit ce cookie pour mesurer la bande passante, d\u00e9terminant si l&#039;utilisateur obtient la nouvelle ou l&#039;ancienne interface du lecteur.<\/td><\/tr><tr><td>M\u00e9tadonn\u00e9es de confidentialit\u00e9 des visiteurs<\/td><td>6 mois<\/td><td>YouTube d\u00e9finit ce cookie pour stocker l&#039;\u00e9tat de consentement des cookies de l&#039;utilisateur pour le domaine actuel.<\/td><\/tr><tr><td>ID de l&#039;appareil distant yt<\/td><td>N&#039;expire jamais<\/td><td>YouTube d\u00e9finit ce cookie pour stocker les pr\u00e9f\u00e9rences vid\u00e9o de l&#039;utilisateur utilisant des vid\u00e9os YouTube int\u00e9gr\u00e9es.<\/td><\/tr><tr><td>yt.innertube::requests<\/td><td>N&#039;expire jamais<\/td><td>YouTube d\u00e9finit ce cookie pour enregistrer un identifiant unique afin de stocker des donn\u00e9es sur les vid\u00e9os de YouTube que l&#039;utilisateur a vues.<\/td><\/tr><tr><td>appareils connect\u00e9s \u00e0 distance yt<\/td><td>N&#039;expire jamais<\/td><td>YouTube d\u00e9finit ce cookie pour stocker les pr\u00e9f\u00e9rences vid\u00e9o de l&#039;utilisateur utilisant des vid\u00e9os YouTube int\u00e9gr\u00e9es.<\/td><\/tr><tr><td>yt.innertube::nextId<\/td><td>N&#039;expire jamais<\/td><td>YouTube d\u00e9finit ce cookie pour enregistrer un identifiant unique afin de stocker des donn\u00e9es sur les vid\u00e9os de YouTube que l&#039;utilisateur a vues.<\/td><\/tr><tr><td>NID<\/td><td>6 mois<\/td><td>Google d\u00e9finit le cookie \u00e0 des fins publicitaires\u00a0: pour limiter le nombre de fois que l&#039;utilisateur voit une publicit\u00e9, pour d\u00e9sactiver les publicit\u00e9s ind\u00e9sirables et pour mesurer l&#039;efficacit\u00e9 des publicit\u00e9s.<\/td><\/tr><\/tbody><\/table><\/figure>\n\n\n\n<h3 class=\"wp-block-heading\">Non class\u00e9<\/h3>\n\n\n\n<p>Les autres cookies non cat\u00e9goris\u00e9s sont ceux qui sont en cours d&#039;analyse et qui n&#039;ont pas encore \u00e9t\u00e9 class\u00e9s dans une cat\u00e9gorie.<\/p>\n\n\n\n<figure class=\"wp-block-table\"><table class=\"has-fixed-layout\"><thead><tr><th>Biscuit<\/th><th>Dur\u00e9e<\/th><th>Description<\/th><\/tr><\/thead><tbody><tr><td>ar_debug<\/td><td>1 an<\/td><td>La description n&#039;est actuellement pas disponible.<\/td><\/tr><tr><td>_PCCSID_601887<\/td><td>21 minutes<\/td><td>La description n&#039;est actuellement pas disponible.<\/td><\/tr><tr><td>_PCCID<\/td><td>1 an 1 mois 4 jours 1 minute<\/td><td>La description n&#039;est actuellement pas disponible.<\/td><\/tr><tr><td>Cookies tiers activ\u00e9s<\/td><td>1 jour<\/td><td>Aucune description disponible.<\/td><\/tr><tr><td>est_eu<\/td><td>session<\/td><td>Aucune description disponible.<\/td><\/tr><tr><td>cs_enabled_cookie_term_23<\/td><td>6 mois<\/td><td>La description n&#039;est actuellement pas disponible.<\/td><\/tr><tr><td>cs_enabled_cookie_term_27<\/td><td>6 mois<\/td><td>La description n&#039;est actuellement pas disponible.<\/td><\/tr><tr><td>cs_enabled_cookie_term_24<\/td><td>6 mois<\/td><td>La description n&#039;est actuellement pas disponible.<\/td><\/tr><tr><td>cs_user_preference<\/td><td>6 mois<\/td><td>La description n&#039;est actuellement pas disponible.<\/td><\/tr><tr><td>CS-Magie<\/td><td>6 mois<\/td><td>La description n&#039;est actuellement pas disponible.<\/td><\/tr><tr><td>T\u00e9l\u00e9phone enregistr\u00e9<\/td><td>1 an 1 mois 4 jours<\/td><td>La description n&#039;est actuellement pas disponible.<\/td><\/tr><tr><td>\u00c9tiquette de t\u00e9l\u00e9phone enregistr\u00e9e<\/td><td>1 an 1 mois 4 jours<\/td><td>La description n&#039;est actuellement pas disponible.<\/td><\/tr><tr><td>T\u00e9l\u00e9phone eursaved<\/td><td>1 an 1 mois 4 jours<\/td><td>La description n&#039;est actuellement pas disponible.<\/td><\/tr><tr><td>\u00c9tiquette de t\u00e9l\u00e9phone eursaved<\/td><td>1 an 1 mois 4 jours<\/td><td>La description n&#039;est actuellement pas disponible.<\/td><\/tr><tr><td>__Jeton de d\u00e9ploiement s\u00e9curis\u00e9<\/td><td>6 mois<\/td><td>La description n&#039;est actuellement pas disponible.<\/td><\/tr><\/tbody><\/table><\/figure>\n\n\n\n<h5 class=\"wp-block-heading\">G\u00e9rer les pr\u00e9f\u00e9rences de cookies<\/h5>\n\n\n\n<p><a>Param\u00e8tres des cookies<\/a><\/p>\n\n\n\n<p>Vous pouvez modifier vos pr\u00e9f\u00e9rences en mati\u00e8re de cookies \u00e0 tout moment en cliquant sur le bouton ci-dessus. Cela vous permettra de consulter \u00e0 nouveau la banni\u00e8re de consentement aux cookies et de modifier vos pr\u00e9f\u00e9rences ou de retirer imm\u00e9diatement votre consentement.<\/p>\n\n\n\n<p>En plus de cela, les diff\u00e9rents navigateurs proposent diff\u00e9rentes m\u00e9thodes pour bloquer et supprimer les cookies utilis\u00e9s par les sites Web. Vous pouvez modifier les param\u00e8tres de votre navigateur pour bloquer\/supprimer les cookies. Vous trouverez ci-dessous les liens vers les documents d&#039;assistance sur la gestion et la suppression des cookies des principaux navigateurs Web.<\/p>\n\n\n\n<p>Chrome:&nbsp;<a href=\"https:\/\/support.google.com\/accounts\/answer\/32050\" target=\"_blank\" rel=\"noreferrer noopener\">https:\/\/support.google.com\/accounts\/answer\/32050<\/a><\/p>\n\n\n\n<p>Safari:&nbsp;<a href=\"https:\/\/support.apple.com\/en-in\/guide\/safari\/sfri11471\/mac\" target=\"_blank\" rel=\"noreferrer noopener\">https:\/\/support.apple.com\/en-in\/guide\/safari\/sfri11471\/mac<\/a><\/p>\n\n\n\n<p>Firefox:&nbsp;<a href=\"https:\/\/support.mozilla.org\/en-US\/kb\/clear-cookies-and-site-data-firefox?redirectslug=delete-cookies-remove-info-websites-stored&amp;redirectlocale=en-US\" target=\"_blank\" rel=\"noreferrer noopener\">https:\/\/support.mozilla.org\/en-US\/kb\/clear-cookies-and-site-data-firefox?redirectslug=delete-cookies-remove-info-websites-stored&amp;redirectlocale=en-US<\/a><\/p>\n\n\n\n<p>Internet Explorer :&nbsp;<a href=\"https:\/\/support.microsoft.com\/en-us\/topic\/how-to-delete-cookie-files-in-internet-explorer-bca9446f-d873-78de-77ba-d42645fa52fc\" target=\"_blank\" rel=\"noreferrer noopener\">https:\/\/support.microsoft.com\/en-us\/topic\/how-to-delete-cookie-files-in-internet-explorer-bca9446f-d873-78de-77ba-d42645fa52fc<\/a><\/p>\n\n\n\n<p>Si vous utilisez un autre navigateur Web, veuillez consulter les documents d&#039;assistance officiels de votre navigateur.<\/p>\n\n\n\n<p>Politique de cookies g\u00e9n\u00e9r\u00e9e par&nbsp;<a href=\"https:\/\/www.cookieyes.com\/?utm_source=CP&amp;utm_medium=footer&amp;utm_campaign=UW\" target=\"_blank\" rel=\"noreferrer noopener\">CookieYes \u2013 G\u00e9n\u00e9rateur de politique de cookies<\/a>.<\/p>\n\t\t\t\t\t\t\t\t<\/div>\n\t\t\t\t<\/div>\n\t\t\t\t\t<\/div>\n\t\t\t\t<\/div>\n\t\t\t\t<\/div>","protected":false},"excerpt":{"rendered":"<p>Date d&#039;entr\u00e9e en vigueur : 27 mars 2024Derni\u00e8re mise \u00e0 jour : 27 mars 2024Que sont les cookies ? Cette politique de cookies explique ce que sont les cookies et comment nous les utilisons, les types de cookies que nous utilisons, c&#039;est-\u00e0-dire les informations que nous collectons \u00e0 l&#039;aide de cookies et comment ces informations sont utilis\u00e9es, et comment g\u00e9rer les param\u00e8tres des cookies. Les cookies sont de petits fichiers texte qui sont utilis\u00e9s pour [\u2026]<\/p>","protected":false},"author":6,"featured_media":0,"parent":0,"menu_order":0,"comment_status":"closed","ping_status":"closed","template":"","meta":{"_acf_changed":false,"_seopress_robots_primary_cat":"","_seopress_titles_title":"","_seopress_titles_desc":"","_seopress_robots_index":"","ub_ctt_via":"","footnotes":""},"class_list":["post-1802","page","type-page","status-publish","hentry"],"acf":[],"featured_image_src":null,"_links":{"self":[{"href":"https:\/\/www.mightygrass.com\/fr\/wp-json\/wp\/v2\/pages\/1802","targetHints":{"allow":["GET"]}}],"collection":[{"href":"https:\/\/www.mightygrass.com\/fr\/wp-json\/wp\/v2\/pages"}],"about":[{"href":"https:\/\/www.mightygrass.com\/fr\/wp-json\/wp\/v2\/types\/page"}],"author":[{"embeddable":true,"href":"https:\/\/www.mightygrass.com\/fr\/wp-json\/wp\/v2\/users\/6"}],"replies":[{"embeddable":true,"href":"https:\/\/www.mightygrass.com\/fr\/wp-json\/wp\/v2\/comments?post=1802"}],"version-history":[{"count":0,"href":"https:\/\/www.mightygrass.com\/fr\/wp-json\/wp\/v2\/pages\/1802\/revisions"}],"wp:attachment":[{"href":"https:\/\/www.mightygrass.com\/fr\/wp-json\/wp\/v2\/media?parent=1802"}],"curies":[{"name":"wp","href":"https:\/\/api.w.org\/{rel}","templated":true}]}}