{"id":3510,"date":"2025-01-01T11:10:59","date_gmt":"2025-01-01T11:10:59","guid":{"rendered":"https:\/\/mtgrassturf.com\/?post_type=product&#038;p=3510"},"modified":"2026-01-08T15:08:03","modified_gmt":"2026-01-08T07:08:03","slug":"mt-non-infill-arc","status":"publish","type":"product","link":"https:\/\/www.mightygrass.com\/fr\/produit\/mt-non-infill-arc\/","title":{"rendered":"MT-Arc sans remplissage"},"content":{"rendered":"<p><strong>Le FIFA 60 \uff1a<\/strong><strong> Diamant FIFA<\/strong> <strong>gras<\/strong>La conception des fibres offre une \u00e9lasticit\u00e9 exceptionnelle, avec une densit\u00e9 de fibres d&#039;herbe mod\u00e9r\u00e9e, adapt\u00e9e aux \u00e9v\u00e9nements \u00e0 fort trafic. Il peut r\u00e9sister \u00e0 des impacts fr\u00e9quents sans d\u00e9formation.&nbsp;<\/p>\n\n\n\n<p><strong>La FIFA<\/strong><strong>-HTUmeilleur&nbsp; <\/strong>La fibre d&#039;herbe am\u00e9liore la r\u00e9sistance \u00e0 la compression et la stabilit\u00e9 du gazon gr\u00e2ce \u00e0 sa structure nervur\u00e9e renforc\u00e9e, garantissant que le terrain reste en excellent \u00e9tat m\u00eame apr\u00e8s des matchs intenses.&nbsp;<\/p>\n\n\n\n<p><strong>Le <\/strong><strong>Potence MT-XL <\/strong><strong>et <\/strong><strong>MT-HTMaxi <\/strong><strong>herbe<\/strong> Les fibres sont ax\u00e9es sur le soutien et le rebond, offrant aux joueurs un mouvement plus confortable et plus fluide sur le terrain. Qu&#039;il s&#039;agisse d&#039;\u00e9v\u00e9nements locaux ou de tournois internationaux, ces gazons offrent aux athl\u00e8tes une exp\u00e9rience comp\u00e9titive id\u00e9ale, am\u00e9liorant la qualit\u00e9 du jeu.<\/p>","protected":false},"excerpt":{"rendered":"<p>La conception de la fibre de gazon FIFA 60 \uff1a FIFA-Diamond offre une \u00e9lasticit\u00e9 exceptionnelle, avec une densit\u00e9 de fibre de gazon mod\u00e9r\u00e9e, adapt\u00e9e aux \u00e9v\u00e9nements \u00e0 fort trafic. Il peut r\u00e9sister \u00e0 des impacts fr\u00e9quents sans d\u00e9formation. La fibre de gazon FIFA-HTUbest am\u00e9liore la r\u00e9sistance \u00e0 la compression et la stabilit\u00e9 du gazon gr\u00e2ce \u00e0 sa structure nervur\u00e9e renforc\u00e9e, garantissant que le terrain reste en excellent \u00e9tat m\u00eame apr\u00e8s des matchs intenses. Le [\u2026]<\/p>","protected":false},"author":6,"featured_media":3511,"menu_order":0,"comment_status":"closed","ping_status":"closed","template":"","format":"standard","meta":{"_acf_changed":false,"_seopress_robots_primary_cat":"none","_seopress_titles_title":"MT-Non-infill-Arc | Non-infill Artificial Grass %%sep%% %%sitetitle%%","_seopress_titles_desc":"","_seopress_robots_index":"","ub_ctt_via":"","footnotes":""},"products-category":[17,78],"product-tags":[],"class_list":["post-3510","product","type-product","status-publish","format-standard","has-post-thumbnail","hentry","products-category-football","products-category-non-infill-artificial-grass"],"acf":[],"_links":{"self":[{"href":"https:\/\/www.mightygrass.com\/fr\/wp-json\/wp\/v2\/product\/3510","targetHints":{"allow":["GET"]}}],"collection":[{"href":"https:\/\/www.mightygrass.com\/fr\/wp-json\/wp\/v2\/product"}],"about":[{"href":"https:\/\/www.mightygrass.com\/fr\/wp-json\/wp\/v2\/types\/product"}],"author":[{"embeddable":true,"href":"https:\/\/www.mightygrass.com\/fr\/wp-json\/wp\/v2\/users\/6"}],"replies":[{"embeddable":true,"href":"https:\/\/www.mightygrass.com\/fr\/wp-json\/wp\/v2\/comments?post=3510"}],"version-history":[{"count":2,"href":"https:\/\/www.mightygrass.com\/fr\/wp-json\/wp\/v2\/product\/3510\/revisions"}],"predecessor-version":[{"id":15163,"href":"https:\/\/www.mightygrass.com\/fr\/wp-json\/wp\/v2\/product\/3510\/revisions\/15163"}],"wp:featuredmedia":[{"embeddable":true,"href":"https:\/\/www.mightygrass.com\/fr\/wp-json\/wp\/v2\/media\/3511"}],"wp:attachment":[{"href":"https:\/\/www.mightygrass.com\/fr\/wp-json\/wp\/v2\/media?parent=3510"}],"wp:term":[{"taxonomy":"products-category","embeddable":true,"href":"https:\/\/www.mightygrass.com\/fr\/wp-json\/wp\/v2\/products-category?post=3510"},{"taxonomy":"product-tags","embeddable":true,"href":"https:\/\/www.mightygrass.com\/fr\/wp-json\/wp\/v2\/product-tags?post=3510"}],"curies":[{"name":"wp","href":"https:\/\/api.w.org\/{rel}","templated":true}]}}