{"id":3558,"date":"2025-01-01T11:36:41","date_gmt":"2025-01-01T11:36:41","guid":{"rendered":"https:\/\/mtgrassturf.com\/?post_type=product&#038;p=3558"},"modified":"2026-01-08T15:22:47","modified_gmt":"2026-01-08T07:22:47","slug":"mt-memo","status":"publish","type":"product","link":"https:\/\/www.mightygrass.com\/fr\/produit\/mt-memo\/","title":{"rendered":"M\u00e9mo MT"},"content":{"rendered":"<p>&nbsp;Le gazon de rugby n\u00e9cessite une forte r\u00e9sistance aux impacts et une structure \u00e0 haute densit\u00e9 pour faire face aux mouvements intenses et aux collisions des joueurs.&nbsp;<\/p>\n\n\n\n<p><strong>Le FIFA 40 <\/strong>&nbsp;<strong>&nbsp;FIFA-HTUbest<\/strong> Les fibres d&#039;herbe pr\u00e9sentent une conception nervur\u00e9e, qui non seulement am\u00e9liore la r\u00e9sistance \u00e0 l&#039;abrasion du gazon, mais am\u00e9liore \u00e9galement la stabilit\u00e9 des fibres d&#039;herbe, le rendant capable de r\u00e9sister aux collisions f\u00e9roces typiques des matchs de rugby.&nbsp;<\/p>\n\n\n\n<p><strong>Le FIFA 50 <\/strong><strong>&nbsp;Diamant FIFA <\/strong>Les fibres d&#039;herbe offrent une \u00e9lasticit\u00e9 et une r\u00e9sistance \u00e0 la compression sup\u00e9rieures, garantissant confort et s\u00e9curit\u00e9 lors des mouvements du joueur.&nbsp;<\/p>\n\n\n\n<p><strong>Le <\/strong><strong>MT Surf <\/strong><strong>et <\/strong><strong>&nbsp;&nbsp;MT-HTArc <\/strong><strong>herbe <\/strong>les conceptions optimisent le rebond et la stabilit\u00e9, offrant plus de soutien pour le terrain et s&#039;adaptant aux mouvements \u00e0 fort impact uniques du rugby.&nbsp;<\/p>\n\n\n\n<p><strong>Le <\/strong><strong>&nbsp;M\u00e9mo MT <\/strong><strong>gazon <\/strong>offre une r\u00e9sistance \u00e0 la compression exceptionnelle et un excellent retour d&#039;information pour les pieds, offrant aux joueurs de rugby une exp\u00e9rience in\u00e9gal\u00e9e sur le terrain.<\/p>","protected":false},"excerpt":{"rendered":"<p>&nbsp;Le gazon de rugby n\u00e9cessite une forte r\u00e9sistance aux chocs et une structure \u00e0 haute densit\u00e9 pour faire face aux mouvements intenses et aux collisions des joueurs. Les fibres de gazon FIFA 40 FIFA-HTUbest pr\u00e9sentent une conception nervur\u00e9e, qui non seulement am\u00e9liore la r\u00e9sistance \u00e0 l&#039;abrasion du gazon, mais renforce \u00e9galement la stabilit\u00e9 des fibres de gazon, ce qui le rend capable de r\u00e9sister aux collisions violentes [\u2026]<\/p>","protected":false},"author":6,"featured_media":3560,"menu_order":0,"comment_status":"closed","ping_status":"closed","template":"","format":"standard","meta":{"_acf_changed":false,"_seopress_robots_primary_cat":"none","_seopress_titles_title":"MT-Memo Artificial Grass %%sep%% %%sitetitle%%","_seopress_titles_desc":"","_seopress_robots_index":"","ub_ctt_via":"","footnotes":""},"products-category":[48],"product-tags":[],"class_list":["post-3558","product","type-product","status-publish","format-standard","has-post-thumbnail","hentry","products-category-rugby"],"acf":[],"_links":{"self":[{"href":"https:\/\/www.mightygrass.com\/fr\/wp-json\/wp\/v2\/product\/3558","targetHints":{"allow":["GET"]}}],"collection":[{"href":"https:\/\/www.mightygrass.com\/fr\/wp-json\/wp\/v2\/product"}],"about":[{"href":"https:\/\/www.mightygrass.com\/fr\/wp-json\/wp\/v2\/types\/product"}],"author":[{"embeddable":true,"href":"https:\/\/www.mightygrass.com\/fr\/wp-json\/wp\/v2\/users\/6"}],"replies":[{"embeddable":true,"href":"https:\/\/www.mightygrass.com\/fr\/wp-json\/wp\/v2\/comments?post=3558"}],"version-history":[{"count":1,"href":"https:\/\/www.mightygrass.com\/fr\/wp-json\/wp\/v2\/product\/3558\/revisions"}],"predecessor-version":[{"id":15173,"href":"https:\/\/www.mightygrass.com\/fr\/wp-json\/wp\/v2\/product\/3558\/revisions\/15173"}],"wp:featuredmedia":[{"embeddable":true,"href":"https:\/\/www.mightygrass.com\/fr\/wp-json\/wp\/v2\/media\/3560"}],"wp:attachment":[{"href":"https:\/\/www.mightygrass.com\/fr\/wp-json\/wp\/v2\/media?parent=3558"}],"wp:term":[{"taxonomy":"products-category","embeddable":true,"href":"https:\/\/www.mightygrass.com\/fr\/wp-json\/wp\/v2\/products-category?post=3558"},{"taxonomy":"product-tags","embeddable":true,"href":"https:\/\/www.mightygrass.com\/fr\/wp-json\/wp\/v2\/product-tags?post=3558"}],"curies":[{"name":"wp","href":"https:\/\/api.w.org\/{rel}","templated":true}]}}