{"id":3593,"date":"2026-03-03T09:47:17","date_gmt":"2026-03-03T01:47:17","guid":{"rendered":"https:\/\/mtgrassturf.com\/?post_type=product&#038;p=3593"},"modified":"2026-03-11T09:46:38","modified_gmt":"2026-03-11T01:46:38","slug":"diy-turf","status":"publish","type":"product","link":"https:\/\/www.mightygrass.com\/fr\/produit\/diy-turf\/","title":{"rendered":"MT-WAVE NATUREL"},"content":{"rendered":"<p>Ce gazon de bricolage est con\u00e7u pour des projets de maison et de jardin personnalis\u00e9s, offrant cinq choix de couleurs pour r\u00e9pondre aux besoins cr\u00e9atifs de diff\u00e9rents clients. Le design unique \u00e0 double vague + ondulation + olive ajoute de la profondeur et de la richesse \u00e0 la fois en termes de texture et d&#039;attrait visuel. Avec une hauteur d&#039;herbe de 45 mm et une densit\u00e9 de 13650, le gazon offre une excellente \u00e9lasticit\u00e9 et un excellent confort, id\u00e9al pour cr\u00e9er des jardins priv\u00e9s, des cours ou des espaces cr\u00e9atifs. Qu&#039;il soit utilis\u00e9 pour paver des all\u00e9es vertes ou comme d\u00e9coration int\u00e9rieure, il s&#039;adapte facilement \u00e0 divers styles de conception, offrant des options plus flexibles pour les amateurs de bricolage.<\/p>\n\n\n\n<p><\/p>","protected":false},"excerpt":{"rendered":"<p>Ce gazon \u00e0 faire soi-m\u00eame est con\u00e7u pour des projets de maison et de jardin personnalis\u00e9s, offrant cinq choix de couleurs pour r\u00e9pondre aux besoins cr\u00e9atifs de diff\u00e9rents clients. Le design unique \u00e0 double vague + ondulation + olive ajoute de la profondeur et de la richesse \u00e0 la fois en termes de texture et d&#039;attrait visuel. Avec une hauteur d&#039;herbe de 45 mm et une densit\u00e9 de 13650, le gazon [\u2026]<\/p>","protected":false},"author":6,"featured_media":3594,"menu_order":0,"comment_status":"closed","ping_status":"closed","template":"","format":"standard","meta":{"_acf_changed":false,"_seopress_robots_primary_cat":"none","_seopress_titles_title":"MT-WAVE NATURAL Artificial Grass %%sep%% %%sitetitle%%","_seopress_titles_desc":"","_seopress_robots_index":"","ub_ctt_via":"","footnotes":""},"products-category":[45,54],"product-tags":[],"class_list":["post-3593","product","type-product","status-publish","format-standard","has-post-thumbnail","hentry","products-category-diy","products-category-star-product"],"acf":[],"_links":{"self":[{"href":"https:\/\/www.mightygrass.com\/fr\/wp-json\/wp\/v2\/product\/3593","targetHints":{"allow":["GET"]}}],"collection":[{"href":"https:\/\/www.mightygrass.com\/fr\/wp-json\/wp\/v2\/product"}],"about":[{"href":"https:\/\/www.mightygrass.com\/fr\/wp-json\/wp\/v2\/types\/product"}],"author":[{"embeddable":true,"href":"https:\/\/www.mightygrass.com\/fr\/wp-json\/wp\/v2\/users\/6"}],"replies":[{"embeddable":true,"href":"https:\/\/www.mightygrass.com\/fr\/wp-json\/wp\/v2\/comments?post=3593"}],"version-history":[{"count":2,"href":"https:\/\/www.mightygrass.com\/fr\/wp-json\/wp\/v2\/product\/3593\/revisions"}],"predecessor-version":[{"id":15194,"href":"https:\/\/www.mightygrass.com\/fr\/wp-json\/wp\/v2\/product\/3593\/revisions\/15194"}],"wp:featuredmedia":[{"embeddable":true,"href":"https:\/\/www.mightygrass.com\/fr\/wp-json\/wp\/v2\/media\/3594"}],"wp:attachment":[{"href":"https:\/\/www.mightygrass.com\/fr\/wp-json\/wp\/v2\/media?parent=3593"}],"wp:term":[{"taxonomy":"products-category","embeddable":true,"href":"https:\/\/www.mightygrass.com\/fr\/wp-json\/wp\/v2\/products-category?post=3593"},{"taxonomy":"product-tags","embeddable":true,"href":"https:\/\/www.mightygrass.com\/fr\/wp-json\/wp\/v2\/product-tags?post=3593"}],"curies":[{"name":"wp","href":"https:\/\/api.w.org\/{rel}","templated":true}]}}