{"id":3599,"date":"2026-03-03T10:08:33","date_gmt":"2026-03-03T02:08:33","guid":{"rendered":"https:\/\/mtgrassturf.com\/?post_type=product&#038;p=3599"},"modified":"2026-03-11T09:46:30","modified_gmt":"2026-03-11T01:46:30","slug":"mt-hp-charming","status":"publish","type":"product","link":"https:\/\/www.mightygrass.com\/fr\/produit\/mt-hp-charming\/","title":{"rendered":"MT-HP CHARMANT"},"content":{"rendered":"<p>Con\u00e7u sp\u00e9cifiquement pour les animaux de compagnie, ce gazon artificiel pr\u00e9sente de fortes propri\u00e9t\u00e9s antibact\u00e9riennes et un drainage rapide, garantissant que la surface reste s\u00e8che et hygi\u00e9nique apr\u00e8s utilisation. Avec une hauteur d&#039;herbe de 32 mm et une densit\u00e9 de 19950, le gazon est \u00e0 la fois doux et durable, id\u00e9al pour une activit\u00e9 prolong\u00e9e des animaux de compagnie. La technologie de support \u00e0 haute perm\u00e9abilit\u00e9 draine rapidement les d\u00e9chets des animaux de compagnie, emp\u00eachant l&#039;accumulation d&#039;eau et les odeurs. La teinte de couleur simule l&#039;herbe naturelle, offrant un aspect magnifique et naturel, offrant aux animaux de compagnie une aire de jeu s\u00fbre et confortable, ce qui en fait le choix parfait pour les familles qui aiment les animaux de compagnie.<\/p>","protected":false},"excerpt":{"rendered":"<p>Con\u00e7u sp\u00e9cifiquement pour les animaux de compagnie, ce gazon artificiel pr\u00e9sente de fortes propri\u00e9t\u00e9s antibact\u00e9riennes et un drainage rapide, garantissant que la surface reste s\u00e8che et hygi\u00e9nique apr\u00e8s utilisation. Avec une hauteur d&#039;herbe de 32 mm et une densit\u00e9 de 19950, le gazon est \u00e0 la fois doux et durable, id\u00e9al pour une activit\u00e9 prolong\u00e9e des animaux de compagnie. La technologie de support \u00e0 haute perm\u00e9abilit\u00e9 draine rapidement les d\u00e9chets des animaux, [\u2026]<\/p>","protected":false},"author":6,"featured_media":3980,"menu_order":0,"comment_status":"closed","ping_status":"closed","template":"","format":"standard","meta":{"_acf_changed":false,"_seopress_robots_primary_cat":"none","_seopress_titles_title":"MT-HP CHARMING Artificial Grass - MTGRSS","_seopress_titles_desc":"","_seopress_robots_index":"","ub_ctt_via":"","footnotes":""},"products-category":[45,80,41,54],"product-tags":[],"class_list":["post-3599","product","type-product","status-publish","format-standard","has-post-thumbnail","hentry","products-category-diy","products-category-landscape-turf","products-category-pets","products-category-star-product"],"acf":[],"_links":{"self":[{"href":"https:\/\/www.mightygrass.com\/fr\/wp-json\/wp\/v2\/product\/3599","targetHints":{"allow":["GET"]}}],"collection":[{"href":"https:\/\/www.mightygrass.com\/fr\/wp-json\/wp\/v2\/product"}],"about":[{"href":"https:\/\/www.mightygrass.com\/fr\/wp-json\/wp\/v2\/types\/product"}],"author":[{"embeddable":true,"href":"https:\/\/www.mightygrass.com\/fr\/wp-json\/wp\/v2\/users\/6"}],"replies":[{"embeddable":true,"href":"https:\/\/www.mightygrass.com\/fr\/wp-json\/wp\/v2\/comments?post=3599"}],"version-history":[{"count":1,"href":"https:\/\/www.mightygrass.com\/fr\/wp-json\/wp\/v2\/product\/3599\/revisions"}],"predecessor-version":[{"id":7131,"href":"https:\/\/www.mightygrass.com\/fr\/wp-json\/wp\/v2\/product\/3599\/revisions\/7131"}],"wp:featuredmedia":[{"embeddable":true,"href":"https:\/\/www.mightygrass.com\/fr\/wp-json\/wp\/v2\/media\/3980"}],"wp:attachment":[{"href":"https:\/\/www.mightygrass.com\/fr\/wp-json\/wp\/v2\/media?parent=3599"}],"wp:term":[{"taxonomy":"products-category","embeddable":true,"href":"https:\/\/www.mightygrass.com\/fr\/wp-json\/wp\/v2\/products-category?post=3599"},{"taxonomy":"product-tags","embeddable":true,"href":"https:\/\/www.mightygrass.com\/fr\/wp-json\/wp\/v2\/product-tags?post=3599"}],"curies":[{"name":"wp","href":"https:\/\/api.w.org\/{rel}","templated":true}]}}