{"id":3617,"date":"2026-03-03T10:30:29","date_gmt":"2026-03-03T02:30:29","guid":{"rendered":"https:\/\/mtgrassturf.com\/?post_type=product&#038;p=3617"},"modified":"2026-03-11T09:46:08","modified_gmt":"2026-03-11T01:46:08","slug":"roof-garden","status":"publish","type":"product","link":"https:\/\/www.mightygrass.com\/fr\/produit\/roof-garden\/","title":{"rendered":"MT-Vague"},"content":{"rendered":"<p>Ce gazon, sp\u00e9cialement con\u00e7u pour les jardins sur les toits et l&#039;am\u00e9nagement paysager, pr\u00e9sente d&#039;excellentes propri\u00e9t\u00e9s antibact\u00e9riennes et r\u00e9sistantes aux intemp\u00e9ries, ce qui le rend id\u00e9al pour les conditions environnementales difficiles. La structure de la lame d&#039;herbe \u00e0 double W assure une surface tridimensionnelle et \u00e9lastique, emp\u00eachant la d\u00e9formation due \u00e0 la marche et \u00e0 l&#039;utilisation fr\u00e9quentes. La conception du support PP + SBR am\u00e9liore la stabilit\u00e9 du gazon, lui permettant de r\u00e9sister \u00e0 une exposition prolong\u00e9e aux rayons UV sans se d\u00e9colorer ni se d\u00e9grader. La couleur naturelle se marie parfaitement \u00e0 l&#039;environnement environnant, am\u00e9liorant l&#039;esth\u00e9tique verte du b\u00e2timent. Qu&#039;il soit utilis\u00e9 pour les espaces de loisirs, l&#039;am\u00e9nagement paysager ou le verdissement \u00e9cologique, ce gazon offre la solution parfaite.<\/p>","protected":false},"excerpt":{"rendered":"<p>Ce gazon, sp\u00e9cialement con\u00e7u pour les jardins sur toit et l&#039;am\u00e9nagement paysager, pr\u00e9sente d&#039;excellentes propri\u00e9t\u00e9s antibact\u00e9riennes et r\u00e9sistantes aux intemp\u00e9ries, ce qui le rend id\u00e9al pour les conditions environnementales difficiles. La structure de la lame d&#039;herbe \u00e0 double W assure une surface tridimensionnelle et \u00e9lastique, emp\u00eachant la d\u00e9formation due \u00e0 la marche et \u00e0 l&#039;utilisation fr\u00e9quentes. La conception du support PP + SBR am\u00e9liore la stabilit\u00e9 du gazon, lui permettant de r\u00e9sister [\u2026]<\/p>","protected":false},"author":6,"featured_media":3619,"menu_order":0,"comment_status":"closed","ping_status":"closed","template":"","format":"standard","meta":{"_acf_changed":false,"_seopress_robots_primary_cat":"none","_seopress_titles_title":"MT-WAVE Artificial Grass %%sep%% %%sitetitle%%","_seopress_titles_desc":"","_seopress_robots_index":"","ub_ctt_via":"","footnotes":""},"products-category":[38,54],"product-tags":[],"class_list":["post-3617","product","type-product","status-publish","format-standard","has-post-thumbnail","hentry","products-category-residential","products-category-star-product"],"acf":[],"_links":{"self":[{"href":"https:\/\/www.mightygrass.com\/fr\/wp-json\/wp\/v2\/product\/3617","targetHints":{"allow":["GET"]}}],"collection":[{"href":"https:\/\/www.mightygrass.com\/fr\/wp-json\/wp\/v2\/product"}],"about":[{"href":"https:\/\/www.mightygrass.com\/fr\/wp-json\/wp\/v2\/types\/product"}],"author":[{"embeddable":true,"href":"https:\/\/www.mightygrass.com\/fr\/wp-json\/wp\/v2\/users\/6"}],"replies":[{"embeddable":true,"href":"https:\/\/www.mightygrass.com\/fr\/wp-json\/wp\/v2\/comments?post=3617"}],"version-history":[{"count":2,"href":"https:\/\/www.mightygrass.com\/fr\/wp-json\/wp\/v2\/product\/3617\/revisions"}],"predecessor-version":[{"id":15192,"href":"https:\/\/www.mightygrass.com\/fr\/wp-json\/wp\/v2\/product\/3617\/revisions\/15192"}],"wp:featuredmedia":[{"embeddable":true,"href":"https:\/\/www.mightygrass.com\/fr\/wp-json\/wp\/v2\/media\/3619"}],"wp:attachment":[{"href":"https:\/\/www.mightygrass.com\/fr\/wp-json\/wp\/v2\/media?parent=3617"}],"wp:term":[{"taxonomy":"products-category","embeddable":true,"href":"https:\/\/www.mightygrass.com\/fr\/wp-json\/wp\/v2\/products-category?post=3617"},{"taxonomy":"product-tags","embeddable":true,"href":"https:\/\/www.mightygrass.com\/fr\/wp-json\/wp\/v2\/product-tags?post=3617"}],"curies":[{"name":"wp","href":"https:\/\/api.w.org\/{rel}","templated":true}]}}