{"id":3479,"date":"2025-01-02T10:52:15","date_gmt":"2025-01-02T02:52:15","guid":{"rendered":"https:\/\/mtgrassturf.com\/?post_type=product&#038;p=3479"},"modified":"2026-01-08T15:24:12","modified_gmt":"2026-01-08T07:24:12","slug":"fifa-mt-ubest-50","status":"publish","type":"product","link":"https:\/\/www.mightygrass.com\/it\/prodotto\/fifa-mt-ubest-50\/","title":{"rendered":"FIFA MT-UBEST 50"},"content":{"rendered":"<p><strong>FIFA-Diamante<\/strong> <strong>Grasso<\/strong>Il design delle fibre offre un&#039;elasticit\u00e0 eccezionale, con una densit\u00e0 moderata delle fibre d&#039;erba, adatta per eventi ad alto traffico. Pu\u00f2 resistere a impatti frequenti senza deformazioni.\u00a0<\/p>\n\n\n\n<p><strong>La FIFA<\/strong><strong>-HTUmigliore&nbsp; <\/strong>la fibra d&#039;erba aumenta la resistenza alla compressione e la stabilit\u00e0 del manto erboso grazie alla sua struttura rinforzata con nervature, garantendo che il campo rimanga in condizioni eccellenti anche dopo partite intense.&nbsp;<\/p>\n\n\n\n<p><\/p>","protected":false},"excerpt":{"rendered":"<p>Il design della fibra d&#039;erba FIFA-Diamond offre un&#039;elasticit\u00e0 eccezionale, con una densit\u00e0 moderata della fibra d&#039;erba, adatta per eventi ad alto traffico. Pu\u00f2 resistere a impatti frequenti senza deformarsi. La fibra d&#039;erba FIFA-HTUbest migliora la resistenza alla compressione e la stabilit\u00e0 del manto erboso attraverso la sua struttura a coste rinforzata, assicurando che il campo rimanga in condizioni eccellenti anche dopo partite intense.&nbsp;<\/p>","protected":false},"author":6,"featured_media":5746,"menu_order":0,"comment_status":"closed","ping_status":"closed","template":"","format":"standard","meta":{"_acf_changed":false,"_seopress_robots_primary_cat":"none","_seopress_titles_title":"MT-UBEST 50mm FIFA Artificial Grass %%sep%% %%sitetitle%%","_seopress_titles_desc":"","_seopress_robots_index":"","ub_ctt_via":"","footnotes":""},"products-category":[17],"product-tags":[],"class_list":["post-3479","product","type-product","status-publish","format-standard","has-post-thumbnail","hentry","products-category-football"],"acf":[],"_links":{"self":[{"href":"https:\/\/www.mightygrass.com\/it\/wp-json\/wp\/v2\/product\/3479","targetHints":{"allow":["GET"]}}],"collection":[{"href":"https:\/\/www.mightygrass.com\/it\/wp-json\/wp\/v2\/product"}],"about":[{"href":"https:\/\/www.mightygrass.com\/it\/wp-json\/wp\/v2\/types\/product"}],"author":[{"embeddable":true,"href":"https:\/\/www.mightygrass.com\/it\/wp-json\/wp\/v2\/users\/6"}],"replies":[{"embeddable":true,"href":"https:\/\/www.mightygrass.com\/it\/wp-json\/wp\/v2\/comments?post=3479"}],"version-history":[{"count":3,"href":"https:\/\/www.mightygrass.com\/it\/wp-json\/wp\/v2\/product\/3479\/revisions"}],"predecessor-version":[{"id":15183,"href":"https:\/\/www.mightygrass.com\/it\/wp-json\/wp\/v2\/product\/3479\/revisions\/15183"}],"wp:featuredmedia":[{"embeddable":true,"href":"https:\/\/www.mightygrass.com\/it\/wp-json\/wp\/v2\/media\/5746"}],"wp:attachment":[{"href":"https:\/\/www.mightygrass.com\/it\/wp-json\/wp\/v2\/media?parent=3479"}],"wp:term":[{"taxonomy":"products-category","embeddable":true,"href":"https:\/\/www.mightygrass.com\/it\/wp-json\/wp\/v2\/products-category?post=3479"},{"taxonomy":"product-tags","embeddable":true,"href":"https:\/\/www.mightygrass.com\/it\/wp-json\/wp\/v2\/product-tags?post=3479"}],"curies":[{"name":"wp","href":"https:\/\/api.w.org\/{rel}","templated":true}]}}