{"id":3498,"date":"2025-01-01T11:08:32","date_gmt":"2025-01-01T11:08:32","guid":{"rendered":"https:\/\/mtgrassturf.com\/?post_type=product&#038;p=3498"},"modified":"2026-01-08T15:09:27","modified_gmt":"2026-01-08T07:09:27","slug":"mt-htubest","status":"publish","type":"product","link":"https:\/\/www.mightygrass.com\/it\/prodotto\/mt-htubest\/","title":{"rendered":"MT-HTUmigliore"},"content":{"rendered":"<p><strong>FIFA 60:<\/strong><strong> FIFA-Diamante<\/strong> <strong>Grasso<\/strong>Il design delle fibre offre un&#039;elasticit\u00e0 eccezionale, con una densit\u00e0 moderata delle fibre d&#039;erba, adatta per eventi ad alto traffico. Pu\u00f2 resistere a impatti frequenti senza deformazioni.&nbsp;<\/p>\n\n\n\n<p><strong>La FIFA<\/strong><strong>-HTUmigliore&nbsp; <\/strong>la fibra d&#039;erba aumenta la resistenza alla compressione e la stabilit\u00e0 del manto erboso grazie alla sua struttura rinforzata con nervature, garantendo che il campo rimanga in condizioni eccellenti anche dopo partite intense.&nbsp;<\/p>\n\n\n\n<p><strong>IL <\/strong><strong>Attacco MT-XL <\/strong><strong>E <\/strong><strong>MT-HTMaxi <\/strong><strong>erba<\/strong> le fibre sono focalizzate sul fornire supporto e prestazioni di rimbalzo, offrendo ai giocatori un movimento pi\u00f9 comodo e fluido sul campo. Che si tratti di eventi locali o tornei internazionali, questi tappeti erbosi offrono agli atleti un&#039;esperienza competitiva ideale, migliorando la qualit\u00e0 del gioco.<\/p>","protected":false},"excerpt":{"rendered":"<p>Il design della fibra d&#039;erba FIFA 60 \uff1a FIFA-Diamond offre un&#039;elasticit\u00e0 eccezionale, con una densit\u00e0 moderata della fibra d&#039;erba, adatta per eventi ad alto traffico. Pu\u00f2 resistere a impatti frequenti senza deformarsi. La fibra d&#039;erba FIFA-HTUbest migliora la resistenza alla compressione e la stabilit\u00e0 del manto erboso attraverso la sua struttura a coste rinforzata, assicurando che il campo rimanga in condizioni eccellenti anche dopo partite intense. Il [\u2026]<\/p>","protected":false},"author":6,"featured_media":3500,"menu_order":0,"comment_status":"closed","ping_status":"closed","template":"","format":"standard","meta":{"_acf_changed":false,"_seopress_robots_primary_cat":"none","_seopress_titles_title":"MT-HTUbest Artificial Grass - %%sep%% %%sitetitle%%","_seopress_titles_desc":"","_seopress_robots_index":"","ub_ctt_via":"","footnotes":""},"products-category":[17],"product-tags":[],"class_list":["post-3498","product","type-product","status-publish","format-standard","has-post-thumbnail","hentry","products-category-football"],"acf":[],"_links":{"self":[{"href":"https:\/\/www.mightygrass.com\/it\/wp-json\/wp\/v2\/product\/3498","targetHints":{"allow":["GET"]}}],"collection":[{"href":"https:\/\/www.mightygrass.com\/it\/wp-json\/wp\/v2\/product"}],"about":[{"href":"https:\/\/www.mightygrass.com\/it\/wp-json\/wp\/v2\/types\/product"}],"author":[{"embeddable":true,"href":"https:\/\/www.mightygrass.com\/it\/wp-json\/wp\/v2\/users\/6"}],"replies":[{"embeddable":true,"href":"https:\/\/www.mightygrass.com\/it\/wp-json\/wp\/v2\/comments?post=3498"}],"version-history":[{"count":1,"href":"https:\/\/www.mightygrass.com\/it\/wp-json\/wp\/v2\/product\/3498\/revisions"}],"predecessor-version":[{"id":15165,"href":"https:\/\/www.mightygrass.com\/it\/wp-json\/wp\/v2\/product\/3498\/revisions\/15165"}],"wp:featuredmedia":[{"embeddable":true,"href":"https:\/\/www.mightygrass.com\/it\/wp-json\/wp\/v2\/media\/3500"}],"wp:attachment":[{"href":"https:\/\/www.mightygrass.com\/it\/wp-json\/wp\/v2\/media?parent=3498"}],"wp:term":[{"taxonomy":"products-category","embeddable":true,"href":"https:\/\/www.mightygrass.com\/it\/wp-json\/wp\/v2\/products-category?post=3498"},{"taxonomy":"product-tags","embeddable":true,"href":"https:\/\/www.mightygrass.com\/it\/wp-json\/wp\/v2\/product-tags?post=3498"}],"curies":[{"name":"wp","href":"https:\/\/api.w.org\/{rel}","templated":true}]}}