{"id":3587,"date":"2025-01-01T11:46:13","date_gmt":"2025-01-01T11:46:13","guid":{"rendered":"https:\/\/mtgrassturf.com\/?post_type=product&#038;p=3587"},"modified":"2026-01-08T15:23:25","modified_gmt":"2026-01-08T07:23:25","slug":"interior-decoration","status":"publish","type":"product","link":"https:\/\/www.mightygrass.com\/it\/prodotto\/interior-decoration\/","title":{"rendered":"MT-ONDA MASSIMA"},"content":{"rendered":"<p>Questo manto erboso per la decorazione d&#039;interni \u00e8 adatto per rinverdire spazi per uffici, sale espositive, negozi e aree per attivit\u00e0 al coperto. I suoi innovativi filati a doppia W + a forma di onda forniscono uno strato pi\u00f9 ricco e un effetto tridimensionale, presentando un aspetto pi\u00f9 naturale del manto erboso. Con un&#039;altezza di 28 mm e una densit\u00e0 di 18900, il manto erboso assicura morbidezza e comfort, rendendolo ideale per aree per attivit\u00e0 al coperto. La combinazione di materiali PP e PU migliora la resistenza all&#039;usura del manto erboso, assicurando che non sbiadisca dopo un uso prolungato, mantenendo la sua bellezza duratura. La combinazione di colori evidenzia la bellezza armoniosa tra natura e design moderno, rendendolo una scelta ideale per la decorazione di spazi interni.<\/p>","protected":false},"excerpt":{"rendered":"<p>Questo manto erboso per la decorazione d&#039;interni \u00e8 adatto per rinverdire spazi per uffici, sale espositive, negozi e aree di attivit\u00e0 al coperto. I suoi innovativi filati a doppia W + a forma di onda forniscono uno strato pi\u00f9 ricco e un effetto tridimensionale, presentando un aspetto pi\u00f9 naturale del manto erboso. Con un&#039;altezza di 28 mm e una densit\u00e0 di 18900, il manto erboso assicura morbidezza e comfort, rendendo [\u2026]<\/p>","protected":false},"author":6,"featured_media":3589,"menu_order":0,"comment_status":"closed","ping_status":"closed","template":"","format":"standard","meta":{"_acf_changed":false,"_seopress_robots_primary_cat":"none","_seopress_titles_title":"MT-WAVE MAX Artificial Grass %%sep%% %%sitetitle%%","_seopress_titles_desc":"","_seopress_robots_index":"","ub_ctt_via":"","footnotes":""},"products-category":[39],"product-tags":[],"class_list":["post-3587","product","type-product","status-publish","format-standard","has-post-thumbnail","hentry","products-category-commercial"],"acf":[],"_links":{"self":[{"href":"https:\/\/www.mightygrass.com\/it\/wp-json\/wp\/v2\/product\/3587","targetHints":{"allow":["GET"]}}],"collection":[{"href":"https:\/\/www.mightygrass.com\/it\/wp-json\/wp\/v2\/product"}],"about":[{"href":"https:\/\/www.mightygrass.com\/it\/wp-json\/wp\/v2\/types\/product"}],"author":[{"embeddable":true,"href":"https:\/\/www.mightygrass.com\/it\/wp-json\/wp\/v2\/users\/6"}],"replies":[{"embeddable":true,"href":"https:\/\/www.mightygrass.com\/it\/wp-json\/wp\/v2\/comments?post=3587"}],"version-history":[{"count":1,"href":"https:\/\/www.mightygrass.com\/it\/wp-json\/wp\/v2\/product\/3587\/revisions"}],"predecessor-version":[{"id":15178,"href":"https:\/\/www.mightygrass.com\/it\/wp-json\/wp\/v2\/product\/3587\/revisions\/15178"}],"wp:featuredmedia":[{"embeddable":true,"href":"https:\/\/www.mightygrass.com\/it\/wp-json\/wp\/v2\/media\/3589"}],"wp:attachment":[{"href":"https:\/\/www.mightygrass.com\/it\/wp-json\/wp\/v2\/media?parent=3587"}],"wp:term":[{"taxonomy":"products-category","embeddable":true,"href":"https:\/\/www.mightygrass.com\/it\/wp-json\/wp\/v2\/products-category?post=3587"},{"taxonomy":"product-tags","embeddable":true,"href":"https:\/\/www.mightygrass.com\/it\/wp-json\/wp\/v2\/product-tags?post=3587"}],"curies":[{"name":"wp","href":"https:\/\/api.w.org\/{rel}","templated":true}]}}