{"id":1802,"date":"2024-12-05T15:22:31","date_gmt":"2024-12-05T15:22:31","guid":{"rendered":"https:\/\/mtgrassturf.com\/?page_id=1802"},"modified":"2024-12-05T15:33:22","modified_gmt":"2024-12-05T15:33:22","slug":"cookie-policy","status":"publish","type":"page","link":"https:\/\/www.mightygrass.com\/pt\/cookie-policy\/","title":{"rendered":"Pol\u00edtica de Cookies"},"content":{"rendered":"<div data-elementor-type=\"wp-page\" data-elementor-id=\"1802\" class=\"elementor elementor-1802\" data-elementor-post-type=\"page\">\n\t\t\t\t<div class=\"elementor-element elementor-element-408607c e-flex e-con-boxed e-con e-parent\" data-id=\"408607c\" data-element_type=\"container\" data-settings=\"{&quot;background_background&quot;:&quot;classic&quot;,&quot;ekit_has_onepagescroll_dot&quot;:&quot;yes&quot;}\">\n\t\t\t\t\t<div class=\"e-con-inner\">\n\t\t<div class=\"elementor-element elementor-element-3cb8bae e-con-full e-flex e-con e-child\" data-id=\"3cb8bae\" data-element_type=\"container\" data-settings=\"{&quot;background_background&quot;:&quot;classic&quot;,&quot;ekit_has_onepagescroll_dot&quot;:&quot;yes&quot;}\">\n\t\t\t\t<div class=\"elementor-element elementor-element-8c2766b elementor-widget elementor-widget-text-editor\" data-id=\"8c2766b\" data-element_type=\"widget\" data-settings=\"{&quot;ekit_we_effect_on&quot;:&quot;none&quot;}\" data-widget_type=\"text-editor.default\">\n\t\t\t\t\t\t\t\t\t\n<p>Data efetiva: 27-mar-2024<br>\u00daltima atualiza\u00e7\u00e3o: 27-Mar-2024<\/p>\n\n\n\n<h5 class=\"wp-block-heading\">O que s\u00e3o cookies?<\/h5>\n\n\n\n<p>Esta Pol\u00edtica de Cookies explica o que s\u00e3o cookies e como os usamos, os tipos de cookies que usamos, ou seja, as informa\u00e7\u00f5es que coletamos usando cookies e como essas informa\u00e7\u00f5es s\u00e3o usadas, e como gerenciar as configura\u00e7\u00f5es de cookies.<\/p>\n\n\n\n<p>Cookies s\u00e3o pequenos arquivos de texto que s\u00e3o usados para armazenar pequenas informa\u00e7\u00f5es. Eles s\u00e3o armazenados no seu dispositivo quando o site \u00e9 carregado no seu navegador. Esses cookies nos ajudam a fazer o site funcionar corretamente, torn\u00e1-lo mais seguro, fornecer melhor experi\u00eancia do usu\u00e1rio e entender como o site funciona e analisar o que funciona e onde precisa de melhorias.<\/p>\n\n\n\n<h5 class=\"wp-block-heading\">Como usamos cookies?<\/h5>\n\n\n\n<p>Como a maioria dos servi\u00e7os online, nosso site usa cookies prim\u00e1rios e de terceiros para v\u00e1rios prop\u00f3sitos. Os cookies prim\u00e1rios s\u00e3o principalmente necess\u00e1rios para que o site funcione da maneira correta, e eles n\u00e3o coletam nenhum dado pessoalmente identific\u00e1vel.<\/p>\n\n\n\n<p>Os cookies de terceiros usados em nosso site servem principalmente para entender o desempenho do site, como voc\u00ea interage com ele, manter nossos servi\u00e7os seguros, fornecer an\u00fancios relevantes para voc\u00ea e, em suma, proporcionar uma experi\u00eancia de usu\u00e1rio melhor e aprimorada, al\u00e9m de ajudar a acelerar suas futuras intera\u00e7\u00f5es com nosso site.<\/p>\n\n\n\n<h5 class=\"wp-block-heading\">Tipos de cookies que usamos<\/h5>\n\n\n\n<h3 class=\"wp-block-heading\">Necess\u00e1rio<\/h3>\n\n\n\n<p>Os cookies necess\u00e1rios s\u00e3o necess\u00e1rios para habilitar os recursos b\u00e1sicos deste site, como fornecer login seguro ou ajustar suas prefer\u00eancias de consentimento. Esses cookies n\u00e3o armazenam nenhum dado pessoalmente identific\u00e1vel.<\/p>\n\n\n\n<figure class=\"wp-block-table\"><table class=\"has-fixed-layout\"><thead><tr><th>Biscoito<\/th><th>Dura\u00e7\u00e3o<\/th><th>Descri\u00e7\u00e3o<\/th><\/tr><\/thead><tbody><tr><td>wpEmojiSettingsSuportes<\/td><td>sess\u00e3o<\/td><td>O WordPress define esse cookie quando um usu\u00e1rio interage com emojis em um site WordPress. Ele ajuda a determinar se o navegador do usu\u00e1rio pode exibir emojis corretamente.<\/td><\/tr><tr><td>PHPSESSID<\/td><td>sess\u00e3o<\/td><td>Este cookie \u00e9 nativo de aplicativos PHP. O cookie armazena e identifica o ID de sess\u00e3o exclusivo de um usu\u00e1rio para gerenciar sess\u00f5es de usu\u00e1rio no site. O cookie \u00e9 um cookie de sess\u00e3o e ser\u00e1 exclu\u00eddo quando todas as janelas do navegador forem fechadas.<\/td><\/tr><tr><td>cookieyes-consent<\/td><td>1 ano<\/td><td>CookieYes define este cookie para lembrar as prefer\u00eancias de consentimento dos usu\u00e1rios para que suas prefer\u00eancias sejam respeitadas em visitas subsequentes a este site. Ele n\u00e3o coleta ou armazena nenhuma informa\u00e7\u00e3o pessoal sobre os visitantes do site.<\/td><\/tr><tr><td>rc::um<\/td><td>Nunca expira<\/td><td>Este cookie \u00e9 definido pelo servi\u00e7o recaptcha do Google para identificar bots para proteger o site contra ataques de spam maliciosos.<\/td><\/tr><tr><td>rc::c<\/td><td>sess\u00e3o<\/td><td>Este cookie \u00e9 definido pelo servi\u00e7o recaptcha do Google para identificar bots para proteger o site contra ataques de spam maliciosos.<\/td><\/tr><\/tbody><\/table><\/figure>\n\n\n\n<h3 class=\"wp-block-heading\">Funcional<\/h3>\n\n\n\n<p>Os cookies funcionais ajudam a executar certas funcionalidades, como compartilhar o conte\u00fado do site em plataformas de m\u00eddia social, coletar feedback e outros recursos de terceiros.<\/p>\n\n\n\n<figure class=\"wp-block-table\"><table class=\"has-fixed-layout\"><thead><tr><th>Biscoito<\/th><th>Dura\u00e7\u00e3o<\/th><th>Descri\u00e7\u00e3o<\/th><\/tr><\/thead><tbody><tr><td>li_gc<\/td><td>6 meses<\/td><td>O Linkedin definiu este cookie para armazenar o consentimento do visitante em rela\u00e7\u00e3o ao uso de cookies para fins n\u00e3o essenciais.<\/td><\/tr><tr><td>Lidc<\/td><td>1 dia<\/td><td>O LinkedIn define o cookie lidc para facilitar a sele\u00e7\u00e3o do data center.<\/td><\/tr><tr><td>vc<\/td><td>Nunca expira<\/td><td>O cookie vc \u00e9 definido pelo addthis.com em sites que permitem compartilhamento em m\u00eddias sociais.<\/td><\/tr><tr><td>ytidb::CHAVE_DE_ENTRADA_DO_\u00daLTIMO_RESULTADO<\/td><td>Nunca expira<\/td><td>O cookie ytidb::LAST_RESULT_ENTRY_KEY \u00e9 usado pelo YouTube para armazenar a \u00faltima entrada de resultado de pesquisa que foi clicada pelo usu\u00e1rio. Essas informa\u00e7\u00f5es s\u00e3o usadas para melhorar a experi\u00eancia do usu\u00e1rio, fornecendo resultados de pesquisa mais relevantes no futuro.<\/td><\/tr><tr><td>aplicativo-de-sess\u00e3o-remota-yt<\/td><td>sess\u00e3o<\/td><td>O cookie yt-remote-session-app \u00e9 usado pelo YouTube para armazenar prefer\u00eancias do usu\u00e1rio e informa\u00e7\u00f5es sobre a interface do player de v\u00eddeo do YouTube incorporado.<\/td><\/tr><tr><td>yt-remoto-cast-instalado<\/td><td>sess\u00e3o<\/td><td>O cookie yt-remote-cast-installed \u00e9 usado para armazenar as prefer\u00eancias do player de v\u00eddeo do usu\u00e1rio usando o v\u00eddeo do YouTube incorporado.<\/td><\/tr><tr><td>yt-nome-da-sess\u00e3o-remota<\/td><td>sess\u00e3o<\/td><td>O cookie yt-remote-session-name \u00e9 usado pelo YouTube para armazenar as prefer\u00eancias do player de v\u00eddeo do usu\u00e1rio usando o v\u00eddeo do YouTube incorporado.<\/td><\/tr><tr><td>yt-remoto-r\u00e1pido-verifica\u00e7\u00e3o-per\u00edodo<\/td><td>sess\u00e3o<\/td><td>O cookie yt-remote-fast-check-period \u00e9 usado pelo YouTube para armazenar as prefer\u00eancias do player de v\u00eddeo do usu\u00e1rio para v\u00eddeos incorporados do YouTube.<\/td><\/tr><tr><td>wp-wpml_idioma_atual<\/td><td>sess\u00e3o<\/td><td>O plugin multil\u00edngue do WordPress define este cookie para armazenar o idioma atual\/configura\u00e7\u00f5es de idioma.<\/td><\/tr><\/tbody><\/table><\/figure>\n\n\n\n<h3 class=\"wp-block-heading\">An\u00e1lise<\/h3>\n\n\n\n<p>Cookies anal\u00edticos s\u00e3o usados para entender como os visitantes interagem com o site. Esses cookies ajudam a fornecer informa\u00e7\u00f5es sobre m\u00e9tricas como n\u00famero de visitantes, taxa de rejei\u00e7\u00e3o, origem do tr\u00e1fego, etc.<\/p>\n\n\n\n<figure class=\"wp-block-table\"><table class=\"has-fixed-layout\"><thead><tr><th>Biscoito<\/th><th>Dura\u00e7\u00e3o<\/th><th>Descri\u00e7\u00e3o<\/th><\/tr><\/thead><tbody><tr><td>CLID<\/td><td>1 ano<\/td><td>O Microsoft Clarity definiu este cookie para armazenar informa\u00e7\u00f5es sobre como os visitantes interagem com o site. O cookie ajuda a fornecer um relat\u00f3rio de an\u00e1lise. A coleta de dados inclui o n\u00famero de visitantes, onde eles visitam o site e as p\u00e1ginas visitadas.<\/td><\/tr><tr><td>_ga_*<\/td><td>1 ano 1 m\u00eas 4 dias<\/td><td>O Google Analytics define este cookie para armazenar e contar visualiza\u00e7\u00f5es de p\u00e1ginas.<\/td><\/tr><tr><td>_ga<\/td><td>1 ano 1 m\u00eas 4 dias<\/td><td>O Google Analytics define esse cookie para calcular dados de visitantes, sess\u00f5es e campanhas e rastrear o uso do site para o relat\u00f3rio anal\u00edtico do site. O cookie armazena informa\u00e7\u00f5es anonimamente e atribui um n\u00famero gerado aleatoriamente para reconhecer visitantes \u00fanicos.<\/td><\/tr><tr><td>_fbp<\/td><td>3 meses<\/td><td>O Facebook configura este cookie para exibir an\u00fancios quando estiver no Facebook ou em uma plataforma digital alimentada por publicidade do Facebook ap\u00f3s visitar o site.<\/td><\/tr><tr><td>_clique<\/td><td>1 ano<\/td><td>O Microsoft Clarity define esse cookie para reter o ID de usu\u00e1rio do Clarity do navegador e as configura\u00e7\u00f5es exclusivas para esse site. Isso garante que as a\u00e7\u00f5es tomadas durante visitas subsequentes ao mesmo site ser\u00e3o vinculadas ao mesmo ID de usu\u00e1rio.<\/td><\/tr><tr><td>SM<\/td><td>sess\u00e3o<\/td><td>O cookie Microsoft Clarity define este cookie para sincronizar o MUID entre dom\u00ednios da Microsoft.<\/td><\/tr><tr><td>_clsk<\/td><td>1 dia 1 minuto<\/td><td>O Microsoft Clarity define este cookie para armazenar e consolidar as visualiza\u00e7\u00f5es de p\u00e1gina de um usu\u00e1rio em uma \u00fanica grava\u00e7\u00e3o de sess\u00e3o.<\/td><\/tr><tr><td>SENHOR<\/td><td>7 dias<\/td><td>Este cookie, definido pelo Bing, \u00e9 usado para coletar informa\u00e7\u00f5es do usu\u00e1rio para fins anal\u00edticos.<\/td><\/tr><tr><td>limite_de_sess\u00e3o_pys<\/td><td>1 hora<\/td><td>O plugin PixelYourSite define este cookie para gerenciar os servi\u00e7os anal\u00edticos.<\/td><\/tr><tr><td>sess\u00e3o_de_in\u00edcio_pys<\/td><td>sess\u00e3o<\/td><td>O plugin PixelYourSite define este cookie para gerenciar os servi\u00e7os anal\u00edticos.<\/td><\/tr><tr><td>_gid<\/td><td>1 dia<\/td><td>O Google Analytics define esse cookie para armazenar informa\u00e7\u00f5es sobre como os visitantes usam um site, ao mesmo tempo em que cria um relat\u00f3rio anal\u00edtico do desempenho do site. Alguns dos dados coletados incluem o n\u00famero de visitantes, sua fonte e as p\u00e1ginas que eles visitam anonimamente.<\/td><\/tr><tr><td>_gat_gtag_UA_*<\/td><td>1 minuto<\/td><td>O Google Analytics define este cookie para armazenar um ID de usu\u00e1rio exclusivo.<\/td><\/tr><\/tbody><\/table><\/figure>\n\n\n\n<h3 class=\"wp-block-heading\">Desempenho<\/h3>\n\n\n\n<p>Os cookies de desempenho s\u00e3o usados para entender e analisar os principais \u00edndices de desempenho do site, o que ajuda a oferecer uma melhor experi\u00eancia do usu\u00e1rio para os visitantes.<\/p>\n\n\n\n<figure class=\"wp-block-table\"><table class=\"has-fixed-layout\"><thead><tr><th>Biscoito<\/th><th>Dura\u00e7\u00e3o<\/th><th>Descri\u00e7\u00e3o<\/th><\/tr><\/thead><tbody><tr><td>SRM_B<\/td><td>1 ano e 24 dias<\/td><td>Usado pela Microsoft Advertising como uma identifica\u00e7\u00e3o exclusiva para visitantes.<\/td><\/tr><tr><td>_gato<\/td><td>1 minuto<\/td><td>O Google Universal Analytics define esse cookie para restringir a taxa de solicita\u00e7\u00e3o e, assim, limitar a coleta de dados em sites de alto tr\u00e1fego.<\/td><\/tr><\/tbody><\/table><\/figure>\n\n\n\n<h3 class=\"wp-block-heading\">An\u00fancio<\/h3>\n\n\n\n<p>Os cookies de publicidade s\u00e3o usados para fornecer aos visitantes an\u00fancios personalizados com base nas p\u00e1ginas que voc\u00ea visitou anteriormente e para analisar a efic\u00e1cia das campanhas publicit\u00e1rias.<\/p>\n\n\n\n<figure class=\"wp-block-table\"><table class=\"has-fixed-layout\"><thead><tr><th>Biscoito<\/th><th>Dura\u00e7\u00e3o<\/th><th>Descri\u00e7\u00e3o<\/th><\/tr><\/thead><tbody><tr><td>biscoito<\/td><td>1 ano<\/td><td>O LinkedIn define este cookie dos bot\u00f5es de compartilhamento e tags de an\u00fancios do LinkedIn para reconhecer IDs do navegador.<\/td><\/tr><tr><td>_pino_unaut<\/td><td>1 ano<\/td><td>O Pinterest definiu este cookie para agrupar a\u00e7\u00f5es para usu\u00e1rios que n\u00e3o podem ser identificados.<\/td><\/tr><tr><td>MUDAR<\/td><td>1 ano e 24 dias<\/td><td>O Bing define esse cookie para reconhecer navegadores da web exclusivos que visitam sites da Microsoft. Esse cookie \u00e9 usado para publicidade, an\u00e1lise de sites e outras opera\u00e7\u00f5es.<\/td><\/tr><tr><td>ANONCHK<\/td><td>10 minutos<\/td><td>O cookie ANONCHK, definido pelo Bing, \u00e9 usado para armazenar o ID de sess\u00e3o de um usu\u00e1rio e verificar cliques em an\u00fancios no mecanismo de busca do Bing. O cookie tamb\u00e9m ajuda em relat\u00f3rios e personaliza\u00e7\u00e3o.<\/td><\/tr><tr><td>eu<\/td><td>Nunca expira<\/td><td>Este cookie \u00e9 definido pelo OpenX para registrar dados an\u00f4nimos do usu\u00e1rio, como endere\u00e7o IP, localiza\u00e7\u00e3o geogr\u00e1fica, sites visitados, an\u00fancios clicados pelo usu\u00e1rio etc., para publicidade relevante.<\/td><\/tr><tr><td>YSC<\/td><td>sess\u00e3o<\/td><td>O YouTube define este cookie para rastrear as visualiza\u00e7\u00f5es de v\u00eddeos incorporados nas p\u00e1ginas do YouTube.<\/td><\/tr><tr><td>INFORMA\u00c7\u00d5ES_DO_VISITANTE_1_AO_VIVO<\/td><td>6 meses<\/td><td>O YouTube define esse cookie para medir a largura de banda, determinando se o usu\u00e1rio obt\u00e9m a interface do player nova ou antiga.<\/td><\/tr><tr><td>METADADOS_DE_PRIVACIDADE_DO_VISITANTE<\/td><td>6 meses<\/td><td>O YouTube define este cookie para armazenar o estado de consentimento do cookie do usu\u00e1rio para o dom\u00ednio atual.<\/td><\/tr><tr><td>yt-dispositivo-remoto-id<\/td><td>Nunca expira<\/td><td>O YouTube define este cookie para armazenar as prefer\u00eancias de v\u00eddeo do usu\u00e1rio usando v\u00eddeos do YouTube incorporados.<\/td><\/tr><tr><td>yt.innertube::solicita\u00e7\u00f5es<\/td><td>Nunca expira<\/td><td>O YouTube define esse cookie para registrar um ID exclusivo para armazenar dados sobre quais v\u00eddeos do YouTube o usu\u00e1rio viu.<\/td><\/tr><tr><td>yt-dispositivos-conectados-remotamente<\/td><td>Nunca expira<\/td><td>O YouTube define este cookie para armazenar as prefer\u00eancias de v\u00eddeo do usu\u00e1rio usando v\u00eddeos do YouTube incorporados.<\/td><\/tr><tr><td>yt.innertube::pr\u00f3ximoId<\/td><td>Nunca expira<\/td><td>O YouTube define esse cookie para registrar um ID exclusivo para armazenar dados sobre quais v\u00eddeos do YouTube o usu\u00e1rio viu.<\/td><\/tr><tr><td>NID<\/td><td>6 meses<\/td><td>O Google define o cookie para fins publicit\u00e1rios: para limitar o n\u00famero de vezes que o usu\u00e1rio v\u00ea um an\u00fancio, para silenciar an\u00fancios indesejados e para medir a efic\u00e1cia dos an\u00fancios.<\/td><\/tr><\/tbody><\/table><\/figure>\n\n\n\n<h3 class=\"wp-block-heading\">Sem categoria<\/h3>\n\n\n\n<p>Outros cookies n\u00e3o categorizados s\u00e3o aqueles que est\u00e3o sendo analisados e ainda n\u00e3o foram classificados em uma categoria.<\/p>\n\n\n\n<figure class=\"wp-block-table\"><table class=\"has-fixed-layout\"><thead><tr><th>Biscoito<\/th><th>Dura\u00e7\u00e3o<\/th><th>Descri\u00e7\u00e3o<\/th><\/tr><\/thead><tbody><tr><td>ar_depura\u00e7\u00e3o<\/td><td>1 ano<\/td><td>A descri\u00e7\u00e3o n\u00e3o est\u00e1 dispon\u00edvel no momento.<\/td><\/tr><tr><td>_PCCSID_601887<\/td><td>21 minutos<\/td><td>A descri\u00e7\u00e3o n\u00e3o est\u00e1 dispon\u00edvel no momento.<\/td><\/tr><tr><td>_PCCID<\/td><td>1 ano 1 m\u00eas 4 dias 1 minuto<\/td><td>A descri\u00e7\u00e3o n\u00e3o est\u00e1 dispon\u00edvel no momento.<\/td><\/tr><tr><td>thirdPartyCookiesHabilitado<\/td><td>1 dia<\/td><td>Nenhuma descri\u00e7\u00e3o dispon\u00edvel.<\/td><\/tr><tr><td>\u00e9_eu<\/td><td>sess\u00e3o<\/td><td>Nenhuma descri\u00e7\u00e3o dispon\u00edvel.<\/td><\/tr><tr><td>cs_habilitado_cookie_term_23<\/td><td>6 meses<\/td><td>A descri\u00e7\u00e3o n\u00e3o est\u00e1 dispon\u00edvel no momento.<\/td><\/tr><tr><td>cs_habilitado_cookie_term_27<\/td><td>6 meses<\/td><td>A descri\u00e7\u00e3o n\u00e3o est\u00e1 dispon\u00edvel no momento.<\/td><\/tr><tr><td>cs_habilitado_cookie_term_24<\/td><td>6 meses<\/td><td>A descri\u00e7\u00e3o n\u00e3o est\u00e1 dispon\u00edvel no momento.<\/td><\/tr><tr><td>cs_prefer\u00eancia_do_usu\u00e1rio<\/td><td>6 meses<\/td><td>A descri\u00e7\u00e3o n\u00e3o est\u00e1 dispon\u00edvel no momento.<\/td><\/tr><tr><td>CS-Magia<\/td><td>6 meses<\/td><td>A descri\u00e7\u00e3o n\u00e3o est\u00e1 dispon\u00edvel no momento.<\/td><\/tr><tr><td>telefone salvo<\/td><td>1 ano 1 m\u00eas 4 dias<\/td><td>A descri\u00e7\u00e3o n\u00e3o est\u00e1 dispon\u00edvel no momento.<\/td><\/tr><tr><td>etiqueta de telefone salva<\/td><td>1 ano 1 m\u00eas 4 dias<\/td><td>A descri\u00e7\u00e3o n\u00e3o est\u00e1 dispon\u00edvel no momento.<\/td><\/tr><tr><td>telefone salvo em euros<\/td><td>1 ano 1 m\u00eas 4 dias<\/td><td>A descri\u00e7\u00e3o n\u00e3o est\u00e1 dispon\u00edvel no momento.<\/td><\/tr><tr><td>eursavedPhoneLabel<\/td><td>1 ano 1 m\u00eas 4 dias<\/td><td>A descri\u00e7\u00e3o n\u00e3o est\u00e1 dispon\u00edvel no momento.<\/td><\/tr><tr><td>__TOKEN_DE_ROLAGEM_SEGURA<\/td><td>6 meses<\/td><td>A descri\u00e7\u00e3o n\u00e3o est\u00e1 dispon\u00edvel no momento.<\/td><\/tr><\/tbody><\/table><\/figure>\n\n\n\n<h5 class=\"wp-block-heading\">Gerenciar prefer\u00eancias de cookies<\/h5>\n\n\n\n<p><a>Configura\u00e7\u00f5es de cookies<\/a><\/p>\n\n\n\n<p>Voc\u00ea pode alterar suas prefer\u00eancias de cookies a qualquer momento clicando no bot\u00e3o acima. Isso permitir\u00e1 que voc\u00ea revisite o banner de consentimento de cookies e altere suas prefer\u00eancias ou retire seu consentimento imediatamente.<\/p>\n\n\n\n<p>Al\u00e9m disso, diferentes navegadores fornecem m\u00e9todos diferentes para bloquear e excluir cookies usados por sites. Voc\u00ea pode alterar as configura\u00e7\u00f5es do seu navegador para bloquear\/excluir os cookies. Listados abaixo est\u00e3o os links para os documentos de suporte sobre como gerenciar e excluir cookies dos principais navegadores da web.<\/p>\n\n\n\n<p>Cromo:&nbsp;<a href=\"https:\/\/support.google.com\/accounts\/answer\/32050\" target=\"_blank\" rel=\"noreferrer noopener\">https:\/\/support.google.com\/accounts\/answer\/32050<\/a><\/p>\n\n\n\n<p>Saf\u00e1ri:&nbsp;<a href=\"https:\/\/support.apple.com\/en-in\/guide\/safari\/sfri11471\/mac\" target=\"_blank\" rel=\"noreferrer noopener\">https:\/\/support.apple.com\/en-in\/guide\/safari\/sfri11471\/mac<\/a><\/p>\n\n\n\n<p>Firefox:&nbsp;<a href=\"https:\/\/support.mozilla.org\/en-US\/kb\/clear-cookies-and-site-data-firefox?redirectslug=delete-cookies-remove-info-websites-stored&amp;redirectlocale=en-US\" target=\"_blank\" rel=\"noreferrer noopener\">https:\/\/support.mozilla.org\/en-US\/kb\/clear-cookies-and-site-data-firefox?redirectslug=delete-cookies-remove-info-websites-stored&amp;redirectlocale=en-US<\/a><\/p>\n\n\n\n<p>Internet Explorer:&nbsp;<a href=\"https:\/\/support.microsoft.com\/en-us\/topic\/how-to-delete-cookie-files-in-internet-explorer-bca9446f-d873-78de-77ba-d42645fa52fc\" target=\"_blank\" rel=\"noreferrer noopener\">https:\/\/support.microsoft.com\/en-us\/topic\/how-to-delete-cookie-files-in-internet-explorer-bca9446f-d873-78de-77ba-d42645fa52fc<\/a><\/p>\n\n\n\n<p>Se voc\u00ea estiver usando qualquer outro navegador, visite os documentos oficiais de suporte do seu navegador.<\/p>\n\n\n\n<p>Pol\u00edtica de Cookies Gerada por&nbsp;<a href=\"https:\/\/www.cookieyes.com\/?utm_source=CP&amp;utm_medium=footer&amp;utm_campaign=UW\" target=\"_blank\" rel=\"noreferrer noopener\">CookieYes \u2013 Gerador de Pol\u00edtica de Cookies<\/a>.<\/p>\n\t\t\t\t\t\t\t\t<\/div>\n\t\t\t\t<\/div>\n\t\t\t\t\t<\/div>\n\t\t\t\t<\/div>\n\t\t\t\t<\/div>","protected":false},"excerpt":{"rendered":"<p>Data efetiva: 27-mar-2024\u00daltima atualiza\u00e7\u00e3o: 27-mar-2024 O que s\u00e3o cookies? Esta Pol\u00edtica de Cookies explica o que s\u00e3o cookies e como os usamos, os tipos de cookies que usamos, ou seja, as informa\u00e7\u00f5es que coletamos usando cookies e como essas informa\u00e7\u00f5es s\u00e3o usadas, e como gerenciar as configura\u00e7\u00f5es de cookies. Cookies s\u00e3o pequenos arquivos de texto que s\u00e3o usados para [\u2026]<\/p>","protected":false},"author":6,"featured_media":0,"parent":0,"menu_order":0,"comment_status":"closed","ping_status":"closed","template":"","meta":{"_acf_changed":false,"_seopress_robots_primary_cat":"","_seopress_titles_title":"","_seopress_titles_desc":"","_seopress_robots_index":"","ub_ctt_via":"","footnotes":""},"class_list":["post-1802","page","type-page","status-publish","hentry"],"acf":[],"featured_image_src":null,"_links":{"self":[{"href":"https:\/\/www.mightygrass.com\/pt\/wp-json\/wp\/v2\/pages\/1802","targetHints":{"allow":["GET"]}}],"collection":[{"href":"https:\/\/www.mightygrass.com\/pt\/wp-json\/wp\/v2\/pages"}],"about":[{"href":"https:\/\/www.mightygrass.com\/pt\/wp-json\/wp\/v2\/types\/page"}],"author":[{"embeddable":true,"href":"https:\/\/www.mightygrass.com\/pt\/wp-json\/wp\/v2\/users\/6"}],"replies":[{"embeddable":true,"href":"https:\/\/www.mightygrass.com\/pt\/wp-json\/wp\/v2\/comments?post=1802"}],"version-history":[{"count":0,"href":"https:\/\/www.mightygrass.com\/pt\/wp-json\/wp\/v2\/pages\/1802\/revisions"}],"wp:attachment":[{"href":"https:\/\/www.mightygrass.com\/pt\/wp-json\/wp\/v2\/media?parent=1802"}],"curies":[{"name":"wp","href":"https:\/\/api.w.org\/{rel}","templated":true}]}}