{"id":3510,"date":"2025-01-01T11:10:59","date_gmt":"2025-01-01T11:10:59","guid":{"rendered":"https:\/\/mtgrassturf.com\/?post_type=product&#038;p=3510"},"modified":"2026-01-08T15:08:03","modified_gmt":"2026-01-08T07:08:03","slug":"mt-non-infill-arc","status":"publish","type":"product","link":"https:\/\/www.mightygrass.com\/pt\/product\/mt-non-infill-arc\/","title":{"rendered":"MT-Arco n\u00e3o preenchido"},"content":{"rendered":"<p><strong>O FIFA 60 \uff1a<\/strong><strong> FIFA-Diamante<\/strong> <strong>gordura<\/strong>O design da fibra oferece elasticidade excepcional, com densidade moderada de fibras de grama, adequada para eventos de alto tr\u00e1fego. Pode suportar impactos frequentes sem deforma\u00e7\u00e3o.&nbsp;<\/p>\n\n\n\n<p><strong>A FIFA<\/strong><strong>-HTUmelhor&nbsp; <\/strong>A fibra da grama aumenta a resist\u00eancia \u00e0 compress\u00e3o e a estabilidade do gramado por meio de sua estrutura nervurada refor\u00e7ada, garantindo que o campo permane\u00e7a em excelentes condi\u00e7\u00f5es mesmo ap\u00f3s partidas intensas.&nbsp;<\/p>\n\n\n\n<p><strong>O <\/strong><strong>MT-StemXL <\/strong><strong>e <\/strong><strong>MT-HTMaxi <\/strong><strong>grama<\/strong> As fibras s\u00e3o focadas em fornecer suporte e desempenho de rebote, oferecendo aos jogadores um movimento mais confort\u00e1vel e suave em campo. Seja para eventos locais ou torneios internacionais, esses gramados fornecem aos atletas uma experi\u00eancia competitiva ideal, melhorando a qualidade do jogo.<\/p>","protected":false},"excerpt":{"rendered":"<p>O FIFA 60 \uff1a O design de fibra de grama FIFA-Diamond oferece elasticidade excepcional, com densidade moderada de fibra de grama, adequada para eventos de alto tr\u00e1fego. Pode suportar impactos frequentes sem deforma\u00e7\u00e3o. A fibra de grama FIFA-HTUbest aumenta a resist\u00eancia \u00e0 compress\u00e3o e a estabilidade do gramado por meio de sua estrutura refor\u00e7ada com nervuras, garantindo que o campo permane\u00e7a em excelentes condi\u00e7\u00f5es mesmo ap\u00f3s partidas intensas. O [\u2026]<\/p>","protected":false},"author":6,"featured_media":3511,"menu_order":0,"comment_status":"closed","ping_status":"closed","template":"","format":"standard","meta":{"_acf_changed":false,"_seopress_robots_primary_cat":"none","_seopress_titles_title":"MT-Non-infill-Arc | Non-infill Artificial Grass %%sep%% %%sitetitle%%","_seopress_titles_desc":"","_seopress_robots_index":"","ub_ctt_via":"","footnotes":""},"products-category":[17,78],"product-tags":[],"class_list":["post-3510","product","type-product","status-publish","format-standard","has-post-thumbnail","hentry","products-category-football","products-category-non-infill-artificial-grass"],"acf":[],"_links":{"self":[{"href":"https:\/\/www.mightygrass.com\/pt\/wp-json\/wp\/v2\/product\/3510","targetHints":{"allow":["GET"]}}],"collection":[{"href":"https:\/\/www.mightygrass.com\/pt\/wp-json\/wp\/v2\/product"}],"about":[{"href":"https:\/\/www.mightygrass.com\/pt\/wp-json\/wp\/v2\/types\/product"}],"author":[{"embeddable":true,"href":"https:\/\/www.mightygrass.com\/pt\/wp-json\/wp\/v2\/users\/6"}],"replies":[{"embeddable":true,"href":"https:\/\/www.mightygrass.com\/pt\/wp-json\/wp\/v2\/comments?post=3510"}],"version-history":[{"count":2,"href":"https:\/\/www.mightygrass.com\/pt\/wp-json\/wp\/v2\/product\/3510\/revisions"}],"predecessor-version":[{"id":15163,"href":"https:\/\/www.mightygrass.com\/pt\/wp-json\/wp\/v2\/product\/3510\/revisions\/15163"}],"wp:featuredmedia":[{"embeddable":true,"href":"https:\/\/www.mightygrass.com\/pt\/wp-json\/wp\/v2\/media\/3511"}],"wp:attachment":[{"href":"https:\/\/www.mightygrass.com\/pt\/wp-json\/wp\/v2\/media?parent=3510"}],"wp:term":[{"taxonomy":"products-category","embeddable":true,"href":"https:\/\/www.mightygrass.com\/pt\/wp-json\/wp\/v2\/products-category?post=3510"},{"taxonomy":"product-tags","embeddable":true,"href":"https:\/\/www.mightygrass.com\/pt\/wp-json\/wp\/v2\/product-tags?post=3510"}],"curies":[{"name":"wp","href":"https:\/\/api.w.org\/{rel}","templated":true}]}}