{"id":3563,"date":"2025-01-01T11:38:16","date_gmt":"2025-01-01T11:38:16","guid":{"rendered":"https:\/\/mtgrassturf.com\/?post_type=product&#038;p=3563"},"modified":"2026-01-08T15:22:57","modified_gmt":"2026-01-08T07:22:57","slug":"mt-surf","status":"publish","type":"product","link":"https:\/\/www.mightygrass.com\/pt\/product\/mt-surf\/","title":{"rendered":"MT-Surf"},"content":{"rendered":"<p>&nbsp;O gramado de rugby precisa de forte resist\u00eancia ao impacto e uma estrutura de alta densidade para lidar com os movimentos intensos e as colis\u00f5es dos jogadores.&nbsp;<\/p>\n\n\n\n<p><strong>O FIFA 40 <\/strong>&nbsp;<strong>&nbsp;FIFA-HTUmelhor<\/strong> As fibras da grama apresentam um design nervurado, o que n\u00e3o apenas melhora a resist\u00eancia \u00e0 abras\u00e3o do gramado, mas tamb\u00e9m aumenta a estabilidade das fibras da grama, tornando-a capaz de suportar as colis\u00f5es violentas t\u00edpicas das partidas de r\u00fagbi.&nbsp;<\/p>\n\n\n\n<p><strong>O FIFA 50 <\/strong><strong>&nbsp;FIFA-Diamante <\/strong>As fibras de grama oferecem elasticidade superior e resist\u00eancia \u00e0 compress\u00e3o, garantindo conforto e seguran\u00e7a durante os movimentos dos jogadores.&nbsp;<\/p>\n\n\n\n<p><strong>O <\/strong><strong>MT-Surf <\/strong><strong>e <\/strong><strong>&nbsp;&nbsp;MT-HTArco <\/strong><strong>grama <\/strong>os designs otimizam o rebote e a estabilidade, proporcionando mais suporte para o campo e se adaptando aos movimentos exclusivos de alto impacto do rugby.&nbsp;<\/p>\n\n\n\n<p><strong>O <\/strong><strong>&nbsp;Memorando MT <\/strong><strong>relva <\/strong>oferece resist\u00eancia \u00e0 compress\u00e3o excepcional e excelente feedback para os p\u00e9s, proporcionando aos jogadores de r\u00fagbi uma experi\u00eancia incompar\u00e1vel em campo.<\/p>","protected":false},"excerpt":{"rendered":"<p>&nbsp;O gramado de rugby precisa de forte resist\u00eancia ao impacto e uma estrutura de alta densidade para lidar com os movimentos intensos e colis\u00f5es dos jogadores. As fibras de grama FIFA 40 FIFA-HTUbest apresentam design nervurado, o que n\u00e3o apenas melhora a resist\u00eancia \u00e0 abras\u00e3o do gramado, mas tamb\u00e9m aumenta a estabilidade das fibras da grama, tornando-a capaz de suportar as colis\u00f5es ferozes [\u2026]<\/p>","protected":false},"author":6,"featured_media":3565,"menu_order":0,"comment_status":"closed","ping_status":"closed","template":"","format":"standard","meta":{"_acf_changed":false,"_seopress_robots_primary_cat":"none","_seopress_titles_title":"MT-Surf Artificial Grass %%sep%% %%sitetitle%%","_seopress_titles_desc":"","_seopress_robots_index":"","ub_ctt_via":"","footnotes":""},"products-category":[48],"product-tags":[],"class_list":["post-3563","product","type-product","status-publish","format-standard","has-post-thumbnail","hentry","products-category-rugby"],"acf":[],"_links":{"self":[{"href":"https:\/\/www.mightygrass.com\/pt\/wp-json\/wp\/v2\/product\/3563","targetHints":{"allow":["GET"]}}],"collection":[{"href":"https:\/\/www.mightygrass.com\/pt\/wp-json\/wp\/v2\/product"}],"about":[{"href":"https:\/\/www.mightygrass.com\/pt\/wp-json\/wp\/v2\/types\/product"}],"author":[{"embeddable":true,"href":"https:\/\/www.mightygrass.com\/pt\/wp-json\/wp\/v2\/users\/6"}],"replies":[{"embeddable":true,"href":"https:\/\/www.mightygrass.com\/pt\/wp-json\/wp\/v2\/comments?post=3563"}],"version-history":[{"count":1,"href":"https:\/\/www.mightygrass.com\/pt\/wp-json\/wp\/v2\/product\/3563\/revisions"}],"predecessor-version":[{"id":15175,"href":"https:\/\/www.mightygrass.com\/pt\/wp-json\/wp\/v2\/product\/3563\/revisions\/15175"}],"wp:featuredmedia":[{"embeddable":true,"href":"https:\/\/www.mightygrass.com\/pt\/wp-json\/wp\/v2\/media\/3565"}],"wp:attachment":[{"href":"https:\/\/www.mightygrass.com\/pt\/wp-json\/wp\/v2\/media?parent=3563"}],"wp:term":[{"taxonomy":"products-category","embeddable":true,"href":"https:\/\/www.mightygrass.com\/pt\/wp-json\/wp\/v2\/products-category?post=3563"},{"taxonomy":"product-tags","embeddable":true,"href":"https:\/\/www.mightygrass.com\/pt\/wp-json\/wp\/v2\/product-tags?post=3563"}],"curies":[{"name":"wp","href":"https:\/\/api.w.org\/{rel}","templated":true}]}}