{"id":3587,"date":"2025-01-01T11:46:13","date_gmt":"2025-01-01T11:46:13","guid":{"rendered":"https:\/\/mtgrassturf.com\/?post_type=product&#038;p=3587"},"modified":"2026-01-08T15:23:25","modified_gmt":"2026-01-08T07:23:25","slug":"interior-decoration","status":"publish","type":"product","link":"https:\/\/www.mightygrass.com\/pt\/product\/interior-decoration\/","title":{"rendered":"MT-ONDA M\u00c1XIMA"},"content":{"rendered":"<p>Este gramado para decora\u00e7\u00e3o de interiores \u00e9 adequado para tornar verdes espa\u00e7os de escrit\u00f3rios, salas de exposi\u00e7\u00e3o, lojas e \u00e1reas de atividades internas. Seus inovadores fios duplos W + ondulados fornecem uma camada mais rica e efeito tridimensional, apresentando uma apar\u00eancia mais natural do gramado. Com uma altura de 28 mm e uma densidade de 18900, o gramado garante maciez e conforto, tornando-o ideal para \u00e1reas de atividades internas. A combina\u00e7\u00e3o de materiais PP e PU aumenta a resist\u00eancia ao desgaste do gramado, garantindo que ele n\u00e3o desbote ap\u00f3s uso prolongado, mantendo sua beleza duradoura. O esquema de cores destaca a beleza harmoniosa entre a natureza e o design moderno, tornando-o uma escolha ideal para decora\u00e7\u00e3o de espa\u00e7os internos.<\/p>","protected":false},"excerpt":{"rendered":"<p>Este gramado para decora\u00e7\u00e3o de interiores \u00e9 adequado para tornar verdes espa\u00e7os de escrit\u00f3rios, salas de exposi\u00e7\u00e3o, lojas e \u00e1reas de atividades internas. Seus inovadores fios duplos W + ondulados fornecem uma camada mais rica e efeito tridimensional, apresentando uma apar\u00eancia mais natural do gramado. Com uma altura de 28 mm e uma densidade de 18900, o gramado garante maciez e conforto, tornando [\u2026]<\/p>","protected":false},"author":6,"featured_media":3589,"menu_order":0,"comment_status":"closed","ping_status":"closed","template":"","format":"standard","meta":{"_acf_changed":false,"_seopress_robots_primary_cat":"none","_seopress_titles_title":"MT-WAVE MAX Artificial Grass %%sep%% %%sitetitle%%","_seopress_titles_desc":"","_seopress_robots_index":"","ub_ctt_via":"","footnotes":""},"products-category":[39],"product-tags":[],"class_list":["post-3587","product","type-product","status-publish","format-standard","has-post-thumbnail","hentry","products-category-commercial"],"acf":[],"_links":{"self":[{"href":"https:\/\/www.mightygrass.com\/pt\/wp-json\/wp\/v2\/product\/3587","targetHints":{"allow":["GET"]}}],"collection":[{"href":"https:\/\/www.mightygrass.com\/pt\/wp-json\/wp\/v2\/product"}],"about":[{"href":"https:\/\/www.mightygrass.com\/pt\/wp-json\/wp\/v2\/types\/product"}],"author":[{"embeddable":true,"href":"https:\/\/www.mightygrass.com\/pt\/wp-json\/wp\/v2\/users\/6"}],"replies":[{"embeddable":true,"href":"https:\/\/www.mightygrass.com\/pt\/wp-json\/wp\/v2\/comments?post=3587"}],"version-history":[{"count":1,"href":"https:\/\/www.mightygrass.com\/pt\/wp-json\/wp\/v2\/product\/3587\/revisions"}],"predecessor-version":[{"id":15178,"href":"https:\/\/www.mightygrass.com\/pt\/wp-json\/wp\/v2\/product\/3587\/revisions\/15178"}],"wp:featuredmedia":[{"embeddable":true,"href":"https:\/\/www.mightygrass.com\/pt\/wp-json\/wp\/v2\/media\/3589"}],"wp:attachment":[{"href":"https:\/\/www.mightygrass.com\/pt\/wp-json\/wp\/v2\/media?parent=3587"}],"wp:term":[{"taxonomy":"products-category","embeddable":true,"href":"https:\/\/www.mightygrass.com\/pt\/wp-json\/wp\/v2\/products-category?post=3587"},{"taxonomy":"product-tags","embeddable":true,"href":"https:\/\/www.mightygrass.com\/pt\/wp-json\/wp\/v2\/product-tags?post=3587"}],"curies":[{"name":"wp","href":"https:\/\/api.w.org\/{rel}","templated":true}]}}