{"id":1802,"date":"2024-12-05T15:22:31","date_gmt":"2024-12-05T15:22:31","guid":{"rendered":"https:\/\/mtgrassturf.com\/?page_id=1802"},"modified":"2024-12-05T15:33:22","modified_gmt":"2024-12-05T15:33:22","slug":"cookie-policy","status":"publish","type":"page","link":"https:\/\/www.mightygrass.com\/sv\/cookie-policy\/","title":{"rendered":"Cookiepolicy"},"content":{"rendered":"<div data-elementor-type=\"wp-page\" data-elementor-id=\"1802\" class=\"elementor elementor-1802\" data-elementor-post-type=\"page\">\n\t\t\t\t<div class=\"elementor-element elementor-element-408607c e-flex e-con-boxed e-con e-parent\" data-id=\"408607c\" data-element_type=\"container\" data-settings=\"{&quot;background_background&quot;:&quot;classic&quot;,&quot;ekit_has_onepagescroll_dot&quot;:&quot;yes&quot;}\">\n\t\t\t\t\t<div class=\"e-con-inner\">\n\t\t<div class=\"elementor-element elementor-element-3cb8bae e-con-full e-flex e-con e-child\" data-id=\"3cb8bae\" data-element_type=\"container\" data-settings=\"{&quot;background_background&quot;:&quot;classic&quot;,&quot;ekit_has_onepagescroll_dot&quot;:&quot;yes&quot;}\">\n\t\t\t\t<div class=\"elementor-element elementor-element-8c2766b elementor-widget elementor-widget-text-editor\" data-id=\"8c2766b\" data-element_type=\"widget\" data-settings=\"{&quot;ekit_we_effect_on&quot;:&quot;none&quot;}\" data-widget_type=\"text-editor.default\">\n\t\t\t\t\t\t\t\t\t\n<p>Ikrafttr\u00e4dandedatum: 27 mars 2024<br>Senast uppdaterad: 27-mars-2024<\/p>\n\n\n\n<h5 class=\"wp-block-heading\">Vad \u00e4r cookies?<\/h5>\n\n\n\n<p>Denna cookiepolicy f\u00f6rklarar vad cookies \u00e4r och hur vi anv\u00e4nder dem, vilka typer av cookies vi anv\u00e4nder, dvs den information vi samlar in med hj\u00e4lp av cookies och hur den informationen anv\u00e4nds, och hur man hanterar cookieinst\u00e4llningarna.<\/p>\n\n\n\n<p>Cookies \u00e4r sm\u00e5 textfiler som anv\u00e4nds f\u00f6r att lagra sm\u00e5 bitar av information. De lagras p\u00e5 din enhet n\u00e4r webbplatsen laddas i din webbl\u00e4sare. Dessa cookies hj\u00e4lper oss att f\u00e5 webbplatsen att fungera korrekt, g\u00f6ra den s\u00e4krare, ge en b\u00e4ttre anv\u00e4ndarupplevelse och f\u00f6rst\u00e5 hur webbplatsen fungerar och att analysera vad som fungerar och var den beh\u00f6ver f\u00f6rb\u00e4ttras.<\/p>\n\n\n\n<h5 class=\"wp-block-heading\">Hur anv\u00e4nder vi cookies?<\/h5>\n\n\n\n<p>Som de flesta av onlinetj\u00e4nsterna anv\u00e4nder v\u00e5r webbplats f\u00f6rstaparts- och tredjepartscookies f\u00f6r flera \u00e4ndam\u00e5l. F\u00f6rstapartscookies \u00e4r oftast n\u00f6dv\u00e4ndiga f\u00f6r att webbplatsen ska fungera p\u00e5 r\u00e4tt s\u00e4tt, och de samlar inte in n\u00e5gon av dina personligt identifierbara uppgifter.<\/p>\n\n\n\n<p>De tredjepartscookies som anv\u00e4nds p\u00e5 v\u00e5r webbplats \u00e4r fr\u00e4mst till f\u00f6r att f\u00f6rst\u00e5 hur webbplatsen fungerar, hur du interagerar med v\u00e5r webbplats, f\u00f6r att h\u00e5lla v\u00e5ra tj\u00e4nster s\u00e4kra, tillhandah\u00e5lla annonser som \u00e4r relevanta f\u00f6r dig och allt som allt f\u00f6r att ge dig en b\u00e4ttre och f\u00f6rb\u00e4ttrad anv\u00e4ndarupplevelse och hj\u00e4lpa dig att p\u00e5skynda din framtida interaktion med v\u00e5r webbplats.<\/p>\n\n\n\n<h5 class=\"wp-block-heading\">Typer av cookies vi anv\u00e4nder<\/h5>\n\n\n\n<h3 class=\"wp-block-heading\">N\u00f6dv\u00e4ndig<\/h3>\n\n\n\n<p>N\u00f6dv\u00e4ndiga cookies kr\u00e4vs f\u00f6r att aktivera de grundl\u00e4ggande funktionerna p\u00e5 denna webbplats, som att tillhandah\u00e5lla s\u00e4ker inloggning eller att justera dina samtyckesinst\u00e4llningar. Dessa cookies lagrar ingen personligt identifierbar data.<\/p>\n\n\n\n<figure class=\"wp-block-table\"><table class=\"has-fixed-layout\"><thead><tr><th>Kaka<\/th><th>Varaktighet<\/th><th>Beskrivning<\/th><\/tr><\/thead><tbody><tr><td>wpEmojiSettingsSupports<\/td><td>session<\/td><td>WordPress st\u00e4ller in denna cookie n\u00e4r en anv\u00e4ndare interagerar med emojis p\u00e5 en WordPress-webbplats. Det hj\u00e4lper till att avg\u00f6ra om anv\u00e4ndarens webbl\u00e4sare kan visa emojis korrekt.<\/td><\/tr><tr><td>PHPSESSID<\/td><td>session<\/td><td>Denna cookie \u00e4r inbyggd i PHP-applikationer. Cookien lagrar och identifierar en anv\u00e4ndares unika sessions-ID f\u00f6r att hantera anv\u00e4ndarsessioner p\u00e5 webbplatsen. Cookien \u00e4r en sessionscookie och kommer att raderas n\u00e4r alla webbl\u00e4sarf\u00f6nster st\u00e4ngs.<\/td><\/tr><tr><td>cookieyes-samtycke<\/td><td>1 \u00e5r<\/td><td>CookieYes st\u00e4ller in denna cookie f\u00f6r att komma ih\u00e5g anv\u00e4ndarnas samtyckespreferenser s\u00e5 att deras preferenser respekteras vid efterf\u00f6ljande bes\u00f6k p\u00e5 denna webbplats. Den samlar inte in eller lagrar n\u00e5gon personlig information om webbplatsens bes\u00f6kare.<\/td><\/tr><tr><td>rc::a<\/td><td>G\u00e5r aldrig ut<\/td><td>Denna cookie \u00e4r inst\u00e4lld av Googles recaptcha-tj\u00e4nst f\u00f6r att identifiera bots f\u00f6r att skydda webbplatsen mot skadliga spamattacker.<\/td><\/tr><tr><td>rc::c<\/td><td>session<\/td><td>Denna cookie \u00e4r inst\u00e4lld av Googles recaptcha-tj\u00e4nst f\u00f6r att identifiera bots f\u00f6r att skydda webbplatsen mot skadliga spamattacker.<\/td><\/tr><\/tbody><\/table><\/figure>\n\n\n\n<h3 class=\"wp-block-heading\">Funktionell<\/h3>\n\n\n\n<p>Funktionella cookies hj\u00e4lper till att utf\u00f6ra vissa funktioner som att dela inneh\u00e5llet p\u00e5 webbplatsen p\u00e5 sociala medieplattformar, samla in feedback och andra tredjepartsfunktioner.<\/p>\n\n\n\n<figure class=\"wp-block-table\"><table class=\"has-fixed-layout\"><thead><tr><th>Kaka<\/th><th>Varaktighet<\/th><th>Beskrivning<\/th><\/tr><\/thead><tbody><tr><td>li_gc<\/td><td>6 m\u00e5nader<\/td><td>Linkedin st\u00e4ller in denna cookie f\u00f6r att lagra bes\u00f6kares samtycke ang\u00e5ende anv\u00e4ndning av cookies f\u00f6r icke-v\u00e4sentliga \u00e4ndam\u00e5l.<\/td><\/tr><tr><td>lidc<\/td><td>1 dag<\/td><td>LinkedIn st\u00e4ller in lidc-cookien f\u00f6r att underl\u00e4tta valet av datacenter.<\/td><\/tr><tr><td>vc<\/td><td>G\u00e5r aldrig ut<\/td><td>Vc-cookien s\u00e4tts av addthis.com p\u00e5 sajter som till\u00e5ter delning p\u00e5 sociala medier.<\/td><\/tr><tr><td>ytidb::LAST_RESULT_ENTRY_KEY<\/td><td>G\u00e5r aldrig ut<\/td><td>Cookien ytidb::LAST_RESULT_ENTRY_KEY anv\u00e4nds av YouTube f\u00f6r att lagra det senaste s\u00f6kresultatet som anv\u00e4ndaren klickade p\u00e5. Denna information anv\u00e4nds f\u00f6r att f\u00f6rb\u00e4ttra anv\u00e4ndarupplevelsen genom att tillhandah\u00e5lla mer relevanta s\u00f6kresultat i framtiden.<\/td><\/tr><tr><td>yt-remote-session-app<\/td><td>session<\/td><td>Yt-remote-session-app-cookien anv\u00e4nds av YouTube f\u00f6r att lagra anv\u00e4ndarpreferenser och information om gr\u00e4nssnittet f\u00f6r den inb\u00e4ddade YouTube-videospelaren.<\/td><\/tr><tr><td>yt-remote-cast-installerad<\/td><td>session<\/td><td>Den yt-remote-cast-installerade cookien anv\u00e4nds f\u00f6r att lagra anv\u00e4ndarens videospelares inst\u00e4llningar med hj\u00e4lp av inb\u00e4ddad YouTube-video.<\/td><\/tr><tr><td>yt-remote-session-name<\/td><td>session<\/td><td>Cookien yt-remote-session-name anv\u00e4nds av YouTube f\u00f6r att lagra anv\u00e4ndarens inst\u00e4llningar f\u00f6r videospelare med hj\u00e4lp av inb\u00e4ddad YouTube-video.<\/td><\/tr><tr><td>yt-remote-fast-check-period<\/td><td>session<\/td><td>Cookien yt-remote-fast-check-period anv\u00e4nds av YouTube f\u00f6r att lagra anv\u00e4ndarens inst\u00e4llningar f\u00f6r videospelare f\u00f6r inb\u00e4ddade YouTube-videor.<\/td><\/tr><tr><td>wp-wpml_current_language<\/td><td>session<\/td><td>WordPress flerspr\u00e5kiga plugin st\u00e4ller in denna cookie f\u00f6r att lagra de aktuella spr\u00e5k-\/spr\u00e5kinst\u00e4llningarna.<\/td><\/tr><\/tbody><\/table><\/figure>\n\n\n\n<h3 class=\"wp-block-heading\">Analytics<\/h3>\n\n\n\n<p>Analytiska cookies anv\u00e4nds f\u00f6r att f\u00f6rst\u00e5 hur bes\u00f6kare interagerar med webbplatsen. Dessa cookies hj\u00e4lper till att ge information om m\u00e4tv\u00e4rden som antalet bes\u00f6kare, avvisningsfrekvens, trafikk\u00e4lla, etc.<\/p>\n\n\n\n<figure class=\"wp-block-table\"><table class=\"has-fixed-layout\"><thead><tr><th>Kaka<\/th><th>Varaktighet<\/th><th>Beskrivning<\/th><\/tr><\/thead><tbody><tr><td>CLID<\/td><td>1 \u00e5r<\/td><td>Microsoft Clarity st\u00e4ller in denna cookie f\u00f6r att lagra information om hur bes\u00f6kare interagerar med webbplatsen. Cookien hj\u00e4lper till att tillhandah\u00e5lla en analysrapport. Datainsamlingen inkluderar antalet bes\u00f6kare, var de bes\u00f6ker webbplatsen och vilka sidor som bes\u00f6ks.<\/td><\/tr><tr><td>_ga_*<\/td><td>1 \u00e5r 1 m\u00e5nad 4 dagar<\/td><td>Google Analytics st\u00e4ller in denna cookie f\u00f6r att lagra och r\u00e4kna sidvisningar.<\/td><\/tr><tr><td>_ga<\/td><td>1 \u00e5r 1 m\u00e5nad 4 dagar<\/td><td>Google Analytics st\u00e4ller in denna cookie f\u00f6r att ber\u00e4kna bes\u00f6kare, sessioner och kampanjdata och sp\u00e5ra webbplatsanv\u00e4ndning f\u00f6r webbplatsens analysrapport. Cookien lagrar information anonymt och tilldelar ett slumpm\u00e4ssigt genererat nummer f\u00f6r att k\u00e4nna igen unika bes\u00f6kare.<\/td><\/tr><tr><td>_fbp<\/td><td>3 m\u00e5nader<\/td><td>Facebook st\u00e4ller in denna cookie f\u00f6r att visa annonser antingen p\u00e5 Facebook eller p\u00e5 en digital plattform som drivs av Facebook-reklam efter att ha bes\u00f6kt webbplatsen.<\/td><\/tr><tr><td>_clck<\/td><td>1 \u00e5r<\/td><td>Microsoft Clarity st\u00e4ller in denna cookie f\u00f6r att beh\u00e5lla webbl\u00e4sarens Clarity-anv\u00e4ndar-ID och inst\u00e4llningar exklusiva f\u00f6r den webbplatsen. Detta garanterar att \u00e5tg\u00e4rder som vidtas under efterf\u00f6ljande bes\u00f6k p\u00e5 samma webbplats kommer att l\u00e4nkas till samma anv\u00e4ndar-ID.<\/td><\/tr><tr><td>SM<\/td><td>session<\/td><td>Microsoft Clarity-cookien st\u00e4ller in denna cookie f\u00f6r att synkronisera MUID \u00f6ver Microsoft-dom\u00e4ner.<\/td><\/tr><tr><td>_clsk<\/td><td>1 dag 1 minut<\/td><td>Microsoft Clarity st\u00e4ller in denna cookie f\u00f6r att lagra och konsolidera en anv\u00e4ndares sidvisningar till en enda sessionsinspelning.<\/td><\/tr><tr><td>HERR<\/td><td>7 dagar<\/td><td>Denna cookie, satt av Bing, anv\u00e4nds f\u00f6r att samla in anv\u00e4ndarinformation f\u00f6r analys\u00e4ndam\u00e5l.<\/td><\/tr><tr><td>pys_session_limit<\/td><td>1 timme<\/td><td>PixelYourSite-plugin st\u00e4ller in denna cookie f\u00f6r att hantera analytiska tj\u00e4nster.<\/td><\/tr><tr><td>pys_start_session<\/td><td>session<\/td><td>PixelYourSite-plugin st\u00e4ller in denna cookie f\u00f6r att hantera analytiska tj\u00e4nster.<\/td><\/tr><tr><td>_gid<\/td><td>1 dag<\/td><td>Google Analytics st\u00e4ller in denna cookie f\u00f6r att lagra information om hur bes\u00f6kare anv\u00e4nder en webbplats samtidigt som den skapar en analysrapport \u00f6ver webbplatsens prestanda. En del av den insamlade informationen inkluderar antalet bes\u00f6kare, deras k\u00e4lla och de sidor de bes\u00f6ker anonymt.<\/td><\/tr><tr><td>_gat_gtag_UA_*<\/td><td>1 minut<\/td><td>Google Analytics st\u00e4ller in denna cookie f\u00f6r att lagra ett unikt anv\u00e4ndar-ID.<\/td><\/tr><\/tbody><\/table><\/figure>\n\n\n\n<h3 class=\"wp-block-heading\">Prestanda<\/h3>\n\n\n\n<p>Prestandacookies anv\u00e4nds f\u00f6r att f\u00f6rst\u00e5 och analysera webbplatsens nyckelprestandaindex, vilket hj\u00e4lper till att leverera en b\u00e4ttre anv\u00e4ndarupplevelse f\u00f6r bes\u00f6karna.<\/p>\n\n\n\n<figure class=\"wp-block-table\"><table class=\"has-fixed-layout\"><thead><tr><th>Kaka<\/th><th>Varaktighet<\/th><th>Beskrivning<\/th><\/tr><\/thead><tbody><tr><td>SRM_B<\/td><td>1 \u00e5r 24 dagar<\/td><td>Anv\u00e4nds av Microsoft Advertising som ett unikt ID f\u00f6r bes\u00f6kare.<\/td><\/tr><tr><td>_gat<\/td><td>1 minut<\/td><td>Google Universal Analytics st\u00e4ller in denna cookie f\u00f6r att begr\u00e4nsa beg\u00e4randen och d\u00e4rmed begr\u00e4nsa datainsamlingen p\u00e5 webbplatser med h\u00f6g trafik.<\/td><\/tr><\/tbody><\/table><\/figure>\n\n\n\n<h3 class=\"wp-block-heading\">Annons<\/h3>\n\n\n\n<p>Annonscookies anv\u00e4nds f\u00f6r att ge bes\u00f6karna skr\u00e4ddarsydda annonser baserat p\u00e5 de sidor du bes\u00f6kt tidigare och f\u00f6r att analysera annonskampanjernas effektivitet.<\/p>\n\n\n\n<figure class=\"wp-block-table\"><table class=\"has-fixed-layout\"><thead><tr><th>Kaka<\/th><th>Varaktighet<\/th><th>Beskrivning<\/th><\/tr><\/thead><tbody><tr><td>bcookie<\/td><td>1 \u00e5r<\/td><td>LinkedIn st\u00e4ller in denna cookie fr\u00e5n LinkedIns delningsknappar och annonstaggar f\u00f6r att k\u00e4nna igen webbl\u00e4sar-ID:n.<\/td><\/tr><tr><td>_pin_unauth<\/td><td>1 \u00e5r<\/td><td>Pinterest st\u00e4ller in denna cookie f\u00f6r att gruppera \u00e5tg\u00e4rder f\u00f6r anv\u00e4ndare som inte kan identifieras.<\/td><\/tr><tr><td>MUID<\/td><td>1 \u00e5r 24 dagar<\/td><td>Bing st\u00e4ller in denna cookie f\u00f6r att k\u00e4nna igen unika webbl\u00e4sare som bes\u00f6ker Microsofts webbplatser. Denna cookie anv\u00e4nds f\u00f6r reklam, webbplatsanalys och andra operationer.<\/td><\/tr><tr><td>ANONCHK<\/td><td>10 minuter<\/td><td>ANONCHK-cookien, satt av Bing, anv\u00e4nds f\u00f6r att lagra en anv\u00e4ndares sessions-ID och verifiera annonsklick p\u00e5 Bings s\u00f6kmotor. Cookien hj\u00e4lper ocks\u00e5 till med rapportering och personalisering.<\/td><\/tr><tr><td>i<\/td><td>G\u00e5r aldrig ut<\/td><td>Denna cookie s\u00e4tts av OpenX f\u00f6r att registrera anonymiserad anv\u00e4ndardata, s\u00e5som IP-adress, geografisk plats, bes\u00f6kta webbplatser, annonser som anv\u00e4ndaren klickar p\u00e5 etc., f\u00f6r relevant reklam.<\/td><\/tr><tr><td>YSC<\/td><td>session<\/td><td>Youtube st\u00e4ller in denna cookie f\u00f6r att sp\u00e5ra visningar av inb\u00e4ddade videor p\u00e5 Youtube-sidor.<\/td><\/tr><tr><td>VISITOR_INFO1_LIVE<\/td><td>6 m\u00e5nader<\/td><td>YouTube st\u00e4ller in denna cookie f\u00f6r att m\u00e4ta bandbredd och avg\u00f6r om anv\u00e4ndaren f\u00e5r det nya eller gamla spelargr\u00e4nssnittet.<\/td><\/tr><tr><td>VISITOR_PRIVACY_METADATA<\/td><td>6 m\u00e5nader<\/td><td>YouTube st\u00e4ller in denna cookie f\u00f6r att lagra anv\u00e4ndarens samtyckestillst\u00e5nd f\u00f6r den aktuella dom\u00e4nen.<\/td><\/tr><tr><td>yt-remote-device-id<\/td><td>G\u00e5r aldrig ut<\/td><td>YouTube st\u00e4ller in denna cookie f\u00f6r att lagra anv\u00e4ndarens videopreferenser med hj\u00e4lp av inb\u00e4ddade YouTube-videor.<\/td><\/tr><tr><td>yt.innertube::requests<\/td><td>G\u00e5r aldrig ut<\/td><td>YouTube st\u00e4ller in denna cookie f\u00f6r att registrera ett unikt ID f\u00f6r att lagra data om vilka videor fr\u00e5n YouTube som anv\u00e4ndaren har sett.<\/td><\/tr><tr><td>yt-fj\u00e4rranslutna-enheter<\/td><td>G\u00e5r aldrig ut<\/td><td>YouTube st\u00e4ller in denna cookie f\u00f6r att lagra anv\u00e4ndarens videopreferenser med hj\u00e4lp av inb\u00e4ddade YouTube-videor.<\/td><\/tr><tr><td>yt.innertube::nextId<\/td><td>G\u00e5r aldrig ut<\/td><td>YouTube st\u00e4ller in denna cookie f\u00f6r att registrera ett unikt ID f\u00f6r att lagra data om vilka videor fr\u00e5n YouTube som anv\u00e4ndaren har sett.<\/td><\/tr><tr><td>NID<\/td><td>6 m\u00e5nader<\/td><td>Google st\u00e4ller in cookien f\u00f6r reklamsyften; f\u00f6r att begr\u00e4nsa antalet g\u00e5nger anv\u00e4ndaren ser en annons, till o\u00f6nskade annonser f\u00f6r att st\u00e4nga av ljudet och f\u00f6r att m\u00e4ta annonsernas effektivitet.<\/td><\/tr><\/tbody><\/table><\/figure>\n\n\n\n<h3 class=\"wp-block-heading\">Okategoriserad<\/h3>\n\n\n\n<p>Andra okategoriserade cookies \u00e4r de som analyseras och som \u00e4nnu inte har klassificerats i en kategori.<\/p>\n\n\n\n<figure class=\"wp-block-table\"><table class=\"has-fixed-layout\"><thead><tr><th>Kaka<\/th><th>Varaktighet<\/th><th>Beskrivning<\/th><\/tr><\/thead><tbody><tr><td>ar_debug<\/td><td>1 \u00e5r<\/td><td>Beskrivning \u00e4r f\u00f6r n\u00e4rvarande inte tillg\u00e4nglig.<\/td><\/tr><tr><td>_PCCSID_601887<\/td><td>21 minuter<\/td><td>Beskrivning \u00e4r f\u00f6r n\u00e4rvarande inte tillg\u00e4nglig.<\/td><\/tr><tr><td>_PCCID<\/td><td>1 \u00e5r 1 m\u00e5nad 4 dagar 1 minut<\/td><td>Beskrivning \u00e4r f\u00f6r n\u00e4rvarande inte tillg\u00e4nglig.<\/td><\/tr><tr><td>ThirdPartyCookiesEnabled<\/td><td>1 dag<\/td><td>Ingen beskrivning tillg\u00e4nglig.<\/td><\/tr><tr><td>is_eu<\/td><td>session<\/td><td>Ingen beskrivning tillg\u00e4nglig.<\/td><\/tr><tr><td>cs_enabled_cookie_term_23<\/td><td>6 m\u00e5nader<\/td><td>Beskrivning \u00e4r f\u00f6r n\u00e4rvarande inte tillg\u00e4nglig.<\/td><\/tr><tr><td>cs_enabled_cookie_term_27<\/td><td>6 m\u00e5nader<\/td><td>Beskrivning \u00e4r f\u00f6r n\u00e4rvarande inte tillg\u00e4nglig.<\/td><\/tr><tr><td>cs_enabled_cookie_term_24<\/td><td>6 m\u00e5nader<\/td><td>Beskrivning \u00e4r f\u00f6r n\u00e4rvarande inte tillg\u00e4nglig.<\/td><\/tr><tr><td>cs_user_preference<\/td><td>6 m\u00e5nader<\/td><td>Beskrivning \u00e4r f\u00f6r n\u00e4rvarande inte tillg\u00e4nglig.<\/td><\/tr><tr><td>CS-Magic<\/td><td>6 m\u00e5nader<\/td><td>Beskrivning \u00e4r f\u00f6r n\u00e4rvarande inte tillg\u00e4nglig.<\/td><\/tr><tr><td>sparad Telefon<\/td><td>1 \u00e5r 1 m\u00e5nad 4 dagar<\/td><td>Beskrivning \u00e4r f\u00f6r n\u00e4rvarande inte tillg\u00e4nglig.<\/td><\/tr><tr><td>sparad Telefonetikett<\/td><td>1 \u00e5r 1 m\u00e5nad 4 dagar<\/td><td>Beskrivning \u00e4r f\u00f6r n\u00e4rvarande inte tillg\u00e4nglig.<\/td><\/tr><tr><td>eursavedPhone<\/td><td>1 \u00e5r 1 m\u00e5nad 4 dagar<\/td><td>Beskrivning \u00e4r f\u00f6r n\u00e4rvarande inte tillg\u00e4nglig.<\/td><\/tr><tr><td>eursavedPhoneLabel<\/td><td>1 \u00e5r 1 m\u00e5nad 4 dagar<\/td><td>Beskrivning \u00e4r f\u00f6r n\u00e4rvarande inte tillg\u00e4nglig.<\/td><\/tr><tr><td>__Secure-ROLLOUT_TOKEN<\/td><td>6 m\u00e5nader<\/td><td>Beskrivning \u00e4r f\u00f6r n\u00e4rvarande inte tillg\u00e4nglig.<\/td><\/tr><\/tbody><\/table><\/figure>\n\n\n\n<h5 class=\"wp-block-heading\">Hantera cookie-preferenser<\/h5>\n\n\n\n<p><a>Cookie-inst\u00e4llningar<\/a><\/p>\n\n\n\n<p>Du kan \u00e4ndra dina cookie-preferenser n\u00e4r som helst genom att klicka p\u00e5 knappen ovan. Detta l\u00e5ter dig bes\u00f6ka bannern f\u00f6r samtycke f\u00f6r cookies igen och \u00e4ndra dina inst\u00e4llningar eller dra tillbaka ditt samtycke direkt.<\/p>\n\n\n\n<p>Ut\u00f6ver detta erbjuder olika webbl\u00e4sare olika metoder f\u00f6r att blockera och ta bort cookies som anv\u00e4nds av webbplatser. Du kan \u00e4ndra inst\u00e4llningarna i din webbl\u00e4sare f\u00f6r att blockera\/radera cookies. Nedan listas l\u00e4nkarna till supportdokumenten om hur man hanterar och raderar cookies fr\u00e5n de stora webbl\u00e4sarna.<\/p>\n\n\n\n<p>Krom:&nbsp;<a href=\"https:\/\/support.google.com\/accounts\/answer\/32050\" target=\"_blank\" rel=\"noreferrer noopener\">https:\/\/support.google.com\/accounts\/answer\/32050<\/a><\/p>\n\n\n\n<p>Safari:&nbsp;<a href=\"https:\/\/support.apple.com\/en-in\/guide\/safari\/sfri11471\/mac\" target=\"_blank\" rel=\"noreferrer noopener\">https:\/\/support.apple.com\/en-in\/guide\/safari\/sfri11471\/mac<\/a><\/p>\n\n\n\n<p>Firefox:&nbsp;<a href=\"https:\/\/support.mozilla.org\/en-US\/kb\/clear-cookies-and-site-data-firefox?redirectslug=delete-cookies-remove-info-websites-stored&amp;redirectlocale=en-US\" target=\"_blank\" rel=\"noreferrer noopener\">https:\/\/support.mozilla.org\/en-US\/kb\/clear-cookies-and-site-data-firefox?redirectslug=delete-cookies-remove-info-websites-stored&amp;redirectlocale=en-US<\/a><\/p>\n\n\n\n<p>Internet Explorer:&nbsp;<a href=\"https:\/\/support.microsoft.com\/en-us\/topic\/how-to-delete-cookie-files-in-internet-explorer-bca9446f-d873-78de-77ba-d42645fa52fc\" target=\"_blank\" rel=\"noreferrer noopener\">https:\/\/support.microsoft.com\/en-us\/topic\/how-to-delete-cookie-files-in-internet-explorer-bca9446f-d873-78de-77ba-d42645fa52fc<\/a><\/p>\n\n\n\n<p>Om du anv\u00e4nder n\u00e5gon annan webbl\u00e4sare, bes\u00f6k din webbl\u00e4sares officiella supportdokument.<\/p>\n\n\n\n<p>Cookiepolicy genererad av&nbsp;<a href=\"https:\/\/www.cookieyes.com\/?utm_source=CP&amp;utm_medium=footer&amp;utm_campaign=UW\" target=\"_blank\" rel=\"noreferrer noopener\">CookieYes \u2013 Cookie Policy Generator<\/a>.<\/p>\n\t\t\t\t\t\t\t\t<\/div>\n\t\t\t\t<\/div>\n\t\t\t\t\t<\/div>\n\t\t\t\t<\/div>\n\t\t\t\t<\/div>","protected":false},"excerpt":{"rendered":"<p>Ikrafttr\u00e4dandedatum: 27-mars-2024Senast uppdaterad: 27-mars-2024 Vad \u00e4r cookies? Denna cookiepolicy f\u00f6rklarar vad cookies \u00e4r och hur vi anv\u00e4nder dem, vilka typer av cookies vi anv\u00e4nder, dvs den information vi samlar in med hj\u00e4lp av cookies och hur den informationen anv\u00e4nds, och hur man hanterar cookieinst\u00e4llningarna. Cookies \u00e4r sm\u00e5 textfiler som anv\u00e4nds f\u00f6r att [\u2026]<\/p>","protected":false},"author":6,"featured_media":0,"parent":0,"menu_order":0,"comment_status":"closed","ping_status":"closed","template":"","meta":{"_acf_changed":false,"_seopress_robots_primary_cat":"","_seopress_titles_title":"","_seopress_titles_desc":"","_seopress_robots_index":"","ub_ctt_via":"","footnotes":""},"class_list":["post-1802","page","type-page","status-publish","hentry"],"acf":[],"featured_image_src":null,"_links":{"self":[{"href":"https:\/\/www.mightygrass.com\/sv\/wp-json\/wp\/v2\/pages\/1802","targetHints":{"allow":["GET"]}}],"collection":[{"href":"https:\/\/www.mightygrass.com\/sv\/wp-json\/wp\/v2\/pages"}],"about":[{"href":"https:\/\/www.mightygrass.com\/sv\/wp-json\/wp\/v2\/types\/page"}],"author":[{"embeddable":true,"href":"https:\/\/www.mightygrass.com\/sv\/wp-json\/wp\/v2\/users\/6"}],"replies":[{"embeddable":true,"href":"https:\/\/www.mightygrass.com\/sv\/wp-json\/wp\/v2\/comments?post=1802"}],"version-history":[{"count":0,"href":"https:\/\/www.mightygrass.com\/sv\/wp-json\/wp\/v2\/pages\/1802\/revisions"}],"wp:attachment":[{"href":"https:\/\/www.mightygrass.com\/sv\/wp-json\/wp\/v2\/media?parent=1802"}],"curies":[{"name":"wp","href":"https:\/\/api.w.org\/{rel}","templated":true}]}}