{"id":3473,"date":"2025-01-03T10:47:38","date_gmt":"2025-01-03T02:47:38","guid":{"rendered":"https:\/\/mtgrassturf.com\/?post_type=product&#038;p=3473"},"modified":"2026-01-08T15:24:35","modified_gmt":"2026-01-08T07:24:35","slug":"fifa-mt-diamond","status":"publish","type":"product","link":"https:\/\/www.mightygrass.com\/sv\/product\/fifa-mt-diamond\/","title":{"rendered":"FIFA MT-DIAMOND"},"content":{"rendered":"<p><strong>FIFA-Diamant<\/strong> <strong>gr\u00e4s<\/strong>s fiberdesign erbjuder exceptionell elasticitet, med m\u00e5ttlig gr\u00e4sfiberdensitet, l\u00e4mplig f\u00f6r evenemang med h\u00f6g trafik. Den t\u00e5l frekventa st\u00f6tar utan deformation.<\/p>\n\n\n\n<p><\/p>","protected":false},"excerpt":{"rendered":"<p>FIFA-Diamond gr\u00e4sfiberdesign erbjuder exceptionell elasticitet, med m\u00e5ttlig gr\u00e4sfiberdensitet, l\u00e4mplig f\u00f6r evenemang med h\u00f6g trafik. Den t\u00e5l frekventa st\u00f6tar utan deformation.<\/p>","protected":false},"author":6,"featured_media":3474,"menu_order":0,"comment_status":"closed","ping_status":"closed","template":"","format":"standard","meta":{"_acf_changed":false,"_seopress_robots_primary_cat":"none","_seopress_titles_title":"MT-DIAMOND FIFA Artificial Grass %%sep%% %%sitetitle%%","_seopress_titles_desc":"","_seopress_robots_index":"","ub_ctt_via":"","footnotes":""},"products-category":[17],"product-tags":[],"class_list":["post-3473","product","type-product","status-publish","format-standard","has-post-thumbnail","hentry","products-category-football"],"acf":[],"_links":{"self":[{"href":"https:\/\/www.mightygrass.com\/sv\/wp-json\/wp\/v2\/product\/3473","targetHints":{"allow":["GET"]}}],"collection":[{"href":"https:\/\/www.mightygrass.com\/sv\/wp-json\/wp\/v2\/product"}],"about":[{"href":"https:\/\/www.mightygrass.com\/sv\/wp-json\/wp\/v2\/types\/product"}],"author":[{"embeddable":true,"href":"https:\/\/www.mightygrass.com\/sv\/wp-json\/wp\/v2\/users\/6"}],"replies":[{"embeddable":true,"href":"https:\/\/www.mightygrass.com\/sv\/wp-json\/wp\/v2\/comments?post=3473"}],"version-history":[{"count":2,"href":"https:\/\/www.mightygrass.com\/sv\/wp-json\/wp\/v2\/product\/3473\/revisions"}],"predecessor-version":[{"id":15184,"href":"https:\/\/www.mightygrass.com\/sv\/wp-json\/wp\/v2\/product\/3473\/revisions\/15184"}],"wp:featuredmedia":[{"embeddable":true,"href":"https:\/\/www.mightygrass.com\/sv\/wp-json\/wp\/v2\/media\/3474"}],"wp:attachment":[{"href":"https:\/\/www.mightygrass.com\/sv\/wp-json\/wp\/v2\/media?parent=3473"}],"wp:term":[{"taxonomy":"products-category","embeddable":true,"href":"https:\/\/www.mightygrass.com\/sv\/wp-json\/wp\/v2\/products-category?post=3473"},{"taxonomy":"product-tags","embeddable":true,"href":"https:\/\/www.mightygrass.com\/sv\/wp-json\/wp\/v2\/product-tags?post=3473"}],"curies":[{"name":"wp","href":"https:\/\/api.w.org\/{rel}","templated":true}]}}