{"id":3504,"date":"2025-01-01T11:09:38","date_gmt":"2025-01-01T11:09:38","guid":{"rendered":"https:\/\/mtgrassturf.com\/?post_type=product&#038;p=3504"},"modified":"2026-01-08T15:08:34","modified_gmt":"2026-01-08T07:08:34","slug":"mt-maxi30","status":"publish","type":"product","link":"https:\/\/www.mightygrass.com\/sv\/product\/mt-maxi30\/","title":{"rendered":"MT-Maxi30"},"content":{"rendered":"<p><strong>FIFA 60:<\/strong><strong> FIFA-Diamant<\/strong> <strong>gr\u00e4s<\/strong>s fiberdesign erbjuder exceptionell elasticitet, med m\u00e5ttlig gr\u00e4sfiberdensitet, l\u00e4mplig f\u00f6r evenemang med h\u00f6g trafik. Den t\u00e5l frekventa st\u00f6tar utan deformation.&nbsp;<\/p>\n\n\n\n<p><strong>FIFA<\/strong><strong>-HTUb\u00e4st&nbsp; <\/strong>Gr\u00e4sfiber f\u00f6rb\u00e4ttrar gr\u00e4sets tryckh\u00e5llfasthet och stabilitet genom sin f\u00f6rst\u00e4rkta r\u00e4fflade struktur, vilket s\u00e4kerst\u00e4ller att planen f\u00f6rblir i utm\u00e4rkt skick \u00e4ven efter intensiva matcher.&nbsp;<\/p>\n\n\n\n<p><strong>De <\/strong><strong>MT-StemXL <\/strong><strong>och <\/strong><strong>MT-HTMaxi <\/strong><strong>gr\u00e4s<\/strong> Fibrerna \u00e4r fokuserade p\u00e5 att ge st\u00f6d och rebound-prestanda, vilket ger spelarna en mer bekv\u00e4m och smidig r\u00f6relse p\u00e5 planen. Oavsett om det g\u00e4ller lokala evenemang eller internationella turneringar, ger dessa gr\u00e4smattor idrottare en idealisk t\u00e4vlingsupplevelse, vilket f\u00f6rb\u00e4ttrar kvaliteten p\u00e5 spelet.<\/p>","protected":false},"excerpt":{"rendered":"<p>FIFA 60 \uff1a FIFA-Diamond gr\u00e4sfiberdesign erbjuder exceptionell elasticitet, med m\u00e5ttlig gr\u00e4sfiberdensitet, l\u00e4mplig f\u00f6r evenemang med h\u00f6g trafik. Den t\u00e5l frekventa st\u00f6tar utan deformation. FIFA-HTUbest gr\u00e4sfiber f\u00f6rb\u00e4ttrar gr\u00e4sets tryckh\u00e5llfasthet och stabilitet genom sin f\u00f6rst\u00e4rkta ribbade struktur, vilket s\u00e4kerst\u00e4ller att planen f\u00f6rblir i utm\u00e4rkt skick \u00e4ven efter intensiva matcher. Den [\u2026]<\/p>","protected":false},"author":6,"featured_media":3506,"menu_order":0,"comment_status":"closed","ping_status":"closed","template":"","format":"standard","meta":{"_acf_changed":false,"_seopress_robots_primary_cat":"none","_seopress_titles_title":"MT-Maxi30 Artificial Grass %%sep%% %%sitetitle%%","_seopress_titles_desc":"","_seopress_robots_index":"","ub_ctt_via":"","footnotes":""},"products-category":[17],"product-tags":[],"class_list":["post-3504","product","type-product","status-publish","format-standard","has-post-thumbnail","hentry","products-category-football"],"acf":[],"_links":{"self":[{"href":"https:\/\/www.mightygrass.com\/sv\/wp-json\/wp\/v2\/product\/3504","targetHints":{"allow":["GET"]}}],"collection":[{"href":"https:\/\/www.mightygrass.com\/sv\/wp-json\/wp\/v2\/product"}],"about":[{"href":"https:\/\/www.mightygrass.com\/sv\/wp-json\/wp\/v2\/types\/product"}],"author":[{"embeddable":true,"href":"https:\/\/www.mightygrass.com\/sv\/wp-json\/wp\/v2\/users\/6"}],"replies":[{"embeddable":true,"href":"https:\/\/www.mightygrass.com\/sv\/wp-json\/wp\/v2\/comments?post=3504"}],"version-history":[{"count":1,"href":"https:\/\/www.mightygrass.com\/sv\/wp-json\/wp\/v2\/product\/3504\/revisions"}],"predecessor-version":[{"id":15164,"href":"https:\/\/www.mightygrass.com\/sv\/wp-json\/wp\/v2\/product\/3504\/revisions\/15164"}],"wp:featuredmedia":[{"embeddable":true,"href":"https:\/\/www.mightygrass.com\/sv\/wp-json\/wp\/v2\/media\/3506"}],"wp:attachment":[{"href":"https:\/\/www.mightygrass.com\/sv\/wp-json\/wp\/v2\/media?parent=3504"}],"wp:term":[{"taxonomy":"products-category","embeddable":true,"href":"https:\/\/www.mightygrass.com\/sv\/wp-json\/wp\/v2\/products-category?post=3504"},{"taxonomy":"product-tags","embeddable":true,"href":"https:\/\/www.mightygrass.com\/sv\/wp-json\/wp\/v2\/product-tags?post=3504"}],"curies":[{"name":"wp","href":"https:\/\/api.w.org\/{rel}","templated":true}]}}