{"id":3528,"date":"2025-01-01T11:16:33","date_gmt":"2025-01-01T11:16:33","guid":{"rendered":"https:\/\/mtgrassturf.com\/?post_type=product&#038;p=3528"},"modified":"2026-01-08T15:10:48","modified_gmt":"2026-01-08T07:10:48","slug":"mt-golf","status":"publish","type":"product","link":"https:\/\/www.mightygrass.com\/sv\/product\/mt-golf\/","title":{"rendered":"MT-Golf"},"content":{"rendered":"<p><strong>MT-Golf gr\u00e4smattan \u00e4r en idealisk choi<\/strong>ce f\u00f6r golfbanor, med anv\u00e4ndning av h\u00f6gkvalitativa gr\u00e4sfibrer och blandningstekniker f\u00f6r att s\u00e4kerst\u00e4lla utm\u00e4rkt h\u00e5llbarhet och k\u00e4nsla. Den h\u00f6ga parameterversionen ger en t\u00e4tare gr\u00e4sfiberstruktur och h\u00f6gre gr\u00e4sh\u00f6jd, l\u00e4mplig f\u00f6r avancerade golfbanor, ger idealisk feedback f\u00f6r slag och exakt kontroll av bollhastigheten. Den l\u00e5ga parameterversionen \u00e4r en kostnadseffektiv l\u00f6sning f\u00f6r golfbanor med bibeh\u00e5llen h\u00e5llbarhet och komfort, vilket g\u00f6r den till ett utm\u00e4rkt alternativ f\u00f6r golftr\u00e4ning och t\u00e4vlingsspel.<\/p>","protected":false},"excerpt":{"rendered":"<p>MT-Golf-gr\u00e4set \u00e4r ett idealiskt val f\u00f6r golfbanor, med h\u00f6gkvalitativa gr\u00e4sfibrer och blandningstekniker f\u00f6r att s\u00e4kerst\u00e4lla utm\u00e4rkt h\u00e5llbarhet och k\u00e4nsla. Den h\u00f6ga parameterversionen ger en t\u00e4tare gr\u00e4sfiberstruktur och h\u00f6gre gr\u00e4sh\u00f6jd, l\u00e4mplig f\u00f6r avancerade golfbanor, ger idealisk feedback f\u00f6r slag och exakt kontroll av bollhastigheten. Den l\u00e5ga parameterversionen \u00e4r [\u2026]<\/p>","protected":false},"author":6,"featured_media":3530,"menu_order":0,"comment_status":"closed","ping_status":"closed","template":"","format":"standard","meta":{"_acf_changed":false,"_seopress_robots_primary_cat":"none","_seopress_titles_title":"MT-Golf Artificial Grass %%sep%% %%sitetitle%%","_seopress_titles_desc":"","_seopress_robots_index":"","ub_ctt_via":"","footnotes":""},"products-category":[49],"product-tags":[],"class_list":["post-3528","product","type-product","status-publish","format-standard","has-post-thumbnail","hentry","products-category-golf"],"acf":[],"_links":{"self":[{"href":"https:\/\/www.mightygrass.com\/sv\/wp-json\/wp\/v2\/product\/3528","targetHints":{"allow":["GET"]}}],"collection":[{"href":"https:\/\/www.mightygrass.com\/sv\/wp-json\/wp\/v2\/product"}],"about":[{"href":"https:\/\/www.mightygrass.com\/sv\/wp-json\/wp\/v2\/types\/product"}],"author":[{"embeddable":true,"href":"https:\/\/www.mightygrass.com\/sv\/wp-json\/wp\/v2\/users\/6"}],"replies":[{"embeddable":true,"href":"https:\/\/www.mightygrass.com\/sv\/wp-json\/wp\/v2\/comments?post=3528"}],"version-history":[{"count":2,"href":"https:\/\/www.mightygrass.com\/sv\/wp-json\/wp\/v2\/product\/3528\/revisions"}],"predecessor-version":[{"id":15168,"href":"https:\/\/www.mightygrass.com\/sv\/wp-json\/wp\/v2\/product\/3528\/revisions\/15168"}],"wp:featuredmedia":[{"embeddable":true,"href":"https:\/\/www.mightygrass.com\/sv\/wp-json\/wp\/v2\/media\/3530"}],"wp:attachment":[{"href":"https:\/\/www.mightygrass.com\/sv\/wp-json\/wp\/v2\/media?parent=3528"}],"wp:term":[{"taxonomy":"products-category","embeddable":true,"href":"https:\/\/www.mightygrass.com\/sv\/wp-json\/wp\/v2\/products-category?post=3528"},{"taxonomy":"product-tags","embeddable":true,"href":"https:\/\/www.mightygrass.com\/sv\/wp-json\/wp\/v2\/product-tags?post=3528"}],"curies":[{"name":"wp","href":"https:\/\/api.w.org\/{rel}","templated":true}]}}