{"id":3563,"date":"2025-01-01T11:38:16","date_gmt":"2025-01-01T11:38:16","guid":{"rendered":"https:\/\/mtgrassturf.com\/?post_type=product&#038;p=3563"},"modified":"2026-01-08T15:22:57","modified_gmt":"2026-01-08T07:22:57","slug":"mt-surf","status":"publish","type":"product","link":"https:\/\/www.mightygrass.com\/sv\/product\/mt-surf\/","title":{"rendered":"MT-Surf"},"content":{"rendered":"<p>&nbsp;Rugbygr\u00e4s beh\u00f6ver starkt slagt\u00e5lighet och en h\u00f6gdensitetsstruktur f\u00f6r att klara av spelarnas intensiva r\u00f6relser och kollisioner.&nbsp;<\/p>\n\n\n\n<p><strong>FIFA 40 <\/strong>&nbsp;<strong>&nbsp;FIFA-HTUb\u00e4st<\/strong> Gr\u00e4sfibrerna har en r\u00e4fflad design, vilket inte bara f\u00f6rb\u00e4ttrar gr\u00e4sets n\u00f6tningsbest\u00e4ndighet utan ocks\u00e5 f\u00f6rb\u00e4ttrar stabiliteten hos gr\u00e4sfibrerna, vilket g\u00f6r det kapabelt att motst\u00e5 de h\u00e5rda kollisioner som \u00e4r typiska f\u00f6r rugbymatcher.&nbsp;<\/p>\n\n\n\n<p><strong>FIFA 50 <\/strong><strong>&nbsp;FIFA-Diamant <\/strong>Gr\u00e4sfibrer erbjuder \u00f6verl\u00e4gsen elasticitet och kompressionsmotst\u00e5nd, vilket garanterar komfort och s\u00e4kerhet under spelarens r\u00f6relser.&nbsp;<\/p>\n\n\n\n<p><strong>De <\/strong><strong>MT-Surf <\/strong><strong>och <\/strong><strong>&nbsp;&nbsp;MT-HTArc <\/strong><strong>gr\u00e4s <\/strong>Designen optimerar rebound och stabilitet, ger mer st\u00f6d f\u00f6r f\u00e4ltet och anpassar sig till rugbys unika kraftfulla r\u00f6relser.&nbsp;<\/p>\n\n\n\n<p><strong>De <\/strong><strong>&nbsp;MT-Memo <\/strong><strong>torva <\/strong>erbjuder exceptionell tryckstyrka och utm\u00e4rkt feedback f\u00f6r f\u00f6tterna, vilket ger rugbyspelare en o\u00f6vertr\u00e4ffad upplevelse p\u00e5 planen.<\/p>","protected":false},"excerpt":{"rendered":"<p>&nbsp;Rugbygr\u00e4s beh\u00f6ver starkt slagt\u00e5lighet och en h\u00f6gdensitetsstruktur f\u00f6r att klara av spelarnas intensiva r\u00f6relser och kollisioner. FIFA 40 FIFA-HTUbest-gr\u00e4sfibrerna har en r\u00e4fflad design, vilket inte bara f\u00f6rb\u00e4ttrar gr\u00e4sets n\u00f6tningsbest\u00e4ndighet utan ocks\u00e5 f\u00f6rb\u00e4ttrar stabiliteten hos gr\u00e4sfibrerna, vilket g\u00f6r det kapabelt att motst\u00e5 de h\u00e5rda kollisionerna [\u2026]<\/p>","protected":false},"author":6,"featured_media":3565,"menu_order":0,"comment_status":"closed","ping_status":"closed","template":"","format":"standard","meta":{"_acf_changed":false,"_seopress_robots_primary_cat":"none","_seopress_titles_title":"MT-Surf Artificial Grass %%sep%% %%sitetitle%%","_seopress_titles_desc":"","_seopress_robots_index":"","ub_ctt_via":"","footnotes":""},"products-category":[48],"product-tags":[],"class_list":["post-3563","product","type-product","status-publish","format-standard","has-post-thumbnail","hentry","products-category-rugby"],"acf":[],"_links":{"self":[{"href":"https:\/\/www.mightygrass.com\/sv\/wp-json\/wp\/v2\/product\/3563","targetHints":{"allow":["GET"]}}],"collection":[{"href":"https:\/\/www.mightygrass.com\/sv\/wp-json\/wp\/v2\/product"}],"about":[{"href":"https:\/\/www.mightygrass.com\/sv\/wp-json\/wp\/v2\/types\/product"}],"author":[{"embeddable":true,"href":"https:\/\/www.mightygrass.com\/sv\/wp-json\/wp\/v2\/users\/6"}],"replies":[{"embeddable":true,"href":"https:\/\/www.mightygrass.com\/sv\/wp-json\/wp\/v2\/comments?post=3563"}],"version-history":[{"count":1,"href":"https:\/\/www.mightygrass.com\/sv\/wp-json\/wp\/v2\/product\/3563\/revisions"}],"predecessor-version":[{"id":15175,"href":"https:\/\/www.mightygrass.com\/sv\/wp-json\/wp\/v2\/product\/3563\/revisions\/15175"}],"wp:featuredmedia":[{"embeddable":true,"href":"https:\/\/www.mightygrass.com\/sv\/wp-json\/wp\/v2\/media\/3565"}],"wp:attachment":[{"href":"https:\/\/www.mightygrass.com\/sv\/wp-json\/wp\/v2\/media?parent=3563"}],"wp:term":[{"taxonomy":"products-category","embeddable":true,"href":"https:\/\/www.mightygrass.com\/sv\/wp-json\/wp\/v2\/products-category?post=3563"},{"taxonomy":"product-tags","embeddable":true,"href":"https:\/\/www.mightygrass.com\/sv\/wp-json\/wp\/v2\/product-tags?post=3563"}],"curies":[{"name":"wp","href":"https:\/\/api.w.org\/{rel}","templated":true}]}}