{"id":3581,"date":"2025-01-01T11:44:41","date_gmt":"2025-01-01T11:44:41","guid":{"rendered":"https:\/\/mtgrassturf.com\/?post_type=product&#038;p=3581"},"modified":"2026-01-08T15:23:18","modified_gmt":"2026-01-08T07:23:18","slug":"commercial-lawn","status":"publish","type":"product","link":"https:\/\/www.mightygrass.com\/sv\/product\/commercial-lawn\/","title":{"rendered":"MT-CHARMING"},"content":{"rendered":"<p>Denna konstgr\u00e4splan \u00e4r designad f\u00f6r gr\u00f6nare kommersiella omr\u00e5den och offentliga utrymmen, vilket g\u00f6r den idealisk f\u00f6r kontorsbyggnader, k\u00f6pcentrum, torg och hotell. Den U-formade raka designen s\u00e4kerst\u00e4ller enhetlig f\u00f6rdelning och stabilitet samtidigt som den ger en naturlig och realistisk visuell effekt. Gr\u00e4set \u00e4r tillverkat av mycket h\u00e5llbara PP-fibrer och ett st\u00f6dmaterial f\u00f6r rutn\u00e4t, vilket f\u00f6rb\u00e4ttrar sin motst\u00e5ndskraft mot tryck, vilket s\u00e4kerst\u00e4ller att den beh\u00e5ller sin estetik och funktionalitet i omr\u00e5den med h\u00f6g fottrafik. Dessutom ger f\u00e4rgtonen en varm och naturlig k\u00e4nsla, vilket g\u00f6r den kommersiella milj\u00f6n mer behaglig och levande.<\/p>\n\n\n\n<p><\/p>","protected":false},"excerpt":{"rendered":"<p>Denna konstgr\u00e4splan \u00e4r designad f\u00f6r gr\u00f6nare kommersiella omr\u00e5den och offentliga utrymmen, vilket g\u00f6r den idealisk f\u00f6r kontorsbyggnader, k\u00f6pcentra, torg och hotell. Den U-formade raka designen s\u00e4kerst\u00e4ller enhetlig f\u00f6rdelning och stabilitet samtidigt som den ger en naturlig och realistisk visuell effekt. Gr\u00e4smattan \u00e4r gjord av mycket h\u00e5llbara PP-fibrer och ett rutmaterial som f\u00f6rst\u00e4rker sin [\u2026]<\/p>","protected":false},"author":6,"featured_media":3600,"menu_order":0,"comment_status":"closed","ping_status":"closed","template":"","format":"standard","meta":{"_acf_changed":false,"_seopress_robots_primary_cat":"none","_seopress_titles_title":"MT-CHARMING Artificial Grass %%sep%% %%sitetitle%%","_seopress_titles_desc":"","_seopress_robots_index":"","ub_ctt_via":"","footnotes":""},"products-category":[39],"product-tags":[],"class_list":["post-3581","product","type-product","status-publish","format-standard","has-post-thumbnail","hentry","products-category-commercial"],"acf":[],"_links":{"self":[{"href":"https:\/\/www.mightygrass.com\/sv\/wp-json\/wp\/v2\/product\/3581","targetHints":{"allow":["GET"]}}],"collection":[{"href":"https:\/\/www.mightygrass.com\/sv\/wp-json\/wp\/v2\/product"}],"about":[{"href":"https:\/\/www.mightygrass.com\/sv\/wp-json\/wp\/v2\/types\/product"}],"author":[{"embeddable":true,"href":"https:\/\/www.mightygrass.com\/sv\/wp-json\/wp\/v2\/users\/6"}],"replies":[{"embeddable":true,"href":"https:\/\/www.mightygrass.com\/sv\/wp-json\/wp\/v2\/comments?post=3581"}],"version-history":[{"count":1,"href":"https:\/\/www.mightygrass.com\/sv\/wp-json\/wp\/v2\/product\/3581\/revisions"}],"predecessor-version":[{"id":15177,"href":"https:\/\/www.mightygrass.com\/sv\/wp-json\/wp\/v2\/product\/3581\/revisions\/15177"}],"wp:featuredmedia":[{"embeddable":true,"href":"https:\/\/www.mightygrass.com\/sv\/wp-json\/wp\/v2\/media\/3600"}],"wp:attachment":[{"href":"https:\/\/www.mightygrass.com\/sv\/wp-json\/wp\/v2\/media?parent=3581"}],"wp:term":[{"taxonomy":"products-category","embeddable":true,"href":"https:\/\/www.mightygrass.com\/sv\/wp-json\/wp\/v2\/products-category?post=3581"},{"taxonomy":"product-tags","embeddable":true,"href":"https:\/\/www.mightygrass.com\/sv\/wp-json\/wp\/v2\/product-tags?post=3581"}],"curies":[{"name":"wp","href":"https:\/\/api.w.org\/{rel}","templated":true}]}}