{"id":3605,"date":"2025-01-01T11:49:57","date_gmt":"2025-01-01T11:49:57","guid":{"rendered":"https:\/\/mtgrassturf.com\/?post_type=product&#038;p=3605"},"modified":"2026-01-08T15:23:34","modified_gmt":"2026-01-08T07:23:34","slug":"kindergarten-turf","status":"publish","type":"product","link":"https:\/\/www.mightygrass.com\/sv\/product\/kindergarten-turf\/","title":{"rendered":"MT-REGNB\u00c5GE"},"content":{"rendered":"<p>Denna gr\u00e4smatta, designad speciellt f\u00f6r dagis, har ljusa och livfulla f\u00e4rger som r\u00f6tt, gult, bl\u00e5tt och lila, vilket stimulerar barns intresse och skapar en livlig och glad atmosf\u00e4r i lekomr\u00e5det. Den U-formade gr\u00e4sstr\u00e5designen ger en mjuk touch samtidigt som den s\u00e4kerst\u00e4ller utm\u00e4rkt slitstyrka, vilket s\u00e4kerst\u00e4ller att gr\u00e4smattan beh\u00e5ller sin form \u00e4ven vid frekvent anv\u00e4ndning. De UV-best\u00e4ndiga och halkfria funktionerna \u00f6kar s\u00e4kerheten utomhus, vilket g\u00f6r den idealisk f\u00f6r barn att springa och leka i aktivitetsomr\u00e5dena. Materialdesignen PP +PP+ SBR s\u00e4kerst\u00e4ller h\u00e5llbarhet och milj\u00f6anpassning, vilket g\u00f6r det till det perfekta valet f\u00f6r dagis och lekplatser.<\/p>","protected":false},"excerpt":{"rendered":"<p>Denna gr\u00e4smatta, designad speciellt f\u00f6r dagis, har ljusa och livfulla f\u00e4rger som r\u00f6tt, gult, bl\u00e5tt och lila, vilket stimulerar barns intresse och skapar en livlig och glad atmosf\u00e4r i lekomr\u00e5det. Den U-formade gr\u00e4sstr\u00e5designen ger en mjuk touch samtidigt som den s\u00e4kerst\u00e4ller utm\u00e4rkt slitstyrka, vilket s\u00e4kerst\u00e4ller att gr\u00e4smattan beh\u00e5ller sin form \u00e4ven med [\u2026]<\/p>","protected":false},"author":6,"featured_media":3607,"menu_order":0,"comment_status":"closed","ping_status":"closed","template":"","format":"standard","meta":{"_acf_changed":false,"_seopress_robots_primary_cat":"none","_seopress_titles_title":"MT-RAINBOW Artificial Grass %%sep%% %%sitetitle%%","_seopress_titles_desc":"","_seopress_robots_index":"","ub_ctt_via":"","footnotes":""},"products-category":[44],"product-tags":[],"class_list":["post-3605","product","type-product","status-publish","format-standard","has-post-thumbnail","hentry","products-category-playground"],"acf":[],"_links":{"self":[{"href":"https:\/\/www.mightygrass.com\/sv\/wp-json\/wp\/v2\/product\/3605","targetHints":{"allow":["GET"]}}],"collection":[{"href":"https:\/\/www.mightygrass.com\/sv\/wp-json\/wp\/v2\/product"}],"about":[{"href":"https:\/\/www.mightygrass.com\/sv\/wp-json\/wp\/v2\/types\/product"}],"author":[{"embeddable":true,"href":"https:\/\/www.mightygrass.com\/sv\/wp-json\/wp\/v2\/users\/6"}],"replies":[{"embeddable":true,"href":"https:\/\/www.mightygrass.com\/sv\/wp-json\/wp\/v2\/comments?post=3605"}],"version-history":[{"count":1,"href":"https:\/\/www.mightygrass.com\/sv\/wp-json\/wp\/v2\/product\/3605\/revisions"}],"predecessor-version":[{"id":15179,"href":"https:\/\/www.mightygrass.com\/sv\/wp-json\/wp\/v2\/product\/3605\/revisions\/15179"}],"wp:featuredmedia":[{"embeddable":true,"href":"https:\/\/www.mightygrass.com\/sv\/wp-json\/wp\/v2\/media\/3607"}],"wp:attachment":[{"href":"https:\/\/www.mightygrass.com\/sv\/wp-json\/wp\/v2\/media?parent=3605"}],"wp:term":[{"taxonomy":"products-category","embeddable":true,"href":"https:\/\/www.mightygrass.com\/sv\/wp-json\/wp\/v2\/products-category?post=3605"},{"taxonomy":"product-tags","embeddable":true,"href":"https:\/\/www.mightygrass.com\/sv\/wp-json\/wp\/v2\/product-tags?post=3605"}],"curies":[{"name":"wp","href":"https:\/\/api.w.org\/{rel}","templated":true}]}}